{"id":32127,"date":"2023-05-10T15:15:44","date_gmt":"2023-05-10T13:15:44","guid":{"rendered":"https:\/\/librairie7l.com\/?post_type=product&#038;p=32127"},"modified":"2026-04-26T15:34:19","modified_gmt":"2026-04-26T13:34:19","slug":"woven-textile-design","status":"publish","type":"product","link":"https:\/\/librairie7l.com\/en\/produit\/woven-textile-design\/","title":{"rendered":"WOVEN TEXTILE DESIGN"},"content":{"rendered":"<p>Woven Textile Design offre une introduction d\u00e9taill\u00e9e et approfondie \u00e0 tous les jeunes cr\u00e9ateurs qui d\u00e9sirent r\u00e9aliser des confections textiles \u00e0 partir de mat\u00e9riaux tiss\u00e9s. Cet ouvrage pr\u00e9sente des patrons, des photos et des cr\u00e9ations originales faites \u00e0 partir de m\u00e9tiers \u00e0 tisser.<\/p>\n","protected":false},"excerpt":{"rendered":"<p>Woven Textile Design offre une introduction d\u00e9taill\u00e9e et approfondie \u00e0 tous les jeunes cr\u00e9ateurs qui d\u00e9sirent r\u00e9aliser des confections textiles \u00e0 partir de mat\u00e9riaux tiss\u00e9s. Cet ouvrage pr\u00e9sente des patrons, des photos et des cr\u00e9ations originales faites \u00e0 partir de m\u00e9tiers \u00e0 tisser.<\/p>\n","protected":false},"featured_media":32125,"template":"","meta":[],"product_cat":[55,2948,2957,19],"product_tag":[],"acf":[],"yoast_head":"<!-- This site is optimized with the Yoast SEO plugin v20.11 - https:\/\/yoast.com\/wordpress\/plugins\/seo\/ -->\n<title>WOVEN TEXTILE DESIGN - Librairie 7L<\/title>\n<meta name=\"robots\" content=\"index, follow, max-snippet:-1, max-image-preview:large, max-video-preview:-1\" \/>\n<link rel=\"canonical\" href=\"https:\/\/librairie7l.com\/en\/produit\/woven-textile-design\/\" \/>\n<meta property=\"og:locale\" content=\"en_US\" \/>\n<meta property=\"og:type\" content=\"article\" \/>\n<meta property=\"og:title\" content=\"WOVEN TEXTILE DESIGN - Librairie 7L\" \/>\n<meta property=\"og:description\" content=\"Woven Textile Design offre une introduction d\u00e9taill\u00e9e et approfondie \u00e0 tous les jeunes cr\u00e9ateurs qui d\u00e9sirent r\u00e9aliser des confections textiles \u00e0 partir de mat\u00e9riaux tiss\u00e9s. Cet ouvrage pr\u00e9sente des patrons, des photos et des cr\u00e9ations originales faites \u00e0 partir de m\u00e9tiers \u00e0 tisser.\" \/>\n<meta property=\"og:url\" content=\"https:\/\/librairie7l.com\/en\/produit\/woven-textile-design\/\" \/>\n<meta property=\"og:site_name\" content=\"Librairie 7L\" \/>\n<meta property=\"article:modified_time\" content=\"2026-04-26T13:34:19+00:00\" \/>\n<meta property=\"og:image\" content=\"https:\/\/librairie7l.com\/wp-content\/uploads\/2013\/11\/9781780673370_1_75.jpg\" \/>\n\t<meta property=\"og:image:width\" content=\"379\" \/>\n\t<meta property=\"og:image:height\" content=\"500\" \/>\n\t<meta property=\"og:image:type\" content=\"image\/jpeg\" \/>\n<meta name=\"twitter:card\" content=\"summary_large_image\" \/>\n<script type=\"application\/ld+json\" class=\"yoast-schema-graph\">{\"@context\":\"https:\/\/schema.org\",\"@graph\":[{\"@type\":\"WebPage\",\"@id\":\"https:\/\/librairie7l.com\/en\/produit\/woven-textile-design\/\",\"url\":\"https:\/\/librairie7l.com\/en\/produit\/woven-textile-design\/\",\"name\":\"WOVEN TEXTILE DESIGN - Librairie 7L\",\"isPartOf\":{\"@id\":\"https:\/\/librairie7l.com\/en\/#website\"},\"datePublished\":\"2023-05-10T13:15:44+00:00\",\"dateModified\":\"2026-04-26T13:34:19+00:00\",\"breadcrumb\":{\"@id\":\"https:\/\/librairie7l.com\/en\/produit\/woven-textile-design\/#breadcrumb\"},\"inLanguage\":\"en-US\",\"potentialAction\":[{\"@type\":\"ReadAction\",\"target\":[\"https:\/\/librairie7l.com\/en\/produit\/woven-textile-design\/\"]}]},{\"@type\":\"BreadcrumbList\",\"@id\":\"https:\/\/librairie7l.com\/en\/produit\/woven-textile-design\/#breadcrumb\",\"itemListElement\":[{\"@type\":\"ListItem\",\"position\":1,\"name\":\"Accueil\",\"item\":\"https:\/\/librairie7l.com\/en\/\"},{\"@type\":\"ListItem\",\"position\":2,\"name\":\"Shop\",\"item\":\"https:\/\/librairie7l.com\/en\/shop\/\"},{\"@type\":\"ListItem\",\"position\":3,\"name\":\"WOVEN TEXTILE DESIGN\"}]},{\"@type\":\"WebSite\",\"@id\":\"https:\/\/librairie7l.com\/en\/#website\",\"url\":\"https:\/\/librairie7l.com\/en\/\",\"name\":\"Librairie 7L\",\"description\":\"Librairie fond\u00e9e en 1999 par Karl Lagerfeld \u00e0 Paris\",\"publisher\":{\"@id\":\"https:\/\/librairie7l.com\/en\/#organization\"},\"potentialAction\":[{\"@type\":\"SearchAction\",\"target\":{\"@type\":\"EntryPoint\",\"urlTemplate\":\"https:\/\/librairie7l.com\/en\/?s={search_term_string}\"},\"query-input\":\"required name=search_term_string\"}],\"inLanguage\":\"en-US\"},{\"@type\":\"Organization\",\"@id\":\"https:\/\/librairie7l.com\/en\/#organization\",\"name\":\"Librairie 7L\",\"url\":\"https:\/\/librairie7l.com\/en\/\",\"logo\":{\"@type\":\"ImageObject\",\"inLanguage\":\"en-US\",\"@id\":\"https:\/\/librairie7l.com\/en\/#\/schema\/logo\/image\/\",\"url\":\"https:\/\/librairie7l.com\/wp-content\/uploads\/2022\/08\/logo-1.png\",\"contentUrl\":\"https:\/\/librairie7l.com\/wp-content\/uploads\/2022\/08\/logo-1.png\",\"width\":227,\"height\":301,\"caption\":\"Librairie 7L\"},\"image\":{\"@id\":\"https:\/\/librairie7l.com\/en\/#\/schema\/logo\/image\/\"}}]}<\/script>\n<!-- \/ Yoast SEO plugin. -->","yoast_head_json":{"title":"WOVEN TEXTILE DESIGN - Librairie 7L","robots":{"index":"index","follow":"follow","max-snippet":"max-snippet:-1","max-image-preview":"max-image-preview:large","max-video-preview":"max-video-preview:-1"},"canonical":"https:\/\/librairie7l.com\/en\/produit\/woven-textile-design\/","og_locale":"en_US","og_type":"article","og_title":"WOVEN TEXTILE DESIGN - Librairie 7L","og_description":"Woven Textile Design offre une introduction d\u00e9taill\u00e9e et approfondie \u00e0 tous les jeunes cr\u00e9ateurs qui d\u00e9sirent r\u00e9aliser des confections textiles \u00e0 partir de mat\u00e9riaux tiss\u00e9s. Cet ouvrage pr\u00e9sente des patrons, des photos et des cr\u00e9ations originales faites \u00e0 partir de m\u00e9tiers \u00e0 tisser.","og_url":"https:\/\/librairie7l.com\/en\/produit\/woven-textile-design\/","og_site_name":"Librairie 7L","article_modified_time":"2026-04-26T13:34:19+00:00","og_image":[{"width":379,"height":500,"url":"https:\/\/librairie7l.com\/wp-content\/uploads\/2013\/11\/9781780673370_1_75.jpg","type":"image\/jpeg"}],"twitter_card":"summary_large_image","schema":{"@context":"https:\/\/schema.org","@graph":[{"@type":"WebPage","@id":"https:\/\/librairie7l.com\/en\/produit\/woven-textile-design\/","url":"https:\/\/librairie7l.com\/en\/produit\/woven-textile-design\/","name":"WOVEN TEXTILE DESIGN - Librairie 7L","isPartOf":{"@id":"https:\/\/librairie7l.com\/en\/#website"},"datePublished":"2023-05-10T13:15:44+00:00","dateModified":"2026-04-26T13:34:19+00:00","breadcrumb":{"@id":"https:\/\/librairie7l.com\/en\/produit\/woven-textile-design\/#breadcrumb"},"inLanguage":"en-US","potentialAction":[{"@type":"ReadAction","target":["https:\/\/librairie7l.com\/en\/produit\/woven-textile-design\/"]}]},{"@type":"BreadcrumbList","@id":"https:\/\/librairie7l.com\/en\/produit\/woven-textile-design\/#breadcrumb","itemListElement":[{"@type":"ListItem","position":1,"name":"Accueil","item":"https:\/\/librairie7l.com\/en\/"},{"@type":"ListItem","position":2,"name":"Shop","item":"https:\/\/librairie7l.com\/en\/shop\/"},{"@type":"ListItem","position":3,"name":"WOVEN TEXTILE DESIGN"}]},{"@type":"WebSite","@id":"https:\/\/librairie7l.com\/en\/#website","url":"https:\/\/librairie7l.com\/en\/","name":"Librairie 7L","description":"Librairie fond\u00e9e en 1999 par Karl Lagerfeld \u00e0 Paris","publisher":{"@id":"https:\/\/librairie7l.com\/en\/#organization"},"potentialAction":[{"@type":"SearchAction","target":{"@type":"EntryPoint","urlTemplate":"https:\/\/librairie7l.com\/en\/?s={search_term_string}"},"query-input":"required name=search_term_string"}],"inLanguage":"en-US"},{"@type":"Organization","@id":"https:\/\/librairie7l.com\/en\/#organization","name":"Librairie 7L","url":"https:\/\/librairie7l.com\/en\/","logo":{"@type":"ImageObject","inLanguage":"en-US","@id":"https:\/\/librairie7l.com\/en\/#\/schema\/logo\/image\/","url":"https:\/\/librairie7l.com\/wp-content\/uploads\/2022\/08\/logo-1.png","contentUrl":"https:\/\/librairie7l.com\/wp-content\/uploads\/2022\/08\/logo-1.png","width":227,"height":301,"caption":"Librairie 7L"},"image":{"@id":"https:\/\/librairie7l.com\/en\/#\/schema\/logo\/image\/"}}]}},"_links":{"self":[{"href":"https:\/\/librairie7l.com\/en\/wp-json\/wp\/v2\/product\/32127"}],"collection":[{"href":"https:\/\/librairie7l.com\/en\/wp-json\/wp\/v2\/product"}],"about":[{"href":"https:\/\/librairie7l.com\/en\/wp-json\/wp\/v2\/types\/product"}],"wp:featuredmedia":[{"embeddable":true,"href":"https:\/\/librairie7l.com\/en\/wp-json\/wp\/v2\/media\/32125"}],"wp:attachment":[{"href":"https:\/\/librairie7l.com\/en\/wp-json\/wp\/v2\/media?parent=32127"}],"wp:term":[{"taxonomy":"product_cat","embeddable":true,"href":"https:\/\/librairie7l.com\/en\/wp-json\/wp\/v2\/product_cat?post=32127"},{"taxonomy":"product_tag","embeddable":true,"href":"https:\/\/librairie7l.com\/en\/wp-json\/wp\/v2\/product_tag?post=32127"}],"curies":[{"name":"wp","href":"https:\/\/api.w.org\/{rel}","templated":true}]}}