{"id":32135,"date":"2023-05-10T15:15:50","date_gmt":"2023-05-10T13:15:50","guid":{"rendered":"https:\/\/librairie7l.com\/?post_type=product&#038;p=32135"},"modified":"2026-04-05T15:06:45","modified_gmt":"2026-04-05T13:06:45","slug":"so-shoes-la-botte-secrete-de-lelegance-francaise","status":"publish","type":"product","link":"https:\/\/librairie7l.com\/en\/produit\/so-shoes-la-botte-secrete-de-lelegance-francaise\/","title":{"rendered":"SO SHOES ; LA BOTTE SECR\u00c8TE DE L&#8217;\u00c9L\u00c9GANCE FRAN\u00c7AISE"},"content":{"rendered":"<p>Objet de passion pour les femmes &#8211; et de fantasmes pour les hommes -, la chaussure est un accessoire essentiel du style, signature du go\u00fbt et touche incontournable de l&#8217;\u00e9l\u00e9gance.<br \/>\nCet ouvrage, au ton incisif et l\u00e9ger, d\u00e9crypte ce ph\u00e9nom\u00e8ne de mode, et d\u00e9livre des conseils avis\u00e9s aux femmes d\u00e9sireuses de suivre les tendances tout en cultivant leur personnalit\u00e9. Du mocassin aux cuissardes, en passant par les ballerines : un coaching mode selon les occasions, son dressing et sa fantaisie&#8230;<br \/>\nAvec de nombreuses anecdotes sur l&#8217;histoire de souliers embl\u00e9matiques, les chaussures pr\u00e9f\u00e9r\u00e9es de nombreuses personnalit\u00e9s, et des interviews de professionnels et de cr\u00e9ateurs, dont Christian Louboutin, Michel Vivien ou encore In\u00e8s de la Fressange&#8230;<\/p>\n","protected":false},"excerpt":{"rendered":"<p>Objet de passion pour les femmes &#8211; et de fantasmes pour les hommes -, la chaussure est un accessoire essentiel du style, signature du go\u00fbt et touche incontournable de l&#8217;\u00e9l\u00e9gance. Cet ouvrage, au ton incisif et l\u00e9ger, d\u00e9crypte ce ph\u00e9nom\u00e8ne de mode, et d\u00e9livre des conseils avis\u00e9s aux femmes d\u00e9sireuses de suivre les tendances tout [&hellip;]<\/p>\n","protected":false},"featured_media":32133,"template":"","meta":[],"product_cat":[55,2948,2957,19],"product_tag":[],"acf":[],"yoast_head":"<!-- This site is optimized with the Yoast SEO plugin v20.11 - https:\/\/yoast.com\/wordpress\/plugins\/seo\/ -->\n<title>SO SHOES ; LA BOTTE SECR\u00c8TE DE L&#039;\u00c9L\u00c9GANCE FRAN\u00c7AISE - Librairie 7L<\/title>\n<meta name=\"robots\" content=\"index, follow, max-snippet:-1, max-image-preview:large, max-video-preview:-1\" \/>\n<link rel=\"canonical\" href=\"https:\/\/librairie7l.com\/en\/produit\/so-shoes-la-botte-secrete-de-lelegance-francaise\/\" \/>\n<meta property=\"og:locale\" content=\"en_US\" \/>\n<meta property=\"og:type\" content=\"article\" \/>\n<meta property=\"og:title\" content=\"SO SHOES ; LA BOTTE SECR\u00c8TE DE L&#039;\u00c9L\u00c9GANCE FRAN\u00c7AISE - Librairie 7L\" \/>\n<meta property=\"og:description\" content=\"Objet de passion pour les femmes &#8211; et de fantasmes pour les hommes -, la chaussure est un accessoire essentiel du style, signature du go\u00fbt et touche incontournable de l&#8217;\u00e9l\u00e9gance. Cet ouvrage, au ton incisif et l\u00e9ger, d\u00e9crypte ce ph\u00e9nom\u00e8ne de mode, et d\u00e9livre des conseils avis\u00e9s aux femmes d\u00e9sireuses de suivre les tendances tout [&hellip;]\" \/>\n<meta property=\"og:url\" content=\"https:\/\/librairie7l.com\/en\/produit\/so-shoes-la-botte-secrete-de-lelegance-francaise\/\" \/>\n<meta property=\"og:site_name\" content=\"Librairie 7L\" \/>\n<meta property=\"article:modified_time\" content=\"2026-04-05T13:06:45+00:00\" \/>\n<meta property=\"og:image\" content=\"https:\/\/librairie7l.com\/wp-content\/uploads\/2014\/04\/9782732457246_1_75.jpg\" \/>\n\t<meta property=\"og:image:width\" content=\"1000\" \/>\n\t<meta property=\"og:image:height\" content=\"1508\" \/>\n\t<meta property=\"og:image:type\" content=\"image\/jpeg\" \/>\n<meta name=\"twitter:card\" content=\"summary_large_image\" \/>\n<meta name=\"twitter:label1\" content=\"Est. reading time\" \/>\n\t<meta name=\"twitter:data1\" content=\"1 minute\" \/>\n<script type=\"application\/ld+json\" class=\"yoast-schema-graph\">{\"@context\":\"https:\/\/schema.org\",\"@graph\":[{\"@type\":\"WebPage\",\"@id\":\"https:\/\/librairie7l.com\/en\/produit\/so-shoes-la-botte-secrete-de-lelegance-francaise\/\",\"url\":\"https:\/\/librairie7l.com\/en\/produit\/so-shoes-la-botte-secrete-de-lelegance-francaise\/\",\"name\":\"SO SHOES ; LA BOTTE SECR\u00c8TE DE L'\u00c9L\u00c9GANCE FRAN\u00c7AISE - Librairie 7L\",\"isPartOf\":{\"@id\":\"https:\/\/librairie7l.com\/en\/#website\"},\"datePublished\":\"2023-05-10T13:15:50+00:00\",\"dateModified\":\"2026-04-05T13:06:45+00:00\",\"breadcrumb\":{\"@id\":\"https:\/\/librairie7l.com\/en\/produit\/so-shoes-la-botte-secrete-de-lelegance-francaise\/#breadcrumb\"},\"inLanguage\":\"en-US\",\"potentialAction\":[{\"@type\":\"ReadAction\",\"target\":[\"https:\/\/librairie7l.com\/en\/produit\/so-shoes-la-botte-secrete-de-lelegance-francaise\/\"]}]},{\"@type\":\"BreadcrumbList\",\"@id\":\"https:\/\/librairie7l.com\/en\/produit\/so-shoes-la-botte-secrete-de-lelegance-francaise\/#breadcrumb\",\"itemListElement\":[{\"@type\":\"ListItem\",\"position\":1,\"name\":\"Accueil\",\"item\":\"https:\/\/librairie7l.com\/en\/\"},{\"@type\":\"ListItem\",\"position\":2,\"name\":\"Shop\",\"item\":\"https:\/\/librairie7l.com\/en\/shop\/\"},{\"@type\":\"ListItem\",\"position\":3,\"name\":\"SO SHOES ; LA BOTTE SECR\u00c8TE DE L&#8217;\u00c9L\u00c9GANCE FRAN\u00c7AISE\"}]},{\"@type\":\"WebSite\",\"@id\":\"https:\/\/librairie7l.com\/en\/#website\",\"url\":\"https:\/\/librairie7l.com\/en\/\",\"name\":\"Librairie 7L\",\"description\":\"Librairie fond\u00e9e en 1999 par Karl Lagerfeld \u00e0 Paris\",\"publisher\":{\"@id\":\"https:\/\/librairie7l.com\/en\/#organization\"},\"potentialAction\":[{\"@type\":\"SearchAction\",\"target\":{\"@type\":\"EntryPoint\",\"urlTemplate\":\"https:\/\/librairie7l.com\/en\/?s={search_term_string}\"},\"query-input\":\"required name=search_term_string\"}],\"inLanguage\":\"en-US\"},{\"@type\":\"Organization\",\"@id\":\"https:\/\/librairie7l.com\/en\/#organization\",\"name\":\"Librairie 7L\",\"url\":\"https:\/\/librairie7l.com\/en\/\",\"logo\":{\"@type\":\"ImageObject\",\"inLanguage\":\"en-US\",\"@id\":\"https:\/\/librairie7l.com\/en\/#\/schema\/logo\/image\/\",\"url\":\"https:\/\/librairie7l.com\/wp-content\/uploads\/2022\/08\/logo-1.png\",\"contentUrl\":\"https:\/\/librairie7l.com\/wp-content\/uploads\/2022\/08\/logo-1.png\",\"width\":227,\"height\":301,\"caption\":\"Librairie 7L\"},\"image\":{\"@id\":\"https:\/\/librairie7l.com\/en\/#\/schema\/logo\/image\/\"}}]}<\/script>\n<!-- \/ Yoast SEO plugin. -->","yoast_head_json":{"title":"SO SHOES ; LA BOTTE SECR\u00c8TE DE L'\u00c9L\u00c9GANCE FRAN\u00c7AISE - Librairie 7L","robots":{"index":"index","follow":"follow","max-snippet":"max-snippet:-1","max-image-preview":"max-image-preview:large","max-video-preview":"max-video-preview:-1"},"canonical":"https:\/\/librairie7l.com\/en\/produit\/so-shoes-la-botte-secrete-de-lelegance-francaise\/","og_locale":"en_US","og_type":"article","og_title":"SO SHOES ; LA BOTTE SECR\u00c8TE DE L'\u00c9L\u00c9GANCE FRAN\u00c7AISE - Librairie 7L","og_description":"Objet de passion pour les femmes &#8211; et de fantasmes pour les hommes -, la chaussure est un accessoire essentiel du style, signature du go\u00fbt et touche incontournable de l&#8217;\u00e9l\u00e9gance. Cet ouvrage, au ton incisif et l\u00e9ger, d\u00e9crypte ce ph\u00e9nom\u00e8ne de mode, et d\u00e9livre des conseils avis\u00e9s aux femmes d\u00e9sireuses de suivre les tendances tout [&hellip;]","og_url":"https:\/\/librairie7l.com\/en\/produit\/so-shoes-la-botte-secrete-de-lelegance-francaise\/","og_site_name":"Librairie 7L","article_modified_time":"2026-04-05T13:06:45+00:00","og_image":[{"width":1000,"height":1508,"url":"https:\/\/librairie7l.com\/wp-content\/uploads\/2014\/04\/9782732457246_1_75.jpg","type":"image\/jpeg"}],"twitter_card":"summary_large_image","twitter_misc":{"Est. reading time":"1 minute"},"schema":{"@context":"https:\/\/schema.org","@graph":[{"@type":"WebPage","@id":"https:\/\/librairie7l.com\/en\/produit\/so-shoes-la-botte-secrete-de-lelegance-francaise\/","url":"https:\/\/librairie7l.com\/en\/produit\/so-shoes-la-botte-secrete-de-lelegance-francaise\/","name":"SO SHOES ; LA BOTTE SECR\u00c8TE DE L'\u00c9L\u00c9GANCE FRAN\u00c7AISE - Librairie 7L","isPartOf":{"@id":"https:\/\/librairie7l.com\/en\/#website"},"datePublished":"2023-05-10T13:15:50+00:00","dateModified":"2026-04-05T13:06:45+00:00","breadcrumb":{"@id":"https:\/\/librairie7l.com\/en\/produit\/so-shoes-la-botte-secrete-de-lelegance-francaise\/#breadcrumb"},"inLanguage":"en-US","potentialAction":[{"@type":"ReadAction","target":["https:\/\/librairie7l.com\/en\/produit\/so-shoes-la-botte-secrete-de-lelegance-francaise\/"]}]},{"@type":"BreadcrumbList","@id":"https:\/\/librairie7l.com\/en\/produit\/so-shoes-la-botte-secrete-de-lelegance-francaise\/#breadcrumb","itemListElement":[{"@type":"ListItem","position":1,"name":"Accueil","item":"https:\/\/librairie7l.com\/en\/"},{"@type":"ListItem","position":2,"name":"Shop","item":"https:\/\/librairie7l.com\/en\/shop\/"},{"@type":"ListItem","position":3,"name":"SO SHOES ; LA BOTTE SECR\u00c8TE DE L&#8217;\u00c9L\u00c9GANCE FRAN\u00c7AISE"}]},{"@type":"WebSite","@id":"https:\/\/librairie7l.com\/en\/#website","url":"https:\/\/librairie7l.com\/en\/","name":"Librairie 7L","description":"Librairie fond\u00e9e en 1999 par Karl Lagerfeld \u00e0 Paris","publisher":{"@id":"https:\/\/librairie7l.com\/en\/#organization"},"potentialAction":[{"@type":"SearchAction","target":{"@type":"EntryPoint","urlTemplate":"https:\/\/librairie7l.com\/en\/?s={search_term_string}"},"query-input":"required name=search_term_string"}],"inLanguage":"en-US"},{"@type":"Organization","@id":"https:\/\/librairie7l.com\/en\/#organization","name":"Librairie 7L","url":"https:\/\/librairie7l.com\/en\/","logo":{"@type":"ImageObject","inLanguage":"en-US","@id":"https:\/\/librairie7l.com\/en\/#\/schema\/logo\/image\/","url":"https:\/\/librairie7l.com\/wp-content\/uploads\/2022\/08\/logo-1.png","contentUrl":"https:\/\/librairie7l.com\/wp-content\/uploads\/2022\/08\/logo-1.png","width":227,"height":301,"caption":"Librairie 7L"},"image":{"@id":"https:\/\/librairie7l.com\/en\/#\/schema\/logo\/image\/"}}]}},"_links":{"self":[{"href":"https:\/\/librairie7l.com\/en\/wp-json\/wp\/v2\/product\/32135"}],"collection":[{"href":"https:\/\/librairie7l.com\/en\/wp-json\/wp\/v2\/product"}],"about":[{"href":"https:\/\/librairie7l.com\/en\/wp-json\/wp\/v2\/types\/product"}],"wp:featuredmedia":[{"embeddable":true,"href":"https:\/\/librairie7l.com\/en\/wp-json\/wp\/v2\/media\/32133"}],"wp:attachment":[{"href":"https:\/\/librairie7l.com\/en\/wp-json\/wp\/v2\/media?parent=32135"}],"wp:term":[{"taxonomy":"product_cat","embeddable":true,"href":"https:\/\/librairie7l.com\/en\/wp-json\/wp\/v2\/product_cat?post=32135"},{"taxonomy":"product_tag","embeddable":true,"href":"https:\/\/librairie7l.com\/en\/wp-json\/wp\/v2\/product_tag?post=32135"}],"curies":[{"name":"wp","href":"https:\/\/api.w.org\/{rel}","templated":true}]}}