{"id":32228,"date":"2023-05-18T01:16:09","date_gmt":"2023-05-17T23:16:09","guid":{"rendered":"https:\/\/librairie7l.com\/?post_type=product&#038;p=32228"},"modified":"2026-04-15T18:58:42","modified_gmt":"2026-04-15T16:58:42","slug":"bouts-de-bois-des-objets-aux-forets","status":"publish","type":"product","link":"https:\/\/librairie7l.com\/en\/produit\/bouts-de-bois-des-objets-aux-forets\/","title":{"rendered":"BOUTS DE BOIS : DES OBJETS AUX FOR\u00caTS"},"content":{"rendered":"<p>Autour de nous, des objets en bois. Futiles. Pr\u00e9cieux. <\/p>\n<p> De quels arbres ont-ils la ?bre, de quelles for\u00eats sont-ils l&#8217;essence ? For\u00eats jardin\u00e9es ou plantations monosp\u00e9ci?ques ? Des cagettes en peuplier, des palettes en pin maritime, des traverses en ch\u00eane, du lamell\u00e9-coll\u00e9 en h\u00eatre. <\/p>\n<p> Des bouchons en li\u00e8ge, des contrebasses, des barriques, du bois-\u00e9nergie et du carton ondul\u00e9.<\/p>\n<p> Ce r\u00e9cit sensible trace son chemin par-del\u00e0 les proc\u00e9d\u00e9s industriels et les pratiques de la sylviculture en interrogeant notre rapport intime \u00e0 l&#8217;arbre et \u00e0 nos espaces forestiers. De la r\u00e9gion du Grand-Est aux Landes de Gascogne en passant par la for\u00eat de Berc\u00e9, le Morvan et la Sologne, nous parcourons des massifs dont les essences, arriv\u00e9es l\u00e0 nullement par hasard, servent \u00e0 l&#8217;industrie du bois. <\/p>\n<p> Ici, des savoir-faire vertueux s&#8217;opposent \u00e0 des logiques du tout-jetable.<\/p>\n<p> Cet essai libre et multiforme, \u00e0 la fois \u00e9rudit, po\u00e9tique et illustr\u00e9 &#8211; agr\u00e9ment\u00e9 de cartes g\u00e9ographiques r\u00e9elles ou imaginaires, de croquis aquarell\u00e9s et de photographies de compositions v\u00e9g\u00e9tales -, nous invite \u00e0 nous saisir d&#8217;un mat\u00e9riau modeste et populaire, \u00e0 voir en lui l&#8217;arbre qu&#8217;il a \u00e9t\u00e9, et puis \u00e0 faire un peu de science, un peu d&#8217;histoire, pas mal d&#8217;\u00e9cologie et quelques pas de c\u00f4t\u00e9.<\/p>\n","protected":false},"excerpt":{"rendered":"<p>Autour de nous, des objets en bois. Futiles. Pr\u00e9cieux. De quels arbres ont-ils la ?bre, de quelles for\u00eats sont-ils l&#8217;essence ? For\u00eats jardin\u00e9es ou plantations monosp\u00e9ci?ques ? Des cagettes en peuplier, des palettes en pin maritime, des traverses en ch\u00eane, du lamell\u00e9-coll\u00e9 en h\u00eatre. Des bouchons en li\u00e8ge, des contrebasses, des barriques, du bois-\u00e9nergie et [&hellip;]<\/p>\n","protected":false},"featured_media":32226,"template":"","meta":[],"product_cat":[55,2948,2956,23],"product_tag":[],"acf":[],"yoast_head":"<!-- This site is optimized with the Yoast SEO plugin v20.11 - https:\/\/yoast.com\/wordpress\/plugins\/seo\/ -->\n<title>BOUTS DE BOIS : DES OBJETS AUX FOR\u00caTS - Librairie 7L<\/title>\n<meta name=\"robots\" content=\"index, follow, max-snippet:-1, max-image-preview:large, max-video-preview:-1\" \/>\n<link rel=\"canonical\" href=\"https:\/\/librairie7l.com\/en\/produit\/bouts-de-bois-des-objets-aux-forets\/\" \/>\n<meta property=\"og:locale\" content=\"en_US\" \/>\n<meta property=\"og:type\" content=\"article\" \/>\n<meta property=\"og:title\" content=\"BOUTS DE BOIS : DES OBJETS AUX FOR\u00caTS - Librairie 7L\" \/>\n<meta property=\"og:description\" content=\"Autour de nous, des objets en bois. Futiles. Pr\u00e9cieux. De quels arbres ont-ils la ?bre, de quelles for\u00eats sont-ils l&#8217;essence ? For\u00eats jardin\u00e9es ou plantations monosp\u00e9ci?ques ? Des cagettes en peuplier, des palettes en pin maritime, des traverses en ch\u00eane, du lamell\u00e9-coll\u00e9 en h\u00eatre. Des bouchons en li\u00e8ge, des contrebasses, des barriques, du bois-\u00e9nergie et [&hellip;]\" \/>\n<meta property=\"og:url\" content=\"https:\/\/librairie7l.com\/en\/produit\/bouts-de-bois-des-objets-aux-forets\/\" \/>\n<meta property=\"og:site_name\" content=\"Librairie 7L\" \/>\n<meta property=\"article:modified_time\" content=\"2026-04-15T16:58:42+00:00\" \/>\n<meta property=\"og:image\" content=\"https:\/\/librairie7l.com\/wp-content\/uploads\/2023\/02\/9782355222078_1_75.jpg\" \/>\n\t<meta property=\"og:image:width\" content=\"400\" \/>\n\t<meta property=\"og:image:height\" content=\"553\" \/>\n\t<meta property=\"og:image:type\" content=\"image\/jpeg\" \/>\n<meta name=\"twitter:card\" content=\"summary_large_image\" \/>\n<meta name=\"twitter:label1\" content=\"Est. reading time\" \/>\n\t<meta name=\"twitter:data1\" content=\"1 minute\" \/>\n<script type=\"application\/ld+json\" class=\"yoast-schema-graph\">{\"@context\":\"https:\/\/schema.org\",\"@graph\":[{\"@type\":\"WebPage\",\"@id\":\"https:\/\/librairie7l.com\/en\/produit\/bouts-de-bois-des-objets-aux-forets\/\",\"url\":\"https:\/\/librairie7l.com\/en\/produit\/bouts-de-bois-des-objets-aux-forets\/\",\"name\":\"BOUTS DE BOIS : DES OBJETS AUX FOR\u00caTS - Librairie 7L\",\"isPartOf\":{\"@id\":\"https:\/\/librairie7l.com\/en\/#website\"},\"datePublished\":\"2023-05-17T23:16:09+00:00\",\"dateModified\":\"2026-04-15T16:58:42+00:00\",\"breadcrumb\":{\"@id\":\"https:\/\/librairie7l.com\/en\/produit\/bouts-de-bois-des-objets-aux-forets\/#breadcrumb\"},\"inLanguage\":\"en-US\",\"potentialAction\":[{\"@type\":\"ReadAction\",\"target\":[\"https:\/\/librairie7l.com\/en\/produit\/bouts-de-bois-des-objets-aux-forets\/\"]}]},{\"@type\":\"BreadcrumbList\",\"@id\":\"https:\/\/librairie7l.com\/en\/produit\/bouts-de-bois-des-objets-aux-forets\/#breadcrumb\",\"itemListElement\":[{\"@type\":\"ListItem\",\"position\":1,\"name\":\"Accueil\",\"item\":\"https:\/\/librairie7l.com\/en\/\"},{\"@type\":\"ListItem\",\"position\":2,\"name\":\"Shop\",\"item\":\"https:\/\/librairie7l.com\/en\/shop\/\"},{\"@type\":\"ListItem\",\"position\":3,\"name\":\"BOUTS DE BOIS : DES OBJETS AUX FOR\u00caTS\"}]},{\"@type\":\"WebSite\",\"@id\":\"https:\/\/librairie7l.com\/en\/#website\",\"url\":\"https:\/\/librairie7l.com\/en\/\",\"name\":\"Librairie 7L\",\"description\":\"Librairie fond\u00e9e en 1999 par Karl Lagerfeld \u00e0 Paris\",\"publisher\":{\"@id\":\"https:\/\/librairie7l.com\/en\/#organization\"},\"potentialAction\":[{\"@type\":\"SearchAction\",\"target\":{\"@type\":\"EntryPoint\",\"urlTemplate\":\"https:\/\/librairie7l.com\/en\/?s={search_term_string}\"},\"query-input\":\"required name=search_term_string\"}],\"inLanguage\":\"en-US\"},{\"@type\":\"Organization\",\"@id\":\"https:\/\/librairie7l.com\/en\/#organization\",\"name\":\"Librairie 7L\",\"url\":\"https:\/\/librairie7l.com\/en\/\",\"logo\":{\"@type\":\"ImageObject\",\"inLanguage\":\"en-US\",\"@id\":\"https:\/\/librairie7l.com\/en\/#\/schema\/logo\/image\/\",\"url\":\"https:\/\/librairie7l.com\/wp-content\/uploads\/2022\/08\/logo-1.png\",\"contentUrl\":\"https:\/\/librairie7l.com\/wp-content\/uploads\/2022\/08\/logo-1.png\",\"width\":227,\"height\":301,\"caption\":\"Librairie 7L\"},\"image\":{\"@id\":\"https:\/\/librairie7l.com\/en\/#\/schema\/logo\/image\/\"}}]}<\/script>\n<!-- \/ Yoast SEO plugin. -->","yoast_head_json":{"title":"BOUTS DE BOIS : DES OBJETS AUX FOR\u00caTS - Librairie 7L","robots":{"index":"index","follow":"follow","max-snippet":"max-snippet:-1","max-image-preview":"max-image-preview:large","max-video-preview":"max-video-preview:-1"},"canonical":"https:\/\/librairie7l.com\/en\/produit\/bouts-de-bois-des-objets-aux-forets\/","og_locale":"en_US","og_type":"article","og_title":"BOUTS DE BOIS : DES OBJETS AUX FOR\u00caTS - Librairie 7L","og_description":"Autour de nous, des objets en bois. Futiles. Pr\u00e9cieux. De quels arbres ont-ils la ?bre, de quelles for\u00eats sont-ils l&#8217;essence ? For\u00eats jardin\u00e9es ou plantations monosp\u00e9ci?ques ? Des cagettes en peuplier, des palettes en pin maritime, des traverses en ch\u00eane, du lamell\u00e9-coll\u00e9 en h\u00eatre. Des bouchons en li\u00e8ge, des contrebasses, des barriques, du bois-\u00e9nergie et [&hellip;]","og_url":"https:\/\/librairie7l.com\/en\/produit\/bouts-de-bois-des-objets-aux-forets\/","og_site_name":"Librairie 7L","article_modified_time":"2026-04-15T16:58:42+00:00","og_image":[{"width":400,"height":553,"url":"https:\/\/librairie7l.com\/wp-content\/uploads\/2023\/02\/9782355222078_1_75.jpg","type":"image\/jpeg"}],"twitter_card":"summary_large_image","twitter_misc":{"Est. reading time":"1 minute"},"schema":{"@context":"https:\/\/schema.org","@graph":[{"@type":"WebPage","@id":"https:\/\/librairie7l.com\/en\/produit\/bouts-de-bois-des-objets-aux-forets\/","url":"https:\/\/librairie7l.com\/en\/produit\/bouts-de-bois-des-objets-aux-forets\/","name":"BOUTS DE BOIS : DES OBJETS AUX FOR\u00caTS - Librairie 7L","isPartOf":{"@id":"https:\/\/librairie7l.com\/en\/#website"},"datePublished":"2023-05-17T23:16:09+00:00","dateModified":"2026-04-15T16:58:42+00:00","breadcrumb":{"@id":"https:\/\/librairie7l.com\/en\/produit\/bouts-de-bois-des-objets-aux-forets\/#breadcrumb"},"inLanguage":"en-US","potentialAction":[{"@type":"ReadAction","target":["https:\/\/librairie7l.com\/en\/produit\/bouts-de-bois-des-objets-aux-forets\/"]}]},{"@type":"BreadcrumbList","@id":"https:\/\/librairie7l.com\/en\/produit\/bouts-de-bois-des-objets-aux-forets\/#breadcrumb","itemListElement":[{"@type":"ListItem","position":1,"name":"Accueil","item":"https:\/\/librairie7l.com\/en\/"},{"@type":"ListItem","position":2,"name":"Shop","item":"https:\/\/librairie7l.com\/en\/shop\/"},{"@type":"ListItem","position":3,"name":"BOUTS DE BOIS : DES OBJETS AUX FOR\u00caTS"}]},{"@type":"WebSite","@id":"https:\/\/librairie7l.com\/en\/#website","url":"https:\/\/librairie7l.com\/en\/","name":"Librairie 7L","description":"Librairie fond\u00e9e en 1999 par Karl Lagerfeld \u00e0 Paris","publisher":{"@id":"https:\/\/librairie7l.com\/en\/#organization"},"potentialAction":[{"@type":"SearchAction","target":{"@type":"EntryPoint","urlTemplate":"https:\/\/librairie7l.com\/en\/?s={search_term_string}"},"query-input":"required name=search_term_string"}],"inLanguage":"en-US"},{"@type":"Organization","@id":"https:\/\/librairie7l.com\/en\/#organization","name":"Librairie 7L","url":"https:\/\/librairie7l.com\/en\/","logo":{"@type":"ImageObject","inLanguage":"en-US","@id":"https:\/\/librairie7l.com\/en\/#\/schema\/logo\/image\/","url":"https:\/\/librairie7l.com\/wp-content\/uploads\/2022\/08\/logo-1.png","contentUrl":"https:\/\/librairie7l.com\/wp-content\/uploads\/2022\/08\/logo-1.png","width":227,"height":301,"caption":"Librairie 7L"},"image":{"@id":"https:\/\/librairie7l.com\/en\/#\/schema\/logo\/image\/"}}]}},"_links":{"self":[{"href":"https:\/\/librairie7l.com\/en\/wp-json\/wp\/v2\/product\/32228"}],"collection":[{"href":"https:\/\/librairie7l.com\/en\/wp-json\/wp\/v2\/product"}],"about":[{"href":"https:\/\/librairie7l.com\/en\/wp-json\/wp\/v2\/types\/product"}],"wp:featuredmedia":[{"embeddable":true,"href":"https:\/\/librairie7l.com\/en\/wp-json\/wp\/v2\/media\/32226"}],"wp:attachment":[{"href":"https:\/\/librairie7l.com\/en\/wp-json\/wp\/v2\/media?parent=32228"}],"wp:term":[{"taxonomy":"product_cat","embeddable":true,"href":"https:\/\/librairie7l.com\/en\/wp-json\/wp\/v2\/product_cat?post=32228"},{"taxonomy":"product_tag","embeddable":true,"href":"https:\/\/librairie7l.com\/en\/wp-json\/wp\/v2\/product_tag?post=32228"}],"curies":[{"name":"wp","href":"https:\/\/api.w.org\/{rel}","templated":true}]}}