{"id":32236,"date":"2023-05-20T01:16:14","date_gmt":"2023-05-19T23:16:14","guid":{"rendered":"https:\/\/librairie7l.com\/?post_type=product&#038;p=32236"},"modified":"2026-04-08T20:20:01","modified_gmt":"2026-04-08T18:20:01","slug":"pleased-to-meet-you-john-armleder","status":"publish","type":"product","link":"https:\/\/librairie7l.com\/en\/produit\/pleased-to-meet-you-john-armleder\/","title":{"rendered":"PLEASED TO MEET YOU : JOHN ARMLEDER"},"content":{"rendered":"<p>Pr\u00e9senter l&#8217;artiste comme une rock star r\u00e9sume l&#8217;ambition de ce fanzine de luxe. Monographique, se concentrant sur une seule personnalit\u00e9 par num\u00e9ro, la revue souhaite offrir une approche la plus intime et in\u00e9dite possible de son sujet. Le choix du format magazine, \u00e0 la structure plus libre et d\u00e9contract\u00e9e qu&#8217;un catalogue, est d\u00e9cisif pour susciter la proximit\u00e9 et l&#8217;empathie. Le principe conducteur des textes et de la maquette est de rendre accessible l&#8217;univers et la pens\u00e9e qui innervent une oeuvre. Est-il encore n\u00e9cessaire de pr\u00e9senter John Armleder ? Internationalement reconnu, son oeuvre est avant tout un essai de transformation du statut de l&#8217;oeuvre d&#8217;art, tant dans sa perception que sa r\u00e9ception. A l&#8217;occasion de son exposition au Mus\u00e9e r\u00e9gional d&#8217;art contemporain de S\u00e9rignan, Pleased to meet you consacre un opus \u00e0 cet \u00e9ternel dandy, dont l&#8217;oeuvre volontiers multiple et apparemment d\u00e9sordonn\u00e9e s&#8217;inscrit dans des pratiques diverses. Ironie, d\u00e9tachement et indiff\u00e9rence apparentes sont des cl\u00e9s de lecture de cette oeuvre, mais surtout une grande jubilation couronne chacune des cr\u00e9ations.<\/p>\n","protected":false},"excerpt":{"rendered":"<p>Pr\u00e9senter l&#8217;artiste comme une rock star r\u00e9sume l&#8217;ambition de ce fanzine de luxe. Monographique, se concentrant sur une seule personnalit\u00e9 par num\u00e9ro, la revue souhaite offrir une approche la plus intime et in\u00e9dite possible de son sujet. Le choix du format magazine, \u00e0 la structure plus libre et d\u00e9contract\u00e9e qu&#8217;un catalogue, est d\u00e9cisif pour susciter [&hellip;]<\/p>\n","protected":false},"featured_media":32234,"template":"","meta":[],"product_cat":[55,2948,47,2953],"product_tag":[],"acf":[],"yoast_head":"<!-- This site is optimized with the Yoast SEO plugin v20.11 - https:\/\/yoast.com\/wordpress\/plugins\/seo\/ -->\n<title>PLEASED TO MEET YOU : JOHN ARMLEDER - Librairie 7L<\/title>\n<meta name=\"robots\" content=\"index, follow, max-snippet:-1, max-image-preview:large, max-video-preview:-1\" \/>\n<link rel=\"canonical\" href=\"https:\/\/librairie7l.com\/en\/produit\/pleased-to-meet-you-john-armleder\/\" \/>\n<meta property=\"og:locale\" content=\"en_US\" \/>\n<meta property=\"og:type\" content=\"article\" \/>\n<meta property=\"og:title\" content=\"PLEASED TO MEET YOU : JOHN ARMLEDER - Librairie 7L\" \/>\n<meta property=\"og:description\" content=\"Pr\u00e9senter l&#8217;artiste comme une rock star r\u00e9sume l&#8217;ambition de ce fanzine de luxe. Monographique, se concentrant sur une seule personnalit\u00e9 par num\u00e9ro, la revue souhaite offrir une approche la plus intime et in\u00e9dite possible de son sujet. Le choix du format magazine, \u00e0 la structure plus libre et d\u00e9contract\u00e9e qu&#8217;un catalogue, est d\u00e9cisif pour susciter [&hellip;]\" \/>\n<meta property=\"og:url\" content=\"https:\/\/librairie7l.com\/en\/produit\/pleased-to-meet-you-john-armleder\/\" \/>\n<meta property=\"og:site_name\" content=\"Librairie 7L\" \/>\n<meta property=\"article:modified_time\" content=\"2026-04-08T18:20:01+00:00\" \/>\n<meta property=\"og:image\" content=\"https:\/\/librairie7l.com\/wp-content\/uploads\/2023\/01\/9782377390670_1_75.jpg\" \/>\n\t<meta property=\"og:image:width\" content=\"400\" \/>\n\t<meta property=\"og:image:height\" content=\"522\" \/>\n\t<meta property=\"og:image:type\" content=\"image\/jpeg\" \/>\n<meta name=\"twitter:card\" content=\"summary_large_image\" \/>\n<meta name=\"twitter:label1\" content=\"Est. reading time\" \/>\n\t<meta name=\"twitter:data1\" content=\"1 minute\" \/>\n<script type=\"application\/ld+json\" class=\"yoast-schema-graph\">{\"@context\":\"https:\/\/schema.org\",\"@graph\":[{\"@type\":\"WebPage\",\"@id\":\"https:\/\/librairie7l.com\/en\/produit\/pleased-to-meet-you-john-armleder\/\",\"url\":\"https:\/\/librairie7l.com\/en\/produit\/pleased-to-meet-you-john-armleder\/\",\"name\":\"PLEASED TO MEET YOU : JOHN ARMLEDER - Librairie 7L\",\"isPartOf\":{\"@id\":\"https:\/\/librairie7l.com\/en\/#website\"},\"datePublished\":\"2023-05-19T23:16:14+00:00\",\"dateModified\":\"2026-04-08T18:20:01+00:00\",\"breadcrumb\":{\"@id\":\"https:\/\/librairie7l.com\/en\/produit\/pleased-to-meet-you-john-armleder\/#breadcrumb\"},\"inLanguage\":\"en-US\",\"potentialAction\":[{\"@type\":\"ReadAction\",\"target\":[\"https:\/\/librairie7l.com\/en\/produit\/pleased-to-meet-you-john-armleder\/\"]}]},{\"@type\":\"BreadcrumbList\",\"@id\":\"https:\/\/librairie7l.com\/en\/produit\/pleased-to-meet-you-john-armleder\/#breadcrumb\",\"itemListElement\":[{\"@type\":\"ListItem\",\"position\":1,\"name\":\"Accueil\",\"item\":\"https:\/\/librairie7l.com\/en\/\"},{\"@type\":\"ListItem\",\"position\":2,\"name\":\"Shop\",\"item\":\"https:\/\/librairie7l.com\/en\/shop\/\"},{\"@type\":\"ListItem\",\"position\":3,\"name\":\"PLEASED TO MEET YOU : JOHN ARMLEDER\"}]},{\"@type\":\"WebSite\",\"@id\":\"https:\/\/librairie7l.com\/en\/#website\",\"url\":\"https:\/\/librairie7l.com\/en\/\",\"name\":\"Librairie 7L\",\"description\":\"Librairie fond\u00e9e en 1999 par Karl Lagerfeld \u00e0 Paris\",\"publisher\":{\"@id\":\"https:\/\/librairie7l.com\/en\/#organization\"},\"potentialAction\":[{\"@type\":\"SearchAction\",\"target\":{\"@type\":\"EntryPoint\",\"urlTemplate\":\"https:\/\/librairie7l.com\/en\/?s={search_term_string}\"},\"query-input\":\"required name=search_term_string\"}],\"inLanguage\":\"en-US\"},{\"@type\":\"Organization\",\"@id\":\"https:\/\/librairie7l.com\/en\/#organization\",\"name\":\"Librairie 7L\",\"url\":\"https:\/\/librairie7l.com\/en\/\",\"logo\":{\"@type\":\"ImageObject\",\"inLanguage\":\"en-US\",\"@id\":\"https:\/\/librairie7l.com\/en\/#\/schema\/logo\/image\/\",\"url\":\"https:\/\/librairie7l.com\/wp-content\/uploads\/2022\/08\/logo-1.png\",\"contentUrl\":\"https:\/\/librairie7l.com\/wp-content\/uploads\/2022\/08\/logo-1.png\",\"width\":227,\"height\":301,\"caption\":\"Librairie 7L\"},\"image\":{\"@id\":\"https:\/\/librairie7l.com\/en\/#\/schema\/logo\/image\/\"}}]}<\/script>\n<!-- \/ Yoast SEO plugin. -->","yoast_head_json":{"title":"PLEASED TO MEET YOU : JOHN ARMLEDER - Librairie 7L","robots":{"index":"index","follow":"follow","max-snippet":"max-snippet:-1","max-image-preview":"max-image-preview:large","max-video-preview":"max-video-preview:-1"},"canonical":"https:\/\/librairie7l.com\/en\/produit\/pleased-to-meet-you-john-armleder\/","og_locale":"en_US","og_type":"article","og_title":"PLEASED TO MEET YOU : JOHN ARMLEDER - Librairie 7L","og_description":"Pr\u00e9senter l&#8217;artiste comme une rock star r\u00e9sume l&#8217;ambition de ce fanzine de luxe. Monographique, se concentrant sur une seule personnalit\u00e9 par num\u00e9ro, la revue souhaite offrir une approche la plus intime et in\u00e9dite possible de son sujet. Le choix du format magazine, \u00e0 la structure plus libre et d\u00e9contract\u00e9e qu&#8217;un catalogue, est d\u00e9cisif pour susciter [&hellip;]","og_url":"https:\/\/librairie7l.com\/en\/produit\/pleased-to-meet-you-john-armleder\/","og_site_name":"Librairie 7L","article_modified_time":"2026-04-08T18:20:01+00:00","og_image":[{"width":400,"height":522,"url":"https:\/\/librairie7l.com\/wp-content\/uploads\/2023\/01\/9782377390670_1_75.jpg","type":"image\/jpeg"}],"twitter_card":"summary_large_image","twitter_misc":{"Est. reading time":"1 minute"},"schema":{"@context":"https:\/\/schema.org","@graph":[{"@type":"WebPage","@id":"https:\/\/librairie7l.com\/en\/produit\/pleased-to-meet-you-john-armleder\/","url":"https:\/\/librairie7l.com\/en\/produit\/pleased-to-meet-you-john-armleder\/","name":"PLEASED TO MEET YOU : JOHN ARMLEDER - Librairie 7L","isPartOf":{"@id":"https:\/\/librairie7l.com\/en\/#website"},"datePublished":"2023-05-19T23:16:14+00:00","dateModified":"2026-04-08T18:20:01+00:00","breadcrumb":{"@id":"https:\/\/librairie7l.com\/en\/produit\/pleased-to-meet-you-john-armleder\/#breadcrumb"},"inLanguage":"en-US","potentialAction":[{"@type":"ReadAction","target":["https:\/\/librairie7l.com\/en\/produit\/pleased-to-meet-you-john-armleder\/"]}]},{"@type":"BreadcrumbList","@id":"https:\/\/librairie7l.com\/en\/produit\/pleased-to-meet-you-john-armleder\/#breadcrumb","itemListElement":[{"@type":"ListItem","position":1,"name":"Accueil","item":"https:\/\/librairie7l.com\/en\/"},{"@type":"ListItem","position":2,"name":"Shop","item":"https:\/\/librairie7l.com\/en\/shop\/"},{"@type":"ListItem","position":3,"name":"PLEASED TO MEET YOU : JOHN ARMLEDER"}]},{"@type":"WebSite","@id":"https:\/\/librairie7l.com\/en\/#website","url":"https:\/\/librairie7l.com\/en\/","name":"Librairie 7L","description":"Librairie fond\u00e9e en 1999 par Karl Lagerfeld \u00e0 Paris","publisher":{"@id":"https:\/\/librairie7l.com\/en\/#organization"},"potentialAction":[{"@type":"SearchAction","target":{"@type":"EntryPoint","urlTemplate":"https:\/\/librairie7l.com\/en\/?s={search_term_string}"},"query-input":"required name=search_term_string"}],"inLanguage":"en-US"},{"@type":"Organization","@id":"https:\/\/librairie7l.com\/en\/#organization","name":"Librairie 7L","url":"https:\/\/librairie7l.com\/en\/","logo":{"@type":"ImageObject","inLanguage":"en-US","@id":"https:\/\/librairie7l.com\/en\/#\/schema\/logo\/image\/","url":"https:\/\/librairie7l.com\/wp-content\/uploads\/2022\/08\/logo-1.png","contentUrl":"https:\/\/librairie7l.com\/wp-content\/uploads\/2022\/08\/logo-1.png","width":227,"height":301,"caption":"Librairie 7L"},"image":{"@id":"https:\/\/librairie7l.com\/en\/#\/schema\/logo\/image\/"}}]}},"_links":{"self":[{"href":"https:\/\/librairie7l.com\/en\/wp-json\/wp\/v2\/product\/32236"}],"collection":[{"href":"https:\/\/librairie7l.com\/en\/wp-json\/wp\/v2\/product"}],"about":[{"href":"https:\/\/librairie7l.com\/en\/wp-json\/wp\/v2\/types\/product"}],"wp:featuredmedia":[{"embeddable":true,"href":"https:\/\/librairie7l.com\/en\/wp-json\/wp\/v2\/media\/32234"}],"wp:attachment":[{"href":"https:\/\/librairie7l.com\/en\/wp-json\/wp\/v2\/media?parent=32236"}],"wp:term":[{"taxonomy":"product_cat","embeddable":true,"href":"https:\/\/librairie7l.com\/en\/wp-json\/wp\/v2\/product_cat?post=32236"},{"taxonomy":"product_tag","embeddable":true,"href":"https:\/\/librairie7l.com\/en\/wp-json\/wp\/v2\/product_tag?post=32236"}],"curies":[{"name":"wp","href":"https:\/\/api.w.org\/{rel}","templated":true}]}}