{"id":32244,"date":"2023-05-18T01:16:21","date_gmt":"2023-05-17T23:16:21","guid":{"rendered":"https:\/\/librairie7l.com\/?post_type=product&#038;p=32244"},"modified":"2026-04-29T18:06:49","modified_gmt":"2026-04-29T16:06:49","slug":"andre-marfaing-peintures-1948-1986","status":"publish","type":"product","link":"https:\/\/librairie7l.com\/en\/produit\/andre-marfaing-peintures-1948-1986\/","title":{"rendered":"ANDR\u00c9 MARFAING, PEINTURES 1948-1986"},"content":{"rendered":"<p>Andr\u00e9 Marfaing (1925-1987) est un peintre et graveur non figuratif fran\u00e7ais associ\u00e9 \u00e0 l&#8217;abstraction et \u00e0 l&#8217;art informel. Ce catalogue raisonn\u00e9 constitue un r\u00e9pertoire complet de son oeuvre peint, depuis ses premi\u00e8res peintures de \u00ab jeunesse \u00bb (1948-1952) jusqu&#8217;\u00e0 ses derni\u00e8res oeuvres achev\u00e9es en 1986. \u00c0 la fin des ann\u00e9es 1940, Marfaing commence son aventure avec la peinture. Ses premiers essais sont des natures mortes, des paysages ou encore des portraits. En 1952, l&#8217;artiste franchit le pas de la non-figuration, une \u00e9tape fondamentale qui le conduit tr\u00e8s vite \u00e0 l&#8217;abstraction. Ses huiles sur toiles sont marqu\u00e9es par une pr\u00e9dominance du noir, appliqu\u00e9 en couches \u00e9paisses. La violence et la vivacit\u00e9 des gestes s&#8217;y r\u00e9v\u00e8lent. L&#8217;artiste fait appara\u00eetre des contrastes entre le noir et le blanc, entre l&#8217;ombre et la lumi\u00e8re, entre le vide et le plein. \u00c0 partir de 1971, Marfaing se tourne vers la peinture acrylique, ce qui engendre des modifications formelles au coeur de sa peinture. Ses toiles deviennent alors plus \u00e9pur\u00e9es et asc\u00e9tiques. Ce catalogue raisonn\u00e9 retrace pas \u00e0 pas le chemin de l&#8217;artiste, donnant \u00e0 d\u00e9couvrir les oeuvres, les \u00e9crits, les amiti\u00e9s et les combats de ce grand repr\u00e9sentant de l&#8217;art abstrait en France.<\/p>\n","protected":false},"excerpt":{"rendered":"<p>Andr\u00e9 Marfaing (1925-1987) est un peintre et graveur non figuratif fran\u00e7ais associ\u00e9 \u00e0 l&#8217;abstraction et \u00e0 l&#8217;art informel. Ce catalogue raisonn\u00e9 constitue un r\u00e9pertoire complet de son oeuvre peint, depuis ses premi\u00e8res peintures de \u00ab jeunesse \u00bb (1948-1952) jusqu&#8217;\u00e0 ses derni\u00e8res oeuvres achev\u00e9es en 1986. \u00c0 la fin des ann\u00e9es 1940, Marfaing commence son aventure [&hellip;]<\/p>\n","protected":false},"featured_media":32242,"template":"","meta":[],"product_cat":[55,2948,47,2953],"product_tag":[],"acf":[],"yoast_head":"<!-- This site is optimized with the Yoast SEO plugin v20.11 - https:\/\/yoast.com\/wordpress\/plugins\/seo\/ -->\n<title>ANDR\u00c9 MARFAING, PEINTURES 1948-1986 - Librairie 7L<\/title>\n<meta name=\"robots\" content=\"index, follow, max-snippet:-1, max-image-preview:large, max-video-preview:-1\" \/>\n<link rel=\"canonical\" href=\"https:\/\/librairie7l.com\/en\/produit\/andre-marfaing-peintures-1948-1986\/\" \/>\n<meta property=\"og:locale\" content=\"en_US\" \/>\n<meta property=\"og:type\" content=\"article\" \/>\n<meta property=\"og:title\" content=\"ANDR\u00c9 MARFAING, PEINTURES 1948-1986 - Librairie 7L\" \/>\n<meta property=\"og:description\" content=\"Andr\u00e9 Marfaing (1925-1987) est un peintre et graveur non figuratif fran\u00e7ais associ\u00e9 \u00e0 l&#8217;abstraction et \u00e0 l&#8217;art informel. Ce catalogue raisonn\u00e9 constitue un r\u00e9pertoire complet de son oeuvre peint, depuis ses premi\u00e8res peintures de \u00ab jeunesse \u00bb (1948-1952) jusqu&#8217;\u00e0 ses derni\u00e8res oeuvres achev\u00e9es en 1986. \u00c0 la fin des ann\u00e9es 1940, Marfaing commence son aventure [&hellip;]\" \/>\n<meta property=\"og:url\" content=\"https:\/\/librairie7l.com\/en\/produit\/andre-marfaing-peintures-1948-1986\/\" \/>\n<meta property=\"og:site_name\" content=\"Librairie 7L\" \/>\n<meta property=\"article:modified_time\" content=\"2026-04-29T16:06:49+00:00\" \/>\n<meta property=\"og:image\" content=\"https:\/\/librairie7l.com\/wp-content\/uploads\/2022\/04\/9782370741738_1_75.jpg\" \/>\n\t<meta property=\"og:image:width\" content=\"400\" \/>\n\t<meta property=\"og:image:height\" content=\"575\" \/>\n\t<meta property=\"og:image:type\" content=\"image\/jpeg\" \/>\n<meta name=\"twitter:card\" content=\"summary_large_image\" \/>\n<meta name=\"twitter:label1\" content=\"Est. reading time\" \/>\n\t<meta name=\"twitter:data1\" content=\"1 minute\" \/>\n<script type=\"application\/ld+json\" class=\"yoast-schema-graph\">{\"@context\":\"https:\/\/schema.org\",\"@graph\":[{\"@type\":\"WebPage\",\"@id\":\"https:\/\/librairie7l.com\/en\/produit\/andre-marfaing-peintures-1948-1986\/\",\"url\":\"https:\/\/librairie7l.com\/en\/produit\/andre-marfaing-peintures-1948-1986\/\",\"name\":\"ANDR\u00c9 MARFAING, PEINTURES 1948-1986 - Librairie 7L\",\"isPartOf\":{\"@id\":\"https:\/\/librairie7l.com\/en\/#website\"},\"datePublished\":\"2023-05-17T23:16:21+00:00\",\"dateModified\":\"2026-04-29T16:06:49+00:00\",\"breadcrumb\":{\"@id\":\"https:\/\/librairie7l.com\/en\/produit\/andre-marfaing-peintures-1948-1986\/#breadcrumb\"},\"inLanguage\":\"en-US\",\"potentialAction\":[{\"@type\":\"ReadAction\",\"target\":[\"https:\/\/librairie7l.com\/en\/produit\/andre-marfaing-peintures-1948-1986\/\"]}]},{\"@type\":\"BreadcrumbList\",\"@id\":\"https:\/\/librairie7l.com\/en\/produit\/andre-marfaing-peintures-1948-1986\/#breadcrumb\",\"itemListElement\":[{\"@type\":\"ListItem\",\"position\":1,\"name\":\"Accueil\",\"item\":\"https:\/\/librairie7l.com\/en\/\"},{\"@type\":\"ListItem\",\"position\":2,\"name\":\"Shop\",\"item\":\"https:\/\/librairie7l.com\/en\/shop\/\"},{\"@type\":\"ListItem\",\"position\":3,\"name\":\"ANDR\u00c9 MARFAING, PEINTURES 1948-1986\"}]},{\"@type\":\"WebSite\",\"@id\":\"https:\/\/librairie7l.com\/en\/#website\",\"url\":\"https:\/\/librairie7l.com\/en\/\",\"name\":\"Librairie 7L\",\"description\":\"Librairie fond\u00e9e en 1999 par Karl Lagerfeld \u00e0 Paris\",\"publisher\":{\"@id\":\"https:\/\/librairie7l.com\/en\/#organization\"},\"potentialAction\":[{\"@type\":\"SearchAction\",\"target\":{\"@type\":\"EntryPoint\",\"urlTemplate\":\"https:\/\/librairie7l.com\/en\/?s={search_term_string}\"},\"query-input\":\"required name=search_term_string\"}],\"inLanguage\":\"en-US\"},{\"@type\":\"Organization\",\"@id\":\"https:\/\/librairie7l.com\/en\/#organization\",\"name\":\"Librairie 7L\",\"url\":\"https:\/\/librairie7l.com\/en\/\",\"logo\":{\"@type\":\"ImageObject\",\"inLanguage\":\"en-US\",\"@id\":\"https:\/\/librairie7l.com\/en\/#\/schema\/logo\/image\/\",\"url\":\"https:\/\/librairie7l.com\/wp-content\/uploads\/2022\/08\/logo-1.png\",\"contentUrl\":\"https:\/\/librairie7l.com\/wp-content\/uploads\/2022\/08\/logo-1.png\",\"width\":227,\"height\":301,\"caption\":\"Librairie 7L\"},\"image\":{\"@id\":\"https:\/\/librairie7l.com\/en\/#\/schema\/logo\/image\/\"}}]}<\/script>\n<!-- \/ Yoast SEO plugin. -->","yoast_head_json":{"title":"ANDR\u00c9 MARFAING, PEINTURES 1948-1986 - Librairie 7L","robots":{"index":"index","follow":"follow","max-snippet":"max-snippet:-1","max-image-preview":"max-image-preview:large","max-video-preview":"max-video-preview:-1"},"canonical":"https:\/\/librairie7l.com\/en\/produit\/andre-marfaing-peintures-1948-1986\/","og_locale":"en_US","og_type":"article","og_title":"ANDR\u00c9 MARFAING, PEINTURES 1948-1986 - Librairie 7L","og_description":"Andr\u00e9 Marfaing (1925-1987) est un peintre et graveur non figuratif fran\u00e7ais associ\u00e9 \u00e0 l&#8217;abstraction et \u00e0 l&#8217;art informel. Ce catalogue raisonn\u00e9 constitue un r\u00e9pertoire complet de son oeuvre peint, depuis ses premi\u00e8res peintures de \u00ab jeunesse \u00bb (1948-1952) jusqu&#8217;\u00e0 ses derni\u00e8res oeuvres achev\u00e9es en 1986. \u00c0 la fin des ann\u00e9es 1940, Marfaing commence son aventure [&hellip;]","og_url":"https:\/\/librairie7l.com\/en\/produit\/andre-marfaing-peintures-1948-1986\/","og_site_name":"Librairie 7L","article_modified_time":"2026-04-29T16:06:49+00:00","og_image":[{"width":400,"height":575,"url":"https:\/\/librairie7l.com\/wp-content\/uploads\/2022\/04\/9782370741738_1_75.jpg","type":"image\/jpeg"}],"twitter_card":"summary_large_image","twitter_misc":{"Est. reading time":"1 minute"},"schema":{"@context":"https:\/\/schema.org","@graph":[{"@type":"WebPage","@id":"https:\/\/librairie7l.com\/en\/produit\/andre-marfaing-peintures-1948-1986\/","url":"https:\/\/librairie7l.com\/en\/produit\/andre-marfaing-peintures-1948-1986\/","name":"ANDR\u00c9 MARFAING, PEINTURES 1948-1986 - Librairie 7L","isPartOf":{"@id":"https:\/\/librairie7l.com\/en\/#website"},"datePublished":"2023-05-17T23:16:21+00:00","dateModified":"2026-04-29T16:06:49+00:00","breadcrumb":{"@id":"https:\/\/librairie7l.com\/en\/produit\/andre-marfaing-peintures-1948-1986\/#breadcrumb"},"inLanguage":"en-US","potentialAction":[{"@type":"ReadAction","target":["https:\/\/librairie7l.com\/en\/produit\/andre-marfaing-peintures-1948-1986\/"]}]},{"@type":"BreadcrumbList","@id":"https:\/\/librairie7l.com\/en\/produit\/andre-marfaing-peintures-1948-1986\/#breadcrumb","itemListElement":[{"@type":"ListItem","position":1,"name":"Accueil","item":"https:\/\/librairie7l.com\/en\/"},{"@type":"ListItem","position":2,"name":"Shop","item":"https:\/\/librairie7l.com\/en\/shop\/"},{"@type":"ListItem","position":3,"name":"ANDR\u00c9 MARFAING, PEINTURES 1948-1986"}]},{"@type":"WebSite","@id":"https:\/\/librairie7l.com\/en\/#website","url":"https:\/\/librairie7l.com\/en\/","name":"Librairie 7L","description":"Librairie fond\u00e9e en 1999 par Karl Lagerfeld \u00e0 Paris","publisher":{"@id":"https:\/\/librairie7l.com\/en\/#organization"},"potentialAction":[{"@type":"SearchAction","target":{"@type":"EntryPoint","urlTemplate":"https:\/\/librairie7l.com\/en\/?s={search_term_string}"},"query-input":"required name=search_term_string"}],"inLanguage":"en-US"},{"@type":"Organization","@id":"https:\/\/librairie7l.com\/en\/#organization","name":"Librairie 7L","url":"https:\/\/librairie7l.com\/en\/","logo":{"@type":"ImageObject","inLanguage":"en-US","@id":"https:\/\/librairie7l.com\/en\/#\/schema\/logo\/image\/","url":"https:\/\/librairie7l.com\/wp-content\/uploads\/2022\/08\/logo-1.png","contentUrl":"https:\/\/librairie7l.com\/wp-content\/uploads\/2022\/08\/logo-1.png","width":227,"height":301,"caption":"Librairie 7L"},"image":{"@id":"https:\/\/librairie7l.com\/en\/#\/schema\/logo\/image\/"}}]}},"_links":{"self":[{"href":"https:\/\/librairie7l.com\/en\/wp-json\/wp\/v2\/product\/32244"}],"collection":[{"href":"https:\/\/librairie7l.com\/en\/wp-json\/wp\/v2\/product"}],"about":[{"href":"https:\/\/librairie7l.com\/en\/wp-json\/wp\/v2\/types\/product"}],"wp:featuredmedia":[{"embeddable":true,"href":"https:\/\/librairie7l.com\/en\/wp-json\/wp\/v2\/media\/32242"}],"wp:attachment":[{"href":"https:\/\/librairie7l.com\/en\/wp-json\/wp\/v2\/media?parent=32244"}],"wp:term":[{"taxonomy":"product_cat","embeddable":true,"href":"https:\/\/librairie7l.com\/en\/wp-json\/wp\/v2\/product_cat?post=32244"},{"taxonomy":"product_tag","embeddable":true,"href":"https:\/\/librairie7l.com\/en\/wp-json\/wp\/v2\/product_tag?post=32244"}],"curies":[{"name":"wp","href":"https:\/\/api.w.org\/{rel}","templated":true}]}}