{"id":32248,"date":"2023-05-18T01:16:23","date_gmt":"2023-05-17T23:16:23","guid":{"rendered":"https:\/\/librairie7l.com\/?post_type=product&#038;p=32248"},"modified":"2026-04-28T03:21:30","modified_gmt":"2026-04-28T01:21:30","slug":"norman-foster","status":"publish","type":"product","link":"https:\/\/librairie7l.com\/en\/produit\/norman-foster\/","title":{"rendered":"NORMAN FOSTER"},"content":{"rendered":"<p>Norman Foster est une figure majeure  de l&#8217;architecture mondiale (Pritzker Architecture  Prize 1999), dont l&#8217;agence \u00e9ponyme a r\u00e9alis\u00e9  plus de 300 projets dans le monde entier.<br \/>\nNombre d&#8217;entre eux, embl\u00e9matiques,  ont profond\u00e9ment marqu\u00e9 et transform\u00e9  l&#8217;apparence de vastes territoires et de  capitales internationales, allant jusqu&#8217;\u00e0 en  changer le fonctionnement et l&#8217;organisation.<br \/>\nSouvent consid\u00e9r\u00e9 comme un leader du  courant architectural dit \u00ab high tech \u00bb en raison  du haut degr\u00e9 d&#8217;innovation technologique  de ses r\u00e9alisations, de leur qualit\u00e9 et de la  mise en valeur des \u00e9l\u00e9ments constructifs, Norman Foster a toujours cherch\u00e9 \u00e0  \u00e9viter cette \u00e9tiquette. Cette exposition est  notamment l&#8217;occasion de replacer son travail  au coeur de la ma\u00eetrise de l&#8217;environnement.<br \/>\nLa construction de sa premi\u00e8re tour, la Hong  Kong &amp; Shanghai Bank (Hong Kong, 1986) a mis  en exergue les pr\u00e9occupations \u00e9nerg\u00e9tiques en  particulier l&#8217;int\u00e9gration dans un tissus urbain  d&#8217;une structure centr\u00e9e sur des vastes espaces  ouverts en communication constante avec la  ville.<br \/>\nNorman Foster est aussi un architecte de  r\u00e9seaux, de syst\u00e8mes d&#8217;\u00e9changes, des  transports, d&#8217;organes de communication,  pr\u00e9occupation observ\u00e9e notamment dans ses  nombreux projets d&#8217;a\u00e9roports. L&#8217;architecte  \u00e9tend sa vision \u00e0 l&#8217;extr\u00eame et travaille d&#8217;ailleurs  sur des projets d&#8217;habitats interplan\u00e9taires.<br \/>\nLe catalogue rassemblera une centaine de  projets embl\u00e9matiques de Norman Foster,  et permettra de pr\u00e9senter le contexte  de sa d\u00e9marche \u00e0 travers un long essai  du commissaire de l&#8217;exposition, Fr\u00e9d\u00e9ric  Migayrou, et une biographie comment\u00e9e  par le critique d&#8217;architecture Philip Jodidio.<br \/>\nMonographie de r\u00e9f\u00e9rence sur Norman  Foster, travaill\u00e9e en \u00e9troite collaboration  avec l&#8217;architecte, le catalogue le donnera  la parole \u00e0 travers un entretien et une<\/p>\n","protected":false},"excerpt":{"rendered":"<p>Norman Foster est une figure majeure de l&#8217;architecture mondiale (Pritzker Architecture Prize 1999), dont l&#8217;agence \u00e9ponyme a r\u00e9alis\u00e9 plus de 300 projets dans le monde entier. Nombre d&#8217;entre eux, embl\u00e9matiques, ont profond\u00e9ment marqu\u00e9 et transform\u00e9 l&#8217;apparence de vastes territoires et de capitales internationales, allant jusqu&#8217;\u00e0 en changer le fonctionnement et l&#8217;organisation. Souvent consid\u00e9r\u00e9 comme un [&hellip;]<\/p>\n","protected":false},"featured_media":32246,"template":"","meta":[],"product_cat":[2948,2950],"product_tag":[],"acf":[],"yoast_head":"<!-- This site is optimized with the Yoast SEO plugin v20.11 - https:\/\/yoast.com\/wordpress\/plugins\/seo\/ -->\n<title>NORMAN FOSTER - Librairie 7L<\/title>\n<meta name=\"robots\" content=\"index, follow, max-snippet:-1, max-image-preview:large, max-video-preview:-1\" \/>\n<link rel=\"canonical\" href=\"https:\/\/librairie7l.com\/en\/produit\/norman-foster\/\" \/>\n<meta property=\"og:locale\" content=\"en_US\" \/>\n<meta property=\"og:type\" content=\"article\" \/>\n<meta property=\"og:title\" content=\"NORMAN FOSTER - Librairie 7L\" \/>\n<meta property=\"og:description\" content=\"Norman Foster est une figure majeure de l&#8217;architecture mondiale (Pritzker Architecture Prize 1999), dont l&#8217;agence \u00e9ponyme a r\u00e9alis\u00e9 plus de 300 projets dans le monde entier. Nombre d&#8217;entre eux, embl\u00e9matiques, ont profond\u00e9ment marqu\u00e9 et transform\u00e9 l&#8217;apparence de vastes territoires et de capitales internationales, allant jusqu&#8217;\u00e0 en changer le fonctionnement et l&#8217;organisation. Souvent consid\u00e9r\u00e9 comme un [&hellip;]\" \/>\n<meta property=\"og:url\" content=\"https:\/\/librairie7l.com\/en\/produit\/norman-foster\/\" \/>\n<meta property=\"og:site_name\" content=\"Librairie 7L\" \/>\n<meta property=\"article:modified_time\" content=\"2026-04-28T01:21:30+00:00\" \/>\n<meta property=\"og:image\" content=\"https:\/\/librairie7l.com\/wp-content\/uploads\/2022\/11\/9782844269515_1_75.jpg\" \/>\n\t<meta property=\"og:image:width\" content=\"600\" \/>\n\t<meta property=\"og:image:height\" content=\"693\" \/>\n\t<meta property=\"og:image:type\" content=\"image\/jpeg\" \/>\n<meta name=\"twitter:card\" content=\"summary_large_image\" \/>\n<meta name=\"twitter:label1\" content=\"Est. reading time\" \/>\n\t<meta name=\"twitter:data1\" content=\"1 minute\" \/>\n<script type=\"application\/ld+json\" class=\"yoast-schema-graph\">{\"@context\":\"https:\/\/schema.org\",\"@graph\":[{\"@type\":\"WebPage\",\"@id\":\"https:\/\/librairie7l.com\/en\/produit\/norman-foster\/\",\"url\":\"https:\/\/librairie7l.com\/en\/produit\/norman-foster\/\",\"name\":\"NORMAN FOSTER - Librairie 7L\",\"isPartOf\":{\"@id\":\"https:\/\/librairie7l.com\/en\/#website\"},\"datePublished\":\"2023-05-17T23:16:23+00:00\",\"dateModified\":\"2026-04-28T01:21:30+00:00\",\"breadcrumb\":{\"@id\":\"https:\/\/librairie7l.com\/en\/produit\/norman-foster\/#breadcrumb\"},\"inLanguage\":\"en-US\",\"potentialAction\":[{\"@type\":\"ReadAction\",\"target\":[\"https:\/\/librairie7l.com\/en\/produit\/norman-foster\/\"]}]},{\"@type\":\"BreadcrumbList\",\"@id\":\"https:\/\/librairie7l.com\/en\/produit\/norman-foster\/#breadcrumb\",\"itemListElement\":[{\"@type\":\"ListItem\",\"position\":1,\"name\":\"Accueil\",\"item\":\"https:\/\/librairie7l.com\/en\/\"},{\"@type\":\"ListItem\",\"position\":2,\"name\":\"Shop\",\"item\":\"https:\/\/librairie7l.com\/en\/shop\/\"},{\"@type\":\"ListItem\",\"position\":3,\"name\":\"NORMAN FOSTER\"}]},{\"@type\":\"WebSite\",\"@id\":\"https:\/\/librairie7l.com\/en\/#website\",\"url\":\"https:\/\/librairie7l.com\/en\/\",\"name\":\"Librairie 7L\",\"description\":\"Librairie fond\u00e9e en 1999 par Karl Lagerfeld \u00e0 Paris\",\"publisher\":{\"@id\":\"https:\/\/librairie7l.com\/en\/#organization\"},\"potentialAction\":[{\"@type\":\"SearchAction\",\"target\":{\"@type\":\"EntryPoint\",\"urlTemplate\":\"https:\/\/librairie7l.com\/en\/?s={search_term_string}\"},\"query-input\":\"required name=search_term_string\"}],\"inLanguage\":\"en-US\"},{\"@type\":\"Organization\",\"@id\":\"https:\/\/librairie7l.com\/en\/#organization\",\"name\":\"Librairie 7L\",\"url\":\"https:\/\/librairie7l.com\/en\/\",\"logo\":{\"@type\":\"ImageObject\",\"inLanguage\":\"en-US\",\"@id\":\"https:\/\/librairie7l.com\/en\/#\/schema\/logo\/image\/\",\"url\":\"https:\/\/librairie7l.com\/wp-content\/uploads\/2022\/08\/logo-1.png\",\"contentUrl\":\"https:\/\/librairie7l.com\/wp-content\/uploads\/2022\/08\/logo-1.png\",\"width\":227,\"height\":301,\"caption\":\"Librairie 7L\"},\"image\":{\"@id\":\"https:\/\/librairie7l.com\/en\/#\/schema\/logo\/image\/\"}}]}<\/script>\n<!-- \/ Yoast SEO plugin. -->","yoast_head_json":{"title":"NORMAN FOSTER - Librairie 7L","robots":{"index":"index","follow":"follow","max-snippet":"max-snippet:-1","max-image-preview":"max-image-preview:large","max-video-preview":"max-video-preview:-1"},"canonical":"https:\/\/librairie7l.com\/en\/produit\/norman-foster\/","og_locale":"en_US","og_type":"article","og_title":"NORMAN FOSTER - Librairie 7L","og_description":"Norman Foster est une figure majeure de l&#8217;architecture mondiale (Pritzker Architecture Prize 1999), dont l&#8217;agence \u00e9ponyme a r\u00e9alis\u00e9 plus de 300 projets dans le monde entier. Nombre d&#8217;entre eux, embl\u00e9matiques, ont profond\u00e9ment marqu\u00e9 et transform\u00e9 l&#8217;apparence de vastes territoires et de capitales internationales, allant jusqu&#8217;\u00e0 en changer le fonctionnement et l&#8217;organisation. Souvent consid\u00e9r\u00e9 comme un [&hellip;]","og_url":"https:\/\/librairie7l.com\/en\/produit\/norman-foster\/","og_site_name":"Librairie 7L","article_modified_time":"2026-04-28T01:21:30+00:00","og_image":[{"width":600,"height":693,"url":"https:\/\/librairie7l.com\/wp-content\/uploads\/2022\/11\/9782844269515_1_75.jpg","type":"image\/jpeg"}],"twitter_card":"summary_large_image","twitter_misc":{"Est. reading time":"1 minute"},"schema":{"@context":"https:\/\/schema.org","@graph":[{"@type":"WebPage","@id":"https:\/\/librairie7l.com\/en\/produit\/norman-foster\/","url":"https:\/\/librairie7l.com\/en\/produit\/norman-foster\/","name":"NORMAN FOSTER - Librairie 7L","isPartOf":{"@id":"https:\/\/librairie7l.com\/en\/#website"},"datePublished":"2023-05-17T23:16:23+00:00","dateModified":"2026-04-28T01:21:30+00:00","breadcrumb":{"@id":"https:\/\/librairie7l.com\/en\/produit\/norman-foster\/#breadcrumb"},"inLanguage":"en-US","potentialAction":[{"@type":"ReadAction","target":["https:\/\/librairie7l.com\/en\/produit\/norman-foster\/"]}]},{"@type":"BreadcrumbList","@id":"https:\/\/librairie7l.com\/en\/produit\/norman-foster\/#breadcrumb","itemListElement":[{"@type":"ListItem","position":1,"name":"Accueil","item":"https:\/\/librairie7l.com\/en\/"},{"@type":"ListItem","position":2,"name":"Shop","item":"https:\/\/librairie7l.com\/en\/shop\/"},{"@type":"ListItem","position":3,"name":"NORMAN FOSTER"}]},{"@type":"WebSite","@id":"https:\/\/librairie7l.com\/en\/#website","url":"https:\/\/librairie7l.com\/en\/","name":"Librairie 7L","description":"Librairie fond\u00e9e en 1999 par Karl Lagerfeld \u00e0 Paris","publisher":{"@id":"https:\/\/librairie7l.com\/en\/#organization"},"potentialAction":[{"@type":"SearchAction","target":{"@type":"EntryPoint","urlTemplate":"https:\/\/librairie7l.com\/en\/?s={search_term_string}"},"query-input":"required name=search_term_string"}],"inLanguage":"en-US"},{"@type":"Organization","@id":"https:\/\/librairie7l.com\/en\/#organization","name":"Librairie 7L","url":"https:\/\/librairie7l.com\/en\/","logo":{"@type":"ImageObject","inLanguage":"en-US","@id":"https:\/\/librairie7l.com\/en\/#\/schema\/logo\/image\/","url":"https:\/\/librairie7l.com\/wp-content\/uploads\/2022\/08\/logo-1.png","contentUrl":"https:\/\/librairie7l.com\/wp-content\/uploads\/2022\/08\/logo-1.png","width":227,"height":301,"caption":"Librairie 7L"},"image":{"@id":"https:\/\/librairie7l.com\/en\/#\/schema\/logo\/image\/"}}]}},"_links":{"self":[{"href":"https:\/\/librairie7l.com\/en\/wp-json\/wp\/v2\/product\/32248"}],"collection":[{"href":"https:\/\/librairie7l.com\/en\/wp-json\/wp\/v2\/product"}],"about":[{"href":"https:\/\/librairie7l.com\/en\/wp-json\/wp\/v2\/types\/product"}],"wp:featuredmedia":[{"embeddable":true,"href":"https:\/\/librairie7l.com\/en\/wp-json\/wp\/v2\/media\/32246"}],"wp:attachment":[{"href":"https:\/\/librairie7l.com\/en\/wp-json\/wp\/v2\/media?parent=32248"}],"wp:term":[{"taxonomy":"product_cat","embeddable":true,"href":"https:\/\/librairie7l.com\/en\/wp-json\/wp\/v2\/product_cat?post=32248"},{"taxonomy":"product_tag","embeddable":true,"href":"https:\/\/librairie7l.com\/en\/wp-json\/wp\/v2\/product_tag?post=32248"}],"curies":[{"name":"wp","href":"https:\/\/api.w.org\/{rel}","templated":true}]}}