{"id":32252,"date":"2023-05-20T01:16:10","date_gmt":"2023-05-19T23:16:10","guid":{"rendered":"https:\/\/librairie7l.com\/?post_type=product&#038;p=32252"},"modified":"2026-04-21T18:19:16","modified_gmt":"2026-04-21T16:19:16","slug":"new-york-waterfront-diary","status":"publish","type":"product","link":"https:\/\/librairie7l.com\/en\/produit\/new-york-waterfront-diary\/","title":{"rendered":"NEW YORK WATERFRONT DIARY"},"content":{"rendered":"<p>Le r\u00e9cit photographique du front de mer new-yorkais r\u00e9alis\u00e9 par Sophie Fenwick est n\u00e9  de son d\u00e9sir de cr\u00e9er une archive visuelle d&#8217;un paysage aussi inhabituel que suggestif de  la Grosse Pomme. Le langage photographique est employ\u00e9 dans des clich\u00e9s en noir et  blanc ou en couleurs pour retracer une transformation, et pour exprimer l&#8217;urgence d&#8217;une  documentation qui, dans ces pages, passe du stade de besoin personnel \u00e0 celui de n\u00e9cessit\u00e9 universelle. L&#8217;invitation au voyage dont Fenwick se fait la porte-parole est une po\u00e9sie  visuelle rythm\u00e9e par des clich\u00e9s qui poss\u00e8dent toutes les qualit\u00e9s n\u00e9cessaires pour devenir  de v\u00e9ritables ic\u00f4nes.<br \/>\nOutre le caract\u00e8re in\u00e9dit des images du waterfront new-yorkais, le volume se pr\u00e9sente  comme un projet \u00e9ditorial unique en son genre : l&#8217;aspect iconographique trouve un espace  d&#8217;approfondissement et de dialogue dans l&#8217;interview que Sophie Fenwick accordre \u00e0 Pauline Vermare, et un espace litt\u00e9raire dans la po\u00e9sie de Fenwick, n\u00e9e durant la pand\u00e9mie, qui  accompagne le r\u00e9cit visuel.<\/p>\n","protected":false},"excerpt":{"rendered":"<p>Le r\u00e9cit photographique du front de mer new-yorkais r\u00e9alis\u00e9 par Sophie Fenwick est n\u00e9 de son d\u00e9sir de cr\u00e9er une archive visuelle d&#8217;un paysage aussi inhabituel que suggestif de la Grosse Pomme. Le langage photographique est employ\u00e9 dans des clich\u00e9s en noir et blanc ou en couleurs pour retracer une transformation, et pour exprimer l&#8217;urgence [&hellip;]<\/p>\n","protected":false},"featured_media":33659,"template":"","meta":[],"product_cat":[2948,2958],"product_tag":[],"acf":[],"yoast_head":"<!-- This site is optimized with the Yoast SEO plugin v20.11 - https:\/\/yoast.com\/wordpress\/plugins\/seo\/ -->\n<title>NEW YORK WATERFRONT DIARY - Librairie 7L<\/title>\n<meta name=\"robots\" content=\"index, follow, max-snippet:-1, max-image-preview:large, max-video-preview:-1\" \/>\n<link rel=\"canonical\" href=\"https:\/\/librairie7l.com\/en\/produit\/new-york-waterfront-diary\/\" \/>\n<meta property=\"og:locale\" content=\"en_US\" \/>\n<meta property=\"og:type\" content=\"article\" \/>\n<meta property=\"og:title\" content=\"NEW YORK WATERFRONT DIARY - Librairie 7L\" \/>\n<meta property=\"og:description\" content=\"Le r\u00e9cit photographique du front de mer new-yorkais r\u00e9alis\u00e9 par Sophie Fenwick est n\u00e9 de son d\u00e9sir de cr\u00e9er une archive visuelle d&#8217;un paysage aussi inhabituel que suggestif de la Grosse Pomme. Le langage photographique est employ\u00e9 dans des clich\u00e9s en noir et blanc ou en couleurs pour retracer une transformation, et pour exprimer l&#8217;urgence [&hellip;]\" \/>\n<meta property=\"og:url\" content=\"https:\/\/librairie7l.com\/en\/produit\/new-york-waterfront-diary\/\" \/>\n<meta property=\"og:site_name\" content=\"Librairie 7L\" \/>\n<meta property=\"article:modified_time\" content=\"2026-04-21T16:19:16+00:00\" \/>\n<meta property=\"og:image\" content=\"https:\/\/librairie7l.com\/wp-content\/uploads\/2022\/12\/9791254600351_1_75.jpg\" \/>\n\t<meta property=\"og:image:width\" content=\"400\" \/>\n\t<meta property=\"og:image:height\" content=\"446\" \/>\n\t<meta property=\"og:image:type\" content=\"image\/jpeg\" \/>\n<meta name=\"twitter:card\" content=\"summary_large_image\" \/>\n<meta name=\"twitter:label1\" content=\"Est. reading time\" \/>\n\t<meta name=\"twitter:data1\" content=\"1 minute\" \/>\n<script type=\"application\/ld+json\" class=\"yoast-schema-graph\">{\"@context\":\"https:\/\/schema.org\",\"@graph\":[{\"@type\":\"WebPage\",\"@id\":\"https:\/\/librairie7l.com\/en\/produit\/new-york-waterfront-diary\/\",\"url\":\"https:\/\/librairie7l.com\/en\/produit\/new-york-waterfront-diary\/\",\"name\":\"NEW YORK WATERFRONT DIARY - Librairie 7L\",\"isPartOf\":{\"@id\":\"https:\/\/librairie7l.com\/en\/#website\"},\"datePublished\":\"2023-05-19T23:16:10+00:00\",\"dateModified\":\"2026-04-21T16:19:16+00:00\",\"breadcrumb\":{\"@id\":\"https:\/\/librairie7l.com\/en\/produit\/new-york-waterfront-diary\/#breadcrumb\"},\"inLanguage\":\"en-US\",\"potentialAction\":[{\"@type\":\"ReadAction\",\"target\":[\"https:\/\/librairie7l.com\/en\/produit\/new-york-waterfront-diary\/\"]}]},{\"@type\":\"BreadcrumbList\",\"@id\":\"https:\/\/librairie7l.com\/en\/produit\/new-york-waterfront-diary\/#breadcrumb\",\"itemListElement\":[{\"@type\":\"ListItem\",\"position\":1,\"name\":\"Accueil\",\"item\":\"https:\/\/librairie7l.com\/en\/\"},{\"@type\":\"ListItem\",\"position\":2,\"name\":\"Shop\",\"item\":\"https:\/\/librairie7l.com\/en\/shop\/\"},{\"@type\":\"ListItem\",\"position\":3,\"name\":\"NEW YORK WATERFRONT DIARY\"}]},{\"@type\":\"WebSite\",\"@id\":\"https:\/\/librairie7l.com\/en\/#website\",\"url\":\"https:\/\/librairie7l.com\/en\/\",\"name\":\"Librairie 7L\",\"description\":\"Librairie fond\u00e9e en 1999 par Karl Lagerfeld \u00e0 Paris\",\"publisher\":{\"@id\":\"https:\/\/librairie7l.com\/en\/#organization\"},\"potentialAction\":[{\"@type\":\"SearchAction\",\"target\":{\"@type\":\"EntryPoint\",\"urlTemplate\":\"https:\/\/librairie7l.com\/en\/?s={search_term_string}\"},\"query-input\":\"required name=search_term_string\"}],\"inLanguage\":\"en-US\"},{\"@type\":\"Organization\",\"@id\":\"https:\/\/librairie7l.com\/en\/#organization\",\"name\":\"Librairie 7L\",\"url\":\"https:\/\/librairie7l.com\/en\/\",\"logo\":{\"@type\":\"ImageObject\",\"inLanguage\":\"en-US\",\"@id\":\"https:\/\/librairie7l.com\/en\/#\/schema\/logo\/image\/\",\"url\":\"https:\/\/librairie7l.com\/wp-content\/uploads\/2022\/08\/logo-1.png\",\"contentUrl\":\"https:\/\/librairie7l.com\/wp-content\/uploads\/2022\/08\/logo-1.png\",\"width\":227,\"height\":301,\"caption\":\"Librairie 7L\"},\"image\":{\"@id\":\"https:\/\/librairie7l.com\/en\/#\/schema\/logo\/image\/\"}}]}<\/script>\n<!-- \/ Yoast SEO plugin. -->","yoast_head_json":{"title":"NEW YORK WATERFRONT DIARY - Librairie 7L","robots":{"index":"index","follow":"follow","max-snippet":"max-snippet:-1","max-image-preview":"max-image-preview:large","max-video-preview":"max-video-preview:-1"},"canonical":"https:\/\/librairie7l.com\/en\/produit\/new-york-waterfront-diary\/","og_locale":"en_US","og_type":"article","og_title":"NEW YORK WATERFRONT DIARY - Librairie 7L","og_description":"Le r\u00e9cit photographique du front de mer new-yorkais r\u00e9alis\u00e9 par Sophie Fenwick est n\u00e9 de son d\u00e9sir de cr\u00e9er une archive visuelle d&#8217;un paysage aussi inhabituel que suggestif de la Grosse Pomme. Le langage photographique est employ\u00e9 dans des clich\u00e9s en noir et blanc ou en couleurs pour retracer une transformation, et pour exprimer l&#8217;urgence [&hellip;]","og_url":"https:\/\/librairie7l.com\/en\/produit\/new-york-waterfront-diary\/","og_site_name":"Librairie 7L","article_modified_time":"2026-04-21T16:19:16+00:00","og_image":[{"width":400,"height":446,"url":"https:\/\/librairie7l.com\/wp-content\/uploads\/2022\/12\/9791254600351_1_75.jpg","type":"image\/jpeg"}],"twitter_card":"summary_large_image","twitter_misc":{"Est. reading time":"1 minute"},"schema":{"@context":"https:\/\/schema.org","@graph":[{"@type":"WebPage","@id":"https:\/\/librairie7l.com\/en\/produit\/new-york-waterfront-diary\/","url":"https:\/\/librairie7l.com\/en\/produit\/new-york-waterfront-diary\/","name":"NEW YORK WATERFRONT DIARY - Librairie 7L","isPartOf":{"@id":"https:\/\/librairie7l.com\/en\/#website"},"datePublished":"2023-05-19T23:16:10+00:00","dateModified":"2026-04-21T16:19:16+00:00","breadcrumb":{"@id":"https:\/\/librairie7l.com\/en\/produit\/new-york-waterfront-diary\/#breadcrumb"},"inLanguage":"en-US","potentialAction":[{"@type":"ReadAction","target":["https:\/\/librairie7l.com\/en\/produit\/new-york-waterfront-diary\/"]}]},{"@type":"BreadcrumbList","@id":"https:\/\/librairie7l.com\/en\/produit\/new-york-waterfront-diary\/#breadcrumb","itemListElement":[{"@type":"ListItem","position":1,"name":"Accueil","item":"https:\/\/librairie7l.com\/en\/"},{"@type":"ListItem","position":2,"name":"Shop","item":"https:\/\/librairie7l.com\/en\/shop\/"},{"@type":"ListItem","position":3,"name":"NEW YORK WATERFRONT DIARY"}]},{"@type":"WebSite","@id":"https:\/\/librairie7l.com\/en\/#website","url":"https:\/\/librairie7l.com\/en\/","name":"Librairie 7L","description":"Librairie fond\u00e9e en 1999 par Karl Lagerfeld \u00e0 Paris","publisher":{"@id":"https:\/\/librairie7l.com\/en\/#organization"},"potentialAction":[{"@type":"SearchAction","target":{"@type":"EntryPoint","urlTemplate":"https:\/\/librairie7l.com\/en\/?s={search_term_string}"},"query-input":"required name=search_term_string"}],"inLanguage":"en-US"},{"@type":"Organization","@id":"https:\/\/librairie7l.com\/en\/#organization","name":"Librairie 7L","url":"https:\/\/librairie7l.com\/en\/","logo":{"@type":"ImageObject","inLanguage":"en-US","@id":"https:\/\/librairie7l.com\/en\/#\/schema\/logo\/image\/","url":"https:\/\/librairie7l.com\/wp-content\/uploads\/2022\/08\/logo-1.png","contentUrl":"https:\/\/librairie7l.com\/wp-content\/uploads\/2022\/08\/logo-1.png","width":227,"height":301,"caption":"Librairie 7L"},"image":{"@id":"https:\/\/librairie7l.com\/en\/#\/schema\/logo\/image\/"}}]}},"_links":{"self":[{"href":"https:\/\/librairie7l.com\/en\/wp-json\/wp\/v2\/product\/32252"}],"collection":[{"href":"https:\/\/librairie7l.com\/en\/wp-json\/wp\/v2\/product"}],"about":[{"href":"https:\/\/librairie7l.com\/en\/wp-json\/wp\/v2\/types\/product"}],"wp:featuredmedia":[{"embeddable":true,"href":"https:\/\/librairie7l.com\/en\/wp-json\/wp\/v2\/media\/33659"}],"wp:attachment":[{"href":"https:\/\/librairie7l.com\/en\/wp-json\/wp\/v2\/media?parent=32252"}],"wp:term":[{"taxonomy":"product_cat","embeddable":true,"href":"https:\/\/librairie7l.com\/en\/wp-json\/wp\/v2\/product_cat?post=32252"},{"taxonomy":"product_tag","embeddable":true,"href":"https:\/\/librairie7l.com\/en\/wp-json\/wp\/v2\/product_tag?post=32252"}],"curies":[{"name":"wp","href":"https:\/\/api.w.org\/{rel}","templated":true}]}}