{"id":32270,"date":"2023-05-27T01:16:15","date_gmt":"2023-05-26T23:16:15","guid":{"rendered":"https:\/\/librairie7l.com\/?post_type=product&#038;p=32270"},"modified":"2026-04-14T16:03:18","modified_gmt":"2026-04-14T14:03:18","slug":"la-villa-strassburger-deauville","status":"publish","type":"product","link":"https:\/\/librairie7l.com\/en\/produit\/la-villa-strassburger-deauville\/","title":{"rendered":"LA VILLA STRASSBURGER : DEAUVILLE"},"content":{"rendered":"<p>Joyau architectural, la Villa Strassburger est le symbole du Deauville de la Belle \u00c9poque. Situ\u00e9e \u00e0 proximit\u00e9 de l&#8217;hippodrome, elle est construite pour le Baron Henri de Rothschild en 1907, sur les terres de Flaubert. Elle est rachet\u00e9e en 1924 par Ralph Beaver Strassburger, riche \u00e9diteur de presse am\u00e9ricain.<br \/>\nPans de bois, appareillages de briques en damier, jeux des toitures, cette villa est embl\u00e9matique du r\u00e9gionalisme normand. Au pittoresque de l&#8217;ext\u00e9rieur s&#8217;oppose la simplicit\u00e9 des volumes int\u00e9rieurs. Au rez-de-chauss\u00e9e, un hall central distribue fumoir, salon, salle \u00e0 manger et bureau. Un escalier d&#8217;honneur m\u00e8ne aux chambres.<br \/>\nLes photos de Carole Bellaiche illustrent le charme de l&#8217;\u00e9poque, avec une vision d\u00e9taill\u00e9e et contemporaine. Philippe Normand, grand connaisseur du lieu et historien, retrace l&#8217;histoire du lieu et des diff\u00e9rents propri\u00e9taires.<\/p>\n","protected":false},"excerpt":{"rendered":"<p>Joyau architectural, la Villa Strassburger est le symbole du Deauville de la Belle \u00c9poque. Situ\u00e9e \u00e0 proximit\u00e9 de l&#8217;hippodrome, elle est construite pour le Baron Henri de Rothschild en 1907, sur les terres de Flaubert. Elle est rachet\u00e9e en 1924 par Ralph Beaver Strassburger, riche \u00e9diteur de presse am\u00e9ricain. Pans de bois, appareillages de briques [&hellip;]<\/p>\n","protected":false},"featured_media":32268,"template":"","meta":[],"product_cat":[2948,2951],"product_tag":[],"acf":[],"yoast_head":"<!-- This site is optimized with the Yoast SEO plugin v20.11 - https:\/\/yoast.com\/wordpress\/plugins\/seo\/ -->\n<title>LA VILLA STRASSBURGER : DEAUVILLE - Librairie 7L<\/title>\n<meta name=\"robots\" content=\"index, follow, max-snippet:-1, max-image-preview:large, max-video-preview:-1\" \/>\n<link rel=\"canonical\" href=\"https:\/\/librairie7l.com\/en\/produit\/la-villa-strassburger-deauville\/\" \/>\n<meta property=\"og:locale\" content=\"en_US\" \/>\n<meta property=\"og:type\" content=\"article\" \/>\n<meta property=\"og:title\" content=\"LA VILLA STRASSBURGER : DEAUVILLE - Librairie 7L\" \/>\n<meta property=\"og:description\" content=\"Joyau architectural, la Villa Strassburger est le symbole du Deauville de la Belle \u00c9poque. Situ\u00e9e \u00e0 proximit\u00e9 de l&#8217;hippodrome, elle est construite pour le Baron Henri de Rothschild en 1907, sur les terres de Flaubert. Elle est rachet\u00e9e en 1924 par Ralph Beaver Strassburger, riche \u00e9diteur de presse am\u00e9ricain. Pans de bois, appareillages de briques [&hellip;]\" \/>\n<meta property=\"og:url\" content=\"https:\/\/librairie7l.com\/en\/produit\/la-villa-strassburger-deauville\/\" \/>\n<meta property=\"og:site_name\" content=\"Librairie 7L\" \/>\n<meta property=\"article:modified_time\" content=\"2026-04-14T14:03:18+00:00\" \/>\n<meta property=\"og:image\" content=\"https:\/\/librairie7l.com\/wp-content\/uploads\/2023\/02\/9782848116099_1_75.jpg\" \/>\n\t<meta property=\"og:image:width\" content=\"600\" \/>\n\t<meta property=\"og:image:height\" content=\"839\" \/>\n\t<meta property=\"og:image:type\" content=\"image\/jpeg\" \/>\n<meta name=\"twitter:card\" content=\"summary_large_image\" \/>\n<meta name=\"twitter:label1\" content=\"Est. reading time\" \/>\n\t<meta name=\"twitter:data1\" content=\"1 minute\" \/>\n<script type=\"application\/ld+json\" class=\"yoast-schema-graph\">{\"@context\":\"https:\/\/schema.org\",\"@graph\":[{\"@type\":\"WebPage\",\"@id\":\"https:\/\/librairie7l.com\/en\/produit\/la-villa-strassburger-deauville\/\",\"url\":\"https:\/\/librairie7l.com\/en\/produit\/la-villa-strassburger-deauville\/\",\"name\":\"LA VILLA STRASSBURGER : DEAUVILLE - Librairie 7L\",\"isPartOf\":{\"@id\":\"https:\/\/librairie7l.com\/en\/#website\"},\"datePublished\":\"2023-05-26T23:16:15+00:00\",\"dateModified\":\"2026-04-14T14:03:18+00:00\",\"breadcrumb\":{\"@id\":\"https:\/\/librairie7l.com\/en\/produit\/la-villa-strassburger-deauville\/#breadcrumb\"},\"inLanguage\":\"en-US\",\"potentialAction\":[{\"@type\":\"ReadAction\",\"target\":[\"https:\/\/librairie7l.com\/en\/produit\/la-villa-strassburger-deauville\/\"]}]},{\"@type\":\"BreadcrumbList\",\"@id\":\"https:\/\/librairie7l.com\/en\/produit\/la-villa-strassburger-deauville\/#breadcrumb\",\"itemListElement\":[{\"@type\":\"ListItem\",\"position\":1,\"name\":\"Accueil\",\"item\":\"https:\/\/librairie7l.com\/en\/\"},{\"@type\":\"ListItem\",\"position\":2,\"name\":\"Shop\",\"item\":\"https:\/\/librairie7l.com\/en\/shop\/\"},{\"@type\":\"ListItem\",\"position\":3,\"name\":\"LA VILLA STRASSBURGER : DEAUVILLE\"}]},{\"@type\":\"WebSite\",\"@id\":\"https:\/\/librairie7l.com\/en\/#website\",\"url\":\"https:\/\/librairie7l.com\/en\/\",\"name\":\"Librairie 7L\",\"description\":\"Librairie fond\u00e9e en 1999 par Karl Lagerfeld \u00e0 Paris\",\"publisher\":{\"@id\":\"https:\/\/librairie7l.com\/en\/#organization\"},\"potentialAction\":[{\"@type\":\"SearchAction\",\"target\":{\"@type\":\"EntryPoint\",\"urlTemplate\":\"https:\/\/librairie7l.com\/en\/?s={search_term_string}\"},\"query-input\":\"required name=search_term_string\"}],\"inLanguage\":\"en-US\"},{\"@type\":\"Organization\",\"@id\":\"https:\/\/librairie7l.com\/en\/#organization\",\"name\":\"Librairie 7L\",\"url\":\"https:\/\/librairie7l.com\/en\/\",\"logo\":{\"@type\":\"ImageObject\",\"inLanguage\":\"en-US\",\"@id\":\"https:\/\/librairie7l.com\/en\/#\/schema\/logo\/image\/\",\"url\":\"https:\/\/librairie7l.com\/wp-content\/uploads\/2022\/08\/logo-1.png\",\"contentUrl\":\"https:\/\/librairie7l.com\/wp-content\/uploads\/2022\/08\/logo-1.png\",\"width\":227,\"height\":301,\"caption\":\"Librairie 7L\"},\"image\":{\"@id\":\"https:\/\/librairie7l.com\/en\/#\/schema\/logo\/image\/\"}}]}<\/script>\n<!-- \/ Yoast SEO plugin. -->","yoast_head_json":{"title":"LA VILLA STRASSBURGER : DEAUVILLE - Librairie 7L","robots":{"index":"index","follow":"follow","max-snippet":"max-snippet:-1","max-image-preview":"max-image-preview:large","max-video-preview":"max-video-preview:-1"},"canonical":"https:\/\/librairie7l.com\/en\/produit\/la-villa-strassburger-deauville\/","og_locale":"en_US","og_type":"article","og_title":"LA VILLA STRASSBURGER : DEAUVILLE - Librairie 7L","og_description":"Joyau architectural, la Villa Strassburger est le symbole du Deauville de la Belle \u00c9poque. Situ\u00e9e \u00e0 proximit\u00e9 de l&#8217;hippodrome, elle est construite pour le Baron Henri de Rothschild en 1907, sur les terres de Flaubert. Elle est rachet\u00e9e en 1924 par Ralph Beaver Strassburger, riche \u00e9diteur de presse am\u00e9ricain. Pans de bois, appareillages de briques [&hellip;]","og_url":"https:\/\/librairie7l.com\/en\/produit\/la-villa-strassburger-deauville\/","og_site_name":"Librairie 7L","article_modified_time":"2026-04-14T14:03:18+00:00","og_image":[{"width":600,"height":839,"url":"https:\/\/librairie7l.com\/wp-content\/uploads\/2023\/02\/9782848116099_1_75.jpg","type":"image\/jpeg"}],"twitter_card":"summary_large_image","twitter_misc":{"Est. reading time":"1 minute"},"schema":{"@context":"https:\/\/schema.org","@graph":[{"@type":"WebPage","@id":"https:\/\/librairie7l.com\/en\/produit\/la-villa-strassburger-deauville\/","url":"https:\/\/librairie7l.com\/en\/produit\/la-villa-strassburger-deauville\/","name":"LA VILLA STRASSBURGER : DEAUVILLE - Librairie 7L","isPartOf":{"@id":"https:\/\/librairie7l.com\/en\/#website"},"datePublished":"2023-05-26T23:16:15+00:00","dateModified":"2026-04-14T14:03:18+00:00","breadcrumb":{"@id":"https:\/\/librairie7l.com\/en\/produit\/la-villa-strassburger-deauville\/#breadcrumb"},"inLanguage":"en-US","potentialAction":[{"@type":"ReadAction","target":["https:\/\/librairie7l.com\/en\/produit\/la-villa-strassburger-deauville\/"]}]},{"@type":"BreadcrumbList","@id":"https:\/\/librairie7l.com\/en\/produit\/la-villa-strassburger-deauville\/#breadcrumb","itemListElement":[{"@type":"ListItem","position":1,"name":"Accueil","item":"https:\/\/librairie7l.com\/en\/"},{"@type":"ListItem","position":2,"name":"Shop","item":"https:\/\/librairie7l.com\/en\/shop\/"},{"@type":"ListItem","position":3,"name":"LA VILLA STRASSBURGER : DEAUVILLE"}]},{"@type":"WebSite","@id":"https:\/\/librairie7l.com\/en\/#website","url":"https:\/\/librairie7l.com\/en\/","name":"Librairie 7L","description":"Librairie fond\u00e9e en 1999 par Karl Lagerfeld \u00e0 Paris","publisher":{"@id":"https:\/\/librairie7l.com\/en\/#organization"},"potentialAction":[{"@type":"SearchAction","target":{"@type":"EntryPoint","urlTemplate":"https:\/\/librairie7l.com\/en\/?s={search_term_string}"},"query-input":"required name=search_term_string"}],"inLanguage":"en-US"},{"@type":"Organization","@id":"https:\/\/librairie7l.com\/en\/#organization","name":"Librairie 7L","url":"https:\/\/librairie7l.com\/en\/","logo":{"@type":"ImageObject","inLanguage":"en-US","@id":"https:\/\/librairie7l.com\/en\/#\/schema\/logo\/image\/","url":"https:\/\/librairie7l.com\/wp-content\/uploads\/2022\/08\/logo-1.png","contentUrl":"https:\/\/librairie7l.com\/wp-content\/uploads\/2022\/08\/logo-1.png","width":227,"height":301,"caption":"Librairie 7L"},"image":{"@id":"https:\/\/librairie7l.com\/en\/#\/schema\/logo\/image\/"}}]}},"_links":{"self":[{"href":"https:\/\/librairie7l.com\/en\/wp-json\/wp\/v2\/product\/32270"}],"collection":[{"href":"https:\/\/librairie7l.com\/en\/wp-json\/wp\/v2\/product"}],"about":[{"href":"https:\/\/librairie7l.com\/en\/wp-json\/wp\/v2\/types\/product"}],"wp:featuredmedia":[{"embeddable":true,"href":"https:\/\/librairie7l.com\/en\/wp-json\/wp\/v2\/media\/32268"}],"wp:attachment":[{"href":"https:\/\/librairie7l.com\/en\/wp-json\/wp\/v2\/media?parent=32270"}],"wp:term":[{"taxonomy":"product_cat","embeddable":true,"href":"https:\/\/librairie7l.com\/en\/wp-json\/wp\/v2\/product_cat?post=32270"},{"taxonomy":"product_tag","embeddable":true,"href":"https:\/\/librairie7l.com\/en\/wp-json\/wp\/v2\/product_tag?post=32270"}],"curies":[{"name":"wp","href":"https:\/\/api.w.org\/{rel}","templated":true}]}}