{"id":32279,"date":"2023-06-03T01:16:23","date_gmt":"2023-06-02T23:16:23","guid":{"rendered":"https:\/\/librairie7l.com\/?post_type=product&#038;p=32279"},"modified":"2026-04-08T13:22:56","modified_gmt":"2026-04-08T11:22:56","slug":"lattrait-des-toilettes","status":"publish","type":"product","link":"https:\/\/librairie7l.com\/en\/produit\/lattrait-des-toilettes\/","title":{"rendered":"L&#8217;ATTRAIT DES TOILETTES"},"content":{"rendered":"<p>Comment tourner autour du pot ? Tr\u00f4ne souill\u00e9, les toilettes offrent aux cin\u00e9astes un objet par trop inf\u00e2me pour ne pas le regarder sans cligner des yeux. Cela explique sa durable absence des \u00e9crans : r\u00e9ellement entr\u00e9e au cin\u00e9ma avec Psychose d&#8217;Alfred Hitchcock, en 1960, la cuvette continue d&#8217;en meubler des coins rarement film\u00e9s, et alors avec c\u00e9r\u00e9monie.<br \/>\nCe livre suit l&#8217;histoire de cet attrait contrari\u00e9. Anthologie plombi\u00e8re, il recense quelques dizaines de si\u00e8ges ou de fosses d&#8217;o\u00f9 \u00e9manent des signes maudits et les relents d&#8217;une terreur archa\u00efque qu&#8217;aucune transgression ne peut vraiment dompter. De la tentative de banalisation entreprise par Stanley Kubrick \u00e0 l&#8217;euphorie de l&#8217;\u00e9gout entretenue par Quentin Tarantino ou Robert Rodriguez ; de la place que la com\u00e9die am\u00e9ricaine a r\u00e9serv\u00e9 aux lieux saints au th\u00e9\u00e2tre sexuel en quoi les transforment les com\u00e9dies queer, de la sublimation sp\u00e9culative d&#8217;Une sale histoire de Jean Eustache \u00e0 l&#8217;avilissement f\u00e9cal d&#8217;Il est difficile d&#8217;\u00eatre un dieu d&#8217;Alexe\u00ef Guerman, ces pages couvrent assez de trous pour hasarder quelques hypoth\u00e8ses sur ce que de tels regards torves disent de notre modernit\u00e9 hygi\u00e9niste. Car si l&#8217;on a souvent point\u00e9 la contemporan\u00e9it\u00e9 de l&#8217;invention des fr\u00e8res Lumi\u00e8re avec la psychanalyse, la radio, les rayons X ou les aquariums, on s&#8217;est rarement pench\u00e9 sur sa communaut\u00e9 de berceau avec le tout-\u00e0-l&#8217;\u00e9gout, pierre de touche de la r\u00e9volution sanitaire ayant abouti aux disciplines f\u00e9cales des si\u00e8cles industriels. Une telle concomittance pousse l&#8217;auteur \u00e0 croire qu&#8217;il peut faire un observatoire de ce sanctuaire tombal, parce que, fosse commune des vanit\u00e9s priv\u00e9es, les b\u00e9ances tuyauti\u00e8res \u00e9clairent de leur mal\u00e9diction deux ph\u00e9nom\u00e8nes au fondement de ce qui fut l&#8217;ordre bourgeois : le sacre de l&#8217;individu et la croyance en une ma\u00eetrise sans reste de l&#8217;environnement. Ce refuge o\u00f9 chaque sujet se d\u00e9robe aux regards pour liquider ses reliquats conditionne l&#8217;apparition des prom\u00e9th\u00e9es d\u00e9mocratiques du vingti\u00e8me si\u00e8cle. C&#8217;est du moins ce que laisse songer la contemplation du monde \u00e0 travers la lunette telle qu&#8217;on la trouve chez Tsa\u00ef Ming-liang, Jean-Luc Godard, David Cronenberg ou Alain Cavalier, qui en font autant le dernier bastion d&#8217;un cin\u00e9ma dig\u00e9rant son pass\u00e9 que le seul isoloir qui vaille pour les derniers des hommes. Avec eux et d&#8217;autres, le livre s&#8217;efforce de jeter les bases d&#8217;une scatocritique transformant en indices de f\u00e8ces tous les d\u00e9tours propres \u00e0 l&#8217;esth\u00e9tique excr\u00e9mentielle, o\u00f9 les toilettes signifient le f\u00e9cal en lui faisant \u00e9cran. Par l\u00e0, et non sans audace dans ses raccourcis, il entend montrer que le sort figuratif r\u00e9serv\u00e9 au tr\u00f4ne dit quelque chose de l&#8217;hygi\u00e9nisme aux commandes de bien des politiques \u00e9cologiques actuelles, parce que dans la cuvette se cristallise le mythe de la suppression de l&#8217;incompressible \u00e0 la racine du refoulement des externalit\u00e9s industrielles. Pour le dire en un langage empruntant sa forme \u00e0 sa mati\u00e8re, les chiottes nous disent dans quelle merde nous sommes.<\/p>\n","protected":false},"excerpt":{"rendered":"<p>Comment tourner autour du pot ? Tr\u00f4ne souill\u00e9, les toilettes offrent aux cin\u00e9astes un objet par trop inf\u00e2me pour ne pas le regarder sans cligner des yeux. Cela explique sa durable absence des \u00e9crans : r\u00e9ellement entr\u00e9e au cin\u00e9ma avec Psychose d&#8217;Alfred Hitchcock, en 1960, la cuvette continue d&#8217;en meubler des coins rarement film\u00e9s, et [&hellip;]<\/p>\n","protected":false},"featured_media":32277,"template":"","meta":[],"product_cat":[2948,2958],"product_tag":[],"acf":[],"yoast_head":"<!-- This site is optimized with the Yoast SEO plugin v20.11 - https:\/\/yoast.com\/wordpress\/plugins\/seo\/ -->\n<title>L&#039;ATTRAIT DES TOILETTES - Librairie 7L<\/title>\n<meta name=\"robots\" content=\"index, follow, max-snippet:-1, max-image-preview:large, max-video-preview:-1\" \/>\n<link rel=\"canonical\" href=\"https:\/\/librairie7l.com\/en\/produit\/lattrait-des-toilettes\/\" \/>\n<meta property=\"og:locale\" content=\"en_US\" \/>\n<meta property=\"og:type\" content=\"article\" \/>\n<meta property=\"og:title\" content=\"L&#039;ATTRAIT DES TOILETTES - Librairie 7L\" \/>\n<meta property=\"og:description\" content=\"Comment tourner autour du pot ? Tr\u00f4ne souill\u00e9, les toilettes offrent aux cin\u00e9astes un objet par trop inf\u00e2me pour ne pas le regarder sans cligner des yeux. Cela explique sa durable absence des \u00e9crans : r\u00e9ellement entr\u00e9e au cin\u00e9ma avec Psychose d&#8217;Alfred Hitchcock, en 1960, la cuvette continue d&#8217;en meubler des coins rarement film\u00e9s, et [&hellip;]\" \/>\n<meta property=\"og:url\" content=\"https:\/\/librairie7l.com\/en\/produit\/lattrait-des-toilettes\/\" \/>\n<meta property=\"og:site_name\" content=\"Librairie 7L\" \/>\n<meta property=\"article:modified_time\" content=\"2026-04-08T11:22:56+00:00\" \/>\n<meta property=\"og:image\" content=\"https:\/\/librairie7l.com\/wp-content\/uploads\/2022\/12\/9782873404963_1_75.jpg\" \/>\n\t<meta property=\"og:image:width\" content=\"400\" \/>\n\t<meta property=\"og:image:height\" content=\"554\" \/>\n\t<meta property=\"og:image:type\" content=\"image\/jpeg\" \/>\n<meta name=\"twitter:card\" content=\"summary_large_image\" \/>\n<meta name=\"twitter:label1\" content=\"Est. reading time\" \/>\n\t<meta name=\"twitter:data1\" content=\"3 minutes\" \/>\n<script type=\"application\/ld+json\" class=\"yoast-schema-graph\">{\"@context\":\"https:\/\/schema.org\",\"@graph\":[{\"@type\":\"WebPage\",\"@id\":\"https:\/\/librairie7l.com\/en\/produit\/lattrait-des-toilettes\/\",\"url\":\"https:\/\/librairie7l.com\/en\/produit\/lattrait-des-toilettes\/\",\"name\":\"L'ATTRAIT DES TOILETTES - Librairie 7L\",\"isPartOf\":{\"@id\":\"https:\/\/librairie7l.com\/en\/#website\"},\"datePublished\":\"2023-06-02T23:16:23+00:00\",\"dateModified\":\"2026-04-08T11:22:56+00:00\",\"breadcrumb\":{\"@id\":\"https:\/\/librairie7l.com\/en\/produit\/lattrait-des-toilettes\/#breadcrumb\"},\"inLanguage\":\"en-US\",\"potentialAction\":[{\"@type\":\"ReadAction\",\"target\":[\"https:\/\/librairie7l.com\/en\/produit\/lattrait-des-toilettes\/\"]}]},{\"@type\":\"BreadcrumbList\",\"@id\":\"https:\/\/librairie7l.com\/en\/produit\/lattrait-des-toilettes\/#breadcrumb\",\"itemListElement\":[{\"@type\":\"ListItem\",\"position\":1,\"name\":\"Accueil\",\"item\":\"https:\/\/librairie7l.com\/en\/\"},{\"@type\":\"ListItem\",\"position\":2,\"name\":\"Shop\",\"item\":\"https:\/\/librairie7l.com\/en\/shop\/\"},{\"@type\":\"ListItem\",\"position\":3,\"name\":\"L&#8217;ATTRAIT DES TOILETTES\"}]},{\"@type\":\"WebSite\",\"@id\":\"https:\/\/librairie7l.com\/en\/#website\",\"url\":\"https:\/\/librairie7l.com\/en\/\",\"name\":\"Librairie 7L\",\"description\":\"Librairie fond\u00e9e en 1999 par Karl Lagerfeld \u00e0 Paris\",\"publisher\":{\"@id\":\"https:\/\/librairie7l.com\/en\/#organization\"},\"potentialAction\":[{\"@type\":\"SearchAction\",\"target\":{\"@type\":\"EntryPoint\",\"urlTemplate\":\"https:\/\/librairie7l.com\/en\/?s={search_term_string}\"},\"query-input\":\"required name=search_term_string\"}],\"inLanguage\":\"en-US\"},{\"@type\":\"Organization\",\"@id\":\"https:\/\/librairie7l.com\/en\/#organization\",\"name\":\"Librairie 7L\",\"url\":\"https:\/\/librairie7l.com\/en\/\",\"logo\":{\"@type\":\"ImageObject\",\"inLanguage\":\"en-US\",\"@id\":\"https:\/\/librairie7l.com\/en\/#\/schema\/logo\/image\/\",\"url\":\"https:\/\/librairie7l.com\/wp-content\/uploads\/2022\/08\/logo-1.png\",\"contentUrl\":\"https:\/\/librairie7l.com\/wp-content\/uploads\/2022\/08\/logo-1.png\",\"width\":227,\"height\":301,\"caption\":\"Librairie 7L\"},\"image\":{\"@id\":\"https:\/\/librairie7l.com\/en\/#\/schema\/logo\/image\/\"}}]}<\/script>\n<!-- \/ Yoast SEO plugin. -->","yoast_head_json":{"title":"L'ATTRAIT DES TOILETTES - Librairie 7L","robots":{"index":"index","follow":"follow","max-snippet":"max-snippet:-1","max-image-preview":"max-image-preview:large","max-video-preview":"max-video-preview:-1"},"canonical":"https:\/\/librairie7l.com\/en\/produit\/lattrait-des-toilettes\/","og_locale":"en_US","og_type":"article","og_title":"L'ATTRAIT DES TOILETTES - Librairie 7L","og_description":"Comment tourner autour du pot ? Tr\u00f4ne souill\u00e9, les toilettes offrent aux cin\u00e9astes un objet par trop inf\u00e2me pour ne pas le regarder sans cligner des yeux. Cela explique sa durable absence des \u00e9crans : r\u00e9ellement entr\u00e9e au cin\u00e9ma avec Psychose d&#8217;Alfred Hitchcock, en 1960, la cuvette continue d&#8217;en meubler des coins rarement film\u00e9s, et [&hellip;]","og_url":"https:\/\/librairie7l.com\/en\/produit\/lattrait-des-toilettes\/","og_site_name":"Librairie 7L","article_modified_time":"2026-04-08T11:22:56+00:00","og_image":[{"width":400,"height":554,"url":"https:\/\/librairie7l.com\/wp-content\/uploads\/2022\/12\/9782873404963_1_75.jpg","type":"image\/jpeg"}],"twitter_card":"summary_large_image","twitter_misc":{"Est. reading time":"3 minutes"},"schema":{"@context":"https:\/\/schema.org","@graph":[{"@type":"WebPage","@id":"https:\/\/librairie7l.com\/en\/produit\/lattrait-des-toilettes\/","url":"https:\/\/librairie7l.com\/en\/produit\/lattrait-des-toilettes\/","name":"L'ATTRAIT DES TOILETTES - Librairie 7L","isPartOf":{"@id":"https:\/\/librairie7l.com\/en\/#website"},"datePublished":"2023-06-02T23:16:23+00:00","dateModified":"2026-04-08T11:22:56+00:00","breadcrumb":{"@id":"https:\/\/librairie7l.com\/en\/produit\/lattrait-des-toilettes\/#breadcrumb"},"inLanguage":"en-US","potentialAction":[{"@type":"ReadAction","target":["https:\/\/librairie7l.com\/en\/produit\/lattrait-des-toilettes\/"]}]},{"@type":"BreadcrumbList","@id":"https:\/\/librairie7l.com\/en\/produit\/lattrait-des-toilettes\/#breadcrumb","itemListElement":[{"@type":"ListItem","position":1,"name":"Accueil","item":"https:\/\/librairie7l.com\/en\/"},{"@type":"ListItem","position":2,"name":"Shop","item":"https:\/\/librairie7l.com\/en\/shop\/"},{"@type":"ListItem","position":3,"name":"L&#8217;ATTRAIT DES TOILETTES"}]},{"@type":"WebSite","@id":"https:\/\/librairie7l.com\/en\/#website","url":"https:\/\/librairie7l.com\/en\/","name":"Librairie 7L","description":"Librairie fond\u00e9e en 1999 par Karl Lagerfeld \u00e0 Paris","publisher":{"@id":"https:\/\/librairie7l.com\/en\/#organization"},"potentialAction":[{"@type":"SearchAction","target":{"@type":"EntryPoint","urlTemplate":"https:\/\/librairie7l.com\/en\/?s={search_term_string}"},"query-input":"required name=search_term_string"}],"inLanguage":"en-US"},{"@type":"Organization","@id":"https:\/\/librairie7l.com\/en\/#organization","name":"Librairie 7L","url":"https:\/\/librairie7l.com\/en\/","logo":{"@type":"ImageObject","inLanguage":"en-US","@id":"https:\/\/librairie7l.com\/en\/#\/schema\/logo\/image\/","url":"https:\/\/librairie7l.com\/wp-content\/uploads\/2022\/08\/logo-1.png","contentUrl":"https:\/\/librairie7l.com\/wp-content\/uploads\/2022\/08\/logo-1.png","width":227,"height":301,"caption":"Librairie 7L"},"image":{"@id":"https:\/\/librairie7l.com\/en\/#\/schema\/logo\/image\/"}}]}},"_links":{"self":[{"href":"https:\/\/librairie7l.com\/en\/wp-json\/wp\/v2\/product\/32279"}],"collection":[{"href":"https:\/\/librairie7l.com\/en\/wp-json\/wp\/v2\/product"}],"about":[{"href":"https:\/\/librairie7l.com\/en\/wp-json\/wp\/v2\/types\/product"}],"wp:featuredmedia":[{"embeddable":true,"href":"https:\/\/librairie7l.com\/en\/wp-json\/wp\/v2\/media\/32277"}],"wp:attachment":[{"href":"https:\/\/librairie7l.com\/en\/wp-json\/wp\/v2\/media?parent=32279"}],"wp:term":[{"taxonomy":"product_cat","embeddable":true,"href":"https:\/\/librairie7l.com\/en\/wp-json\/wp\/v2\/product_cat?post=32279"},{"taxonomy":"product_tag","embeddable":true,"href":"https:\/\/librairie7l.com\/en\/wp-json\/wp\/v2\/product_tag?post=32279"}],"curies":[{"name":"wp","href":"https:\/\/api.w.org\/{rel}","templated":true}]}}