{"id":32281,"date":"2023-06-03T01:16:28","date_gmt":"2023-06-02T23:16:28","guid":{"rendered":"https:\/\/librairie7l.com\/?post_type=product&#038;p=32281"},"modified":"2026-04-10T12:28:59","modified_gmt":"2026-04-10T10:28:59","slug":"molinier-rose-saumon","status":"publish","type":"product","link":"https:\/\/librairie7l.com\/en\/produit\/molinier-rose-saumon\/","title":{"rendered":"MOLINIER ROSE SAUMON"},"content":{"rendered":"<p>Souvent consid\u00e9r\u00e9 comme marginal, enferm\u00e9 dans les placards esth\u00e9tiques de  l&#8217;histoire des arts, Pierre Molinier est pourtant une figure importante reconnue en France  et \u00e0 l&#8217;\u00e9tranger. Originaire d&#8217;Agen et ayant v\u00e9cu toute sa vie \u00e0 Bordeaux, le Frac NouvelleAquitaine M\u00c9CA lui consacre une exposition d&#8217;envergure afin de d\u00e9ployer toutes les  facettes d&#8217;une oeuvre dense et complexe, rassemblant aussi bien des oeuvres picturales  que photographiques. Cet enjeu monographique int\u00e8gre les sources d&#8217;inspirations et  mouvements auxquels participe l&#8217;artiste : le surr\u00e9alisme, le f\u00e9tichisme ou encore le  tantrisme, comme ceux qu&#8217;il devance &#8211; le queer ; des archives et t\u00e9moignages in\u00e9dits ;<br \/>\nDes affiliations contemporaines (Cindy Sherman, Luciano Castelli, Bruno Pelassy, Betony  Vernon&#8230;) et d&#8217;autres plus historiques (Clovis Trouille, Claude Cahun ou Hans Bellmer&#8230;).<br \/>\nCette exposition programm\u00e9e du 31 mars au 17 sept 2023 co\u00efncide avec  l&#8217;anniversaire des 40 ans des Frac et la cr\u00e9ation du Frac Aquitaine qui, d\u00e8s sa cr\u00e9ation en  1982, inaugure sa collection en acqu\u00e9rant pour ses premiers num\u00e9ros d&#8217;inventaire une  vingtaine d&#8217;oeuvres de Pierre Molinier.<\/p>\n","protected":false},"excerpt":{"rendered":"<p>Souvent consid\u00e9r\u00e9 comme marginal, enferm\u00e9 dans les placards esth\u00e9tiques de l&#8217;histoire des arts, Pierre Molinier est pourtant une figure importante reconnue en France et \u00e0 l&#8217;\u00e9tranger. Originaire d&#8217;Agen et ayant v\u00e9cu toute sa vie \u00e0 Bordeaux, le Frac NouvelleAquitaine M\u00c9CA lui consacre une exposition d&#8217;envergure afin de d\u00e9ployer toutes les facettes d&#8217;une oeuvre dense et [&hellip;]<\/p>\n","protected":false},"featured_media":32413,"template":"","meta":[],"product_cat":[2948,2958],"product_tag":[],"acf":[],"yoast_head":"<!-- This site is optimized with the Yoast SEO plugin v20.11 - https:\/\/yoast.com\/wordpress\/plugins\/seo\/ -->\n<title>MOLINIER ROSE SAUMON - Librairie 7L<\/title>\n<meta name=\"robots\" content=\"index, follow, max-snippet:-1, max-image-preview:large, max-video-preview:-1\" \/>\n<link rel=\"canonical\" href=\"https:\/\/librairie7l.com\/en\/produit\/molinier-rose-saumon\/\" \/>\n<meta property=\"og:locale\" content=\"en_US\" \/>\n<meta property=\"og:type\" content=\"article\" \/>\n<meta property=\"og:title\" content=\"MOLINIER ROSE SAUMON - Librairie 7L\" \/>\n<meta property=\"og:description\" content=\"Souvent consid\u00e9r\u00e9 comme marginal, enferm\u00e9 dans les placards esth\u00e9tiques de l&#8217;histoire des arts, Pierre Molinier est pourtant une figure importante reconnue en France et \u00e0 l&#8217;\u00e9tranger. Originaire d&#8217;Agen et ayant v\u00e9cu toute sa vie \u00e0 Bordeaux, le Frac NouvelleAquitaine M\u00c9CA lui consacre une exposition d&#8217;envergure afin de d\u00e9ployer toutes les facettes d&#8217;une oeuvre dense et [&hellip;]\" \/>\n<meta property=\"og:url\" content=\"https:\/\/librairie7l.com\/en\/produit\/molinier-rose-saumon\/\" \/>\n<meta property=\"og:site_name\" content=\"Librairie 7L\" \/>\n<meta property=\"article:modified_time\" content=\"2026-04-10T10:28:59+00:00\" \/>\n<meta property=\"og:image\" content=\"https:\/\/librairie7l.com\/wp-content\/uploads\/2022\/12\/9782373721744_1_75.jpg\" \/>\n\t<meta property=\"og:image:width\" content=\"600\" \/>\n\t<meta property=\"og:image:height\" content=\"891\" \/>\n\t<meta property=\"og:image:type\" content=\"image\/jpeg\" \/>\n<meta name=\"twitter:card\" content=\"summary_large_image\" \/>\n<meta name=\"twitter:label1\" content=\"Est. reading time\" \/>\n\t<meta name=\"twitter:data1\" content=\"1 minute\" \/>\n<script type=\"application\/ld+json\" class=\"yoast-schema-graph\">{\"@context\":\"https:\/\/schema.org\",\"@graph\":[{\"@type\":\"WebPage\",\"@id\":\"https:\/\/librairie7l.com\/en\/produit\/molinier-rose-saumon\/\",\"url\":\"https:\/\/librairie7l.com\/en\/produit\/molinier-rose-saumon\/\",\"name\":\"MOLINIER ROSE SAUMON - Librairie 7L\",\"isPartOf\":{\"@id\":\"https:\/\/librairie7l.com\/en\/#website\"},\"datePublished\":\"2023-06-02T23:16:28+00:00\",\"dateModified\":\"2026-04-10T10:28:59+00:00\",\"breadcrumb\":{\"@id\":\"https:\/\/librairie7l.com\/en\/produit\/molinier-rose-saumon\/#breadcrumb\"},\"inLanguage\":\"en-US\",\"potentialAction\":[{\"@type\":\"ReadAction\",\"target\":[\"https:\/\/librairie7l.com\/en\/produit\/molinier-rose-saumon\/\"]}]},{\"@type\":\"BreadcrumbList\",\"@id\":\"https:\/\/librairie7l.com\/en\/produit\/molinier-rose-saumon\/#breadcrumb\",\"itemListElement\":[{\"@type\":\"ListItem\",\"position\":1,\"name\":\"Accueil\",\"item\":\"https:\/\/librairie7l.com\/en\/\"},{\"@type\":\"ListItem\",\"position\":2,\"name\":\"Shop\",\"item\":\"https:\/\/librairie7l.com\/en\/shop\/\"},{\"@type\":\"ListItem\",\"position\":3,\"name\":\"MOLINIER ROSE SAUMON\"}]},{\"@type\":\"WebSite\",\"@id\":\"https:\/\/librairie7l.com\/en\/#website\",\"url\":\"https:\/\/librairie7l.com\/en\/\",\"name\":\"Librairie 7L\",\"description\":\"Librairie fond\u00e9e en 1999 par Karl Lagerfeld \u00e0 Paris\",\"publisher\":{\"@id\":\"https:\/\/librairie7l.com\/en\/#organization\"},\"potentialAction\":[{\"@type\":\"SearchAction\",\"target\":{\"@type\":\"EntryPoint\",\"urlTemplate\":\"https:\/\/librairie7l.com\/en\/?s={search_term_string}\"},\"query-input\":\"required name=search_term_string\"}],\"inLanguage\":\"en-US\"},{\"@type\":\"Organization\",\"@id\":\"https:\/\/librairie7l.com\/en\/#organization\",\"name\":\"Librairie 7L\",\"url\":\"https:\/\/librairie7l.com\/en\/\",\"logo\":{\"@type\":\"ImageObject\",\"inLanguage\":\"en-US\",\"@id\":\"https:\/\/librairie7l.com\/en\/#\/schema\/logo\/image\/\",\"url\":\"https:\/\/librairie7l.com\/wp-content\/uploads\/2022\/08\/logo-1.png\",\"contentUrl\":\"https:\/\/librairie7l.com\/wp-content\/uploads\/2022\/08\/logo-1.png\",\"width\":227,\"height\":301,\"caption\":\"Librairie 7L\"},\"image\":{\"@id\":\"https:\/\/librairie7l.com\/en\/#\/schema\/logo\/image\/\"}}]}<\/script>\n<!-- \/ Yoast SEO plugin. -->","yoast_head_json":{"title":"MOLINIER ROSE SAUMON - Librairie 7L","robots":{"index":"index","follow":"follow","max-snippet":"max-snippet:-1","max-image-preview":"max-image-preview:large","max-video-preview":"max-video-preview:-1"},"canonical":"https:\/\/librairie7l.com\/en\/produit\/molinier-rose-saumon\/","og_locale":"en_US","og_type":"article","og_title":"MOLINIER ROSE SAUMON - Librairie 7L","og_description":"Souvent consid\u00e9r\u00e9 comme marginal, enferm\u00e9 dans les placards esth\u00e9tiques de l&#8217;histoire des arts, Pierre Molinier est pourtant une figure importante reconnue en France et \u00e0 l&#8217;\u00e9tranger. Originaire d&#8217;Agen et ayant v\u00e9cu toute sa vie \u00e0 Bordeaux, le Frac NouvelleAquitaine M\u00c9CA lui consacre une exposition d&#8217;envergure afin de d\u00e9ployer toutes les facettes d&#8217;une oeuvre dense et [&hellip;]","og_url":"https:\/\/librairie7l.com\/en\/produit\/molinier-rose-saumon\/","og_site_name":"Librairie 7L","article_modified_time":"2026-04-10T10:28:59+00:00","og_image":[{"width":600,"height":891,"url":"https:\/\/librairie7l.com\/wp-content\/uploads\/2022\/12\/9782373721744_1_75.jpg","type":"image\/jpeg"}],"twitter_card":"summary_large_image","twitter_misc":{"Est. reading time":"1 minute"},"schema":{"@context":"https:\/\/schema.org","@graph":[{"@type":"WebPage","@id":"https:\/\/librairie7l.com\/en\/produit\/molinier-rose-saumon\/","url":"https:\/\/librairie7l.com\/en\/produit\/molinier-rose-saumon\/","name":"MOLINIER ROSE SAUMON - Librairie 7L","isPartOf":{"@id":"https:\/\/librairie7l.com\/en\/#website"},"datePublished":"2023-06-02T23:16:28+00:00","dateModified":"2026-04-10T10:28:59+00:00","breadcrumb":{"@id":"https:\/\/librairie7l.com\/en\/produit\/molinier-rose-saumon\/#breadcrumb"},"inLanguage":"en-US","potentialAction":[{"@type":"ReadAction","target":["https:\/\/librairie7l.com\/en\/produit\/molinier-rose-saumon\/"]}]},{"@type":"BreadcrumbList","@id":"https:\/\/librairie7l.com\/en\/produit\/molinier-rose-saumon\/#breadcrumb","itemListElement":[{"@type":"ListItem","position":1,"name":"Accueil","item":"https:\/\/librairie7l.com\/en\/"},{"@type":"ListItem","position":2,"name":"Shop","item":"https:\/\/librairie7l.com\/en\/shop\/"},{"@type":"ListItem","position":3,"name":"MOLINIER ROSE SAUMON"}]},{"@type":"WebSite","@id":"https:\/\/librairie7l.com\/en\/#website","url":"https:\/\/librairie7l.com\/en\/","name":"Librairie 7L","description":"Librairie fond\u00e9e en 1999 par Karl Lagerfeld \u00e0 Paris","publisher":{"@id":"https:\/\/librairie7l.com\/en\/#organization"},"potentialAction":[{"@type":"SearchAction","target":{"@type":"EntryPoint","urlTemplate":"https:\/\/librairie7l.com\/en\/?s={search_term_string}"},"query-input":"required name=search_term_string"}],"inLanguage":"en-US"},{"@type":"Organization","@id":"https:\/\/librairie7l.com\/en\/#organization","name":"Librairie 7L","url":"https:\/\/librairie7l.com\/en\/","logo":{"@type":"ImageObject","inLanguage":"en-US","@id":"https:\/\/librairie7l.com\/en\/#\/schema\/logo\/image\/","url":"https:\/\/librairie7l.com\/wp-content\/uploads\/2022\/08\/logo-1.png","contentUrl":"https:\/\/librairie7l.com\/wp-content\/uploads\/2022\/08\/logo-1.png","width":227,"height":301,"caption":"Librairie 7L"},"image":{"@id":"https:\/\/librairie7l.com\/en\/#\/schema\/logo\/image\/"}}]}},"_links":{"self":[{"href":"https:\/\/librairie7l.com\/en\/wp-json\/wp\/v2\/product\/32281"}],"collection":[{"href":"https:\/\/librairie7l.com\/en\/wp-json\/wp\/v2\/product"}],"about":[{"href":"https:\/\/librairie7l.com\/en\/wp-json\/wp\/v2\/types\/product"}],"wp:featuredmedia":[{"embeddable":true,"href":"https:\/\/librairie7l.com\/en\/wp-json\/wp\/v2\/media\/32413"}],"wp:attachment":[{"href":"https:\/\/librairie7l.com\/en\/wp-json\/wp\/v2\/media?parent=32281"}],"wp:term":[{"taxonomy":"product_cat","embeddable":true,"href":"https:\/\/librairie7l.com\/en\/wp-json\/wp\/v2\/product_cat?post=32281"},{"taxonomy":"product_tag","embeddable":true,"href":"https:\/\/librairie7l.com\/en\/wp-json\/wp\/v2\/product_tag?post=32281"}],"curies":[{"name":"wp","href":"https:\/\/api.w.org\/{rel}","templated":true}]}}