{"id":32283,"date":"2023-06-03T01:16:24","date_gmt":"2023-06-02T23:16:24","guid":{"rendered":"https:\/\/librairie7l.com\/?post_type=product&#038;p=32283"},"modified":"2026-04-08T20:19:02","modified_gmt":"2026-04-08T18:19:02","slug":"quest-ce-qu-un-designer-objets-lieux-messages","status":"publish","type":"product","link":"https:\/\/librairie7l.com\/en\/produit\/quest-ce-qu-un-designer-objets-lieux-messages\/","title":{"rendered":"QU&#8217;EST-CE QU UN DESIGNER : OBJETS, LIEUX, MESSAGES"},"content":{"rendered":"<p>Qu&#8217;est-ce qu&#8217;un designer est un livre qui s&#8217;adresse aux \u00e9tudiants et aux professionnels des domaines de  l&#8217;architecture et du design. Loin de se contenter d&#8217;un questionnement (ou d&#8217;une r\u00e9ponse) bien formul\u00e9, il  \u00e9nonce les conditions dans lesquelles l&#8217;activit\u00e9 de design constitue en elle-m\u00eame une question ouverte, et  dans lesquelles les d\u00e9cisions de design &#8211; et les artefacts qu&#8217;elles produisent &#8211; sont tenues d&#8217;admettre une  r\u00e9ponse sur le plan social. Les designers trouveront dans cet ouvrage un portrait vivant de leur profession,  ainsi qu&#8217;un expos\u00e9 des traditions essentielles au mouvement moderne. Les \u00e9tudiants et enseignants, pour  leur part, y trouveront une discussion d&#8217;une grande richesse, directement issue de l&#8217;exp\u00e9rience personnelle  de l&#8217;auteur.<\/p>\n","protected":false},"excerpt":{"rendered":"<p>Qu&#8217;est-ce qu&#8217;un designer est un livre qui s&#8217;adresse aux \u00e9tudiants et aux professionnels des domaines de l&#8217;architecture et du design. Loin de se contenter d&#8217;un questionnement (ou d&#8217;une r\u00e9ponse) bien formul\u00e9, il \u00e9nonce les conditions dans lesquelles l&#8217;activit\u00e9 de design constitue en elle-m\u00eame une question ouverte, et dans lesquelles les d\u00e9cisions de design &#8211; et [&hellip;]<\/p>\n","protected":false},"featured_media":32357,"template":"","meta":[],"product_cat":[2948,2952],"product_tag":[],"acf":[],"yoast_head":"<!-- This site is optimized with the Yoast SEO plugin v20.11 - https:\/\/yoast.com\/wordpress\/plugins\/seo\/ -->\n<title>QU&#039;EST-CE QU UN DESIGNER : OBJETS, LIEUX, MESSAGES - Librairie 7L<\/title>\n<meta name=\"robots\" content=\"index, follow, max-snippet:-1, max-image-preview:large, max-video-preview:-1\" \/>\n<link rel=\"canonical\" href=\"https:\/\/librairie7l.com\/en\/produit\/quest-ce-qu-un-designer-objets-lieux-messages\/\" \/>\n<meta property=\"og:locale\" content=\"en_US\" \/>\n<meta property=\"og:type\" content=\"article\" \/>\n<meta property=\"og:title\" content=\"QU&#039;EST-CE QU UN DESIGNER : OBJETS, LIEUX, MESSAGES - Librairie 7L\" \/>\n<meta property=\"og:description\" content=\"Qu&#8217;est-ce qu&#8217;un designer est un livre qui s&#8217;adresse aux \u00e9tudiants et aux professionnels des domaines de l&#8217;architecture et du design. Loin de se contenter d&#8217;un questionnement (ou d&#8217;une r\u00e9ponse) bien formul\u00e9, il \u00e9nonce les conditions dans lesquelles l&#8217;activit\u00e9 de design constitue en elle-m\u00eame une question ouverte, et dans lesquelles les d\u00e9cisions de design &#8211; et [&hellip;]\" \/>\n<meta property=\"og:url\" content=\"https:\/\/librairie7l.com\/en\/produit\/quest-ce-qu-un-designer-objets-lieux-messages\/\" \/>\n<meta property=\"og:site_name\" content=\"Librairie 7L\" \/>\n<meta property=\"article:modified_time\" content=\"2026-04-08T18:19:02+00:00\" \/>\n<meta property=\"og:image\" content=\"https:\/\/librairie7l.com\/wp-content\/uploads\/2022\/11\/9782490077885_1_75.jpg\" \/>\n\t<meta property=\"og:image:width\" content=\"279\" \/>\n\t<meta property=\"og:image:height\" content=\"438\" \/>\n\t<meta property=\"og:image:type\" content=\"image\/jpeg\" \/>\n<meta name=\"twitter:card\" content=\"summary_large_image\" \/>\n<meta name=\"twitter:label1\" content=\"Est. reading time\" \/>\n\t<meta name=\"twitter:data1\" content=\"1 minute\" \/>\n<script type=\"application\/ld+json\" class=\"yoast-schema-graph\">{\"@context\":\"https:\/\/schema.org\",\"@graph\":[{\"@type\":\"WebPage\",\"@id\":\"https:\/\/librairie7l.com\/en\/produit\/quest-ce-qu-un-designer-objets-lieux-messages\/\",\"url\":\"https:\/\/librairie7l.com\/en\/produit\/quest-ce-qu-un-designer-objets-lieux-messages\/\",\"name\":\"QU'EST-CE QU UN DESIGNER : OBJETS, LIEUX, MESSAGES - Librairie 7L\",\"isPartOf\":{\"@id\":\"https:\/\/librairie7l.com\/en\/#website\"},\"datePublished\":\"2023-06-02T23:16:24+00:00\",\"dateModified\":\"2026-04-08T18:19:02+00:00\",\"breadcrumb\":{\"@id\":\"https:\/\/librairie7l.com\/en\/produit\/quest-ce-qu-un-designer-objets-lieux-messages\/#breadcrumb\"},\"inLanguage\":\"en-US\",\"potentialAction\":[{\"@type\":\"ReadAction\",\"target\":[\"https:\/\/librairie7l.com\/en\/produit\/quest-ce-qu-un-designer-objets-lieux-messages\/\"]}]},{\"@type\":\"BreadcrumbList\",\"@id\":\"https:\/\/librairie7l.com\/en\/produit\/quest-ce-qu-un-designer-objets-lieux-messages\/#breadcrumb\",\"itemListElement\":[{\"@type\":\"ListItem\",\"position\":1,\"name\":\"Accueil\",\"item\":\"https:\/\/librairie7l.com\/en\/\"},{\"@type\":\"ListItem\",\"position\":2,\"name\":\"Shop\",\"item\":\"https:\/\/librairie7l.com\/en\/shop\/\"},{\"@type\":\"ListItem\",\"position\":3,\"name\":\"QU&#8217;EST-CE QU UN DESIGNER : OBJETS, LIEUX, MESSAGES\"}]},{\"@type\":\"WebSite\",\"@id\":\"https:\/\/librairie7l.com\/en\/#website\",\"url\":\"https:\/\/librairie7l.com\/en\/\",\"name\":\"Librairie 7L\",\"description\":\"Librairie fond\u00e9e en 1999 par Karl Lagerfeld \u00e0 Paris\",\"publisher\":{\"@id\":\"https:\/\/librairie7l.com\/en\/#organization\"},\"potentialAction\":[{\"@type\":\"SearchAction\",\"target\":{\"@type\":\"EntryPoint\",\"urlTemplate\":\"https:\/\/librairie7l.com\/en\/?s={search_term_string}\"},\"query-input\":\"required name=search_term_string\"}],\"inLanguage\":\"en-US\"},{\"@type\":\"Organization\",\"@id\":\"https:\/\/librairie7l.com\/en\/#organization\",\"name\":\"Librairie 7L\",\"url\":\"https:\/\/librairie7l.com\/en\/\",\"logo\":{\"@type\":\"ImageObject\",\"inLanguage\":\"en-US\",\"@id\":\"https:\/\/librairie7l.com\/en\/#\/schema\/logo\/image\/\",\"url\":\"https:\/\/librairie7l.com\/wp-content\/uploads\/2022\/08\/logo-1.png\",\"contentUrl\":\"https:\/\/librairie7l.com\/wp-content\/uploads\/2022\/08\/logo-1.png\",\"width\":227,\"height\":301,\"caption\":\"Librairie 7L\"},\"image\":{\"@id\":\"https:\/\/librairie7l.com\/en\/#\/schema\/logo\/image\/\"}}]}<\/script>\n<!-- \/ Yoast SEO plugin. -->","yoast_head_json":{"title":"QU'EST-CE QU UN DESIGNER : OBJETS, LIEUX, MESSAGES - Librairie 7L","robots":{"index":"index","follow":"follow","max-snippet":"max-snippet:-1","max-image-preview":"max-image-preview:large","max-video-preview":"max-video-preview:-1"},"canonical":"https:\/\/librairie7l.com\/en\/produit\/quest-ce-qu-un-designer-objets-lieux-messages\/","og_locale":"en_US","og_type":"article","og_title":"QU'EST-CE QU UN DESIGNER : OBJETS, LIEUX, MESSAGES - Librairie 7L","og_description":"Qu&#8217;est-ce qu&#8217;un designer est un livre qui s&#8217;adresse aux \u00e9tudiants et aux professionnels des domaines de l&#8217;architecture et du design. Loin de se contenter d&#8217;un questionnement (ou d&#8217;une r\u00e9ponse) bien formul\u00e9, il \u00e9nonce les conditions dans lesquelles l&#8217;activit\u00e9 de design constitue en elle-m\u00eame une question ouverte, et dans lesquelles les d\u00e9cisions de design &#8211; et [&hellip;]","og_url":"https:\/\/librairie7l.com\/en\/produit\/quest-ce-qu-un-designer-objets-lieux-messages\/","og_site_name":"Librairie 7L","article_modified_time":"2026-04-08T18:19:02+00:00","og_image":[{"width":279,"height":438,"url":"https:\/\/librairie7l.com\/wp-content\/uploads\/2022\/11\/9782490077885_1_75.jpg","type":"image\/jpeg"}],"twitter_card":"summary_large_image","twitter_misc":{"Est. reading time":"1 minute"},"schema":{"@context":"https:\/\/schema.org","@graph":[{"@type":"WebPage","@id":"https:\/\/librairie7l.com\/en\/produit\/quest-ce-qu-un-designer-objets-lieux-messages\/","url":"https:\/\/librairie7l.com\/en\/produit\/quest-ce-qu-un-designer-objets-lieux-messages\/","name":"QU'EST-CE QU UN DESIGNER : OBJETS, LIEUX, MESSAGES - Librairie 7L","isPartOf":{"@id":"https:\/\/librairie7l.com\/en\/#website"},"datePublished":"2023-06-02T23:16:24+00:00","dateModified":"2026-04-08T18:19:02+00:00","breadcrumb":{"@id":"https:\/\/librairie7l.com\/en\/produit\/quest-ce-qu-un-designer-objets-lieux-messages\/#breadcrumb"},"inLanguage":"en-US","potentialAction":[{"@type":"ReadAction","target":["https:\/\/librairie7l.com\/en\/produit\/quest-ce-qu-un-designer-objets-lieux-messages\/"]}]},{"@type":"BreadcrumbList","@id":"https:\/\/librairie7l.com\/en\/produit\/quest-ce-qu-un-designer-objets-lieux-messages\/#breadcrumb","itemListElement":[{"@type":"ListItem","position":1,"name":"Accueil","item":"https:\/\/librairie7l.com\/en\/"},{"@type":"ListItem","position":2,"name":"Shop","item":"https:\/\/librairie7l.com\/en\/shop\/"},{"@type":"ListItem","position":3,"name":"QU&#8217;EST-CE QU UN DESIGNER : OBJETS, LIEUX, MESSAGES"}]},{"@type":"WebSite","@id":"https:\/\/librairie7l.com\/en\/#website","url":"https:\/\/librairie7l.com\/en\/","name":"Librairie 7L","description":"Librairie fond\u00e9e en 1999 par Karl Lagerfeld \u00e0 Paris","publisher":{"@id":"https:\/\/librairie7l.com\/en\/#organization"},"potentialAction":[{"@type":"SearchAction","target":{"@type":"EntryPoint","urlTemplate":"https:\/\/librairie7l.com\/en\/?s={search_term_string}"},"query-input":"required name=search_term_string"}],"inLanguage":"en-US"},{"@type":"Organization","@id":"https:\/\/librairie7l.com\/en\/#organization","name":"Librairie 7L","url":"https:\/\/librairie7l.com\/en\/","logo":{"@type":"ImageObject","inLanguage":"en-US","@id":"https:\/\/librairie7l.com\/en\/#\/schema\/logo\/image\/","url":"https:\/\/librairie7l.com\/wp-content\/uploads\/2022\/08\/logo-1.png","contentUrl":"https:\/\/librairie7l.com\/wp-content\/uploads\/2022\/08\/logo-1.png","width":227,"height":301,"caption":"Librairie 7L"},"image":{"@id":"https:\/\/librairie7l.com\/en\/#\/schema\/logo\/image\/"}}]}},"_links":{"self":[{"href":"https:\/\/librairie7l.com\/en\/wp-json\/wp\/v2\/product\/32283"}],"collection":[{"href":"https:\/\/librairie7l.com\/en\/wp-json\/wp\/v2\/product"}],"about":[{"href":"https:\/\/librairie7l.com\/en\/wp-json\/wp\/v2\/types\/product"}],"wp:featuredmedia":[{"embeddable":true,"href":"https:\/\/librairie7l.com\/en\/wp-json\/wp\/v2\/media\/32357"}],"wp:attachment":[{"href":"https:\/\/librairie7l.com\/en\/wp-json\/wp\/v2\/media?parent=32283"}],"wp:term":[{"taxonomy":"product_cat","embeddable":true,"href":"https:\/\/librairie7l.com\/en\/wp-json\/wp\/v2\/product_cat?post=32283"},{"taxonomy":"product_tag","embeddable":true,"href":"https:\/\/librairie7l.com\/en\/wp-json\/wp\/v2\/product_tag?post=32283"}],"curies":[{"name":"wp","href":"https:\/\/api.w.org\/{rel}","templated":true}]}}