{"id":32289,"date":"2023-06-03T01:16:26","date_gmt":"2023-06-02T23:16:26","guid":{"rendered":"https:\/\/librairie7l.com\/?post_type=product&#038;p=32289"},"modified":"2026-04-24T02:44:49","modified_gmt":"2026-04-24T00:44:49","slug":"roger-capron","status":"publish","type":"product","link":"https:\/\/librairie7l.com\/en\/produit\/roger-capron\/","title":{"rendered":"ROGER CAPRON"},"content":{"rendered":"<p>R\u00e9\u00e9dition largement augment\u00e9e de l&#8217;\u00e9dition de 2003, cette monographie richement illustr\u00e9e revient sur le parcours de Roger Capron (1922-2006), seul c\u00e9ramiste fran\u00e7ais de son \u00e9poque qui ait \u00e0 la fois accompli une importante oeuvre artistique et fond\u00e9 une entreprise individuelle de premier plan. Apr\u00e8s avoir suivi l&#8217;enseignement du d\u00e9corateur Ren\u00e9 Gabriel, Capron cr\u00e9e en 1946 avec Robert Picault l&#8217;atelier de c\u00e9ramique Callis \u00e0 Vallauris participant \u00e0 la renaissance de la c\u00e9ramique, faisant du beau \u00e0 la port\u00e9e de tous. Apparaissent \u00e0 cette \u00e9poque les formes et repr\u00e9sentations embl\u00e9matiques de son travail : branchages, personnages stylis\u00e9s, soleils et motifs g\u00e9om\u00e9triques. En 1952, il rach\u00e8te une poterie d\u00e9saffect\u00e9e et commence son aventure industrielle en fabriquant carreaux \u00e9maill\u00e9s, mobilier d&#8217;appoint et panneaux d\u00e9coratifs. A la fin des ann\u00e9es 50, la commande d&#8217;une fresque de 300 m2 pour la gare maritime de Cannes lui fait d\u00e9couvrir la c\u00e9ramique architecturale qu&#8217;il mettra en oeuvre dans d&#8217;autres productions telles que la piste de danse en gr\u00e8s de l&#8217;h\u00f4tel Byblos de Saint Tropez. Enfin dans les ann\u00e9es 80, Capron aborde un travail nouveau avec des pi\u00e8ces uniques proches de la sculpture. Bas\u00e9e sur le texte original de Pierre Staudenmeyer, cette version est enrichie par des des focus th\u00e9matiques et un entretien exclusif entre Jacotte Capron, veuve de l&#8217;artiste, et Flavien Gaillard, sp\u00e9cialiste des arts d\u00e9coratifs du XXe si\u00e8cle, ainsi que par un r\u00e9pertoire de formes enrichi vient compl\u00e9ter la monographie.<\/p>\n","protected":false},"excerpt":{"rendered":"<p>R\u00e9\u00e9dition largement augment\u00e9e de l&#8217;\u00e9dition de 2003, cette monographie richement illustr\u00e9e revient sur le parcours de Roger Capron (1922-2006), seul c\u00e9ramiste fran\u00e7ais de son \u00e9poque qui ait \u00e0 la fois accompli une importante oeuvre artistique et fond\u00e9 une entreprise individuelle de premier plan. Apr\u00e8s avoir suivi l&#8217;enseignement du d\u00e9corateur Ren\u00e9 Gabriel, Capron cr\u00e9e en 1946 [&hellip;]<\/p>\n","protected":false},"featured_media":32415,"template":"","meta":[],"product_cat":[2948,2952],"product_tag":[],"acf":[],"yoast_head":"<!-- This site is optimized with the Yoast SEO plugin v20.11 - https:\/\/yoast.com\/wordpress\/plugins\/seo\/ -->\n<title>ROGER CAPRON - Librairie 7L<\/title>\n<meta name=\"robots\" content=\"index, follow, max-snippet:-1, max-image-preview:large, max-video-preview:-1\" \/>\n<link rel=\"canonical\" href=\"https:\/\/librairie7l.com\/en\/produit\/roger-capron\/\" \/>\n<meta property=\"og:locale\" content=\"en_US\" \/>\n<meta property=\"og:type\" content=\"article\" \/>\n<meta property=\"og:title\" content=\"ROGER CAPRON - Librairie 7L\" \/>\n<meta property=\"og:description\" content=\"R\u00e9\u00e9dition largement augment\u00e9e de l&#8217;\u00e9dition de 2003, cette monographie richement illustr\u00e9e revient sur le parcours de Roger Capron (1922-2006), seul c\u00e9ramiste fran\u00e7ais de son \u00e9poque qui ait \u00e0 la fois accompli une importante oeuvre artistique et fond\u00e9 une entreprise individuelle de premier plan. Apr\u00e8s avoir suivi l&#8217;enseignement du d\u00e9corateur Ren\u00e9 Gabriel, Capron cr\u00e9e en 1946 [&hellip;]\" \/>\n<meta property=\"og:url\" content=\"https:\/\/librairie7l.com\/en\/produit\/roger-capron\/\" \/>\n<meta property=\"og:site_name\" content=\"Librairie 7L\" \/>\n<meta property=\"article:modified_time\" content=\"2026-04-24T00:44:49+00:00\" \/>\n<meta property=\"og:image\" content=\"https:\/\/librairie7l.com\/wp-content\/uploads\/2022\/01\/9782376660569_1_75.jpg\" \/>\n\t<meta property=\"og:image:width\" content=\"400\" \/>\n\t<meta property=\"og:image:height\" content=\"532\" \/>\n\t<meta property=\"og:image:type\" content=\"image\/jpeg\" \/>\n<meta name=\"twitter:card\" content=\"summary_large_image\" \/>\n<meta name=\"twitter:label1\" content=\"Est. reading time\" \/>\n\t<meta name=\"twitter:data1\" content=\"1 minute\" \/>\n<script type=\"application\/ld+json\" class=\"yoast-schema-graph\">{\"@context\":\"https:\/\/schema.org\",\"@graph\":[{\"@type\":\"WebPage\",\"@id\":\"https:\/\/librairie7l.com\/en\/produit\/roger-capron\/\",\"url\":\"https:\/\/librairie7l.com\/en\/produit\/roger-capron\/\",\"name\":\"ROGER CAPRON - Librairie 7L\",\"isPartOf\":{\"@id\":\"https:\/\/librairie7l.com\/en\/#website\"},\"datePublished\":\"2023-06-02T23:16:26+00:00\",\"dateModified\":\"2026-04-24T00:44:49+00:00\",\"breadcrumb\":{\"@id\":\"https:\/\/librairie7l.com\/en\/produit\/roger-capron\/#breadcrumb\"},\"inLanguage\":\"en-US\",\"potentialAction\":[{\"@type\":\"ReadAction\",\"target\":[\"https:\/\/librairie7l.com\/en\/produit\/roger-capron\/\"]}]},{\"@type\":\"BreadcrumbList\",\"@id\":\"https:\/\/librairie7l.com\/en\/produit\/roger-capron\/#breadcrumb\",\"itemListElement\":[{\"@type\":\"ListItem\",\"position\":1,\"name\":\"Accueil\",\"item\":\"https:\/\/librairie7l.com\/en\/\"},{\"@type\":\"ListItem\",\"position\":2,\"name\":\"Shop\",\"item\":\"https:\/\/librairie7l.com\/en\/shop\/\"},{\"@type\":\"ListItem\",\"position\":3,\"name\":\"ROGER CAPRON\"}]},{\"@type\":\"WebSite\",\"@id\":\"https:\/\/librairie7l.com\/en\/#website\",\"url\":\"https:\/\/librairie7l.com\/en\/\",\"name\":\"Librairie 7L\",\"description\":\"Librairie fond\u00e9e en 1999 par Karl Lagerfeld \u00e0 Paris\",\"publisher\":{\"@id\":\"https:\/\/librairie7l.com\/en\/#organization\"},\"potentialAction\":[{\"@type\":\"SearchAction\",\"target\":{\"@type\":\"EntryPoint\",\"urlTemplate\":\"https:\/\/librairie7l.com\/en\/?s={search_term_string}\"},\"query-input\":\"required name=search_term_string\"}],\"inLanguage\":\"en-US\"},{\"@type\":\"Organization\",\"@id\":\"https:\/\/librairie7l.com\/en\/#organization\",\"name\":\"Librairie 7L\",\"url\":\"https:\/\/librairie7l.com\/en\/\",\"logo\":{\"@type\":\"ImageObject\",\"inLanguage\":\"en-US\",\"@id\":\"https:\/\/librairie7l.com\/en\/#\/schema\/logo\/image\/\",\"url\":\"https:\/\/librairie7l.com\/wp-content\/uploads\/2022\/08\/logo-1.png\",\"contentUrl\":\"https:\/\/librairie7l.com\/wp-content\/uploads\/2022\/08\/logo-1.png\",\"width\":227,\"height\":301,\"caption\":\"Librairie 7L\"},\"image\":{\"@id\":\"https:\/\/librairie7l.com\/en\/#\/schema\/logo\/image\/\"}}]}<\/script>\n<!-- \/ Yoast SEO plugin. -->","yoast_head_json":{"title":"ROGER CAPRON - Librairie 7L","robots":{"index":"index","follow":"follow","max-snippet":"max-snippet:-1","max-image-preview":"max-image-preview:large","max-video-preview":"max-video-preview:-1"},"canonical":"https:\/\/librairie7l.com\/en\/produit\/roger-capron\/","og_locale":"en_US","og_type":"article","og_title":"ROGER CAPRON - Librairie 7L","og_description":"R\u00e9\u00e9dition largement augment\u00e9e de l&#8217;\u00e9dition de 2003, cette monographie richement illustr\u00e9e revient sur le parcours de Roger Capron (1922-2006), seul c\u00e9ramiste fran\u00e7ais de son \u00e9poque qui ait \u00e0 la fois accompli une importante oeuvre artistique et fond\u00e9 une entreprise individuelle de premier plan. Apr\u00e8s avoir suivi l&#8217;enseignement du d\u00e9corateur Ren\u00e9 Gabriel, Capron cr\u00e9e en 1946 [&hellip;]","og_url":"https:\/\/librairie7l.com\/en\/produit\/roger-capron\/","og_site_name":"Librairie 7L","article_modified_time":"2026-04-24T00:44:49+00:00","og_image":[{"width":400,"height":532,"url":"https:\/\/librairie7l.com\/wp-content\/uploads\/2022\/01\/9782376660569_1_75.jpg","type":"image\/jpeg"}],"twitter_card":"summary_large_image","twitter_misc":{"Est. reading time":"1 minute"},"schema":{"@context":"https:\/\/schema.org","@graph":[{"@type":"WebPage","@id":"https:\/\/librairie7l.com\/en\/produit\/roger-capron\/","url":"https:\/\/librairie7l.com\/en\/produit\/roger-capron\/","name":"ROGER CAPRON - Librairie 7L","isPartOf":{"@id":"https:\/\/librairie7l.com\/en\/#website"},"datePublished":"2023-06-02T23:16:26+00:00","dateModified":"2026-04-24T00:44:49+00:00","breadcrumb":{"@id":"https:\/\/librairie7l.com\/en\/produit\/roger-capron\/#breadcrumb"},"inLanguage":"en-US","potentialAction":[{"@type":"ReadAction","target":["https:\/\/librairie7l.com\/en\/produit\/roger-capron\/"]}]},{"@type":"BreadcrumbList","@id":"https:\/\/librairie7l.com\/en\/produit\/roger-capron\/#breadcrumb","itemListElement":[{"@type":"ListItem","position":1,"name":"Accueil","item":"https:\/\/librairie7l.com\/en\/"},{"@type":"ListItem","position":2,"name":"Shop","item":"https:\/\/librairie7l.com\/en\/shop\/"},{"@type":"ListItem","position":3,"name":"ROGER CAPRON"}]},{"@type":"WebSite","@id":"https:\/\/librairie7l.com\/en\/#website","url":"https:\/\/librairie7l.com\/en\/","name":"Librairie 7L","description":"Librairie fond\u00e9e en 1999 par Karl Lagerfeld \u00e0 Paris","publisher":{"@id":"https:\/\/librairie7l.com\/en\/#organization"},"potentialAction":[{"@type":"SearchAction","target":{"@type":"EntryPoint","urlTemplate":"https:\/\/librairie7l.com\/en\/?s={search_term_string}"},"query-input":"required name=search_term_string"}],"inLanguage":"en-US"},{"@type":"Organization","@id":"https:\/\/librairie7l.com\/en\/#organization","name":"Librairie 7L","url":"https:\/\/librairie7l.com\/en\/","logo":{"@type":"ImageObject","inLanguage":"en-US","@id":"https:\/\/librairie7l.com\/en\/#\/schema\/logo\/image\/","url":"https:\/\/librairie7l.com\/wp-content\/uploads\/2022\/08\/logo-1.png","contentUrl":"https:\/\/librairie7l.com\/wp-content\/uploads\/2022\/08\/logo-1.png","width":227,"height":301,"caption":"Librairie 7L"},"image":{"@id":"https:\/\/librairie7l.com\/en\/#\/schema\/logo\/image\/"}}]}},"_links":{"self":[{"href":"https:\/\/librairie7l.com\/en\/wp-json\/wp\/v2\/product\/32289"}],"collection":[{"href":"https:\/\/librairie7l.com\/en\/wp-json\/wp\/v2\/product"}],"about":[{"href":"https:\/\/librairie7l.com\/en\/wp-json\/wp\/v2\/types\/product"}],"wp:featuredmedia":[{"embeddable":true,"href":"https:\/\/librairie7l.com\/en\/wp-json\/wp\/v2\/media\/32415"}],"wp:attachment":[{"href":"https:\/\/librairie7l.com\/en\/wp-json\/wp\/v2\/media?parent=32289"}],"wp:term":[{"taxonomy":"product_cat","embeddable":true,"href":"https:\/\/librairie7l.com\/en\/wp-json\/wp\/v2\/product_cat?post=32289"},{"taxonomy":"product_tag","embeddable":true,"href":"https:\/\/librairie7l.com\/en\/wp-json\/wp\/v2\/product_tag?post=32289"}],"curies":[{"name":"wp","href":"https:\/\/api.w.org\/{rel}","templated":true}]}}