{"id":32304,"date":"2023-06-09T01:16:10","date_gmt":"2023-06-08T23:16:10","guid":{"rendered":"https:\/\/librairie7l.com\/?post_type=product&#038;p=32304"},"modified":"2026-04-12T13:20:22","modified_gmt":"2026-04-12T11:20:22","slug":"la-villa-cavrois-2","status":"publish","type":"product","link":"https:\/\/librairie7l.com\/en\/produit\/la-villa-cavrois-2\/","title":{"rendered":"LA VILLA CAVROIS"},"content":{"rendered":"<p>Achev\u00e9e en juin 1932, la villa Cavrois constitue un v\u00e9ritable choc esth\u00e9tique moderne, dont les effets sont toujours perceptibles aujourd&#8217;hui.<br \/>\nAchev\u00e9e en juin 1932, la villa Cavrois constitue un v\u00e9ritable choc esth\u00e9tique moderne, dont les effets sont toujours perceptibles aujourd&#8217;hui. L&#8217;architecte Robert Mallet-Stevens accomplit l\u00e0 sa cr\u00e9ation la plus aboutie, gr\u00e2ce \u00e0 la grande libert\u00e9 que lui laissa son commanditaire, Paul Cavrois. <\/p>\n<p>Le concept de la villa est en soi passionnant car il s&#8217;agit d&#8217;une oeuvre de transition entre l&#8217;architecture r\u00e9sidentielle traditionnelle et l&#8217;architecture moderne. C&#8217;est un v\u00e9ritable programme de  ch\u00e2teau moderne . Ses proportions sont imposantes &#8211; pr\u00e8s de 60 m de long, 3 000 m\u00b2 de surface &#8211; organis\u00e9es selon les principes d&#8217;axialit\u00e9 et de sym\u00e9trie des ch\u00e2teaux du XVIIe si\u00e8cle. Si son concept reste traditionnel, tout est n\u00e9anmoins con\u00e7u pour offrir le plus grand confort moderne. <\/p>\n<p>Apr\u00e8s une longue p\u00e9riode d&#8217;abandon et de vandalisme (1988-2001), la villa Cavrois a \u00e9t\u00e9 acquise par l&#8217;\u00c9tat en 2001. La commission nationale des monuments historiques a souhait\u00e9 retrouver la distribution et les volumes int\u00e9rieurs d&#8217;origine, modifi\u00e9s par les cloisonnements et entresolements cr\u00e9\u00e9s \u00e0 la fin des ann\u00e9es 1940. La villa pr\u00e9sente, par ses mat\u00e9riaux, son aspect, son confort int\u00e9rieur et son vocabulaire d\u00e9coratif, un parti pris r\u00e9solument moderne. <\/p>\n<p>Cet album raconte l&#8217;histoire tourment\u00e9e de la villa et pr\u00e9sente, dans un portfolio d&#8217;une cinquantaine d&#8217;images, ses transformations et vicissitudes, depuis son inauguration jusqu&#8217;\u00e0 sa r\u00e9ouverture en 2015.<\/p>\n","protected":false},"excerpt":{"rendered":"<p>Achev\u00e9e en juin 1932, la villa Cavrois constitue un v\u00e9ritable choc esth\u00e9tique moderne, dont les effets sont toujours perceptibles aujourd&#8217;hui. Achev\u00e9e en juin 1932, la villa Cavrois constitue un v\u00e9ritable choc esth\u00e9tique moderne, dont les effets sont toujours perceptibles aujourd&#8217;hui. L&#8217;architecte Robert Mallet-Stevens accomplit l\u00e0 sa cr\u00e9ation la plus aboutie, gr\u00e2ce \u00e0 la grande libert\u00e9 [&hellip;]<\/p>\n","protected":false},"featured_media":32302,"template":"","meta":[],"product_cat":[2948,2950],"product_tag":[],"acf":[],"yoast_head":"<!-- This site is optimized with the Yoast SEO plugin v20.11 - https:\/\/yoast.com\/wordpress\/plugins\/seo\/ -->\n<title>LA VILLA CAVROIS - Librairie 7L<\/title>\n<meta name=\"robots\" content=\"index, follow, max-snippet:-1, max-image-preview:large, max-video-preview:-1\" \/>\n<link rel=\"canonical\" href=\"https:\/\/librairie7l.com\/en\/produit\/la-villa-cavrois-2\/\" \/>\n<meta property=\"og:locale\" content=\"en_US\" \/>\n<meta property=\"og:type\" content=\"article\" \/>\n<meta property=\"og:title\" content=\"LA VILLA CAVROIS - Librairie 7L\" \/>\n<meta property=\"og:description\" content=\"Achev\u00e9e en juin 1932, la villa Cavrois constitue un v\u00e9ritable choc esth\u00e9tique moderne, dont les effets sont toujours perceptibles aujourd&#8217;hui. Achev\u00e9e en juin 1932, la villa Cavrois constitue un v\u00e9ritable choc esth\u00e9tique moderne, dont les effets sont toujours perceptibles aujourd&#8217;hui. L&#8217;architecte Robert Mallet-Stevens accomplit l\u00e0 sa cr\u00e9ation la plus aboutie, gr\u00e2ce \u00e0 la grande libert\u00e9 [&hellip;]\" \/>\n<meta property=\"og:url\" content=\"https:\/\/librairie7l.com\/en\/produit\/la-villa-cavrois-2\/\" \/>\n<meta property=\"og:site_name\" content=\"Librairie 7L\" \/>\n<meta property=\"article:modified_time\" content=\"2026-04-12T11:20:22+00:00\" \/>\n<meta property=\"og:image\" content=\"https:\/\/librairie7l.com\/wp-content\/uploads\/2022\/12\/9782757708729_1_75.jpg\" \/>\n\t<meta property=\"og:image:width\" content=\"600\" \/>\n\t<meta property=\"og:image:height\" content=\"627\" \/>\n\t<meta property=\"og:image:type\" content=\"image\/jpeg\" \/>\n<meta name=\"twitter:card\" content=\"summary_large_image\" \/>\n<meta name=\"twitter:label1\" content=\"Est. reading time\" \/>\n\t<meta name=\"twitter:data1\" content=\"1 minute\" \/>\n<script type=\"application\/ld+json\" class=\"yoast-schema-graph\">{\"@context\":\"https:\/\/schema.org\",\"@graph\":[{\"@type\":\"WebPage\",\"@id\":\"https:\/\/librairie7l.com\/en\/produit\/la-villa-cavrois-2\/\",\"url\":\"https:\/\/librairie7l.com\/en\/produit\/la-villa-cavrois-2\/\",\"name\":\"LA VILLA CAVROIS - Librairie 7L\",\"isPartOf\":{\"@id\":\"https:\/\/librairie7l.com\/en\/#website\"},\"datePublished\":\"2023-06-08T23:16:10+00:00\",\"dateModified\":\"2026-04-12T11:20:22+00:00\",\"breadcrumb\":{\"@id\":\"https:\/\/librairie7l.com\/en\/produit\/la-villa-cavrois-2\/#breadcrumb\"},\"inLanguage\":\"en-US\",\"potentialAction\":[{\"@type\":\"ReadAction\",\"target\":[\"https:\/\/librairie7l.com\/en\/produit\/la-villa-cavrois-2\/\"]}]},{\"@type\":\"BreadcrumbList\",\"@id\":\"https:\/\/librairie7l.com\/en\/produit\/la-villa-cavrois-2\/#breadcrumb\",\"itemListElement\":[{\"@type\":\"ListItem\",\"position\":1,\"name\":\"Accueil\",\"item\":\"https:\/\/librairie7l.com\/en\/\"},{\"@type\":\"ListItem\",\"position\":2,\"name\":\"Shop\",\"item\":\"https:\/\/librairie7l.com\/en\/shop\/\"},{\"@type\":\"ListItem\",\"position\":3,\"name\":\"LA VILLA CAVROIS\"}]},{\"@type\":\"WebSite\",\"@id\":\"https:\/\/librairie7l.com\/en\/#website\",\"url\":\"https:\/\/librairie7l.com\/en\/\",\"name\":\"Librairie 7L\",\"description\":\"Librairie fond\u00e9e en 1999 par Karl Lagerfeld \u00e0 Paris\",\"publisher\":{\"@id\":\"https:\/\/librairie7l.com\/en\/#organization\"},\"potentialAction\":[{\"@type\":\"SearchAction\",\"target\":{\"@type\":\"EntryPoint\",\"urlTemplate\":\"https:\/\/librairie7l.com\/en\/?s={search_term_string}\"},\"query-input\":\"required name=search_term_string\"}],\"inLanguage\":\"en-US\"},{\"@type\":\"Organization\",\"@id\":\"https:\/\/librairie7l.com\/en\/#organization\",\"name\":\"Librairie 7L\",\"url\":\"https:\/\/librairie7l.com\/en\/\",\"logo\":{\"@type\":\"ImageObject\",\"inLanguage\":\"en-US\",\"@id\":\"https:\/\/librairie7l.com\/en\/#\/schema\/logo\/image\/\",\"url\":\"https:\/\/librairie7l.com\/wp-content\/uploads\/2022\/08\/logo-1.png\",\"contentUrl\":\"https:\/\/librairie7l.com\/wp-content\/uploads\/2022\/08\/logo-1.png\",\"width\":227,\"height\":301,\"caption\":\"Librairie 7L\"},\"image\":{\"@id\":\"https:\/\/librairie7l.com\/en\/#\/schema\/logo\/image\/\"}}]}<\/script>\n<!-- \/ Yoast SEO plugin. -->","yoast_head_json":{"title":"LA VILLA CAVROIS - Librairie 7L","robots":{"index":"index","follow":"follow","max-snippet":"max-snippet:-1","max-image-preview":"max-image-preview:large","max-video-preview":"max-video-preview:-1"},"canonical":"https:\/\/librairie7l.com\/en\/produit\/la-villa-cavrois-2\/","og_locale":"en_US","og_type":"article","og_title":"LA VILLA CAVROIS - Librairie 7L","og_description":"Achev\u00e9e en juin 1932, la villa Cavrois constitue un v\u00e9ritable choc esth\u00e9tique moderne, dont les effets sont toujours perceptibles aujourd&#8217;hui. Achev\u00e9e en juin 1932, la villa Cavrois constitue un v\u00e9ritable choc esth\u00e9tique moderne, dont les effets sont toujours perceptibles aujourd&#8217;hui. L&#8217;architecte Robert Mallet-Stevens accomplit l\u00e0 sa cr\u00e9ation la plus aboutie, gr\u00e2ce \u00e0 la grande libert\u00e9 [&hellip;]","og_url":"https:\/\/librairie7l.com\/en\/produit\/la-villa-cavrois-2\/","og_site_name":"Librairie 7L","article_modified_time":"2026-04-12T11:20:22+00:00","og_image":[{"width":600,"height":627,"url":"https:\/\/librairie7l.com\/wp-content\/uploads\/2022\/12\/9782757708729_1_75.jpg","type":"image\/jpeg"}],"twitter_card":"summary_large_image","twitter_misc":{"Est. reading time":"1 minute"},"schema":{"@context":"https:\/\/schema.org","@graph":[{"@type":"WebPage","@id":"https:\/\/librairie7l.com\/en\/produit\/la-villa-cavrois-2\/","url":"https:\/\/librairie7l.com\/en\/produit\/la-villa-cavrois-2\/","name":"LA VILLA CAVROIS - Librairie 7L","isPartOf":{"@id":"https:\/\/librairie7l.com\/en\/#website"},"datePublished":"2023-06-08T23:16:10+00:00","dateModified":"2026-04-12T11:20:22+00:00","breadcrumb":{"@id":"https:\/\/librairie7l.com\/en\/produit\/la-villa-cavrois-2\/#breadcrumb"},"inLanguage":"en-US","potentialAction":[{"@type":"ReadAction","target":["https:\/\/librairie7l.com\/en\/produit\/la-villa-cavrois-2\/"]}]},{"@type":"BreadcrumbList","@id":"https:\/\/librairie7l.com\/en\/produit\/la-villa-cavrois-2\/#breadcrumb","itemListElement":[{"@type":"ListItem","position":1,"name":"Accueil","item":"https:\/\/librairie7l.com\/en\/"},{"@type":"ListItem","position":2,"name":"Shop","item":"https:\/\/librairie7l.com\/en\/shop\/"},{"@type":"ListItem","position":3,"name":"LA VILLA CAVROIS"}]},{"@type":"WebSite","@id":"https:\/\/librairie7l.com\/en\/#website","url":"https:\/\/librairie7l.com\/en\/","name":"Librairie 7L","description":"Librairie fond\u00e9e en 1999 par Karl Lagerfeld \u00e0 Paris","publisher":{"@id":"https:\/\/librairie7l.com\/en\/#organization"},"potentialAction":[{"@type":"SearchAction","target":{"@type":"EntryPoint","urlTemplate":"https:\/\/librairie7l.com\/en\/?s={search_term_string}"},"query-input":"required name=search_term_string"}],"inLanguage":"en-US"},{"@type":"Organization","@id":"https:\/\/librairie7l.com\/en\/#organization","name":"Librairie 7L","url":"https:\/\/librairie7l.com\/en\/","logo":{"@type":"ImageObject","inLanguage":"en-US","@id":"https:\/\/librairie7l.com\/en\/#\/schema\/logo\/image\/","url":"https:\/\/librairie7l.com\/wp-content\/uploads\/2022\/08\/logo-1.png","contentUrl":"https:\/\/librairie7l.com\/wp-content\/uploads\/2022\/08\/logo-1.png","width":227,"height":301,"caption":"Librairie 7L"},"image":{"@id":"https:\/\/librairie7l.com\/en\/#\/schema\/logo\/image\/"}}]}},"_links":{"self":[{"href":"https:\/\/librairie7l.com\/en\/wp-json\/wp\/v2\/product\/32304"}],"collection":[{"href":"https:\/\/librairie7l.com\/en\/wp-json\/wp\/v2\/product"}],"about":[{"href":"https:\/\/librairie7l.com\/en\/wp-json\/wp\/v2\/types\/product"}],"wp:featuredmedia":[{"embeddable":true,"href":"https:\/\/librairie7l.com\/en\/wp-json\/wp\/v2\/media\/32302"}],"wp:attachment":[{"href":"https:\/\/librairie7l.com\/en\/wp-json\/wp\/v2\/media?parent=32304"}],"wp:term":[{"taxonomy":"product_cat","embeddable":true,"href":"https:\/\/librairie7l.com\/en\/wp-json\/wp\/v2\/product_cat?post=32304"},{"taxonomy":"product_tag","embeddable":true,"href":"https:\/\/librairie7l.com\/en\/wp-json\/wp\/v2\/product_tag?post=32304"}],"curies":[{"name":"wp","href":"https:\/\/api.w.org\/{rel}","templated":true}]}}