{"id":32308,"date":"2023-06-09T01:16:11","date_gmt":"2023-06-08T23:16:11","guid":{"rendered":"https:\/\/librairie7l.com\/?post_type=product&#038;p=32308"},"modified":"2026-04-05T12:05:52","modified_gmt":"2026-04-05T10:05:52","slug":"habiter-la-villa-francoise-petrovitch-a-la-villa-savoye","status":"publish","type":"product","link":"https:\/\/librairie7l.com\/en\/produit\/habiter-la-villa-francoise-petrovitch-a-la-villa-savoye\/","title":{"rendered":"HABITER LA VILLA : FRAN\u00c7OISE PETROVITCH \u00c0 LA VILLA SAVOYE"},"content":{"rendered":"<p>Une artiste contemporaine investit la villa Savoye, chef d&#8217;oeuvre de Le Corbusier, en ravivant la m\u00e9moire de ses commanditaires : Eug\u00e9nie et Pierre Savoye.<br \/>\nLa  machine \u00e0 habiter  qu&#8217;est la Villa Savoye selon les termes de son architecte, aussi consid\u00e9r\u00e9e comme l&#8217;un des fleurons du Mouvement moderne, est un exemple remarquable de la Polychromie architecturale con\u00e7ue par Le Corbusier, soit la strat\u00e9gie de mise en relation des couleurs avec les espaces. <\/p>\n<p> L&#8217;artiste Fran\u00e7oise P\u00e9trovitch cr\u00e9e ici de nouvelles oeuvres nourries par l&#8217;\u00e9vocation de la personnalit\u00e9 d&#8217;Eug\u00e9nie Savoye, commanditaire de la villa en 1928, et en dialogue avec les recherches chromatiques de Le Corbusier. <\/p>\n<p> Ajustant les dimensions des toiles au format de l&#8217;architecture et employant la gamme des couleurs de Le Corbusier, Fran\u00e7oise P\u00e9trovitch prolonge le geste de l&#8217;architecte et ravive la pr\u00e9sence des habitants de la maison : toile au bouquet dans l&#8217;entr\u00e9e, c\u00e9ramique au chat allong\u00e9 dans la cuisine, bronze du gar\u00e7on \u00e0 la poup\u00e9e dans la salle de bain, lavis \u00e9tendu dans le grand salon, bronze de Jeanne dans le solarium&#8230;, les cr\u00e9ations de l&#8217;artiste repeupleront en d\u00e9licatesse et par touches, la villa  Les Heures claires  d&#8217;Eug\u00e9nie Savoye.<\/p>\n","protected":false},"excerpt":{"rendered":"<p>Une artiste contemporaine investit la villa Savoye, chef d&#8217;oeuvre de Le Corbusier, en ravivant la m\u00e9moire de ses commanditaires : Eug\u00e9nie et Pierre Savoye. La machine \u00e0 habiter qu&#8217;est la Villa Savoye selon les termes de son architecte, aussi consid\u00e9r\u00e9e comme l&#8217;un des fleurons du Mouvement moderne, est un exemple remarquable de la Polychromie architecturale [&hellip;]<\/p>\n","protected":false},"featured_media":32306,"template":"","meta":[],"product_cat":[2948,2950],"product_tag":[],"acf":[],"yoast_head":"<!-- This site is optimized with the Yoast SEO plugin v20.11 - https:\/\/yoast.com\/wordpress\/plugins\/seo\/ -->\n<title>HABITER LA VILLA : FRAN\u00c7OISE PETROVITCH \u00c0 LA VILLA SAVOYE - Librairie 7L<\/title>\n<meta name=\"robots\" content=\"index, follow, max-snippet:-1, max-image-preview:large, max-video-preview:-1\" \/>\n<link rel=\"canonical\" href=\"https:\/\/librairie7l.com\/en\/produit\/habiter-la-villa-francoise-petrovitch-a-la-villa-savoye\/\" \/>\n<meta property=\"og:locale\" content=\"en_US\" \/>\n<meta property=\"og:type\" content=\"article\" \/>\n<meta property=\"og:title\" content=\"HABITER LA VILLA : FRAN\u00c7OISE PETROVITCH \u00c0 LA VILLA SAVOYE - Librairie 7L\" \/>\n<meta property=\"og:description\" content=\"Une artiste contemporaine investit la villa Savoye, chef d&#8217;oeuvre de Le Corbusier, en ravivant la m\u00e9moire de ses commanditaires : Eug\u00e9nie et Pierre Savoye. La machine \u00e0 habiter qu&#8217;est la Villa Savoye selon les termes de son architecte, aussi consid\u00e9r\u00e9e comme l&#8217;un des fleurons du Mouvement moderne, est un exemple remarquable de la Polychromie architecturale [&hellip;]\" \/>\n<meta property=\"og:url\" content=\"https:\/\/librairie7l.com\/en\/produit\/habiter-la-villa-francoise-petrovitch-a-la-villa-savoye\/\" \/>\n<meta property=\"og:site_name\" content=\"Librairie 7L\" \/>\n<meta property=\"article:modified_time\" content=\"2026-04-05T10:05:52+00:00\" \/>\n<meta property=\"og:image\" content=\"https:\/\/librairie7l.com\/wp-content\/uploads\/2023\/02\/9782757708842_1_75.jpg\" \/>\n\t<meta property=\"og:image:width\" content=\"600\" \/>\n\t<meta property=\"og:image:height\" content=\"936\" \/>\n\t<meta property=\"og:image:type\" content=\"image\/jpeg\" \/>\n<meta name=\"twitter:card\" content=\"summary_large_image\" \/>\n<meta name=\"twitter:label1\" content=\"Est. reading time\" \/>\n\t<meta name=\"twitter:data1\" content=\"1 minute\" \/>\n<script type=\"application\/ld+json\" class=\"yoast-schema-graph\">{\"@context\":\"https:\/\/schema.org\",\"@graph\":[{\"@type\":\"WebPage\",\"@id\":\"https:\/\/librairie7l.com\/en\/produit\/habiter-la-villa-francoise-petrovitch-a-la-villa-savoye\/\",\"url\":\"https:\/\/librairie7l.com\/en\/produit\/habiter-la-villa-francoise-petrovitch-a-la-villa-savoye\/\",\"name\":\"HABITER LA VILLA : FRAN\u00c7OISE PETROVITCH \u00c0 LA VILLA SAVOYE - Librairie 7L\",\"isPartOf\":{\"@id\":\"https:\/\/librairie7l.com\/en\/#website\"},\"datePublished\":\"2023-06-08T23:16:11+00:00\",\"dateModified\":\"2026-04-05T10:05:52+00:00\",\"breadcrumb\":{\"@id\":\"https:\/\/librairie7l.com\/en\/produit\/habiter-la-villa-francoise-petrovitch-a-la-villa-savoye\/#breadcrumb\"},\"inLanguage\":\"en-US\",\"potentialAction\":[{\"@type\":\"ReadAction\",\"target\":[\"https:\/\/librairie7l.com\/en\/produit\/habiter-la-villa-francoise-petrovitch-a-la-villa-savoye\/\"]}]},{\"@type\":\"BreadcrumbList\",\"@id\":\"https:\/\/librairie7l.com\/en\/produit\/habiter-la-villa-francoise-petrovitch-a-la-villa-savoye\/#breadcrumb\",\"itemListElement\":[{\"@type\":\"ListItem\",\"position\":1,\"name\":\"Accueil\",\"item\":\"https:\/\/librairie7l.com\/en\/\"},{\"@type\":\"ListItem\",\"position\":2,\"name\":\"Shop\",\"item\":\"https:\/\/librairie7l.com\/en\/shop\/\"},{\"@type\":\"ListItem\",\"position\":3,\"name\":\"HABITER LA VILLA : FRAN\u00c7OISE PETROVITCH \u00c0 LA VILLA SAVOYE\"}]},{\"@type\":\"WebSite\",\"@id\":\"https:\/\/librairie7l.com\/en\/#website\",\"url\":\"https:\/\/librairie7l.com\/en\/\",\"name\":\"Librairie 7L\",\"description\":\"Librairie fond\u00e9e en 1999 par Karl Lagerfeld \u00e0 Paris\",\"publisher\":{\"@id\":\"https:\/\/librairie7l.com\/en\/#organization\"},\"potentialAction\":[{\"@type\":\"SearchAction\",\"target\":{\"@type\":\"EntryPoint\",\"urlTemplate\":\"https:\/\/librairie7l.com\/en\/?s={search_term_string}\"},\"query-input\":\"required name=search_term_string\"}],\"inLanguage\":\"en-US\"},{\"@type\":\"Organization\",\"@id\":\"https:\/\/librairie7l.com\/en\/#organization\",\"name\":\"Librairie 7L\",\"url\":\"https:\/\/librairie7l.com\/en\/\",\"logo\":{\"@type\":\"ImageObject\",\"inLanguage\":\"en-US\",\"@id\":\"https:\/\/librairie7l.com\/en\/#\/schema\/logo\/image\/\",\"url\":\"https:\/\/librairie7l.com\/wp-content\/uploads\/2022\/08\/logo-1.png\",\"contentUrl\":\"https:\/\/librairie7l.com\/wp-content\/uploads\/2022\/08\/logo-1.png\",\"width\":227,\"height\":301,\"caption\":\"Librairie 7L\"},\"image\":{\"@id\":\"https:\/\/librairie7l.com\/en\/#\/schema\/logo\/image\/\"}}]}<\/script>\n<!-- \/ Yoast SEO plugin. -->","yoast_head_json":{"title":"HABITER LA VILLA : FRAN\u00c7OISE PETROVITCH \u00c0 LA VILLA SAVOYE - Librairie 7L","robots":{"index":"index","follow":"follow","max-snippet":"max-snippet:-1","max-image-preview":"max-image-preview:large","max-video-preview":"max-video-preview:-1"},"canonical":"https:\/\/librairie7l.com\/en\/produit\/habiter-la-villa-francoise-petrovitch-a-la-villa-savoye\/","og_locale":"en_US","og_type":"article","og_title":"HABITER LA VILLA : FRAN\u00c7OISE PETROVITCH \u00c0 LA VILLA SAVOYE - Librairie 7L","og_description":"Une artiste contemporaine investit la villa Savoye, chef d&#8217;oeuvre de Le Corbusier, en ravivant la m\u00e9moire de ses commanditaires : Eug\u00e9nie et Pierre Savoye. La machine \u00e0 habiter qu&#8217;est la Villa Savoye selon les termes de son architecte, aussi consid\u00e9r\u00e9e comme l&#8217;un des fleurons du Mouvement moderne, est un exemple remarquable de la Polychromie architecturale [&hellip;]","og_url":"https:\/\/librairie7l.com\/en\/produit\/habiter-la-villa-francoise-petrovitch-a-la-villa-savoye\/","og_site_name":"Librairie 7L","article_modified_time":"2026-04-05T10:05:52+00:00","og_image":[{"width":600,"height":936,"url":"https:\/\/librairie7l.com\/wp-content\/uploads\/2023\/02\/9782757708842_1_75.jpg","type":"image\/jpeg"}],"twitter_card":"summary_large_image","twitter_misc":{"Est. reading time":"1 minute"},"schema":{"@context":"https:\/\/schema.org","@graph":[{"@type":"WebPage","@id":"https:\/\/librairie7l.com\/en\/produit\/habiter-la-villa-francoise-petrovitch-a-la-villa-savoye\/","url":"https:\/\/librairie7l.com\/en\/produit\/habiter-la-villa-francoise-petrovitch-a-la-villa-savoye\/","name":"HABITER LA VILLA : FRAN\u00c7OISE PETROVITCH \u00c0 LA VILLA SAVOYE - Librairie 7L","isPartOf":{"@id":"https:\/\/librairie7l.com\/en\/#website"},"datePublished":"2023-06-08T23:16:11+00:00","dateModified":"2026-04-05T10:05:52+00:00","breadcrumb":{"@id":"https:\/\/librairie7l.com\/en\/produit\/habiter-la-villa-francoise-petrovitch-a-la-villa-savoye\/#breadcrumb"},"inLanguage":"en-US","potentialAction":[{"@type":"ReadAction","target":["https:\/\/librairie7l.com\/en\/produit\/habiter-la-villa-francoise-petrovitch-a-la-villa-savoye\/"]}]},{"@type":"BreadcrumbList","@id":"https:\/\/librairie7l.com\/en\/produit\/habiter-la-villa-francoise-petrovitch-a-la-villa-savoye\/#breadcrumb","itemListElement":[{"@type":"ListItem","position":1,"name":"Accueil","item":"https:\/\/librairie7l.com\/en\/"},{"@type":"ListItem","position":2,"name":"Shop","item":"https:\/\/librairie7l.com\/en\/shop\/"},{"@type":"ListItem","position":3,"name":"HABITER LA VILLA : FRAN\u00c7OISE PETROVITCH \u00c0 LA VILLA SAVOYE"}]},{"@type":"WebSite","@id":"https:\/\/librairie7l.com\/en\/#website","url":"https:\/\/librairie7l.com\/en\/","name":"Librairie 7L","description":"Librairie fond\u00e9e en 1999 par Karl Lagerfeld \u00e0 Paris","publisher":{"@id":"https:\/\/librairie7l.com\/en\/#organization"},"potentialAction":[{"@type":"SearchAction","target":{"@type":"EntryPoint","urlTemplate":"https:\/\/librairie7l.com\/en\/?s={search_term_string}"},"query-input":"required name=search_term_string"}],"inLanguage":"en-US"},{"@type":"Organization","@id":"https:\/\/librairie7l.com\/en\/#organization","name":"Librairie 7L","url":"https:\/\/librairie7l.com\/en\/","logo":{"@type":"ImageObject","inLanguage":"en-US","@id":"https:\/\/librairie7l.com\/en\/#\/schema\/logo\/image\/","url":"https:\/\/librairie7l.com\/wp-content\/uploads\/2022\/08\/logo-1.png","contentUrl":"https:\/\/librairie7l.com\/wp-content\/uploads\/2022\/08\/logo-1.png","width":227,"height":301,"caption":"Librairie 7L"},"image":{"@id":"https:\/\/librairie7l.com\/en\/#\/schema\/logo\/image\/"}}]}},"_links":{"self":[{"href":"https:\/\/librairie7l.com\/en\/wp-json\/wp\/v2\/product\/32308"}],"collection":[{"href":"https:\/\/librairie7l.com\/en\/wp-json\/wp\/v2\/product"}],"about":[{"href":"https:\/\/librairie7l.com\/en\/wp-json\/wp\/v2\/types\/product"}],"wp:featuredmedia":[{"embeddable":true,"href":"https:\/\/librairie7l.com\/en\/wp-json\/wp\/v2\/media\/32306"}],"wp:attachment":[{"href":"https:\/\/librairie7l.com\/en\/wp-json\/wp\/v2\/media?parent=32308"}],"wp:term":[{"taxonomy":"product_cat","embeddable":true,"href":"https:\/\/librairie7l.com\/en\/wp-json\/wp\/v2\/product_cat?post=32308"},{"taxonomy":"product_tag","embeddable":true,"href":"https:\/\/librairie7l.com\/en\/wp-json\/wp\/v2\/product_tag?post=32308"}],"curies":[{"name":"wp","href":"https:\/\/api.w.org\/{rel}","templated":true}]}}