{"id":32312,"date":"2023-06-09T01:16:14","date_gmt":"2023-06-08T23:16:14","guid":{"rendered":"https:\/\/librairie7l.com\/?post_type=product&#038;p=32312"},"modified":"2026-04-17T16:07:01","modified_gmt":"2026-04-17T14:07:01","slug":"vivre-ecologique","status":"publish","type":"product","link":"https:\/\/librairie7l.com\/en\/produit\/vivre-ecologique\/","title":{"rendered":"VIVRE \u00c9COLOGIQUE"},"content":{"rendered":"<p>Un beau livre pr\u00e9sentant des projets originaux ou l&#8217;architecture prend en compte la sauvegarde de la plan\u00e8te.<br \/>\nAu cours des derni\u00e8res d\u00e9cennies, on a assist\u00e9 \u00e0 une prise de conscience croissante des questions environnementales dans l&#8217;ensemble de la soci\u00e9t\u00e9, principalement en raison des cons\u00e9quences de plus en plus graves du changement climatique et de la d\u00e9gradation progressive de l&#8217;environnement naturel caus\u00e9e par l&#8217;activit\u00e9 humaine.<\/p>\n<p>Dans le cadre de cette tendance, l&#8217;architecture dite verte est l&#8217;un des principaux outils permettant de promouvoir un changement de cap qui contribue \u00e0 assurer la durabilit\u00e9 de la plan\u00e8te et la pr\u00e9servation de son patrimoine naturel. Vivre \u00e9cologique pr\u00e9sente des projets originaux dont le coeur est l&#8217;\u00e9cologie et qui peuvent \u00eatre source d&#8217;inspiration.<\/p>\n","protected":false},"excerpt":{"rendered":"<p>Un beau livre pr\u00e9sentant des projets originaux ou l&#8217;architecture prend en compte la sauvegarde de la plan\u00e8te. Au cours des derni\u00e8res d\u00e9cennies, on a assist\u00e9 \u00e0 une prise de conscience croissante des questions environnementales dans l&#8217;ensemble de la soci\u00e9t\u00e9, principalement en raison des cons\u00e9quences de plus en plus graves du changement climatique et de la [&hellip;]<\/p>\n","protected":false},"featured_media":32310,"template":"","meta":[],"product_cat":[2948,2950],"product_tag":[],"acf":[],"yoast_head":"<!-- This site is optimized with the Yoast SEO plugin v20.11 - https:\/\/yoast.com\/wordpress\/plugins\/seo\/ -->\n<title>VIVRE \u00c9COLOGIQUE - Librairie 7L<\/title>\n<meta name=\"robots\" content=\"index, follow, max-snippet:-1, max-image-preview:large, max-video-preview:-1\" \/>\n<link rel=\"canonical\" href=\"https:\/\/librairie7l.com\/en\/produit\/vivre-ecologique\/\" \/>\n<meta property=\"og:locale\" content=\"en_US\" \/>\n<meta property=\"og:type\" content=\"article\" \/>\n<meta property=\"og:title\" content=\"VIVRE \u00c9COLOGIQUE - Librairie 7L\" \/>\n<meta property=\"og:description\" content=\"Un beau livre pr\u00e9sentant des projets originaux ou l&#8217;architecture prend en compte la sauvegarde de la plan\u00e8te. Au cours des derni\u00e8res d\u00e9cennies, on a assist\u00e9 \u00e0 une prise de conscience croissante des questions environnementales dans l&#8217;ensemble de la soci\u00e9t\u00e9, principalement en raison des cons\u00e9quences de plus en plus graves du changement climatique et de la [&hellip;]\" \/>\n<meta property=\"og:url\" content=\"https:\/\/librairie7l.com\/en\/produit\/vivre-ecologique\/\" \/>\n<meta property=\"og:site_name\" content=\"Librairie 7L\" \/>\n<meta property=\"article:modified_time\" content=\"2026-04-17T14:07:01+00:00\" \/>\n<meta property=\"og:image\" content=\"https:\/\/librairie7l.com\/wp-content\/uploads\/2022\/07\/9782383780298_1_75.jpg\" \/>\n\t<meta property=\"og:image:width\" content=\"600\" \/>\n\t<meta property=\"og:image:height\" content=\"750\" \/>\n\t<meta property=\"og:image:type\" content=\"image\/jpeg\" \/>\n<meta name=\"twitter:card\" content=\"summary_large_image\" \/>\n<meta name=\"twitter:label1\" content=\"Est. reading time\" \/>\n\t<meta name=\"twitter:data1\" content=\"1 minute\" \/>\n<script type=\"application\/ld+json\" class=\"yoast-schema-graph\">{\"@context\":\"https:\/\/schema.org\",\"@graph\":[{\"@type\":\"WebPage\",\"@id\":\"https:\/\/librairie7l.com\/en\/produit\/vivre-ecologique\/\",\"url\":\"https:\/\/librairie7l.com\/en\/produit\/vivre-ecologique\/\",\"name\":\"VIVRE \u00c9COLOGIQUE - Librairie 7L\",\"isPartOf\":{\"@id\":\"https:\/\/librairie7l.com\/en\/#website\"},\"datePublished\":\"2023-06-08T23:16:14+00:00\",\"dateModified\":\"2026-04-17T14:07:01+00:00\",\"breadcrumb\":{\"@id\":\"https:\/\/librairie7l.com\/en\/produit\/vivre-ecologique\/#breadcrumb\"},\"inLanguage\":\"en-US\",\"potentialAction\":[{\"@type\":\"ReadAction\",\"target\":[\"https:\/\/librairie7l.com\/en\/produit\/vivre-ecologique\/\"]}]},{\"@type\":\"BreadcrumbList\",\"@id\":\"https:\/\/librairie7l.com\/en\/produit\/vivre-ecologique\/#breadcrumb\",\"itemListElement\":[{\"@type\":\"ListItem\",\"position\":1,\"name\":\"Accueil\",\"item\":\"https:\/\/librairie7l.com\/en\/\"},{\"@type\":\"ListItem\",\"position\":2,\"name\":\"Shop\",\"item\":\"https:\/\/librairie7l.com\/en\/shop\/\"},{\"@type\":\"ListItem\",\"position\":3,\"name\":\"VIVRE \u00c9COLOGIQUE\"}]},{\"@type\":\"WebSite\",\"@id\":\"https:\/\/librairie7l.com\/en\/#website\",\"url\":\"https:\/\/librairie7l.com\/en\/\",\"name\":\"Librairie 7L\",\"description\":\"Librairie fond\u00e9e en 1999 par Karl Lagerfeld \u00e0 Paris\",\"publisher\":{\"@id\":\"https:\/\/librairie7l.com\/en\/#organization\"},\"potentialAction\":[{\"@type\":\"SearchAction\",\"target\":{\"@type\":\"EntryPoint\",\"urlTemplate\":\"https:\/\/librairie7l.com\/en\/?s={search_term_string}\"},\"query-input\":\"required name=search_term_string\"}],\"inLanguage\":\"en-US\"},{\"@type\":\"Organization\",\"@id\":\"https:\/\/librairie7l.com\/en\/#organization\",\"name\":\"Librairie 7L\",\"url\":\"https:\/\/librairie7l.com\/en\/\",\"logo\":{\"@type\":\"ImageObject\",\"inLanguage\":\"en-US\",\"@id\":\"https:\/\/librairie7l.com\/en\/#\/schema\/logo\/image\/\",\"url\":\"https:\/\/librairie7l.com\/wp-content\/uploads\/2022\/08\/logo-1.png\",\"contentUrl\":\"https:\/\/librairie7l.com\/wp-content\/uploads\/2022\/08\/logo-1.png\",\"width\":227,\"height\":301,\"caption\":\"Librairie 7L\"},\"image\":{\"@id\":\"https:\/\/librairie7l.com\/en\/#\/schema\/logo\/image\/\"}}]}<\/script>\n<!-- \/ Yoast SEO plugin. -->","yoast_head_json":{"title":"VIVRE \u00c9COLOGIQUE - Librairie 7L","robots":{"index":"index","follow":"follow","max-snippet":"max-snippet:-1","max-image-preview":"max-image-preview:large","max-video-preview":"max-video-preview:-1"},"canonical":"https:\/\/librairie7l.com\/en\/produit\/vivre-ecologique\/","og_locale":"en_US","og_type":"article","og_title":"VIVRE \u00c9COLOGIQUE - Librairie 7L","og_description":"Un beau livre pr\u00e9sentant des projets originaux ou l&#8217;architecture prend en compte la sauvegarde de la plan\u00e8te. Au cours des derni\u00e8res d\u00e9cennies, on a assist\u00e9 \u00e0 une prise de conscience croissante des questions environnementales dans l&#8217;ensemble de la soci\u00e9t\u00e9, principalement en raison des cons\u00e9quences de plus en plus graves du changement climatique et de la [&hellip;]","og_url":"https:\/\/librairie7l.com\/en\/produit\/vivre-ecologique\/","og_site_name":"Librairie 7L","article_modified_time":"2026-04-17T14:07:01+00:00","og_image":[{"width":600,"height":750,"url":"https:\/\/librairie7l.com\/wp-content\/uploads\/2022\/07\/9782383780298_1_75.jpg","type":"image\/jpeg"}],"twitter_card":"summary_large_image","twitter_misc":{"Est. reading time":"1 minute"},"schema":{"@context":"https:\/\/schema.org","@graph":[{"@type":"WebPage","@id":"https:\/\/librairie7l.com\/en\/produit\/vivre-ecologique\/","url":"https:\/\/librairie7l.com\/en\/produit\/vivre-ecologique\/","name":"VIVRE \u00c9COLOGIQUE - Librairie 7L","isPartOf":{"@id":"https:\/\/librairie7l.com\/en\/#website"},"datePublished":"2023-06-08T23:16:14+00:00","dateModified":"2026-04-17T14:07:01+00:00","breadcrumb":{"@id":"https:\/\/librairie7l.com\/en\/produit\/vivre-ecologique\/#breadcrumb"},"inLanguage":"en-US","potentialAction":[{"@type":"ReadAction","target":["https:\/\/librairie7l.com\/en\/produit\/vivre-ecologique\/"]}]},{"@type":"BreadcrumbList","@id":"https:\/\/librairie7l.com\/en\/produit\/vivre-ecologique\/#breadcrumb","itemListElement":[{"@type":"ListItem","position":1,"name":"Accueil","item":"https:\/\/librairie7l.com\/en\/"},{"@type":"ListItem","position":2,"name":"Shop","item":"https:\/\/librairie7l.com\/en\/shop\/"},{"@type":"ListItem","position":3,"name":"VIVRE \u00c9COLOGIQUE"}]},{"@type":"WebSite","@id":"https:\/\/librairie7l.com\/en\/#website","url":"https:\/\/librairie7l.com\/en\/","name":"Librairie 7L","description":"Librairie fond\u00e9e en 1999 par Karl Lagerfeld \u00e0 Paris","publisher":{"@id":"https:\/\/librairie7l.com\/en\/#organization"},"potentialAction":[{"@type":"SearchAction","target":{"@type":"EntryPoint","urlTemplate":"https:\/\/librairie7l.com\/en\/?s={search_term_string}"},"query-input":"required name=search_term_string"}],"inLanguage":"en-US"},{"@type":"Organization","@id":"https:\/\/librairie7l.com\/en\/#organization","name":"Librairie 7L","url":"https:\/\/librairie7l.com\/en\/","logo":{"@type":"ImageObject","inLanguage":"en-US","@id":"https:\/\/librairie7l.com\/en\/#\/schema\/logo\/image\/","url":"https:\/\/librairie7l.com\/wp-content\/uploads\/2022\/08\/logo-1.png","contentUrl":"https:\/\/librairie7l.com\/wp-content\/uploads\/2022\/08\/logo-1.png","width":227,"height":301,"caption":"Librairie 7L"},"image":{"@id":"https:\/\/librairie7l.com\/en\/#\/schema\/logo\/image\/"}}]}},"_links":{"self":[{"href":"https:\/\/librairie7l.com\/en\/wp-json\/wp\/v2\/product\/32312"}],"collection":[{"href":"https:\/\/librairie7l.com\/en\/wp-json\/wp\/v2\/product"}],"about":[{"href":"https:\/\/librairie7l.com\/en\/wp-json\/wp\/v2\/types\/product"}],"wp:featuredmedia":[{"embeddable":true,"href":"https:\/\/librairie7l.com\/en\/wp-json\/wp\/v2\/media\/32310"}],"wp:attachment":[{"href":"https:\/\/librairie7l.com\/en\/wp-json\/wp\/v2\/media?parent=32312"}],"wp:term":[{"taxonomy":"product_cat","embeddable":true,"href":"https:\/\/librairie7l.com\/en\/wp-json\/wp\/v2\/product_cat?post=32312"},{"taxonomy":"product_tag","embeddable":true,"href":"https:\/\/librairie7l.com\/en\/wp-json\/wp\/v2\/product_tag?post=32312"}],"curies":[{"name":"wp","href":"https:\/\/api.w.org\/{rel}","templated":true}]}}