{"id":32316,"date":"2023-06-09T01:16:16","date_gmt":"2023-06-08T23:16:16","guid":{"rendered":"https:\/\/librairie7l.com\/?post_type=product&#038;p=32316"},"modified":"2026-04-11T14:53:50","modified_gmt":"2026-04-11T12:53:50","slug":"degas-en-noir-et-blanc-dessins-estampes-photographies","status":"publish","type":"product","link":"https:\/\/librairie7l.com\/en\/produit\/degas-en-noir-et-blanc-dessins-estampes-photographies\/","title":{"rendered":"DEGAS EN NOIR ET BLANC : DESSINS, ESTAMPES, PHOTOGRAPHIES"},"content":{"rendered":"<p>Le catalogue de l&#8217;exposition  Degas en noir et blanc , qui se tiendra du 31 mai au 3 septembre 2023, \u00e0 la Biblioth\u00e8que nationale de France, propose une approche in\u00e9dite de l&#8217;oeuvre de l&#8217;artiste, peintre, graveur, photographe, \u00e0 travers sa passion pour le noir et blanc qui lui fit affirmer en 1906 :  Si j&#8217;avais \u00e0 refaire ma vie, je ne ferais que du noir et blanc. <\/p>\n<p> Si j&#8217;avais \u00e0 refaire ma vie, je ne ferais que du noir et blanc , aurait d\u00e9clar\u00e9 Degas \u00e0 Georges Villa en 1906. D\u00e9claration paradoxale de la part d&#8217;un artiste qui doit alors principalement sa gloire aux f\u00e9eries color\u00e9es de ses pastels.<\/p>\n<p>Mise \u00e0 l&#8217;honneur en 2023 \u00e0 la Biblioth\u00e8que nationale de France, cette inlassable passion de Degas pour le noir et blanc ne se limite pas \u00e0 son activit\u00e9 de graveur mais s&#8217;exprime \u00e0 travers l&#8217;ensemble des moyens d&#8217;expression qu&#8217;il pratique : dessins \u00e0 la mine graphite, au crayon, au fusain, eau-forte, lithographie, monotypes mais aussi peinture et photographie. Comme le souligne Henri Loyrette, commissaire g\u00e9n\u00e9ral de l&#8217;exposition, cet int\u00e9r\u00eat se v\u00e9rifie sur toute l&#8217;amplitude de sa longue carri\u00e8re, du milieu des ann\u00e9es 1850 au d\u00e9but du xxe si\u00e8cle.<\/p>\n<p>Le catalogue r\u00e9v\u00e8le la continuit\u00e9 de cette ligne m\u00e9lodique, ais\u00e9ment perceptible dans tout l&#8217;oeuvre de Degas, qui tient autant \u00e0 la revisitation des m\u00eames th\u00e8mes (instantan\u00e9s de la vie moderne saisis \u00e0 l&#8217;Op\u00e9ra ou dans les caf\u00e9s-concerts, intimit\u00e9 des int\u00e9rieurs bourgeois ou des maisons closes) qu&#8217;\u00e0 leur r\u00e9sonance d&#8217;une technique \u00e0 l&#8217;autre. L&#8217;essai de Val\u00e9rie Sueur-Hermel consacr\u00e9 \u00e0  Degas, ma\u00eetre de l&#8217;estampe impressionniste  montre pr\u00e9cis\u00e9ment son insatiable curiosit\u00e9 technique, son go\u00fbt pour les  cuisines  de graveur, qu&#8217;il partage avec Camille Pissarro et Mary Cassatt. Marcellin Desboutin, \u00e0 l&#8217;\u00e9t\u00e9 1876, ira m\u00eame jusqu&#8217;\u00e0 \u00e9crire que Degas est devenu une  plaque de zinc ou de cuivre noircie \u00e0 l&#8217;encre d&#8217;imprimerie . Le go\u00fbt de l&#8217;\u00e9preuve unique conduira Degas \u00e0 r\u00e9inventer le monotype, qui se situe aux confins de l&#8217;estampe et de la peinture, et dont il devient un ma\u00eetre in\u00e9gal\u00e9.<\/p>\n<p> Le soir je dig\u00e8re et je photographie au cr\u00e9puscule , \u00e9crit Degas \u00e0 Henri Rouart le 12 ao\u00fbt 1895. En pratiquant passionn\u00e9ment la photographie pendant quelques mois, en 1895, alors qu&#8217;il a 61 ans, Degas c\u00e8de l\u00e0 encore \u00e0 son d\u00e9sir d\u00e9vorant d&#8217;exp\u00e9rimentation et prolonge, comme le d\u00e9crit Flora Triebel, ses recherches sur les effets de clair-obscur entreprises d\u00e8s ses d\u00e9buts par le dessin et l&#8217;estampe :  l&#8217;atmosph\u00e8re de lampe, ou lunaire . Sylvie Aubenas rappelle que Degas est lui-m\u00eame entour\u00e9 d&#8217;amateurs, comme ses amis, les Hal\u00e9vy : leurs albums rassemblent des photographies de Degas A travers une large s\u00e9lection de pi\u00e8ces issues de la riche collection de la BNF et de grandes institutions fran\u00e7aises et \u00e9trang\u00e8res, le catalogue propose une approche in\u00e9dite de l&#8217;oeuvre d&#8217;Edgar Degas \u00e0 travers son int\u00e9r\u00eat constant pour le noir et blanc qui lui conf\u00e8re une place singuli\u00e8re parmi les artistes impressionnistes.<\/p>\n","protected":false},"excerpt":{"rendered":"<p>Le catalogue de l&#8217;exposition Degas en noir et blanc , qui se tiendra du 31 mai au 3 septembre 2023, \u00e0 la Biblioth\u00e8que nationale de France, propose une approche in\u00e9dite de l&#8217;oeuvre de l&#8217;artiste, peintre, graveur, photographe, \u00e0 travers sa passion pour le noir et blanc qui lui fit affirmer en 1906 : Si j&#8217;avais [&hellip;]<\/p>\n","protected":false},"featured_media":32314,"template":"","meta":[],"product_cat":[2948,2953],"product_tag":[],"acf":[],"yoast_head":"<!-- This site is optimized with the Yoast SEO plugin v20.11 - https:\/\/yoast.com\/wordpress\/plugins\/seo\/ -->\n<title>DEGAS EN NOIR ET BLANC : DESSINS, ESTAMPES, PHOTOGRAPHIES - Librairie 7L<\/title>\n<meta name=\"robots\" content=\"index, follow, max-snippet:-1, max-image-preview:large, max-video-preview:-1\" \/>\n<link rel=\"canonical\" href=\"https:\/\/librairie7l.com\/en\/produit\/degas-en-noir-et-blanc-dessins-estampes-photographies\/\" \/>\n<meta property=\"og:locale\" content=\"en_US\" \/>\n<meta property=\"og:type\" content=\"article\" \/>\n<meta property=\"og:title\" content=\"DEGAS EN NOIR ET BLANC : DESSINS, ESTAMPES, PHOTOGRAPHIES - Librairie 7L\" \/>\n<meta property=\"og:description\" content=\"Le catalogue de l&#8217;exposition Degas en noir et blanc , qui se tiendra du 31 mai au 3 septembre 2023, \u00e0 la Biblioth\u00e8que nationale de France, propose une approche in\u00e9dite de l&#8217;oeuvre de l&#8217;artiste, peintre, graveur, photographe, \u00e0 travers sa passion pour le noir et blanc qui lui fit affirmer en 1906 : Si j&#8217;avais [&hellip;]\" \/>\n<meta property=\"og:url\" content=\"https:\/\/librairie7l.com\/en\/produit\/degas-en-noir-et-blanc-dessins-estampes-photographies\/\" \/>\n<meta property=\"og:site_name\" content=\"Librairie 7L\" \/>\n<meta property=\"article:modified_time\" content=\"2026-04-11T12:53:50+00:00\" \/>\n<meta property=\"og:image\" content=\"https:\/\/librairie7l.com\/wp-content\/uploads\/2023\/02\/9782717729337_1_75.jpg\" \/>\n\t<meta property=\"og:image:width\" content=\"600\" \/>\n\t<meta property=\"og:image:height\" content=\"730\" \/>\n\t<meta property=\"og:image:type\" content=\"image\/jpeg\" \/>\n<meta name=\"twitter:card\" content=\"summary_large_image\" \/>\n<meta name=\"twitter:label1\" content=\"Est. reading time\" \/>\n\t<meta name=\"twitter:data1\" content=\"3 minutes\" \/>\n<script type=\"application\/ld+json\" class=\"yoast-schema-graph\">{\"@context\":\"https:\/\/schema.org\",\"@graph\":[{\"@type\":\"WebPage\",\"@id\":\"https:\/\/librairie7l.com\/en\/produit\/degas-en-noir-et-blanc-dessins-estampes-photographies\/\",\"url\":\"https:\/\/librairie7l.com\/en\/produit\/degas-en-noir-et-blanc-dessins-estampes-photographies\/\",\"name\":\"DEGAS EN NOIR ET BLANC : DESSINS, ESTAMPES, PHOTOGRAPHIES - Librairie 7L\",\"isPartOf\":{\"@id\":\"https:\/\/librairie7l.com\/en\/#website\"},\"datePublished\":\"2023-06-08T23:16:16+00:00\",\"dateModified\":\"2026-04-11T12:53:50+00:00\",\"breadcrumb\":{\"@id\":\"https:\/\/librairie7l.com\/en\/produit\/degas-en-noir-et-blanc-dessins-estampes-photographies\/#breadcrumb\"},\"inLanguage\":\"en-US\",\"potentialAction\":[{\"@type\":\"ReadAction\",\"target\":[\"https:\/\/librairie7l.com\/en\/produit\/degas-en-noir-et-blanc-dessins-estampes-photographies\/\"]}]},{\"@type\":\"BreadcrumbList\",\"@id\":\"https:\/\/librairie7l.com\/en\/produit\/degas-en-noir-et-blanc-dessins-estampes-photographies\/#breadcrumb\",\"itemListElement\":[{\"@type\":\"ListItem\",\"position\":1,\"name\":\"Accueil\",\"item\":\"https:\/\/librairie7l.com\/en\/\"},{\"@type\":\"ListItem\",\"position\":2,\"name\":\"Shop\",\"item\":\"https:\/\/librairie7l.com\/en\/shop\/\"},{\"@type\":\"ListItem\",\"position\":3,\"name\":\"DEGAS EN NOIR ET BLANC : DESSINS, ESTAMPES, PHOTOGRAPHIES\"}]},{\"@type\":\"WebSite\",\"@id\":\"https:\/\/librairie7l.com\/en\/#website\",\"url\":\"https:\/\/librairie7l.com\/en\/\",\"name\":\"Librairie 7L\",\"description\":\"Librairie fond\u00e9e en 1999 par Karl Lagerfeld \u00e0 Paris\",\"publisher\":{\"@id\":\"https:\/\/librairie7l.com\/en\/#organization\"},\"potentialAction\":[{\"@type\":\"SearchAction\",\"target\":{\"@type\":\"EntryPoint\",\"urlTemplate\":\"https:\/\/librairie7l.com\/en\/?s={search_term_string}\"},\"query-input\":\"required name=search_term_string\"}],\"inLanguage\":\"en-US\"},{\"@type\":\"Organization\",\"@id\":\"https:\/\/librairie7l.com\/en\/#organization\",\"name\":\"Librairie 7L\",\"url\":\"https:\/\/librairie7l.com\/en\/\",\"logo\":{\"@type\":\"ImageObject\",\"inLanguage\":\"en-US\",\"@id\":\"https:\/\/librairie7l.com\/en\/#\/schema\/logo\/image\/\",\"url\":\"https:\/\/librairie7l.com\/wp-content\/uploads\/2022\/08\/logo-1.png\",\"contentUrl\":\"https:\/\/librairie7l.com\/wp-content\/uploads\/2022\/08\/logo-1.png\",\"width\":227,\"height\":301,\"caption\":\"Librairie 7L\"},\"image\":{\"@id\":\"https:\/\/librairie7l.com\/en\/#\/schema\/logo\/image\/\"}}]}<\/script>\n<!-- \/ Yoast SEO plugin. -->","yoast_head_json":{"title":"DEGAS EN NOIR ET BLANC : DESSINS, ESTAMPES, PHOTOGRAPHIES - Librairie 7L","robots":{"index":"index","follow":"follow","max-snippet":"max-snippet:-1","max-image-preview":"max-image-preview:large","max-video-preview":"max-video-preview:-1"},"canonical":"https:\/\/librairie7l.com\/en\/produit\/degas-en-noir-et-blanc-dessins-estampes-photographies\/","og_locale":"en_US","og_type":"article","og_title":"DEGAS EN NOIR ET BLANC : DESSINS, ESTAMPES, PHOTOGRAPHIES - Librairie 7L","og_description":"Le catalogue de l&#8217;exposition Degas en noir et blanc , qui se tiendra du 31 mai au 3 septembre 2023, \u00e0 la Biblioth\u00e8que nationale de France, propose une approche in\u00e9dite de l&#8217;oeuvre de l&#8217;artiste, peintre, graveur, photographe, \u00e0 travers sa passion pour le noir et blanc qui lui fit affirmer en 1906 : Si j&#8217;avais [&hellip;]","og_url":"https:\/\/librairie7l.com\/en\/produit\/degas-en-noir-et-blanc-dessins-estampes-photographies\/","og_site_name":"Librairie 7L","article_modified_time":"2026-04-11T12:53:50+00:00","og_image":[{"width":600,"height":730,"url":"https:\/\/librairie7l.com\/wp-content\/uploads\/2023\/02\/9782717729337_1_75.jpg","type":"image\/jpeg"}],"twitter_card":"summary_large_image","twitter_misc":{"Est. reading time":"3 minutes"},"schema":{"@context":"https:\/\/schema.org","@graph":[{"@type":"WebPage","@id":"https:\/\/librairie7l.com\/en\/produit\/degas-en-noir-et-blanc-dessins-estampes-photographies\/","url":"https:\/\/librairie7l.com\/en\/produit\/degas-en-noir-et-blanc-dessins-estampes-photographies\/","name":"DEGAS EN NOIR ET BLANC : DESSINS, ESTAMPES, PHOTOGRAPHIES - Librairie 7L","isPartOf":{"@id":"https:\/\/librairie7l.com\/en\/#website"},"datePublished":"2023-06-08T23:16:16+00:00","dateModified":"2026-04-11T12:53:50+00:00","breadcrumb":{"@id":"https:\/\/librairie7l.com\/en\/produit\/degas-en-noir-et-blanc-dessins-estampes-photographies\/#breadcrumb"},"inLanguage":"en-US","potentialAction":[{"@type":"ReadAction","target":["https:\/\/librairie7l.com\/en\/produit\/degas-en-noir-et-blanc-dessins-estampes-photographies\/"]}]},{"@type":"BreadcrumbList","@id":"https:\/\/librairie7l.com\/en\/produit\/degas-en-noir-et-blanc-dessins-estampes-photographies\/#breadcrumb","itemListElement":[{"@type":"ListItem","position":1,"name":"Accueil","item":"https:\/\/librairie7l.com\/en\/"},{"@type":"ListItem","position":2,"name":"Shop","item":"https:\/\/librairie7l.com\/en\/shop\/"},{"@type":"ListItem","position":3,"name":"DEGAS EN NOIR ET BLANC : DESSINS, ESTAMPES, PHOTOGRAPHIES"}]},{"@type":"WebSite","@id":"https:\/\/librairie7l.com\/en\/#website","url":"https:\/\/librairie7l.com\/en\/","name":"Librairie 7L","description":"Librairie fond\u00e9e en 1999 par Karl Lagerfeld \u00e0 Paris","publisher":{"@id":"https:\/\/librairie7l.com\/en\/#organization"},"potentialAction":[{"@type":"SearchAction","target":{"@type":"EntryPoint","urlTemplate":"https:\/\/librairie7l.com\/en\/?s={search_term_string}"},"query-input":"required name=search_term_string"}],"inLanguage":"en-US"},{"@type":"Organization","@id":"https:\/\/librairie7l.com\/en\/#organization","name":"Librairie 7L","url":"https:\/\/librairie7l.com\/en\/","logo":{"@type":"ImageObject","inLanguage":"en-US","@id":"https:\/\/librairie7l.com\/en\/#\/schema\/logo\/image\/","url":"https:\/\/librairie7l.com\/wp-content\/uploads\/2022\/08\/logo-1.png","contentUrl":"https:\/\/librairie7l.com\/wp-content\/uploads\/2022\/08\/logo-1.png","width":227,"height":301,"caption":"Librairie 7L"},"image":{"@id":"https:\/\/librairie7l.com\/en\/#\/schema\/logo\/image\/"}}]}},"_links":{"self":[{"href":"https:\/\/librairie7l.com\/en\/wp-json\/wp\/v2\/product\/32316"}],"collection":[{"href":"https:\/\/librairie7l.com\/en\/wp-json\/wp\/v2\/product"}],"about":[{"href":"https:\/\/librairie7l.com\/en\/wp-json\/wp\/v2\/types\/product"}],"wp:featuredmedia":[{"embeddable":true,"href":"https:\/\/librairie7l.com\/en\/wp-json\/wp\/v2\/media\/32314"}],"wp:attachment":[{"href":"https:\/\/librairie7l.com\/en\/wp-json\/wp\/v2\/media?parent=32316"}],"wp:term":[{"taxonomy":"product_cat","embeddable":true,"href":"https:\/\/librairie7l.com\/en\/wp-json\/wp\/v2\/product_cat?post=32316"},{"taxonomy":"product_tag","embeddable":true,"href":"https:\/\/librairie7l.com\/en\/wp-json\/wp\/v2\/product_tag?post=32316"}],"curies":[{"name":"wp","href":"https:\/\/api.w.org\/{rel}","templated":true}]}}