{"id":32323,"date":"2023-06-09T14:32:19","date_gmt":"2023-06-09T12:32:19","guid":{"rendered":"https:\/\/librairie7l.com\/?post_type=product&#038;p=32323"},"modified":"2026-04-09T01:44:12","modified_gmt":"2026-04-08T23:44:12","slug":"comme-un-parfum-daventure","status":"publish","type":"product","link":"https:\/\/librairie7l.com\/en\/produit\/comme-un-parfum-daventure\/","title":{"rendered":"COMME UN PARFUM D&#8217;AVENTURE"},"content":{"rendered":"<p>\u00ab Comme un parfum d&#8217;aventure \u00bb s&#8217;inspire de l&#8217;exp\u00e9rience r\u00e9cente, collective et mondiale, de confinement  impos\u00e9 pour des raisons sanitaires et de mani\u00e8re quasi concomitante \u00e0 une majorit\u00e9 de personnes sur la  plan\u00e8te. Cet ouvrage explore la question du d\u00e9placement, depuis les premiers pas de l&#8217;humanit\u00e9, jusqu&#8217;au  contexte contemporain d&#8217;un monde fluide o\u00f9 le mouvement des personnes, des choses et des id\u00e9es est  amplifi\u00e9 \u00e0 l&#8217;exc\u00e8s par la globalisation. Il consid\u00e8re les mythes et les conqu\u00eates, la r\u00e9gulation de la circulation  par les fronti\u00e8res, les id\u00e9ologies politiques, les syst\u00e8mes \u00e9conomiques et les grands mouvements migratoires  qui leurs sont \u00e9troitement li\u00e9s, de m\u00eame que l&#8217;impact du d\u00e9r\u00e8glement climatique sur les mouvements massifs  et croissants de populations.<br \/>\nCon\u00e7u comme un prolongement de l&#8217;exposition pr\u00e9sent\u00e9e au macLyon en 2020-2021, le catalogue rassemble  des essais in\u00e9dits de Nora N. Khan, commissaire et critique d&#8217;art am\u00e9ricaine, du sociologue fran\u00e7ais \u00c9ric Le  Breton ainsi que de Marilou Laneuville et Matthieu Leli\u00e8vre, les commissaires de l&#8217;exposition. Il d\u00e9veloppe douze  chapitres qui suivent le cheminement chronologique et th\u00e9matique de l&#8217;exposition. L&#8217;ouvrage est agr\u00e9ment\u00e9  d&#8217;une riche iconographie qui comprend des vues de l&#8217;exposition au macLYON et des visuels des oeuvres  expos\u00e9es.<\/p>\n","protected":false},"excerpt":{"rendered":"<p>\u00ab Comme un parfum d&#8217;aventure \u00bb s&#8217;inspire de l&#8217;exp\u00e9rience r\u00e9cente, collective et mondiale, de confinement impos\u00e9 pour des raisons sanitaires et de mani\u00e8re quasi concomitante \u00e0 une majorit\u00e9 de personnes sur la plan\u00e8te. Cet ouvrage explore la question du d\u00e9placement, depuis les premiers pas de l&#8217;humanit\u00e9, jusqu&#8217;au contexte contemporain d&#8217;un monde fluide o\u00f9 le mouvement [&hellip;]<\/p>\n","protected":false},"featured_media":32321,"template":"","meta":[],"product_cat":[2948,2953],"product_tag":[],"acf":[],"yoast_head":"<!-- This site is optimized with the Yoast SEO plugin v20.11 - https:\/\/yoast.com\/wordpress\/plugins\/seo\/ -->\n<title>COMME UN PARFUM D&#039;AVENTURE - Librairie 7L<\/title>\n<meta name=\"robots\" content=\"index, follow, max-snippet:-1, max-image-preview:large, max-video-preview:-1\" \/>\n<link rel=\"canonical\" href=\"https:\/\/librairie7l.com\/en\/produit\/comme-un-parfum-daventure\/\" \/>\n<meta property=\"og:locale\" content=\"en_US\" \/>\n<meta property=\"og:type\" content=\"article\" \/>\n<meta property=\"og:title\" content=\"COMME UN PARFUM D&#039;AVENTURE - Librairie 7L\" \/>\n<meta property=\"og:description\" content=\"\u00ab Comme un parfum d&#8217;aventure \u00bb s&#8217;inspire de l&#8217;exp\u00e9rience r\u00e9cente, collective et mondiale, de confinement impos\u00e9 pour des raisons sanitaires et de mani\u00e8re quasi concomitante \u00e0 une majorit\u00e9 de personnes sur la plan\u00e8te. Cet ouvrage explore la question du d\u00e9placement, depuis les premiers pas de l&#8217;humanit\u00e9, jusqu&#8217;au contexte contemporain d&#8217;un monde fluide o\u00f9 le mouvement [&hellip;]\" \/>\n<meta property=\"og:url\" content=\"https:\/\/librairie7l.com\/en\/produit\/comme-un-parfum-daventure\/\" \/>\n<meta property=\"og:site_name\" content=\"Librairie 7L\" \/>\n<meta property=\"article:modified_time\" content=\"2026-04-08T23:44:12+00:00\" \/>\n<meta property=\"og:image\" content=\"https:\/\/librairie7l.com\/wp-content\/uploads\/2022\/06\/9782363063212_1_75.jpg\" \/>\n\t<meta property=\"og:image:width\" content=\"294\" \/>\n\t<meta property=\"og:image:height\" content=\"417\" \/>\n\t<meta property=\"og:image:type\" content=\"image\/jpeg\" \/>\n<meta name=\"twitter:card\" content=\"summary_large_image\" \/>\n<meta name=\"twitter:label1\" content=\"Est. reading time\" \/>\n\t<meta name=\"twitter:data1\" content=\"1 minute\" \/>\n<script type=\"application\/ld+json\" class=\"yoast-schema-graph\">{\"@context\":\"https:\/\/schema.org\",\"@graph\":[{\"@type\":\"WebPage\",\"@id\":\"https:\/\/librairie7l.com\/en\/produit\/comme-un-parfum-daventure\/\",\"url\":\"https:\/\/librairie7l.com\/en\/produit\/comme-un-parfum-daventure\/\",\"name\":\"COMME UN PARFUM D'AVENTURE - Librairie 7L\",\"isPartOf\":{\"@id\":\"https:\/\/librairie7l.com\/en\/#website\"},\"datePublished\":\"2023-06-09T12:32:19+00:00\",\"dateModified\":\"2026-04-08T23:44:12+00:00\",\"breadcrumb\":{\"@id\":\"https:\/\/librairie7l.com\/en\/produit\/comme-un-parfum-daventure\/#breadcrumb\"},\"inLanguage\":\"en-US\",\"potentialAction\":[{\"@type\":\"ReadAction\",\"target\":[\"https:\/\/librairie7l.com\/en\/produit\/comme-un-parfum-daventure\/\"]}]},{\"@type\":\"BreadcrumbList\",\"@id\":\"https:\/\/librairie7l.com\/en\/produit\/comme-un-parfum-daventure\/#breadcrumb\",\"itemListElement\":[{\"@type\":\"ListItem\",\"position\":1,\"name\":\"Accueil\",\"item\":\"https:\/\/librairie7l.com\/en\/\"},{\"@type\":\"ListItem\",\"position\":2,\"name\":\"Shop\",\"item\":\"https:\/\/librairie7l.com\/en\/shop\/\"},{\"@type\":\"ListItem\",\"position\":3,\"name\":\"COMME UN PARFUM D&#8217;AVENTURE\"}]},{\"@type\":\"WebSite\",\"@id\":\"https:\/\/librairie7l.com\/en\/#website\",\"url\":\"https:\/\/librairie7l.com\/en\/\",\"name\":\"Librairie 7L\",\"description\":\"Librairie fond\u00e9e en 1999 par Karl Lagerfeld \u00e0 Paris\",\"publisher\":{\"@id\":\"https:\/\/librairie7l.com\/en\/#organization\"},\"potentialAction\":[{\"@type\":\"SearchAction\",\"target\":{\"@type\":\"EntryPoint\",\"urlTemplate\":\"https:\/\/librairie7l.com\/en\/?s={search_term_string}\"},\"query-input\":\"required name=search_term_string\"}],\"inLanguage\":\"en-US\"},{\"@type\":\"Organization\",\"@id\":\"https:\/\/librairie7l.com\/en\/#organization\",\"name\":\"Librairie 7L\",\"url\":\"https:\/\/librairie7l.com\/en\/\",\"logo\":{\"@type\":\"ImageObject\",\"inLanguage\":\"en-US\",\"@id\":\"https:\/\/librairie7l.com\/en\/#\/schema\/logo\/image\/\",\"url\":\"https:\/\/librairie7l.com\/wp-content\/uploads\/2022\/08\/logo-1.png\",\"contentUrl\":\"https:\/\/librairie7l.com\/wp-content\/uploads\/2022\/08\/logo-1.png\",\"width\":227,\"height\":301,\"caption\":\"Librairie 7L\"},\"image\":{\"@id\":\"https:\/\/librairie7l.com\/en\/#\/schema\/logo\/image\/\"}}]}<\/script>\n<!-- \/ Yoast SEO plugin. -->","yoast_head_json":{"title":"COMME UN PARFUM D'AVENTURE - Librairie 7L","robots":{"index":"index","follow":"follow","max-snippet":"max-snippet:-1","max-image-preview":"max-image-preview:large","max-video-preview":"max-video-preview:-1"},"canonical":"https:\/\/librairie7l.com\/en\/produit\/comme-un-parfum-daventure\/","og_locale":"en_US","og_type":"article","og_title":"COMME UN PARFUM D'AVENTURE - Librairie 7L","og_description":"\u00ab Comme un parfum d&#8217;aventure \u00bb s&#8217;inspire de l&#8217;exp\u00e9rience r\u00e9cente, collective et mondiale, de confinement impos\u00e9 pour des raisons sanitaires et de mani\u00e8re quasi concomitante \u00e0 une majorit\u00e9 de personnes sur la plan\u00e8te. Cet ouvrage explore la question du d\u00e9placement, depuis les premiers pas de l&#8217;humanit\u00e9, jusqu&#8217;au contexte contemporain d&#8217;un monde fluide o\u00f9 le mouvement [&hellip;]","og_url":"https:\/\/librairie7l.com\/en\/produit\/comme-un-parfum-daventure\/","og_site_name":"Librairie 7L","article_modified_time":"2026-04-08T23:44:12+00:00","og_image":[{"width":294,"height":417,"url":"https:\/\/librairie7l.com\/wp-content\/uploads\/2022\/06\/9782363063212_1_75.jpg","type":"image\/jpeg"}],"twitter_card":"summary_large_image","twitter_misc":{"Est. reading time":"1 minute"},"schema":{"@context":"https:\/\/schema.org","@graph":[{"@type":"WebPage","@id":"https:\/\/librairie7l.com\/en\/produit\/comme-un-parfum-daventure\/","url":"https:\/\/librairie7l.com\/en\/produit\/comme-un-parfum-daventure\/","name":"COMME UN PARFUM D'AVENTURE - Librairie 7L","isPartOf":{"@id":"https:\/\/librairie7l.com\/en\/#website"},"datePublished":"2023-06-09T12:32:19+00:00","dateModified":"2026-04-08T23:44:12+00:00","breadcrumb":{"@id":"https:\/\/librairie7l.com\/en\/produit\/comme-un-parfum-daventure\/#breadcrumb"},"inLanguage":"en-US","potentialAction":[{"@type":"ReadAction","target":["https:\/\/librairie7l.com\/en\/produit\/comme-un-parfum-daventure\/"]}]},{"@type":"BreadcrumbList","@id":"https:\/\/librairie7l.com\/en\/produit\/comme-un-parfum-daventure\/#breadcrumb","itemListElement":[{"@type":"ListItem","position":1,"name":"Accueil","item":"https:\/\/librairie7l.com\/en\/"},{"@type":"ListItem","position":2,"name":"Shop","item":"https:\/\/librairie7l.com\/en\/shop\/"},{"@type":"ListItem","position":3,"name":"COMME UN PARFUM D&#8217;AVENTURE"}]},{"@type":"WebSite","@id":"https:\/\/librairie7l.com\/en\/#website","url":"https:\/\/librairie7l.com\/en\/","name":"Librairie 7L","description":"Librairie fond\u00e9e en 1999 par Karl Lagerfeld \u00e0 Paris","publisher":{"@id":"https:\/\/librairie7l.com\/en\/#organization"},"potentialAction":[{"@type":"SearchAction","target":{"@type":"EntryPoint","urlTemplate":"https:\/\/librairie7l.com\/en\/?s={search_term_string}"},"query-input":"required name=search_term_string"}],"inLanguage":"en-US"},{"@type":"Organization","@id":"https:\/\/librairie7l.com\/en\/#organization","name":"Librairie 7L","url":"https:\/\/librairie7l.com\/en\/","logo":{"@type":"ImageObject","inLanguage":"en-US","@id":"https:\/\/librairie7l.com\/en\/#\/schema\/logo\/image\/","url":"https:\/\/librairie7l.com\/wp-content\/uploads\/2022\/08\/logo-1.png","contentUrl":"https:\/\/librairie7l.com\/wp-content\/uploads\/2022\/08\/logo-1.png","width":227,"height":301,"caption":"Librairie 7L"},"image":{"@id":"https:\/\/librairie7l.com\/en\/#\/schema\/logo\/image\/"}}]}},"_links":{"self":[{"href":"https:\/\/librairie7l.com\/en\/wp-json\/wp\/v2\/product\/32323"}],"collection":[{"href":"https:\/\/librairie7l.com\/en\/wp-json\/wp\/v2\/product"}],"about":[{"href":"https:\/\/librairie7l.com\/en\/wp-json\/wp\/v2\/types\/product"}],"wp:featuredmedia":[{"embeddable":true,"href":"https:\/\/librairie7l.com\/en\/wp-json\/wp\/v2\/media\/32321"}],"wp:attachment":[{"href":"https:\/\/librairie7l.com\/en\/wp-json\/wp\/v2\/media?parent=32323"}],"wp:term":[{"taxonomy":"product_cat","embeddable":true,"href":"https:\/\/librairie7l.com\/en\/wp-json\/wp\/v2\/product_cat?post=32323"},{"taxonomy":"product_tag","embeddable":true,"href":"https:\/\/librairie7l.com\/en\/wp-json\/wp\/v2\/product_tag?post=32323"}],"curies":[{"name":"wp","href":"https:\/\/api.w.org\/{rel}","templated":true}]}}