{"id":32329,"date":"2023-06-09T11:58:39","date_gmt":"2023-06-09T09:58:39","guid":{"rendered":"https:\/\/librairie7l.com\/?post_type=product&#038;p=32329"},"modified":"2026-04-30T18:47:34","modified_gmt":"2026-04-30T16:47:34","slug":"maya-rochat","status":"publish","type":"product","link":"https:\/\/librairie7l.com\/en\/produit\/maya-rochat\/","title":{"rendered":"MAYA ROCHAT"},"content":{"rendered":"<p>Proc\u00e9dant par une superposition de photographies, de textes et de peintures abstraites, mais aussi par l&#8217;alt\u00e9ration num\u00e9rique ou physique des images, Maya Rochat a d\u00e9velopp\u00e9 un langage formel singulier. Dans ses premi\u00e8res ann\u00e9es (2010-2014), elle joue sur la densit\u00e9 des collages pour des images qui embrassent un contenu politique contestataire marqu\u00e9. \u00c0 partir de 2015, elle se tourne vers des photographies de v\u00e9g\u00e9taux, de roches ou encore de rivi\u00e8res, qu&#8217;elle transforme pour proposer de grands formats, hautement satur\u00e9s en couleur, dans une d\u00e9marche de r\u00e9enchantement de la nature. Si ses s\u00e9ries commencent toujours par un livre, elles peuvent se d\u00e9ployer de bien des mani\u00e8res, notamment en vid\u00e9o et par des performances.<\/p>\n<p>Une collection dirig\u00e9e par Simon Baker, directeur de la Maison europ\u00e9enne de la photographie.<\/p>\n","protected":false},"excerpt":{"rendered":"<p>Proc\u00e9dant par une superposition de photographies, de textes et de peintures abstraites, mais aussi par l&#8217;alt\u00e9ration num\u00e9rique ou physique des images, Maya Rochat a d\u00e9velopp\u00e9 un langage formel singulier. Dans ses premi\u00e8res ann\u00e9es (2010-2014), elle joue sur la densit\u00e9 des collages pour des images qui embrassent un contenu politique contestataire marqu\u00e9. \u00c0 partir de 2015, [&hellip;]<\/p>\n","protected":false},"featured_media":32327,"template":"","meta":[],"product_cat":[2948,2958],"product_tag":[],"acf":[],"yoast_head":"<!-- This site is optimized with the Yoast SEO plugin v20.11 - https:\/\/yoast.com\/wordpress\/plugins\/seo\/ -->\n<title>MAYA ROCHAT - Librairie 7L<\/title>\n<meta name=\"robots\" content=\"index, follow, max-snippet:-1, max-image-preview:large, max-video-preview:-1\" \/>\n<link rel=\"canonical\" href=\"https:\/\/librairie7l.com\/en\/produit\/maya-rochat\/\" \/>\n<meta property=\"og:locale\" content=\"en_US\" \/>\n<meta property=\"og:type\" content=\"article\" \/>\n<meta property=\"og:title\" content=\"MAYA ROCHAT - Librairie 7L\" \/>\n<meta property=\"og:description\" content=\"Proc\u00e9dant par une superposition de photographies, de textes et de peintures abstraites, mais aussi par l&#8217;alt\u00e9ration num\u00e9rique ou physique des images, Maya Rochat a d\u00e9velopp\u00e9 un langage formel singulier. Dans ses premi\u00e8res ann\u00e9es (2010-2014), elle joue sur la densit\u00e9 des collages pour des images qui embrassent un contenu politique contestataire marqu\u00e9. \u00c0 partir de 2015, [&hellip;]\" \/>\n<meta property=\"og:url\" content=\"https:\/\/librairie7l.com\/en\/produit\/maya-rochat\/\" \/>\n<meta property=\"og:site_name\" content=\"Librairie 7L\" \/>\n<meta property=\"article:modified_time\" content=\"2026-04-30T16:47:34+00:00\" \/>\n<meta property=\"og:image\" content=\"https:\/\/librairie7l.com\/wp-content\/uploads\/2023\/02\/9791040113829_1_75.jpg\" \/>\n\t<meta property=\"og:image:width\" content=\"600\" \/>\n\t<meta property=\"og:image:height\" content=\"825\" \/>\n\t<meta property=\"og:image:type\" content=\"image\/jpeg\" \/>\n<meta name=\"twitter:card\" content=\"summary_large_image\" \/>\n<meta name=\"twitter:label1\" content=\"Est. reading time\" \/>\n\t<meta name=\"twitter:data1\" content=\"1 minute\" \/>\n<script type=\"application\/ld+json\" class=\"yoast-schema-graph\">{\"@context\":\"https:\/\/schema.org\",\"@graph\":[{\"@type\":\"WebPage\",\"@id\":\"https:\/\/librairie7l.com\/en\/produit\/maya-rochat\/\",\"url\":\"https:\/\/librairie7l.com\/en\/produit\/maya-rochat\/\",\"name\":\"MAYA ROCHAT - Librairie 7L\",\"isPartOf\":{\"@id\":\"https:\/\/librairie7l.com\/en\/#website\"},\"datePublished\":\"2023-06-09T09:58:39+00:00\",\"dateModified\":\"2026-04-30T16:47:34+00:00\",\"breadcrumb\":{\"@id\":\"https:\/\/librairie7l.com\/en\/produit\/maya-rochat\/#breadcrumb\"},\"inLanguage\":\"en-US\",\"potentialAction\":[{\"@type\":\"ReadAction\",\"target\":[\"https:\/\/librairie7l.com\/en\/produit\/maya-rochat\/\"]}]},{\"@type\":\"BreadcrumbList\",\"@id\":\"https:\/\/librairie7l.com\/en\/produit\/maya-rochat\/#breadcrumb\",\"itemListElement\":[{\"@type\":\"ListItem\",\"position\":1,\"name\":\"Accueil\",\"item\":\"https:\/\/librairie7l.com\/en\/\"},{\"@type\":\"ListItem\",\"position\":2,\"name\":\"Shop\",\"item\":\"https:\/\/librairie7l.com\/en\/shop\/\"},{\"@type\":\"ListItem\",\"position\":3,\"name\":\"MAYA ROCHAT\"}]},{\"@type\":\"WebSite\",\"@id\":\"https:\/\/librairie7l.com\/en\/#website\",\"url\":\"https:\/\/librairie7l.com\/en\/\",\"name\":\"Librairie 7L\",\"description\":\"Librairie fond\u00e9e en 1999 par Karl Lagerfeld \u00e0 Paris\",\"publisher\":{\"@id\":\"https:\/\/librairie7l.com\/en\/#organization\"},\"potentialAction\":[{\"@type\":\"SearchAction\",\"target\":{\"@type\":\"EntryPoint\",\"urlTemplate\":\"https:\/\/librairie7l.com\/en\/?s={search_term_string}\"},\"query-input\":\"required name=search_term_string\"}],\"inLanguage\":\"en-US\"},{\"@type\":\"Organization\",\"@id\":\"https:\/\/librairie7l.com\/en\/#organization\",\"name\":\"Librairie 7L\",\"url\":\"https:\/\/librairie7l.com\/en\/\",\"logo\":{\"@type\":\"ImageObject\",\"inLanguage\":\"en-US\",\"@id\":\"https:\/\/librairie7l.com\/en\/#\/schema\/logo\/image\/\",\"url\":\"https:\/\/librairie7l.com\/wp-content\/uploads\/2022\/08\/logo-1.png\",\"contentUrl\":\"https:\/\/librairie7l.com\/wp-content\/uploads\/2022\/08\/logo-1.png\",\"width\":227,\"height\":301,\"caption\":\"Librairie 7L\"},\"image\":{\"@id\":\"https:\/\/librairie7l.com\/en\/#\/schema\/logo\/image\/\"}}]}<\/script>\n<!-- \/ Yoast SEO plugin. -->","yoast_head_json":{"title":"MAYA ROCHAT - Librairie 7L","robots":{"index":"index","follow":"follow","max-snippet":"max-snippet:-1","max-image-preview":"max-image-preview:large","max-video-preview":"max-video-preview:-1"},"canonical":"https:\/\/librairie7l.com\/en\/produit\/maya-rochat\/","og_locale":"en_US","og_type":"article","og_title":"MAYA ROCHAT - Librairie 7L","og_description":"Proc\u00e9dant par une superposition de photographies, de textes et de peintures abstraites, mais aussi par l&#8217;alt\u00e9ration num\u00e9rique ou physique des images, Maya Rochat a d\u00e9velopp\u00e9 un langage formel singulier. Dans ses premi\u00e8res ann\u00e9es (2010-2014), elle joue sur la densit\u00e9 des collages pour des images qui embrassent un contenu politique contestataire marqu\u00e9. \u00c0 partir de 2015, [&hellip;]","og_url":"https:\/\/librairie7l.com\/en\/produit\/maya-rochat\/","og_site_name":"Librairie 7L","article_modified_time":"2026-04-30T16:47:34+00:00","og_image":[{"width":600,"height":825,"url":"https:\/\/librairie7l.com\/wp-content\/uploads\/2023\/02\/9791040113829_1_75.jpg","type":"image\/jpeg"}],"twitter_card":"summary_large_image","twitter_misc":{"Est. reading time":"1 minute"},"schema":{"@context":"https:\/\/schema.org","@graph":[{"@type":"WebPage","@id":"https:\/\/librairie7l.com\/en\/produit\/maya-rochat\/","url":"https:\/\/librairie7l.com\/en\/produit\/maya-rochat\/","name":"MAYA ROCHAT - Librairie 7L","isPartOf":{"@id":"https:\/\/librairie7l.com\/en\/#website"},"datePublished":"2023-06-09T09:58:39+00:00","dateModified":"2026-04-30T16:47:34+00:00","breadcrumb":{"@id":"https:\/\/librairie7l.com\/en\/produit\/maya-rochat\/#breadcrumb"},"inLanguage":"en-US","potentialAction":[{"@type":"ReadAction","target":["https:\/\/librairie7l.com\/en\/produit\/maya-rochat\/"]}]},{"@type":"BreadcrumbList","@id":"https:\/\/librairie7l.com\/en\/produit\/maya-rochat\/#breadcrumb","itemListElement":[{"@type":"ListItem","position":1,"name":"Accueil","item":"https:\/\/librairie7l.com\/en\/"},{"@type":"ListItem","position":2,"name":"Shop","item":"https:\/\/librairie7l.com\/en\/shop\/"},{"@type":"ListItem","position":3,"name":"MAYA ROCHAT"}]},{"@type":"WebSite","@id":"https:\/\/librairie7l.com\/en\/#website","url":"https:\/\/librairie7l.com\/en\/","name":"Librairie 7L","description":"Librairie fond\u00e9e en 1999 par Karl Lagerfeld \u00e0 Paris","publisher":{"@id":"https:\/\/librairie7l.com\/en\/#organization"},"potentialAction":[{"@type":"SearchAction","target":{"@type":"EntryPoint","urlTemplate":"https:\/\/librairie7l.com\/en\/?s={search_term_string}"},"query-input":"required name=search_term_string"}],"inLanguage":"en-US"},{"@type":"Organization","@id":"https:\/\/librairie7l.com\/en\/#organization","name":"Librairie 7L","url":"https:\/\/librairie7l.com\/en\/","logo":{"@type":"ImageObject","inLanguage":"en-US","@id":"https:\/\/librairie7l.com\/en\/#\/schema\/logo\/image\/","url":"https:\/\/librairie7l.com\/wp-content\/uploads\/2022\/08\/logo-1.png","contentUrl":"https:\/\/librairie7l.com\/wp-content\/uploads\/2022\/08\/logo-1.png","width":227,"height":301,"caption":"Librairie 7L"},"image":{"@id":"https:\/\/librairie7l.com\/en\/#\/schema\/logo\/image\/"}}]}},"_links":{"self":[{"href":"https:\/\/librairie7l.com\/en\/wp-json\/wp\/v2\/product\/32329"}],"collection":[{"href":"https:\/\/librairie7l.com\/en\/wp-json\/wp\/v2\/product"}],"about":[{"href":"https:\/\/librairie7l.com\/en\/wp-json\/wp\/v2\/types\/product"}],"wp:featuredmedia":[{"embeddable":true,"href":"https:\/\/librairie7l.com\/en\/wp-json\/wp\/v2\/media\/32327"}],"wp:attachment":[{"href":"https:\/\/librairie7l.com\/en\/wp-json\/wp\/v2\/media?parent=32329"}],"wp:term":[{"taxonomy":"product_cat","embeddable":true,"href":"https:\/\/librairie7l.com\/en\/wp-json\/wp\/v2\/product_cat?post=32329"},{"taxonomy":"product_tag","embeddable":true,"href":"https:\/\/librairie7l.com\/en\/wp-json\/wp\/v2\/product_tag?post=32329"}],"curies":[{"name":"wp","href":"https:\/\/api.w.org\/{rel}","templated":true}]}}