{"id":32333,"date":"2023-06-09T11:58:44","date_gmt":"2023-06-09T09:58:44","guid":{"rendered":"https:\/\/librairie7l.com\/?post_type=product&#038;p=32333"},"modified":"2026-04-05T22:22:35","modified_gmt":"2026-04-05T20:22:35","slug":"coco-capitan","status":"publish","type":"product","link":"https:\/\/librairie7l.com\/en\/produit\/coco-capitan\/","title":{"rendered":"COCO CAPIT\u00c1N"},"content":{"rendered":"<p>Tr\u00e8s t\u00f4t engag\u00e9e dans l&#8217;univers de la mode et du luxe, Coco Capit\u00e1n acquiert rapidement une notori\u00e9t\u00e9 internationale en tant que photographe de mode, secteur avec lequel elle collabore, non sans humour et d\u00e9rision, pour de nombreuses marques de luxe. Mais son travail est beaucoup plus vaste : \u00e0 seulement 30 ans, Coco Capit\u00e1n est une artiste d\u00e9j\u00e0 accomplie qui allie la photographie, la peinture et les performances \u00e0 un travail \u00e9ditorial constitu\u00e9 de slogans et d&#8217;aphorismes. Pour \u00abPercevoir \u00bb, elle parcourt l&#8217;ensemble de ses s\u00e9ries et nous plonge, par ses images comme par ses \u00e9crits, dans un univers singulier marqu\u00e9 par ses interrogations sur notre soci\u00e9t\u00e9 de consommation, notre rapport au corps ou notre mani\u00e8re de modeler les paysages&#8230;<\/p>\n<p>Une collection dirig\u00e9e par Simon Baker, directeur de la Maison europ\u00e9enne de la photographie.<\/p>\n","protected":false},"excerpt":{"rendered":"<p>Tr\u00e8s t\u00f4t engag\u00e9e dans l&#8217;univers de la mode et du luxe, Coco Capit\u00e1n acquiert rapidement une notori\u00e9t\u00e9 internationale en tant que photographe de mode, secteur avec lequel elle collabore, non sans humour et d\u00e9rision, pour de nombreuses marques de luxe. Mais son travail est beaucoup plus vaste : \u00e0 seulement 30 ans, Coco Capit\u00e1n est [&hellip;]<\/p>\n","protected":false},"featured_media":32331,"template":"","meta":[],"product_cat":[2948,2958],"product_tag":[],"acf":[],"yoast_head":"<!-- This site is optimized with the Yoast SEO plugin v20.11 - https:\/\/yoast.com\/wordpress\/plugins\/seo\/ -->\n<title>COCO CAPIT\u00c1N - Librairie 7L<\/title>\n<meta name=\"robots\" content=\"index, follow, max-snippet:-1, max-image-preview:large, max-video-preview:-1\" \/>\n<link rel=\"canonical\" href=\"https:\/\/librairie7l.com\/en\/produit\/coco-capitan\/\" \/>\n<meta property=\"og:locale\" content=\"en_US\" \/>\n<meta property=\"og:type\" content=\"article\" \/>\n<meta property=\"og:title\" content=\"COCO CAPIT\u00c1N - Librairie 7L\" \/>\n<meta property=\"og:description\" content=\"Tr\u00e8s t\u00f4t engag\u00e9e dans l&#8217;univers de la mode et du luxe, Coco Capit\u00e1n acquiert rapidement une notori\u00e9t\u00e9 internationale en tant que photographe de mode, secteur avec lequel elle collabore, non sans humour et d\u00e9rision, pour de nombreuses marques de luxe. Mais son travail est beaucoup plus vaste : \u00e0 seulement 30 ans, Coco Capit\u00e1n est [&hellip;]\" \/>\n<meta property=\"og:url\" content=\"https:\/\/librairie7l.com\/en\/produit\/coco-capitan\/\" \/>\n<meta property=\"og:site_name\" content=\"Librairie 7L\" \/>\n<meta property=\"article:modified_time\" content=\"2026-04-05T20:22:35+00:00\" \/>\n<meta property=\"og:image\" content=\"https:\/\/librairie7l.com\/wp-content\/uploads\/2022\/02\/9791040111153_1_75.jpg\" \/>\n\t<meta property=\"og:image:width\" content=\"600\" \/>\n\t<meta property=\"og:image:height\" content=\"825\" \/>\n\t<meta property=\"og:image:type\" content=\"image\/jpeg\" \/>\n<meta name=\"twitter:card\" content=\"summary_large_image\" \/>\n<meta name=\"twitter:label1\" content=\"Est. reading time\" \/>\n\t<meta name=\"twitter:data1\" content=\"1 minute\" \/>\n<script type=\"application\/ld+json\" class=\"yoast-schema-graph\">{\"@context\":\"https:\/\/schema.org\",\"@graph\":[{\"@type\":\"WebPage\",\"@id\":\"https:\/\/librairie7l.com\/en\/produit\/coco-capitan\/\",\"url\":\"https:\/\/librairie7l.com\/en\/produit\/coco-capitan\/\",\"name\":\"COCO CAPIT\u00c1N - Librairie 7L\",\"isPartOf\":{\"@id\":\"https:\/\/librairie7l.com\/en\/#website\"},\"datePublished\":\"2023-06-09T09:58:44+00:00\",\"dateModified\":\"2026-04-05T20:22:35+00:00\",\"breadcrumb\":{\"@id\":\"https:\/\/librairie7l.com\/en\/produit\/coco-capitan\/#breadcrumb\"},\"inLanguage\":\"en-US\",\"potentialAction\":[{\"@type\":\"ReadAction\",\"target\":[\"https:\/\/librairie7l.com\/en\/produit\/coco-capitan\/\"]}]},{\"@type\":\"BreadcrumbList\",\"@id\":\"https:\/\/librairie7l.com\/en\/produit\/coco-capitan\/#breadcrumb\",\"itemListElement\":[{\"@type\":\"ListItem\",\"position\":1,\"name\":\"Accueil\",\"item\":\"https:\/\/librairie7l.com\/en\/\"},{\"@type\":\"ListItem\",\"position\":2,\"name\":\"Shop\",\"item\":\"https:\/\/librairie7l.com\/en\/shop\/\"},{\"@type\":\"ListItem\",\"position\":3,\"name\":\"COCO CAPIT\u00c1N\"}]},{\"@type\":\"WebSite\",\"@id\":\"https:\/\/librairie7l.com\/en\/#website\",\"url\":\"https:\/\/librairie7l.com\/en\/\",\"name\":\"Librairie 7L\",\"description\":\"Librairie fond\u00e9e en 1999 par Karl Lagerfeld \u00e0 Paris\",\"publisher\":{\"@id\":\"https:\/\/librairie7l.com\/en\/#organization\"},\"potentialAction\":[{\"@type\":\"SearchAction\",\"target\":{\"@type\":\"EntryPoint\",\"urlTemplate\":\"https:\/\/librairie7l.com\/en\/?s={search_term_string}\"},\"query-input\":\"required name=search_term_string\"}],\"inLanguage\":\"en-US\"},{\"@type\":\"Organization\",\"@id\":\"https:\/\/librairie7l.com\/en\/#organization\",\"name\":\"Librairie 7L\",\"url\":\"https:\/\/librairie7l.com\/en\/\",\"logo\":{\"@type\":\"ImageObject\",\"inLanguage\":\"en-US\",\"@id\":\"https:\/\/librairie7l.com\/en\/#\/schema\/logo\/image\/\",\"url\":\"https:\/\/librairie7l.com\/wp-content\/uploads\/2022\/08\/logo-1.png\",\"contentUrl\":\"https:\/\/librairie7l.com\/wp-content\/uploads\/2022\/08\/logo-1.png\",\"width\":227,\"height\":301,\"caption\":\"Librairie 7L\"},\"image\":{\"@id\":\"https:\/\/librairie7l.com\/en\/#\/schema\/logo\/image\/\"}}]}<\/script>\n<!-- \/ Yoast SEO plugin. -->","yoast_head_json":{"title":"COCO CAPIT\u00c1N - Librairie 7L","robots":{"index":"index","follow":"follow","max-snippet":"max-snippet:-1","max-image-preview":"max-image-preview:large","max-video-preview":"max-video-preview:-1"},"canonical":"https:\/\/librairie7l.com\/en\/produit\/coco-capitan\/","og_locale":"en_US","og_type":"article","og_title":"COCO CAPIT\u00c1N - Librairie 7L","og_description":"Tr\u00e8s t\u00f4t engag\u00e9e dans l&#8217;univers de la mode et du luxe, Coco Capit\u00e1n acquiert rapidement une notori\u00e9t\u00e9 internationale en tant que photographe de mode, secteur avec lequel elle collabore, non sans humour et d\u00e9rision, pour de nombreuses marques de luxe. Mais son travail est beaucoup plus vaste : \u00e0 seulement 30 ans, Coco Capit\u00e1n est [&hellip;]","og_url":"https:\/\/librairie7l.com\/en\/produit\/coco-capitan\/","og_site_name":"Librairie 7L","article_modified_time":"2026-04-05T20:22:35+00:00","og_image":[{"width":600,"height":825,"url":"https:\/\/librairie7l.com\/wp-content\/uploads\/2022\/02\/9791040111153_1_75.jpg","type":"image\/jpeg"}],"twitter_card":"summary_large_image","twitter_misc":{"Est. reading time":"1 minute"},"schema":{"@context":"https:\/\/schema.org","@graph":[{"@type":"WebPage","@id":"https:\/\/librairie7l.com\/en\/produit\/coco-capitan\/","url":"https:\/\/librairie7l.com\/en\/produit\/coco-capitan\/","name":"COCO CAPIT\u00c1N - Librairie 7L","isPartOf":{"@id":"https:\/\/librairie7l.com\/en\/#website"},"datePublished":"2023-06-09T09:58:44+00:00","dateModified":"2026-04-05T20:22:35+00:00","breadcrumb":{"@id":"https:\/\/librairie7l.com\/en\/produit\/coco-capitan\/#breadcrumb"},"inLanguage":"en-US","potentialAction":[{"@type":"ReadAction","target":["https:\/\/librairie7l.com\/en\/produit\/coco-capitan\/"]}]},{"@type":"BreadcrumbList","@id":"https:\/\/librairie7l.com\/en\/produit\/coco-capitan\/#breadcrumb","itemListElement":[{"@type":"ListItem","position":1,"name":"Accueil","item":"https:\/\/librairie7l.com\/en\/"},{"@type":"ListItem","position":2,"name":"Shop","item":"https:\/\/librairie7l.com\/en\/shop\/"},{"@type":"ListItem","position":3,"name":"COCO CAPIT\u00c1N"}]},{"@type":"WebSite","@id":"https:\/\/librairie7l.com\/en\/#website","url":"https:\/\/librairie7l.com\/en\/","name":"Librairie 7L","description":"Librairie fond\u00e9e en 1999 par Karl Lagerfeld \u00e0 Paris","publisher":{"@id":"https:\/\/librairie7l.com\/en\/#organization"},"potentialAction":[{"@type":"SearchAction","target":{"@type":"EntryPoint","urlTemplate":"https:\/\/librairie7l.com\/en\/?s={search_term_string}"},"query-input":"required name=search_term_string"}],"inLanguage":"en-US"},{"@type":"Organization","@id":"https:\/\/librairie7l.com\/en\/#organization","name":"Librairie 7L","url":"https:\/\/librairie7l.com\/en\/","logo":{"@type":"ImageObject","inLanguage":"en-US","@id":"https:\/\/librairie7l.com\/en\/#\/schema\/logo\/image\/","url":"https:\/\/librairie7l.com\/wp-content\/uploads\/2022\/08\/logo-1.png","contentUrl":"https:\/\/librairie7l.com\/wp-content\/uploads\/2022\/08\/logo-1.png","width":227,"height":301,"caption":"Librairie 7L"},"image":{"@id":"https:\/\/librairie7l.com\/en\/#\/schema\/logo\/image\/"}}]}},"_links":{"self":[{"href":"https:\/\/librairie7l.com\/en\/wp-json\/wp\/v2\/product\/32333"}],"collection":[{"href":"https:\/\/librairie7l.com\/en\/wp-json\/wp\/v2\/product"}],"about":[{"href":"https:\/\/librairie7l.com\/en\/wp-json\/wp\/v2\/types\/product"}],"wp:featuredmedia":[{"embeddable":true,"href":"https:\/\/librairie7l.com\/en\/wp-json\/wp\/v2\/media\/32331"}],"wp:attachment":[{"href":"https:\/\/librairie7l.com\/en\/wp-json\/wp\/v2\/media?parent=32333"}],"wp:term":[{"taxonomy":"product_cat","embeddable":true,"href":"https:\/\/librairie7l.com\/en\/wp-json\/wp\/v2\/product_cat?post=32333"},{"taxonomy":"product_tag","embeddable":true,"href":"https:\/\/librairie7l.com\/en\/wp-json\/wp\/v2\/product_tag?post=32333"}],"curies":[{"name":"wp","href":"https:\/\/api.w.org\/{rel}","templated":true}]}}