{"id":32337,"date":"2023-06-09T11:58:46","date_gmt":"2023-06-09T09:58:46","guid":{"rendered":"https:\/\/librairie7l.com\/?post_type=product&#038;p=32337"},"modified":"2026-04-21T16:33:42","modified_gmt":"2026-04-21T14:33:42","slug":"emeric-lhuisset","status":"publish","type":"product","link":"https:\/\/librairie7l.com\/en\/produit\/emeric-lhuisset\/","title":{"rendered":"EMERIC LHUISSET"},"content":{"rendered":"<p>La d\u00e9marche artistique d&#8217;\u00c9meric Lhuisset interroge principalement la photographie en zone de guerre, sa capacit\u00e9 \u00e0 informer et les conditions de sa r\u00e9ception par le public. Arpentant depuis plus d&#8217;une dizaine d&#8217;ann\u00e9es la Turquie, l&#8217;Afghanistan, la Syrie ou encore l&#8217;Ukraine, ses s\u00e9ries travaillent les notions d&#8217;effacement, d&#8217;invisibilit\u00e9, au carrefour du temps et de l&#8217;espace.<\/p>\n<p>Percevoir (verbe tr.) : saisir, prendre connaissance par les sens, l&#8217;intuition ou l&#8217;entendement. Les \u00c9ditions de La Martini\u00e8re encouragent les nouveaux talents de la photographie et des arts visuels \u00e0 travers \u00ab Percevoir \u00bb, une collection de livres qui porte un autre regard sur l&#8217;image : mouvante, fragmentaire et multiple, comme le monde qui nous entoure. \u00c0 chaque artiste, une r\u00e9ponse singuli\u00e8re. Une collection dirig\u00e9e par Simon Baker, directeur de la maison europ\u00e9enne de la photographie.<\/p>\n","protected":false},"excerpt":{"rendered":"<p>La d\u00e9marche artistique d&#8217;\u00c9meric Lhuisset interroge principalement la photographie en zone de guerre, sa capacit\u00e9 \u00e0 informer et les conditions de sa r\u00e9ception par le public. Arpentant depuis plus d&#8217;une dizaine d&#8217;ann\u00e9es la Turquie, l&#8217;Afghanistan, la Syrie ou encore l&#8217;Ukraine, ses s\u00e9ries travaillent les notions d&#8217;effacement, d&#8217;invisibilit\u00e9, au carrefour du temps et de l&#8217;espace. Percevoir [&hellip;]<\/p>\n","protected":false},"featured_media":32335,"template":"","meta":[],"product_cat":[2948,2958],"product_tag":[],"acf":[],"yoast_head":"<!-- This site is optimized with the Yoast SEO plugin v20.11 - https:\/\/yoast.com\/wordpress\/plugins\/seo\/ -->\n<title>EMERIC LHUISSET - Librairie 7L<\/title>\n<meta name=\"robots\" content=\"index, follow, max-snippet:-1, max-image-preview:large, max-video-preview:-1\" \/>\n<link rel=\"canonical\" href=\"https:\/\/librairie7l.com\/en\/produit\/emeric-lhuisset\/\" \/>\n<meta property=\"og:locale\" content=\"en_US\" \/>\n<meta property=\"og:type\" content=\"article\" \/>\n<meta property=\"og:title\" content=\"EMERIC LHUISSET - Librairie 7L\" \/>\n<meta property=\"og:description\" content=\"La d\u00e9marche artistique d&#8217;\u00c9meric Lhuisset interroge principalement la photographie en zone de guerre, sa capacit\u00e9 \u00e0 informer et les conditions de sa r\u00e9ception par le public. Arpentant depuis plus d&#8217;une dizaine d&#8217;ann\u00e9es la Turquie, l&#8217;Afghanistan, la Syrie ou encore l&#8217;Ukraine, ses s\u00e9ries travaillent les notions d&#8217;effacement, d&#8217;invisibilit\u00e9, au carrefour du temps et de l&#8217;espace. Percevoir [&hellip;]\" \/>\n<meta property=\"og:url\" content=\"https:\/\/librairie7l.com\/en\/produit\/emeric-lhuisset\/\" \/>\n<meta property=\"og:site_name\" content=\"Librairie 7L\" \/>\n<meta property=\"article:modified_time\" content=\"2026-04-21T14:33:42+00:00\" \/>\n<meta property=\"og:image\" content=\"https:\/\/librairie7l.com\/wp-content\/uploads\/2022\/06\/9791040113263_1_75.jpg\" \/>\n\t<meta property=\"og:image:width\" content=\"600\" \/>\n\t<meta property=\"og:image:height\" content=\"825\" \/>\n\t<meta property=\"og:image:type\" content=\"image\/jpeg\" \/>\n<meta name=\"twitter:card\" content=\"summary_large_image\" \/>\n<meta name=\"twitter:label1\" content=\"Est. reading time\" \/>\n\t<meta name=\"twitter:data1\" content=\"1 minute\" \/>\n<script type=\"application\/ld+json\" class=\"yoast-schema-graph\">{\"@context\":\"https:\/\/schema.org\",\"@graph\":[{\"@type\":\"WebPage\",\"@id\":\"https:\/\/librairie7l.com\/en\/produit\/emeric-lhuisset\/\",\"url\":\"https:\/\/librairie7l.com\/en\/produit\/emeric-lhuisset\/\",\"name\":\"EMERIC LHUISSET - Librairie 7L\",\"isPartOf\":{\"@id\":\"https:\/\/librairie7l.com\/en\/#website\"},\"datePublished\":\"2023-06-09T09:58:46+00:00\",\"dateModified\":\"2026-04-21T14:33:42+00:00\",\"breadcrumb\":{\"@id\":\"https:\/\/librairie7l.com\/en\/produit\/emeric-lhuisset\/#breadcrumb\"},\"inLanguage\":\"en-US\",\"potentialAction\":[{\"@type\":\"ReadAction\",\"target\":[\"https:\/\/librairie7l.com\/en\/produit\/emeric-lhuisset\/\"]}]},{\"@type\":\"BreadcrumbList\",\"@id\":\"https:\/\/librairie7l.com\/en\/produit\/emeric-lhuisset\/#breadcrumb\",\"itemListElement\":[{\"@type\":\"ListItem\",\"position\":1,\"name\":\"Accueil\",\"item\":\"https:\/\/librairie7l.com\/en\/\"},{\"@type\":\"ListItem\",\"position\":2,\"name\":\"Shop\",\"item\":\"https:\/\/librairie7l.com\/en\/shop\/\"},{\"@type\":\"ListItem\",\"position\":3,\"name\":\"EMERIC LHUISSET\"}]},{\"@type\":\"WebSite\",\"@id\":\"https:\/\/librairie7l.com\/en\/#website\",\"url\":\"https:\/\/librairie7l.com\/en\/\",\"name\":\"Librairie 7L\",\"description\":\"Librairie fond\u00e9e en 1999 par Karl Lagerfeld \u00e0 Paris\",\"publisher\":{\"@id\":\"https:\/\/librairie7l.com\/en\/#organization\"},\"potentialAction\":[{\"@type\":\"SearchAction\",\"target\":{\"@type\":\"EntryPoint\",\"urlTemplate\":\"https:\/\/librairie7l.com\/en\/?s={search_term_string}\"},\"query-input\":\"required name=search_term_string\"}],\"inLanguage\":\"en-US\"},{\"@type\":\"Organization\",\"@id\":\"https:\/\/librairie7l.com\/en\/#organization\",\"name\":\"Librairie 7L\",\"url\":\"https:\/\/librairie7l.com\/en\/\",\"logo\":{\"@type\":\"ImageObject\",\"inLanguage\":\"en-US\",\"@id\":\"https:\/\/librairie7l.com\/en\/#\/schema\/logo\/image\/\",\"url\":\"https:\/\/librairie7l.com\/wp-content\/uploads\/2022\/08\/logo-1.png\",\"contentUrl\":\"https:\/\/librairie7l.com\/wp-content\/uploads\/2022\/08\/logo-1.png\",\"width\":227,\"height\":301,\"caption\":\"Librairie 7L\"},\"image\":{\"@id\":\"https:\/\/librairie7l.com\/en\/#\/schema\/logo\/image\/\"}}]}<\/script>\n<!-- \/ Yoast SEO plugin. -->","yoast_head_json":{"title":"EMERIC LHUISSET - Librairie 7L","robots":{"index":"index","follow":"follow","max-snippet":"max-snippet:-1","max-image-preview":"max-image-preview:large","max-video-preview":"max-video-preview:-1"},"canonical":"https:\/\/librairie7l.com\/en\/produit\/emeric-lhuisset\/","og_locale":"en_US","og_type":"article","og_title":"EMERIC LHUISSET - Librairie 7L","og_description":"La d\u00e9marche artistique d&#8217;\u00c9meric Lhuisset interroge principalement la photographie en zone de guerre, sa capacit\u00e9 \u00e0 informer et les conditions de sa r\u00e9ception par le public. Arpentant depuis plus d&#8217;une dizaine d&#8217;ann\u00e9es la Turquie, l&#8217;Afghanistan, la Syrie ou encore l&#8217;Ukraine, ses s\u00e9ries travaillent les notions d&#8217;effacement, d&#8217;invisibilit\u00e9, au carrefour du temps et de l&#8217;espace. Percevoir [&hellip;]","og_url":"https:\/\/librairie7l.com\/en\/produit\/emeric-lhuisset\/","og_site_name":"Librairie 7L","article_modified_time":"2026-04-21T14:33:42+00:00","og_image":[{"width":600,"height":825,"url":"https:\/\/librairie7l.com\/wp-content\/uploads\/2022\/06\/9791040113263_1_75.jpg","type":"image\/jpeg"}],"twitter_card":"summary_large_image","twitter_misc":{"Est. reading time":"1 minute"},"schema":{"@context":"https:\/\/schema.org","@graph":[{"@type":"WebPage","@id":"https:\/\/librairie7l.com\/en\/produit\/emeric-lhuisset\/","url":"https:\/\/librairie7l.com\/en\/produit\/emeric-lhuisset\/","name":"EMERIC LHUISSET - Librairie 7L","isPartOf":{"@id":"https:\/\/librairie7l.com\/en\/#website"},"datePublished":"2023-06-09T09:58:46+00:00","dateModified":"2026-04-21T14:33:42+00:00","breadcrumb":{"@id":"https:\/\/librairie7l.com\/en\/produit\/emeric-lhuisset\/#breadcrumb"},"inLanguage":"en-US","potentialAction":[{"@type":"ReadAction","target":["https:\/\/librairie7l.com\/en\/produit\/emeric-lhuisset\/"]}]},{"@type":"BreadcrumbList","@id":"https:\/\/librairie7l.com\/en\/produit\/emeric-lhuisset\/#breadcrumb","itemListElement":[{"@type":"ListItem","position":1,"name":"Accueil","item":"https:\/\/librairie7l.com\/en\/"},{"@type":"ListItem","position":2,"name":"Shop","item":"https:\/\/librairie7l.com\/en\/shop\/"},{"@type":"ListItem","position":3,"name":"EMERIC LHUISSET"}]},{"@type":"WebSite","@id":"https:\/\/librairie7l.com\/en\/#website","url":"https:\/\/librairie7l.com\/en\/","name":"Librairie 7L","description":"Librairie fond\u00e9e en 1999 par Karl Lagerfeld \u00e0 Paris","publisher":{"@id":"https:\/\/librairie7l.com\/en\/#organization"},"potentialAction":[{"@type":"SearchAction","target":{"@type":"EntryPoint","urlTemplate":"https:\/\/librairie7l.com\/en\/?s={search_term_string}"},"query-input":"required name=search_term_string"}],"inLanguage":"en-US"},{"@type":"Organization","@id":"https:\/\/librairie7l.com\/en\/#organization","name":"Librairie 7L","url":"https:\/\/librairie7l.com\/en\/","logo":{"@type":"ImageObject","inLanguage":"en-US","@id":"https:\/\/librairie7l.com\/en\/#\/schema\/logo\/image\/","url":"https:\/\/librairie7l.com\/wp-content\/uploads\/2022\/08\/logo-1.png","contentUrl":"https:\/\/librairie7l.com\/wp-content\/uploads\/2022\/08\/logo-1.png","width":227,"height":301,"caption":"Librairie 7L"},"image":{"@id":"https:\/\/librairie7l.com\/en\/#\/schema\/logo\/image\/"}}]}},"_links":{"self":[{"href":"https:\/\/librairie7l.com\/en\/wp-json\/wp\/v2\/product\/32337"}],"collection":[{"href":"https:\/\/librairie7l.com\/en\/wp-json\/wp\/v2\/product"}],"about":[{"href":"https:\/\/librairie7l.com\/en\/wp-json\/wp\/v2\/types\/product"}],"wp:featuredmedia":[{"embeddable":true,"href":"https:\/\/librairie7l.com\/en\/wp-json\/wp\/v2\/media\/32335"}],"wp:attachment":[{"href":"https:\/\/librairie7l.com\/en\/wp-json\/wp\/v2\/media?parent=32337"}],"wp:term":[{"taxonomy":"product_cat","embeddable":true,"href":"https:\/\/librairie7l.com\/en\/wp-json\/wp\/v2\/product_cat?post=32337"},{"taxonomy":"product_tag","embeddable":true,"href":"https:\/\/librairie7l.com\/en\/wp-json\/wp\/v2\/product_tag?post=32337"}],"curies":[{"name":"wp","href":"https:\/\/api.w.org\/{rel}","templated":true}]}}