{"id":32341,"date":"2023-06-09T12:07:17","date_gmt":"2023-06-09T10:07:17","guid":{"rendered":"https:\/\/librairie7l.com\/?post_type=product&#038;p=32341"},"modified":"2026-04-05T20:49:34","modified_gmt":"2026-04-05T18:49:34","slug":"le-parfum-des-forets-lhomme-et-larbre-un-lien-millenaire","status":"publish","type":"product","link":"https:\/\/librairie7l.com\/en\/produit\/le-parfum-des-forets-lhomme-et-larbre-un-lien-millenaire\/","title":{"rendered":"LE PARFUM DES FOR\u00caTS : L&#8217;HOMME ET L&#8217;ARBRE, UN LIEN MILL\u00c9NAIRE"},"content":{"rendered":"<p>A l&#8217;heure o\u00f9 la destruction des for\u00eats suscite les plus vives inqui\u00e9tudes, souvenons-nous que l&#8217;humanit\u00e9 et les arbres ont toujours form\u00e9 un duo vital. Amoureux des for\u00eats qu&#8217;il arpente depuis l&#8217;enfance, Dominique Roques \u00e9voque avec une lucidit\u00e9 sensible la magie de ses rencontres avec plusieurs grandes esp\u00e8ces d&#8217;arbres, tout en mettant en lumi\u00e8re les contradictions d&#8217;une \u00e9conomie essentielle \u00e0 l&#8217;humanit\u00e9.  <\/p>\n<p>Car les humains ont grandi parmi les arbres et gr\u00e2ce \u00e0 eux. Depuis l&#8217;invention de la hache, le m\u00eame paradoxe est \u00e0 l&#8217;oeuvre : en coupant du bois, la population se s\u00e9dentarise et abat toujours plus d&#8217;arbres. De sorte qu&#8217;en un peu plus d&#8217;un si\u00e8cle, nous avons coup\u00e9 la moiti\u00e9 des for\u00eats de la plan\u00e8te. Une acc\u00e9l\u00e9ration mortif\u00e8re.<\/p>\n<p>Bucheron, sourceur, grand voyageur, \u00e0 travers le fil conducteur du parfum, omnipr\u00e9sent de la cime des pins aux fum\u00e9es du charbon de bois, Dominique Roques restitue magistralement le destin de for\u00eats exceptionnelles. Les mythiques c\u00e8dres du Liban, qui servirent \u00e0 \u00e9riger le temple de Salomon. Les h\u00eatres d&#8217;Europe, symboles de myst\u00e8re et de danger, abattus pour faire reculer le monde sauvage. Les s\u00e9quoias g\u00e9ants de Californie, d\u00e9cim\u00e9s par l&#8217;arriv\u00e9e de la m\u00e9canisation, qui firent na\u00eetre la conscience \u00e9cologique am\u00e9ricaine. Ou encore le ga\u00efac bleu, bois saint du Paraguay, refuge des populations guarani. Autant d&#8217;histoires fabuleuses et souvent tragiques.<\/p>\n<p>Tout s\u00e9pare l&#8217;arbre, programm\u00e9 pour une forme d&#8217;\u00e9ternit\u00e9, et l&#8217;homme, sur terre un court instant. Des Gingko ont surv\u00e9cu \u00e0 Hiroshima, Tchernobyl est aujourd&#8217;hui dens\u00e9ment bois\u00e9  : quoiqu&#8217;il leur arrive, coup\u00e9es, br\u00fbl\u00e9es, les for\u00eats repoussent, tissant inlassablement ce que nous d\u00e9chirons.   Mais en ab\u00eemant les arbres, c&#8217;est nous-m\u00eame que nous mettons en p\u00e9ril.<\/p>\n<p>Aussi, \u00e0 la suite du Giono de L&#8217;homme qui plantait des arbres, ce r\u00e9cit d&#8217;une \u00e9criture magnifique appelle \u00e0 prot\u00e9ger, restaurer et replanter les for\u00eats sauvages. Si la nature a besoin de nous, nous avons encore plus besoin d&#8217;elle. Il y a urgence. R\u00e9concilions-nous avec ce dernier refuge contre le bruit et la fureur des hommes.<\/p>\n","protected":false},"excerpt":{"rendered":"<p>A l&#8217;heure o\u00f9 la destruction des for\u00eats suscite les plus vives inqui\u00e9tudes, souvenons-nous que l&#8217;humanit\u00e9 et les arbres ont toujours form\u00e9 un duo vital. Amoureux des for\u00eats qu&#8217;il arpente depuis l&#8217;enfance, Dominique Roques \u00e9voque avec une lucidit\u00e9 sensible la magie de ses rencontres avec plusieurs grandes esp\u00e8ces d&#8217;arbres, tout en mettant en lumi\u00e8re les contradictions [&hellip;]<\/p>\n","protected":false},"featured_media":32339,"template":"","meta":[],"product_cat":[2948,2956],"product_tag":[],"acf":[],"yoast_head":"<!-- This site is optimized with the Yoast SEO plugin v20.11 - https:\/\/yoast.com\/wordpress\/plugins\/seo\/ -->\n<title>LE PARFUM DES FOR\u00caTS : L&#039;HOMME ET L&#039;ARBRE, UN LIEN MILL\u00c9NAIRE - Librairie 7L<\/title>\n<meta name=\"robots\" content=\"index, follow, max-snippet:-1, max-image-preview:large, max-video-preview:-1\" \/>\n<link rel=\"canonical\" href=\"https:\/\/librairie7l.com\/en\/produit\/le-parfum-des-forets-lhomme-et-larbre-un-lien-millenaire\/\" \/>\n<meta property=\"og:locale\" content=\"en_US\" \/>\n<meta property=\"og:type\" content=\"article\" \/>\n<meta property=\"og:title\" content=\"LE PARFUM DES FOR\u00caTS : L&#039;HOMME ET L&#039;ARBRE, UN LIEN MILL\u00c9NAIRE - Librairie 7L\" \/>\n<meta property=\"og:description\" content=\"A l&#8217;heure o\u00f9 la destruction des for\u00eats suscite les plus vives inqui\u00e9tudes, souvenons-nous que l&#8217;humanit\u00e9 et les arbres ont toujours form\u00e9 un duo vital. Amoureux des for\u00eats qu&#8217;il arpente depuis l&#8217;enfance, Dominique Roques \u00e9voque avec une lucidit\u00e9 sensible la magie de ses rencontres avec plusieurs grandes esp\u00e8ces d&#8217;arbres, tout en mettant en lumi\u00e8re les contradictions [&hellip;]\" \/>\n<meta property=\"og:url\" content=\"https:\/\/librairie7l.com\/en\/produit\/le-parfum-des-forets-lhomme-et-larbre-un-lien-millenaire\/\" \/>\n<meta property=\"og:site_name\" content=\"Librairie 7L\" \/>\n<meta property=\"article:modified_time\" content=\"2026-04-05T18:49:34+00:00\" \/>\n<meta property=\"og:image\" content=\"https:\/\/librairie7l.com\/wp-content\/uploads\/2023\/02\/9782246831648_1_75.jpg\" \/>\n\t<meta property=\"og:image:width\" content=\"600\" \/>\n\t<meta property=\"og:image:height\" content=\"861\" \/>\n\t<meta property=\"og:image:type\" content=\"image\/jpeg\" \/>\n<meta name=\"twitter:card\" content=\"summary_large_image\" \/>\n<meta name=\"twitter:label1\" content=\"Est. reading time\" \/>\n\t<meta name=\"twitter:data1\" content=\"2 minutes\" \/>\n<script type=\"application\/ld+json\" class=\"yoast-schema-graph\">{\"@context\":\"https:\/\/schema.org\",\"@graph\":[{\"@type\":\"WebPage\",\"@id\":\"https:\/\/librairie7l.com\/en\/produit\/le-parfum-des-forets-lhomme-et-larbre-un-lien-millenaire\/\",\"url\":\"https:\/\/librairie7l.com\/en\/produit\/le-parfum-des-forets-lhomme-et-larbre-un-lien-millenaire\/\",\"name\":\"LE PARFUM DES FOR\u00caTS : L'HOMME ET L'ARBRE, UN LIEN MILL\u00c9NAIRE - Librairie 7L\",\"isPartOf\":{\"@id\":\"https:\/\/librairie7l.com\/en\/#website\"},\"datePublished\":\"2023-06-09T10:07:17+00:00\",\"dateModified\":\"2026-04-05T18:49:34+00:00\",\"breadcrumb\":{\"@id\":\"https:\/\/librairie7l.com\/en\/produit\/le-parfum-des-forets-lhomme-et-larbre-un-lien-millenaire\/#breadcrumb\"},\"inLanguage\":\"en-US\",\"potentialAction\":[{\"@type\":\"ReadAction\",\"target\":[\"https:\/\/librairie7l.com\/en\/produit\/le-parfum-des-forets-lhomme-et-larbre-un-lien-millenaire\/\"]}]},{\"@type\":\"BreadcrumbList\",\"@id\":\"https:\/\/librairie7l.com\/en\/produit\/le-parfum-des-forets-lhomme-et-larbre-un-lien-millenaire\/#breadcrumb\",\"itemListElement\":[{\"@type\":\"ListItem\",\"position\":1,\"name\":\"Accueil\",\"item\":\"https:\/\/librairie7l.com\/en\/\"},{\"@type\":\"ListItem\",\"position\":2,\"name\":\"Shop\",\"item\":\"https:\/\/librairie7l.com\/en\/shop\/\"},{\"@type\":\"ListItem\",\"position\":3,\"name\":\"LE PARFUM DES FOR\u00caTS : L&#8217;HOMME ET L&#8217;ARBRE, UN LIEN MILL\u00c9NAIRE\"}]},{\"@type\":\"WebSite\",\"@id\":\"https:\/\/librairie7l.com\/en\/#website\",\"url\":\"https:\/\/librairie7l.com\/en\/\",\"name\":\"Librairie 7L\",\"description\":\"Librairie fond\u00e9e en 1999 par Karl Lagerfeld \u00e0 Paris\",\"publisher\":{\"@id\":\"https:\/\/librairie7l.com\/en\/#organization\"},\"potentialAction\":[{\"@type\":\"SearchAction\",\"target\":{\"@type\":\"EntryPoint\",\"urlTemplate\":\"https:\/\/librairie7l.com\/en\/?s={search_term_string}\"},\"query-input\":\"required name=search_term_string\"}],\"inLanguage\":\"en-US\"},{\"@type\":\"Organization\",\"@id\":\"https:\/\/librairie7l.com\/en\/#organization\",\"name\":\"Librairie 7L\",\"url\":\"https:\/\/librairie7l.com\/en\/\",\"logo\":{\"@type\":\"ImageObject\",\"inLanguage\":\"en-US\",\"@id\":\"https:\/\/librairie7l.com\/en\/#\/schema\/logo\/image\/\",\"url\":\"https:\/\/librairie7l.com\/wp-content\/uploads\/2022\/08\/logo-1.png\",\"contentUrl\":\"https:\/\/librairie7l.com\/wp-content\/uploads\/2022\/08\/logo-1.png\",\"width\":227,\"height\":301,\"caption\":\"Librairie 7L\"},\"image\":{\"@id\":\"https:\/\/librairie7l.com\/en\/#\/schema\/logo\/image\/\"}}]}<\/script>\n<!-- \/ Yoast SEO plugin. -->","yoast_head_json":{"title":"LE PARFUM DES FOR\u00caTS : L'HOMME ET L'ARBRE, UN LIEN MILL\u00c9NAIRE - Librairie 7L","robots":{"index":"index","follow":"follow","max-snippet":"max-snippet:-1","max-image-preview":"max-image-preview:large","max-video-preview":"max-video-preview:-1"},"canonical":"https:\/\/librairie7l.com\/en\/produit\/le-parfum-des-forets-lhomme-et-larbre-un-lien-millenaire\/","og_locale":"en_US","og_type":"article","og_title":"LE PARFUM DES FOR\u00caTS : L'HOMME ET L'ARBRE, UN LIEN MILL\u00c9NAIRE - Librairie 7L","og_description":"A l&#8217;heure o\u00f9 la destruction des for\u00eats suscite les plus vives inqui\u00e9tudes, souvenons-nous que l&#8217;humanit\u00e9 et les arbres ont toujours form\u00e9 un duo vital. Amoureux des for\u00eats qu&#8217;il arpente depuis l&#8217;enfance, Dominique Roques \u00e9voque avec une lucidit\u00e9 sensible la magie de ses rencontres avec plusieurs grandes esp\u00e8ces d&#8217;arbres, tout en mettant en lumi\u00e8re les contradictions [&hellip;]","og_url":"https:\/\/librairie7l.com\/en\/produit\/le-parfum-des-forets-lhomme-et-larbre-un-lien-millenaire\/","og_site_name":"Librairie 7L","article_modified_time":"2026-04-05T18:49:34+00:00","og_image":[{"width":600,"height":861,"url":"https:\/\/librairie7l.com\/wp-content\/uploads\/2023\/02\/9782246831648_1_75.jpg","type":"image\/jpeg"}],"twitter_card":"summary_large_image","twitter_misc":{"Est. reading time":"2 minutes"},"schema":{"@context":"https:\/\/schema.org","@graph":[{"@type":"WebPage","@id":"https:\/\/librairie7l.com\/en\/produit\/le-parfum-des-forets-lhomme-et-larbre-un-lien-millenaire\/","url":"https:\/\/librairie7l.com\/en\/produit\/le-parfum-des-forets-lhomme-et-larbre-un-lien-millenaire\/","name":"LE PARFUM DES FOR\u00caTS : L'HOMME ET L'ARBRE, UN LIEN MILL\u00c9NAIRE - Librairie 7L","isPartOf":{"@id":"https:\/\/librairie7l.com\/en\/#website"},"datePublished":"2023-06-09T10:07:17+00:00","dateModified":"2026-04-05T18:49:34+00:00","breadcrumb":{"@id":"https:\/\/librairie7l.com\/en\/produit\/le-parfum-des-forets-lhomme-et-larbre-un-lien-millenaire\/#breadcrumb"},"inLanguage":"en-US","potentialAction":[{"@type":"ReadAction","target":["https:\/\/librairie7l.com\/en\/produit\/le-parfum-des-forets-lhomme-et-larbre-un-lien-millenaire\/"]}]},{"@type":"BreadcrumbList","@id":"https:\/\/librairie7l.com\/en\/produit\/le-parfum-des-forets-lhomme-et-larbre-un-lien-millenaire\/#breadcrumb","itemListElement":[{"@type":"ListItem","position":1,"name":"Accueil","item":"https:\/\/librairie7l.com\/en\/"},{"@type":"ListItem","position":2,"name":"Shop","item":"https:\/\/librairie7l.com\/en\/shop\/"},{"@type":"ListItem","position":3,"name":"LE PARFUM DES FOR\u00caTS : L&#8217;HOMME ET L&#8217;ARBRE, UN LIEN MILL\u00c9NAIRE"}]},{"@type":"WebSite","@id":"https:\/\/librairie7l.com\/en\/#website","url":"https:\/\/librairie7l.com\/en\/","name":"Librairie 7L","description":"Librairie fond\u00e9e en 1999 par Karl Lagerfeld \u00e0 Paris","publisher":{"@id":"https:\/\/librairie7l.com\/en\/#organization"},"potentialAction":[{"@type":"SearchAction","target":{"@type":"EntryPoint","urlTemplate":"https:\/\/librairie7l.com\/en\/?s={search_term_string}"},"query-input":"required name=search_term_string"}],"inLanguage":"en-US"},{"@type":"Organization","@id":"https:\/\/librairie7l.com\/en\/#organization","name":"Librairie 7L","url":"https:\/\/librairie7l.com\/en\/","logo":{"@type":"ImageObject","inLanguage":"en-US","@id":"https:\/\/librairie7l.com\/en\/#\/schema\/logo\/image\/","url":"https:\/\/librairie7l.com\/wp-content\/uploads\/2022\/08\/logo-1.png","contentUrl":"https:\/\/librairie7l.com\/wp-content\/uploads\/2022\/08\/logo-1.png","width":227,"height":301,"caption":"Librairie 7L"},"image":{"@id":"https:\/\/librairie7l.com\/en\/#\/schema\/logo\/image\/"}}]}},"_links":{"self":[{"href":"https:\/\/librairie7l.com\/en\/wp-json\/wp\/v2\/product\/32341"}],"collection":[{"href":"https:\/\/librairie7l.com\/en\/wp-json\/wp\/v2\/product"}],"about":[{"href":"https:\/\/librairie7l.com\/en\/wp-json\/wp\/v2\/types\/product"}],"wp:featuredmedia":[{"embeddable":true,"href":"https:\/\/librairie7l.com\/en\/wp-json\/wp\/v2\/media\/32339"}],"wp:attachment":[{"href":"https:\/\/librairie7l.com\/en\/wp-json\/wp\/v2\/media?parent=32341"}],"wp:term":[{"taxonomy":"product_cat","embeddable":true,"href":"https:\/\/librairie7l.com\/en\/wp-json\/wp\/v2\/product_cat?post=32341"},{"taxonomy":"product_tag","embeddable":true,"href":"https:\/\/librairie7l.com\/en\/wp-json\/wp\/v2\/product_tag?post=32341"}],"curies":[{"name":"wp","href":"https:\/\/api.w.org\/{rel}","templated":true}]}}