{"id":32361,"date":"2023-06-09T12:14:18","date_gmt":"2023-06-09T10:14:18","guid":{"rendered":"https:\/\/librairie7l.com\/?post_type=product&#038;p=32361"},"modified":"2026-04-11T07:07:01","modified_gmt":"2026-04-11T05:07:01","slug":"sous-le-regard-de-meduse-de-la-grece-antique-aux-arts-numeriques","status":"publish","type":"product","link":"https:\/\/librairie7l.com\/en\/produit\/sous-le-regard-de-meduse-de-la-grece-antique-aux-arts-numeriques\/","title":{"rendered":"SOUS LE REGARD DE M\u00c9DUSE : DE LA GR\u00c8CE ANTIQUE AUX ARTS NUM\u00c9RIQUES"},"content":{"rendered":"<p>Figure incontournable de la mythologie, M\u00e9duse a exerc\u00e9 son pouvoir de fascination sur de nombreux artistes qui ont contribu\u00e9, g\u00e9n\u00e9ration apr\u00e8s g\u00e9n\u00e9ration, \u00e0 la cr\u00e9ation d&#8217;un r\u00e9pertoire d&#8217;images d&#8217;une richesse inou\u00efe.<br \/>\nReconnaissable au grouillement de serpents qui forme sa chevelure et \u00e0 la fixit\u00e9 de ses yeux \u00e9carquill\u00e9s, M\u00e9duse est une figure aussi ambigu\u00eb que paradoxale : instrument de mort p\u00e9trifiant ceux qui croisent son regard, elle poss\u00e8de simultan\u00e9ment le pouvoir de d\u00e9tourner le mauvais sort et m\u00eame de ressusciter les d\u00e9funts.<br \/>\nAu cours des si\u00e8cles, les lectures du mythe ont \u00e9volu\u00e9, faisant subir \u00e0 M\u00e9duse de multiples m\u00e9tamorphoses. Reflet des peurs et des fantasmes traversant les soci\u00e9t\u00e9s occidentales, elle est devenue l&#8217;une des plus puissantes m\u00e9taphores de l&#8217;art et de son effet de saisissement sur le spectateur.<\/p>\n","protected":false},"excerpt":{"rendered":"<p>Figure incontournable de la mythologie, M\u00e9duse a exerc\u00e9 son pouvoir de fascination sur de nombreux artistes qui ont contribu\u00e9, g\u00e9n\u00e9ration apr\u00e8s g\u00e9n\u00e9ration, \u00e0 la cr\u00e9ation d&#8217;un r\u00e9pertoire d&#8217;images d&#8217;une richesse inou\u00efe. Reconnaissable au grouillement de serpents qui forme sa chevelure et \u00e0 la fixit\u00e9 de ses yeux \u00e9carquill\u00e9s, M\u00e9duse est une figure aussi ambigu\u00eb que [&hellip;]<\/p>\n","protected":false},"featured_media":32359,"template":"","meta":[],"product_cat":[2948,2953],"product_tag":[],"acf":[],"yoast_head":"<!-- This site is optimized with the Yoast SEO plugin v20.11 - https:\/\/yoast.com\/wordpress\/plugins\/seo\/ -->\n<title>SOUS LE REGARD DE M\u00c9DUSE : DE LA GR\u00c8CE ANTIQUE AUX ARTS NUM\u00c9RIQUES - Librairie 7L<\/title>\n<meta name=\"robots\" content=\"index, follow, max-snippet:-1, max-image-preview:large, max-video-preview:-1\" \/>\n<link rel=\"canonical\" href=\"https:\/\/librairie7l.com\/en\/produit\/sous-le-regard-de-meduse-de-la-grece-antique-aux-arts-numeriques\/\" \/>\n<meta property=\"og:locale\" content=\"en_US\" \/>\n<meta property=\"og:type\" content=\"article\" \/>\n<meta property=\"og:title\" content=\"SOUS LE REGARD DE M\u00c9DUSE : DE LA GR\u00c8CE ANTIQUE AUX ARTS NUM\u00c9RIQUES - Librairie 7L\" \/>\n<meta property=\"og:description\" content=\"Figure incontournable de la mythologie, M\u00e9duse a exerc\u00e9 son pouvoir de fascination sur de nombreux artistes qui ont contribu\u00e9, g\u00e9n\u00e9ration apr\u00e8s g\u00e9n\u00e9ration, \u00e0 la cr\u00e9ation d&#8217;un r\u00e9pertoire d&#8217;images d&#8217;une richesse inou\u00efe. Reconnaissable au grouillement de serpents qui forme sa chevelure et \u00e0 la fixit\u00e9 de ses yeux \u00e9carquill\u00e9s, M\u00e9duse est une figure aussi ambigu\u00eb que [&hellip;]\" \/>\n<meta property=\"og:url\" content=\"https:\/\/librairie7l.com\/en\/produit\/sous-le-regard-de-meduse-de-la-grece-antique-aux-arts-numeriques\/\" \/>\n<meta property=\"og:site_name\" content=\"Librairie 7L\" \/>\n<meta property=\"article:modified_time\" content=\"2026-04-11T05:07:01+00:00\" \/>\n<meta property=\"og:image\" content=\"https:\/\/librairie7l.com\/wp-content\/uploads\/2023\/02\/9782382031230_1_75.jpg\" \/>\n\t<meta property=\"og:image:width\" content=\"600\" \/>\n\t<meta property=\"og:image:height\" content=\"743\" \/>\n\t<meta property=\"og:image:type\" content=\"image\/jpeg\" \/>\n<meta name=\"twitter:card\" content=\"summary_large_image\" \/>\n<meta name=\"twitter:label1\" content=\"Est. reading time\" \/>\n\t<meta name=\"twitter:data1\" content=\"1 minute\" \/>\n<script type=\"application\/ld+json\" class=\"yoast-schema-graph\">{\"@context\":\"https:\/\/schema.org\",\"@graph\":[{\"@type\":\"WebPage\",\"@id\":\"https:\/\/librairie7l.com\/en\/produit\/sous-le-regard-de-meduse-de-la-grece-antique-aux-arts-numeriques\/\",\"url\":\"https:\/\/librairie7l.com\/en\/produit\/sous-le-regard-de-meduse-de-la-grece-antique-aux-arts-numeriques\/\",\"name\":\"SOUS LE REGARD DE M\u00c9DUSE : DE LA GR\u00c8CE ANTIQUE AUX ARTS NUM\u00c9RIQUES - Librairie 7L\",\"isPartOf\":{\"@id\":\"https:\/\/librairie7l.com\/en\/#website\"},\"datePublished\":\"2023-06-09T10:14:18+00:00\",\"dateModified\":\"2026-04-11T05:07:01+00:00\",\"breadcrumb\":{\"@id\":\"https:\/\/librairie7l.com\/en\/produit\/sous-le-regard-de-meduse-de-la-grece-antique-aux-arts-numeriques\/#breadcrumb\"},\"inLanguage\":\"en-US\",\"potentialAction\":[{\"@type\":\"ReadAction\",\"target\":[\"https:\/\/librairie7l.com\/en\/produit\/sous-le-regard-de-meduse-de-la-grece-antique-aux-arts-numeriques\/\"]}]},{\"@type\":\"BreadcrumbList\",\"@id\":\"https:\/\/librairie7l.com\/en\/produit\/sous-le-regard-de-meduse-de-la-grece-antique-aux-arts-numeriques\/#breadcrumb\",\"itemListElement\":[{\"@type\":\"ListItem\",\"position\":1,\"name\":\"Accueil\",\"item\":\"https:\/\/librairie7l.com\/en\/\"},{\"@type\":\"ListItem\",\"position\":2,\"name\":\"Shop\",\"item\":\"https:\/\/librairie7l.com\/en\/shop\/\"},{\"@type\":\"ListItem\",\"position\":3,\"name\":\"SOUS LE REGARD DE M\u00c9DUSE : DE LA GR\u00c8CE ANTIQUE AUX ARTS NUM\u00c9RIQUES\"}]},{\"@type\":\"WebSite\",\"@id\":\"https:\/\/librairie7l.com\/en\/#website\",\"url\":\"https:\/\/librairie7l.com\/en\/\",\"name\":\"Librairie 7L\",\"description\":\"Librairie fond\u00e9e en 1999 par Karl Lagerfeld \u00e0 Paris\",\"publisher\":{\"@id\":\"https:\/\/librairie7l.com\/en\/#organization\"},\"potentialAction\":[{\"@type\":\"SearchAction\",\"target\":{\"@type\":\"EntryPoint\",\"urlTemplate\":\"https:\/\/librairie7l.com\/en\/?s={search_term_string}\"},\"query-input\":\"required name=search_term_string\"}],\"inLanguage\":\"en-US\"},{\"@type\":\"Organization\",\"@id\":\"https:\/\/librairie7l.com\/en\/#organization\",\"name\":\"Librairie 7L\",\"url\":\"https:\/\/librairie7l.com\/en\/\",\"logo\":{\"@type\":\"ImageObject\",\"inLanguage\":\"en-US\",\"@id\":\"https:\/\/librairie7l.com\/en\/#\/schema\/logo\/image\/\",\"url\":\"https:\/\/librairie7l.com\/wp-content\/uploads\/2022\/08\/logo-1.png\",\"contentUrl\":\"https:\/\/librairie7l.com\/wp-content\/uploads\/2022\/08\/logo-1.png\",\"width\":227,\"height\":301,\"caption\":\"Librairie 7L\"},\"image\":{\"@id\":\"https:\/\/librairie7l.com\/en\/#\/schema\/logo\/image\/\"}}]}<\/script>\n<!-- \/ Yoast SEO plugin. -->","yoast_head_json":{"title":"SOUS LE REGARD DE M\u00c9DUSE : DE LA GR\u00c8CE ANTIQUE AUX ARTS NUM\u00c9RIQUES - Librairie 7L","robots":{"index":"index","follow":"follow","max-snippet":"max-snippet:-1","max-image-preview":"max-image-preview:large","max-video-preview":"max-video-preview:-1"},"canonical":"https:\/\/librairie7l.com\/en\/produit\/sous-le-regard-de-meduse-de-la-grece-antique-aux-arts-numeriques\/","og_locale":"en_US","og_type":"article","og_title":"SOUS LE REGARD DE M\u00c9DUSE : DE LA GR\u00c8CE ANTIQUE AUX ARTS NUM\u00c9RIQUES - Librairie 7L","og_description":"Figure incontournable de la mythologie, M\u00e9duse a exerc\u00e9 son pouvoir de fascination sur de nombreux artistes qui ont contribu\u00e9, g\u00e9n\u00e9ration apr\u00e8s g\u00e9n\u00e9ration, \u00e0 la cr\u00e9ation d&#8217;un r\u00e9pertoire d&#8217;images d&#8217;une richesse inou\u00efe. Reconnaissable au grouillement de serpents qui forme sa chevelure et \u00e0 la fixit\u00e9 de ses yeux \u00e9carquill\u00e9s, M\u00e9duse est une figure aussi ambigu\u00eb que [&hellip;]","og_url":"https:\/\/librairie7l.com\/en\/produit\/sous-le-regard-de-meduse-de-la-grece-antique-aux-arts-numeriques\/","og_site_name":"Librairie 7L","article_modified_time":"2026-04-11T05:07:01+00:00","og_image":[{"width":600,"height":743,"url":"https:\/\/librairie7l.com\/wp-content\/uploads\/2023\/02\/9782382031230_1_75.jpg","type":"image\/jpeg"}],"twitter_card":"summary_large_image","twitter_misc":{"Est. reading time":"1 minute"},"schema":{"@context":"https:\/\/schema.org","@graph":[{"@type":"WebPage","@id":"https:\/\/librairie7l.com\/en\/produit\/sous-le-regard-de-meduse-de-la-grece-antique-aux-arts-numeriques\/","url":"https:\/\/librairie7l.com\/en\/produit\/sous-le-regard-de-meduse-de-la-grece-antique-aux-arts-numeriques\/","name":"SOUS LE REGARD DE M\u00c9DUSE : DE LA GR\u00c8CE ANTIQUE AUX ARTS NUM\u00c9RIQUES - Librairie 7L","isPartOf":{"@id":"https:\/\/librairie7l.com\/en\/#website"},"datePublished":"2023-06-09T10:14:18+00:00","dateModified":"2026-04-11T05:07:01+00:00","breadcrumb":{"@id":"https:\/\/librairie7l.com\/en\/produit\/sous-le-regard-de-meduse-de-la-grece-antique-aux-arts-numeriques\/#breadcrumb"},"inLanguage":"en-US","potentialAction":[{"@type":"ReadAction","target":["https:\/\/librairie7l.com\/en\/produit\/sous-le-regard-de-meduse-de-la-grece-antique-aux-arts-numeriques\/"]}]},{"@type":"BreadcrumbList","@id":"https:\/\/librairie7l.com\/en\/produit\/sous-le-regard-de-meduse-de-la-grece-antique-aux-arts-numeriques\/#breadcrumb","itemListElement":[{"@type":"ListItem","position":1,"name":"Accueil","item":"https:\/\/librairie7l.com\/en\/"},{"@type":"ListItem","position":2,"name":"Shop","item":"https:\/\/librairie7l.com\/en\/shop\/"},{"@type":"ListItem","position":3,"name":"SOUS LE REGARD DE M\u00c9DUSE : DE LA GR\u00c8CE ANTIQUE AUX ARTS NUM\u00c9RIQUES"}]},{"@type":"WebSite","@id":"https:\/\/librairie7l.com\/en\/#website","url":"https:\/\/librairie7l.com\/en\/","name":"Librairie 7L","description":"Librairie fond\u00e9e en 1999 par Karl Lagerfeld \u00e0 Paris","publisher":{"@id":"https:\/\/librairie7l.com\/en\/#organization"},"potentialAction":[{"@type":"SearchAction","target":{"@type":"EntryPoint","urlTemplate":"https:\/\/librairie7l.com\/en\/?s={search_term_string}"},"query-input":"required name=search_term_string"}],"inLanguage":"en-US"},{"@type":"Organization","@id":"https:\/\/librairie7l.com\/en\/#organization","name":"Librairie 7L","url":"https:\/\/librairie7l.com\/en\/","logo":{"@type":"ImageObject","inLanguage":"en-US","@id":"https:\/\/librairie7l.com\/en\/#\/schema\/logo\/image\/","url":"https:\/\/librairie7l.com\/wp-content\/uploads\/2022\/08\/logo-1.png","contentUrl":"https:\/\/librairie7l.com\/wp-content\/uploads\/2022\/08\/logo-1.png","width":227,"height":301,"caption":"Librairie 7L"},"image":{"@id":"https:\/\/librairie7l.com\/en\/#\/schema\/logo\/image\/"}}]}},"_links":{"self":[{"href":"https:\/\/librairie7l.com\/en\/wp-json\/wp\/v2\/product\/32361"}],"collection":[{"href":"https:\/\/librairie7l.com\/en\/wp-json\/wp\/v2\/product"}],"about":[{"href":"https:\/\/librairie7l.com\/en\/wp-json\/wp\/v2\/types\/product"}],"wp:featuredmedia":[{"embeddable":true,"href":"https:\/\/librairie7l.com\/en\/wp-json\/wp\/v2\/media\/32359"}],"wp:attachment":[{"href":"https:\/\/librairie7l.com\/en\/wp-json\/wp\/v2\/media?parent=32361"}],"wp:term":[{"taxonomy":"product_cat","embeddable":true,"href":"https:\/\/librairie7l.com\/en\/wp-json\/wp\/v2\/product_cat?post=32361"},{"taxonomy":"product_tag","embeddable":true,"href":"https:\/\/librairie7l.com\/en\/wp-json\/wp\/v2\/product_tag?post=32361"}],"curies":[{"name":"wp","href":"https:\/\/api.w.org\/{rel}","templated":true}]}}