{"id":32365,"date":"2023-06-09T12:15:39","date_gmt":"2023-06-09T10:15:39","guid":{"rendered":"https:\/\/librairie7l.com\/?post_type=product&#038;p=32365"},"modified":"2026-04-08T10:51:09","modified_gmt":"2026-04-08T08:51:09","slug":"ingres-lartiste-et-ses-princes","status":"publish","type":"product","link":"https:\/\/librairie7l.com\/en\/produit\/ingres-lartiste-et-ses-princes\/","title":{"rendered":"INGRES : L&#8217;ARTISTE ET SES PRINCES"},"content":{"rendered":"<p>Artiste \u00e0 succ\u00e8s de la premi\u00e8re moiti\u00e9 du XIXe si\u00e8cle, Ingres est peintre inclassable et souvent visionnaire. Derri\u00e8re son apparent classicisme transparaissent une libert\u00e9 et un style uniques qui fascinent encore aujourd&#8217;hui.<br \/>\nAvec l&#8217;av\u00e8nement de la monarchie de Juillet (1830-1848), Ingres trouve dans la famille d&#8217;Orl\u00e9ans un soutien de poids et un milieu favorable lui permettant de r\u00e9aliser parmi ses plus grands chefs-d&#8217;oeuvre.<br \/>\nProvenant de collections nationales et internationales, tableaux et dessins command\u00e9s ou collectionn\u00e9s par les princes d&#8217;Orl\u00e9ans seront r\u00e9unis \u00e0 Chantilly, aux c\u00f4t\u00e9s de leurs \u00e9tudes et leurs variantes. Ils permettront de comprendre le travail long et m\u00e9thodique d&#8217;un des plus grands peintres fran\u00e7ais, artiste des princes et prince des artistes.<\/p>\n","protected":false},"excerpt":{"rendered":"<p>Artiste \u00e0 succ\u00e8s de la premi\u00e8re moiti\u00e9 du XIXe si\u00e8cle, Ingres est peintre inclassable et souvent visionnaire. Derri\u00e8re son apparent classicisme transparaissent une libert\u00e9 et un style uniques qui fascinent encore aujourd&#8217;hui. Avec l&#8217;av\u00e8nement de la monarchie de Juillet (1830-1848), Ingres trouve dans la famille d&#8217;Orl\u00e9ans un soutien de poids et un milieu favorable lui [&hellip;]<\/p>\n","protected":false},"featured_media":32363,"template":"","meta":[],"product_cat":[2948,2953],"product_tag":[],"acf":[],"yoast_head":"<!-- This site is optimized with the Yoast SEO plugin v20.11 - https:\/\/yoast.com\/wordpress\/plugins\/seo\/ -->\n<title>INGRES : L&#039;ARTISTE ET SES PRINCES - Librairie 7L<\/title>\n<meta name=\"robots\" content=\"index, follow, max-snippet:-1, max-image-preview:large, max-video-preview:-1\" \/>\n<link rel=\"canonical\" href=\"https:\/\/librairie7l.com\/en\/produit\/ingres-lartiste-et-ses-princes\/\" \/>\n<meta property=\"og:locale\" content=\"en_US\" \/>\n<meta property=\"og:type\" content=\"article\" \/>\n<meta property=\"og:title\" content=\"INGRES : L&#039;ARTISTE ET SES PRINCES - Librairie 7L\" \/>\n<meta property=\"og:description\" content=\"Artiste \u00e0 succ\u00e8s de la premi\u00e8re moiti\u00e9 du XIXe si\u00e8cle, Ingres est peintre inclassable et souvent visionnaire. Derri\u00e8re son apparent classicisme transparaissent une libert\u00e9 et un style uniques qui fascinent encore aujourd&#8217;hui. Avec l&#8217;av\u00e8nement de la monarchie de Juillet (1830-1848), Ingres trouve dans la famille d&#8217;Orl\u00e9ans un soutien de poids et un milieu favorable lui [&hellip;]\" \/>\n<meta property=\"og:url\" content=\"https:\/\/librairie7l.com\/en\/produit\/ingres-lartiste-et-ses-princes\/\" \/>\n<meta property=\"og:site_name\" content=\"Librairie 7L\" \/>\n<meta property=\"article:modified_time\" content=\"2026-04-08T08:51:09+00:00\" \/>\n<meta property=\"og:image\" content=\"https:\/\/librairie7l.com\/wp-content\/uploads\/2023\/02\/9782382031193_1_75.jpg\" \/>\n\t<meta property=\"og:image:width\" content=\"600\" \/>\n\t<meta property=\"og:image:height\" content=\"747\" \/>\n\t<meta property=\"og:image:type\" content=\"image\/jpeg\" \/>\n<meta name=\"twitter:card\" content=\"summary_large_image\" \/>\n<meta name=\"twitter:label1\" content=\"Est. reading time\" \/>\n\t<meta name=\"twitter:data1\" content=\"1 minute\" \/>\n<script type=\"application\/ld+json\" class=\"yoast-schema-graph\">{\"@context\":\"https:\/\/schema.org\",\"@graph\":[{\"@type\":\"WebPage\",\"@id\":\"https:\/\/librairie7l.com\/en\/produit\/ingres-lartiste-et-ses-princes\/\",\"url\":\"https:\/\/librairie7l.com\/en\/produit\/ingres-lartiste-et-ses-princes\/\",\"name\":\"INGRES : L'ARTISTE ET SES PRINCES - Librairie 7L\",\"isPartOf\":{\"@id\":\"https:\/\/librairie7l.com\/en\/#website\"},\"datePublished\":\"2023-06-09T10:15:39+00:00\",\"dateModified\":\"2026-04-08T08:51:09+00:00\",\"breadcrumb\":{\"@id\":\"https:\/\/librairie7l.com\/en\/produit\/ingres-lartiste-et-ses-princes\/#breadcrumb\"},\"inLanguage\":\"en-US\",\"potentialAction\":[{\"@type\":\"ReadAction\",\"target\":[\"https:\/\/librairie7l.com\/en\/produit\/ingres-lartiste-et-ses-princes\/\"]}]},{\"@type\":\"BreadcrumbList\",\"@id\":\"https:\/\/librairie7l.com\/en\/produit\/ingres-lartiste-et-ses-princes\/#breadcrumb\",\"itemListElement\":[{\"@type\":\"ListItem\",\"position\":1,\"name\":\"Accueil\",\"item\":\"https:\/\/librairie7l.com\/en\/\"},{\"@type\":\"ListItem\",\"position\":2,\"name\":\"Shop\",\"item\":\"https:\/\/librairie7l.com\/en\/shop\/\"},{\"@type\":\"ListItem\",\"position\":3,\"name\":\"INGRES : L&#8217;ARTISTE ET SES PRINCES\"}]},{\"@type\":\"WebSite\",\"@id\":\"https:\/\/librairie7l.com\/en\/#website\",\"url\":\"https:\/\/librairie7l.com\/en\/\",\"name\":\"Librairie 7L\",\"description\":\"Librairie fond\u00e9e en 1999 par Karl Lagerfeld \u00e0 Paris\",\"publisher\":{\"@id\":\"https:\/\/librairie7l.com\/en\/#organization\"},\"potentialAction\":[{\"@type\":\"SearchAction\",\"target\":{\"@type\":\"EntryPoint\",\"urlTemplate\":\"https:\/\/librairie7l.com\/en\/?s={search_term_string}\"},\"query-input\":\"required name=search_term_string\"}],\"inLanguage\":\"en-US\"},{\"@type\":\"Organization\",\"@id\":\"https:\/\/librairie7l.com\/en\/#organization\",\"name\":\"Librairie 7L\",\"url\":\"https:\/\/librairie7l.com\/en\/\",\"logo\":{\"@type\":\"ImageObject\",\"inLanguage\":\"en-US\",\"@id\":\"https:\/\/librairie7l.com\/en\/#\/schema\/logo\/image\/\",\"url\":\"https:\/\/librairie7l.com\/wp-content\/uploads\/2022\/08\/logo-1.png\",\"contentUrl\":\"https:\/\/librairie7l.com\/wp-content\/uploads\/2022\/08\/logo-1.png\",\"width\":227,\"height\":301,\"caption\":\"Librairie 7L\"},\"image\":{\"@id\":\"https:\/\/librairie7l.com\/en\/#\/schema\/logo\/image\/\"}}]}<\/script>\n<!-- \/ Yoast SEO plugin. -->","yoast_head_json":{"title":"INGRES : L'ARTISTE ET SES PRINCES - Librairie 7L","robots":{"index":"index","follow":"follow","max-snippet":"max-snippet:-1","max-image-preview":"max-image-preview:large","max-video-preview":"max-video-preview:-1"},"canonical":"https:\/\/librairie7l.com\/en\/produit\/ingres-lartiste-et-ses-princes\/","og_locale":"en_US","og_type":"article","og_title":"INGRES : L'ARTISTE ET SES PRINCES - Librairie 7L","og_description":"Artiste \u00e0 succ\u00e8s de la premi\u00e8re moiti\u00e9 du XIXe si\u00e8cle, Ingres est peintre inclassable et souvent visionnaire. Derri\u00e8re son apparent classicisme transparaissent une libert\u00e9 et un style uniques qui fascinent encore aujourd&#8217;hui. Avec l&#8217;av\u00e8nement de la monarchie de Juillet (1830-1848), Ingres trouve dans la famille d&#8217;Orl\u00e9ans un soutien de poids et un milieu favorable lui [&hellip;]","og_url":"https:\/\/librairie7l.com\/en\/produit\/ingres-lartiste-et-ses-princes\/","og_site_name":"Librairie 7L","article_modified_time":"2026-04-08T08:51:09+00:00","og_image":[{"width":600,"height":747,"url":"https:\/\/librairie7l.com\/wp-content\/uploads\/2023\/02\/9782382031193_1_75.jpg","type":"image\/jpeg"}],"twitter_card":"summary_large_image","twitter_misc":{"Est. reading time":"1 minute"},"schema":{"@context":"https:\/\/schema.org","@graph":[{"@type":"WebPage","@id":"https:\/\/librairie7l.com\/en\/produit\/ingres-lartiste-et-ses-princes\/","url":"https:\/\/librairie7l.com\/en\/produit\/ingres-lartiste-et-ses-princes\/","name":"INGRES : L'ARTISTE ET SES PRINCES - Librairie 7L","isPartOf":{"@id":"https:\/\/librairie7l.com\/en\/#website"},"datePublished":"2023-06-09T10:15:39+00:00","dateModified":"2026-04-08T08:51:09+00:00","breadcrumb":{"@id":"https:\/\/librairie7l.com\/en\/produit\/ingres-lartiste-et-ses-princes\/#breadcrumb"},"inLanguage":"en-US","potentialAction":[{"@type":"ReadAction","target":["https:\/\/librairie7l.com\/en\/produit\/ingres-lartiste-et-ses-princes\/"]}]},{"@type":"BreadcrumbList","@id":"https:\/\/librairie7l.com\/en\/produit\/ingres-lartiste-et-ses-princes\/#breadcrumb","itemListElement":[{"@type":"ListItem","position":1,"name":"Accueil","item":"https:\/\/librairie7l.com\/en\/"},{"@type":"ListItem","position":2,"name":"Shop","item":"https:\/\/librairie7l.com\/en\/shop\/"},{"@type":"ListItem","position":3,"name":"INGRES : L&#8217;ARTISTE ET SES PRINCES"}]},{"@type":"WebSite","@id":"https:\/\/librairie7l.com\/en\/#website","url":"https:\/\/librairie7l.com\/en\/","name":"Librairie 7L","description":"Librairie fond\u00e9e en 1999 par Karl Lagerfeld \u00e0 Paris","publisher":{"@id":"https:\/\/librairie7l.com\/en\/#organization"},"potentialAction":[{"@type":"SearchAction","target":{"@type":"EntryPoint","urlTemplate":"https:\/\/librairie7l.com\/en\/?s={search_term_string}"},"query-input":"required name=search_term_string"}],"inLanguage":"en-US"},{"@type":"Organization","@id":"https:\/\/librairie7l.com\/en\/#organization","name":"Librairie 7L","url":"https:\/\/librairie7l.com\/en\/","logo":{"@type":"ImageObject","inLanguage":"en-US","@id":"https:\/\/librairie7l.com\/en\/#\/schema\/logo\/image\/","url":"https:\/\/librairie7l.com\/wp-content\/uploads\/2022\/08\/logo-1.png","contentUrl":"https:\/\/librairie7l.com\/wp-content\/uploads\/2022\/08\/logo-1.png","width":227,"height":301,"caption":"Librairie 7L"},"image":{"@id":"https:\/\/librairie7l.com\/en\/#\/schema\/logo\/image\/"}}]}},"_links":{"self":[{"href":"https:\/\/librairie7l.com\/en\/wp-json\/wp\/v2\/product\/32365"}],"collection":[{"href":"https:\/\/librairie7l.com\/en\/wp-json\/wp\/v2\/product"}],"about":[{"href":"https:\/\/librairie7l.com\/en\/wp-json\/wp\/v2\/types\/product"}],"wp:featuredmedia":[{"embeddable":true,"href":"https:\/\/librairie7l.com\/en\/wp-json\/wp\/v2\/media\/32363"}],"wp:attachment":[{"href":"https:\/\/librairie7l.com\/en\/wp-json\/wp\/v2\/media?parent=32365"}],"wp:term":[{"taxonomy":"product_cat","embeddable":true,"href":"https:\/\/librairie7l.com\/en\/wp-json\/wp\/v2\/product_cat?post=32365"},{"taxonomy":"product_tag","embeddable":true,"href":"https:\/\/librairie7l.com\/en\/wp-json\/wp\/v2\/product_tag?post=32365"}],"curies":[{"name":"wp","href":"https:\/\/api.w.org\/{rel}","templated":true}]}}