{"id":32369,"date":"2023-06-09T12:17:06","date_gmt":"2023-06-09T10:17:06","guid":{"rendered":"https:\/\/librairie7l.com\/?post_type=product&#038;p=32369"},"modified":"2026-04-11T11:30:43","modified_gmt":"2026-04-11T09:30:43","slug":"survivance-des-lucioles","status":"publish","type":"product","link":"https:\/\/librairie7l.com\/en\/produit\/survivance-des-lucioles\/","title":{"rendered":"SURVIVANCE DES LUCIOLES"},"content":{"rendered":"<p>Dante a, autrefois, imagin\u00e9 qu&#8217;au creux de l&#8217;Enfer, dans la fosse des &#8221; conseillers perfides &#8220;, s&#8217;agitent les petites lumi\u00e8res (lucciole) des \u00e2mes mauvaises, bien loin de la grande et unique lumi\u00e8re (lute) promise au Paradis. Il semble bien que l&#8217;histoire moderne ait invers\u00e9 ce rapport : les &#8221; conseillers perfides &#8221; s&#8217;agitent triomphalement sous les faisceaux de la grande lumi\u00e8re (t\u00e9l\u00e9visuelle, par exemple), tandis que les peuples sans pouvoir errent dans l&#8217;obscurit\u00e9, telles des lucioles. Pier Paolo Pasolini a pens\u00e9 ce rapport entre les puissantes lumi\u00e8res du pouvoir et les lueurs survivantes des contre-pouvoirs. Mais il a fini par d\u00e9sesp\u00e9rer de cette r\u00e9sistance dans un texte fameux de 1975 sur la disparition des lucioles. Plus r\u00e9cemment, Giorgio Agamben a donn\u00e9 les assises philosophiques de ce pessimisme politique, depuis ses textes sur la &#8221; destruction de l&#8217;exp\u00e9rience &#8221; jusqu&#8217;\u00e0 ses analyses du &#8221; r\u00e8gne &#8221; et de la &#8221; gloire &#8220;. On conteste ici ce pronostic sans recours pour notre &#8221; malaise dans la culture &#8220;. Les lucioles n&#8217;ont disparu qu&#8217;\u00e0 la vue de ceux qui ne sont plus \u00e0 la bonne place pour les voir \u00e9mettre leurs signaux lumineux. On tente de suivre la le\u00e7on de Walter Benjamin, pour qui d\u00e9clin n&#8217;est pas disparition. Il faut &#8221; organiser le pessimisme &#8220;, disait Benjamin. Et les images &#8211; pour peu qu&#8217;elles soient rigoureusement et modestement pens\u00e9es, pens\u00e9es par exemple comme images-lucioles &#8211; ouvrent l&#8217;espace pour une telle r\u00e9sistance.<\/p>\n","protected":false},"excerpt":{"rendered":"<p>Dante a, autrefois, imagin\u00e9 qu&#8217;au creux de l&#8217;Enfer, dans la fosse des &#8221; conseillers perfides &#8220;, s&#8217;agitent les petites lumi\u00e8res (lucciole) des \u00e2mes mauvaises, bien loin de la grande et unique lumi\u00e8re (lute) promise au Paradis. Il semble bien que l&#8217;histoire moderne ait invers\u00e9 ce rapport : les &#8221; conseillers perfides &#8221; s&#8217;agitent triomphalement sous [&hellip;]<\/p>\n","protected":false},"featured_media":32367,"template":"","meta":[],"product_cat":[2948,2953],"product_tag":[],"acf":[],"yoast_head":"<!-- This site is optimized with the Yoast SEO plugin v20.11 - https:\/\/yoast.com\/wordpress\/plugins\/seo\/ -->\n<title>SURVIVANCE DES LUCIOLES - Librairie 7L<\/title>\n<meta name=\"robots\" content=\"index, follow, max-snippet:-1, max-image-preview:large, max-video-preview:-1\" \/>\n<link rel=\"canonical\" href=\"https:\/\/librairie7l.com\/en\/produit\/survivance-des-lucioles\/\" \/>\n<meta property=\"og:locale\" content=\"en_US\" \/>\n<meta property=\"og:type\" content=\"article\" \/>\n<meta property=\"og:title\" content=\"SURVIVANCE DES LUCIOLES - Librairie 7L\" \/>\n<meta property=\"og:description\" content=\"Dante a, autrefois, imagin\u00e9 qu&#8217;au creux de l&#8217;Enfer, dans la fosse des &#8221; conseillers perfides &#8220;, s&#8217;agitent les petites lumi\u00e8res (lucciole) des \u00e2mes mauvaises, bien loin de la grande et unique lumi\u00e8re (lute) promise au Paradis. Il semble bien que l&#8217;histoire moderne ait invers\u00e9 ce rapport : les &#8221; conseillers perfides &#8221; s&#8217;agitent triomphalement sous [&hellip;]\" \/>\n<meta property=\"og:url\" content=\"https:\/\/librairie7l.com\/en\/produit\/survivance-des-lucioles\/\" \/>\n<meta property=\"og:site_name\" content=\"Librairie 7L\" \/>\n<meta property=\"article:modified_time\" content=\"2026-04-11T09:30:43+00:00\" \/>\n<meta property=\"og:image\" content=\"https:\/\/librairie7l.com\/wp-content\/uploads\/2009\/05\/9782707320988_1_75.jpg\" \/>\n\t<meta property=\"og:image:width\" content=\"367\" \/>\n\t<meta property=\"og:image:height\" content=\"514\" \/>\n\t<meta property=\"og:image:type\" content=\"image\/jpeg\" \/>\n<meta name=\"twitter:card\" content=\"summary_large_image\" \/>\n<meta name=\"twitter:label1\" content=\"Est. reading time\" \/>\n\t<meta name=\"twitter:data1\" content=\"1 minute\" \/>\n<script type=\"application\/ld+json\" class=\"yoast-schema-graph\">{\"@context\":\"https:\/\/schema.org\",\"@graph\":[{\"@type\":\"WebPage\",\"@id\":\"https:\/\/librairie7l.com\/en\/produit\/survivance-des-lucioles\/\",\"url\":\"https:\/\/librairie7l.com\/en\/produit\/survivance-des-lucioles\/\",\"name\":\"SURVIVANCE DES LUCIOLES - Librairie 7L\",\"isPartOf\":{\"@id\":\"https:\/\/librairie7l.com\/en\/#website\"},\"datePublished\":\"2023-06-09T10:17:06+00:00\",\"dateModified\":\"2026-04-11T09:30:43+00:00\",\"breadcrumb\":{\"@id\":\"https:\/\/librairie7l.com\/en\/produit\/survivance-des-lucioles\/#breadcrumb\"},\"inLanguage\":\"en-US\",\"potentialAction\":[{\"@type\":\"ReadAction\",\"target\":[\"https:\/\/librairie7l.com\/en\/produit\/survivance-des-lucioles\/\"]}]},{\"@type\":\"BreadcrumbList\",\"@id\":\"https:\/\/librairie7l.com\/en\/produit\/survivance-des-lucioles\/#breadcrumb\",\"itemListElement\":[{\"@type\":\"ListItem\",\"position\":1,\"name\":\"Accueil\",\"item\":\"https:\/\/librairie7l.com\/en\/\"},{\"@type\":\"ListItem\",\"position\":2,\"name\":\"Shop\",\"item\":\"https:\/\/librairie7l.com\/en\/shop\/\"},{\"@type\":\"ListItem\",\"position\":3,\"name\":\"SURVIVANCE DES LUCIOLES\"}]},{\"@type\":\"WebSite\",\"@id\":\"https:\/\/librairie7l.com\/en\/#website\",\"url\":\"https:\/\/librairie7l.com\/en\/\",\"name\":\"Librairie 7L\",\"description\":\"Librairie fond\u00e9e en 1999 par Karl Lagerfeld \u00e0 Paris\",\"publisher\":{\"@id\":\"https:\/\/librairie7l.com\/en\/#organization\"},\"potentialAction\":[{\"@type\":\"SearchAction\",\"target\":{\"@type\":\"EntryPoint\",\"urlTemplate\":\"https:\/\/librairie7l.com\/en\/?s={search_term_string}\"},\"query-input\":\"required name=search_term_string\"}],\"inLanguage\":\"en-US\"},{\"@type\":\"Organization\",\"@id\":\"https:\/\/librairie7l.com\/en\/#organization\",\"name\":\"Librairie 7L\",\"url\":\"https:\/\/librairie7l.com\/en\/\",\"logo\":{\"@type\":\"ImageObject\",\"inLanguage\":\"en-US\",\"@id\":\"https:\/\/librairie7l.com\/en\/#\/schema\/logo\/image\/\",\"url\":\"https:\/\/librairie7l.com\/wp-content\/uploads\/2022\/08\/logo-1.png\",\"contentUrl\":\"https:\/\/librairie7l.com\/wp-content\/uploads\/2022\/08\/logo-1.png\",\"width\":227,\"height\":301,\"caption\":\"Librairie 7L\"},\"image\":{\"@id\":\"https:\/\/librairie7l.com\/en\/#\/schema\/logo\/image\/\"}}]}<\/script>\n<!-- \/ Yoast SEO plugin. -->","yoast_head_json":{"title":"SURVIVANCE DES LUCIOLES - Librairie 7L","robots":{"index":"index","follow":"follow","max-snippet":"max-snippet:-1","max-image-preview":"max-image-preview:large","max-video-preview":"max-video-preview:-1"},"canonical":"https:\/\/librairie7l.com\/en\/produit\/survivance-des-lucioles\/","og_locale":"en_US","og_type":"article","og_title":"SURVIVANCE DES LUCIOLES - Librairie 7L","og_description":"Dante a, autrefois, imagin\u00e9 qu&#8217;au creux de l&#8217;Enfer, dans la fosse des &#8221; conseillers perfides &#8220;, s&#8217;agitent les petites lumi\u00e8res (lucciole) des \u00e2mes mauvaises, bien loin de la grande et unique lumi\u00e8re (lute) promise au Paradis. Il semble bien que l&#8217;histoire moderne ait invers\u00e9 ce rapport : les &#8221; conseillers perfides &#8221; s&#8217;agitent triomphalement sous [&hellip;]","og_url":"https:\/\/librairie7l.com\/en\/produit\/survivance-des-lucioles\/","og_site_name":"Librairie 7L","article_modified_time":"2026-04-11T09:30:43+00:00","og_image":[{"width":367,"height":514,"url":"https:\/\/librairie7l.com\/wp-content\/uploads\/2009\/05\/9782707320988_1_75.jpg","type":"image\/jpeg"}],"twitter_card":"summary_large_image","twitter_misc":{"Est. reading time":"1 minute"},"schema":{"@context":"https:\/\/schema.org","@graph":[{"@type":"WebPage","@id":"https:\/\/librairie7l.com\/en\/produit\/survivance-des-lucioles\/","url":"https:\/\/librairie7l.com\/en\/produit\/survivance-des-lucioles\/","name":"SURVIVANCE DES LUCIOLES - Librairie 7L","isPartOf":{"@id":"https:\/\/librairie7l.com\/en\/#website"},"datePublished":"2023-06-09T10:17:06+00:00","dateModified":"2026-04-11T09:30:43+00:00","breadcrumb":{"@id":"https:\/\/librairie7l.com\/en\/produit\/survivance-des-lucioles\/#breadcrumb"},"inLanguage":"en-US","potentialAction":[{"@type":"ReadAction","target":["https:\/\/librairie7l.com\/en\/produit\/survivance-des-lucioles\/"]}]},{"@type":"BreadcrumbList","@id":"https:\/\/librairie7l.com\/en\/produit\/survivance-des-lucioles\/#breadcrumb","itemListElement":[{"@type":"ListItem","position":1,"name":"Accueil","item":"https:\/\/librairie7l.com\/en\/"},{"@type":"ListItem","position":2,"name":"Shop","item":"https:\/\/librairie7l.com\/en\/shop\/"},{"@type":"ListItem","position":3,"name":"SURVIVANCE DES LUCIOLES"}]},{"@type":"WebSite","@id":"https:\/\/librairie7l.com\/en\/#website","url":"https:\/\/librairie7l.com\/en\/","name":"Librairie 7L","description":"Librairie fond\u00e9e en 1999 par Karl Lagerfeld \u00e0 Paris","publisher":{"@id":"https:\/\/librairie7l.com\/en\/#organization"},"potentialAction":[{"@type":"SearchAction","target":{"@type":"EntryPoint","urlTemplate":"https:\/\/librairie7l.com\/en\/?s={search_term_string}"},"query-input":"required name=search_term_string"}],"inLanguage":"en-US"},{"@type":"Organization","@id":"https:\/\/librairie7l.com\/en\/#organization","name":"Librairie 7L","url":"https:\/\/librairie7l.com\/en\/","logo":{"@type":"ImageObject","inLanguage":"en-US","@id":"https:\/\/librairie7l.com\/en\/#\/schema\/logo\/image\/","url":"https:\/\/librairie7l.com\/wp-content\/uploads\/2022\/08\/logo-1.png","contentUrl":"https:\/\/librairie7l.com\/wp-content\/uploads\/2022\/08\/logo-1.png","width":227,"height":301,"caption":"Librairie 7L"},"image":{"@id":"https:\/\/librairie7l.com\/en\/#\/schema\/logo\/image\/"}}]}},"_links":{"self":[{"href":"https:\/\/librairie7l.com\/en\/wp-json\/wp\/v2\/product\/32369"}],"collection":[{"href":"https:\/\/librairie7l.com\/en\/wp-json\/wp\/v2\/product"}],"about":[{"href":"https:\/\/librairie7l.com\/en\/wp-json\/wp\/v2\/types\/product"}],"wp:featuredmedia":[{"embeddable":true,"href":"https:\/\/librairie7l.com\/en\/wp-json\/wp\/v2\/media\/32367"}],"wp:attachment":[{"href":"https:\/\/librairie7l.com\/en\/wp-json\/wp\/v2\/media?parent=32369"}],"wp:term":[{"taxonomy":"product_cat","embeddable":true,"href":"https:\/\/librairie7l.com\/en\/wp-json\/wp\/v2\/product_cat?post=32369"},{"taxonomy":"product_tag","embeddable":true,"href":"https:\/\/librairie7l.com\/en\/wp-json\/wp\/v2\/product_tag?post=32369"}],"curies":[{"name":"wp","href":"https:\/\/api.w.org\/{rel}","templated":true}]}}