{"id":32377,"date":"2023-06-09T12:19:08","date_gmt":"2023-06-09T10:19:08","guid":{"rendered":"https:\/\/librairie7l.com\/?post_type=product&#038;p=32377"},"modified":"2026-04-28T20:06:58","modified_gmt":"2026-04-28T18:06:58","slug":"figurations-un-autre-art-daujourdhui","status":"publish","type":"product","link":"https:\/\/librairie7l.com\/en\/produit\/figurations-un-autre-art-daujourdhui\/","title":{"rendered":"FIGURATIONS : UN AUTRE ART D&#8217;AUJOURD&#8217;HUI"},"content":{"rendered":"<p>Depuis les ann\u00e9es 1950, un pan figuratif de l&#8217;art contemporain s&#8217;est d\u00e9velopp\u00e9 \u00e0 l&#8217;ombre des avant-gardes. N\u00e9glig\u00e9 par les institutions mus\u00e9ales, il a n\u00e9anmoins \u00e9t\u00e9 d\u00e9fendu par des galeristes exigeants et a s\u00e9duit un public de collectionneurs avertis et internationaux. Ce travail du trait, de l&#8217;expression, de l&#8217;humain demande \u00e0 \u00eatre regard\u00e9 d\u00e9sormais \u00e0 l&#8217;aune du retour de la figuration que l&#8217;on peut constater actuellement. Accroch\u00e9es dans la Ferme Orn\u00e9e, une centaine d&#8217;oeuvres choisies par le critique d&#8217;art Guy Boyer permettent de retrouver 35 artistes qui n&#8217;ont pas la place qu&#8217;ils m\u00e9ritent, comme Dado, Jean Rustin, Gilles Aillaud et Dominique Renson, ou qui ont \u00e9t\u00e9 r\u00e9cemment remis en avant par des mus\u00e9es comme Sam Szafran, Susanne Hay et Pierre Skira. \u00c0 l&#8217;Orangerie, une exposition contemporaine pr\u00e9sente les nouvelles tendances de la figuration en France aujourd&#8217;hui avec douze artistes (six femmes et six hommes), expos\u00e9s trois par trois pendant toute la dur\u00e9e de l&#8217;exposition principale.<br \/>\nArtistes expos\u00e9s : Andrew Wyeth, Jacques Truph\u00e9mus, Pierre Lesieur, Tibor Csernus, Jean Rustin, Leonardo Cremonini, Dado, Avigdor Arikha, Jurg Kreienbuhl, Gilles Aillaud, Sam Szafran, Susanne Hay, Erik Desmazi\u00e8res, Pierre Skira, Astrid de La Forest, Malgorzata Pasko, Anna Metz, Marian Plug, Frans Pannekoek, Charles Donker, Dominique Renson, Olivier Masmonteil, Fran\u00e7ois Bard, J\u00e9r\u00f4me Borel, Mouna Rebeiz, Romain Bernini, Ga\u00ebl Davrinche, Youcef Korichi, St\u00e9phane Belz\u00e8re, Anahita Masoudi, Raymond Mason, Siemen Dijkstra, G\u00e9rard Schlosser, Bernard Rancillac, Catherine Viollet.<\/p>\n","protected":false},"excerpt":{"rendered":"<p>Depuis les ann\u00e9es 1950, un pan figuratif de l&#8217;art contemporain s&#8217;est d\u00e9velopp\u00e9 \u00e0 l&#8217;ombre des avant-gardes. N\u00e9glig\u00e9 par les institutions mus\u00e9ales, il a n\u00e9anmoins \u00e9t\u00e9 d\u00e9fendu par des galeristes exigeants et a s\u00e9duit un public de collectionneurs avertis et internationaux. Ce travail du trait, de l&#8217;expression, de l&#8217;humain demande \u00e0 \u00eatre regard\u00e9 d\u00e9sormais \u00e0 l&#8217;aune [&hellip;]<\/p>\n","protected":false},"featured_media":32375,"template":"","meta":[],"product_cat":[2948,2953],"product_tag":[],"acf":[],"yoast_head":"<!-- This site is optimized with the Yoast SEO plugin v20.11 - https:\/\/yoast.com\/wordpress\/plugins\/seo\/ -->\n<title>FIGURATIONS : UN AUTRE ART D&#039;AUJOURD&#039;HUI - Librairie 7L<\/title>\n<meta name=\"robots\" content=\"index, follow, max-snippet:-1, max-image-preview:large, max-video-preview:-1\" \/>\n<link rel=\"canonical\" href=\"https:\/\/librairie7l.com\/en\/produit\/figurations-un-autre-art-daujourdhui\/\" \/>\n<meta property=\"og:locale\" content=\"en_US\" \/>\n<meta property=\"og:type\" content=\"article\" \/>\n<meta property=\"og:title\" content=\"FIGURATIONS : UN AUTRE ART D&#039;AUJOURD&#039;HUI - Librairie 7L\" \/>\n<meta property=\"og:description\" content=\"Depuis les ann\u00e9es 1950, un pan figuratif de l&#8217;art contemporain s&#8217;est d\u00e9velopp\u00e9 \u00e0 l&#8217;ombre des avant-gardes. N\u00e9glig\u00e9 par les institutions mus\u00e9ales, il a n\u00e9anmoins \u00e9t\u00e9 d\u00e9fendu par des galeristes exigeants et a s\u00e9duit un public de collectionneurs avertis et internationaux. Ce travail du trait, de l&#8217;expression, de l&#8217;humain demande \u00e0 \u00eatre regard\u00e9 d\u00e9sormais \u00e0 l&#8217;aune [&hellip;]\" \/>\n<meta property=\"og:url\" content=\"https:\/\/librairie7l.com\/en\/produit\/figurations-un-autre-art-daujourdhui\/\" \/>\n<meta property=\"og:site_name\" content=\"Librairie 7L\" \/>\n<meta property=\"article:modified_time\" content=\"2026-04-28T18:06:58+00:00\" \/>\n<meta property=\"og:image\" content=\"https:\/\/librairie7l.com\/wp-content\/uploads\/2023\/02\/9782382031209_1_75.jpg\" \/>\n\t<meta property=\"og:image:width\" content=\"600\" \/>\n\t<meta property=\"og:image:height\" content=\"819\" \/>\n\t<meta property=\"og:image:type\" content=\"image\/jpeg\" \/>\n<meta name=\"twitter:card\" content=\"summary_large_image\" \/>\n<meta name=\"twitter:label1\" content=\"Est. reading time\" \/>\n\t<meta name=\"twitter:data1\" content=\"1 minute\" \/>\n<script type=\"application\/ld+json\" class=\"yoast-schema-graph\">{\"@context\":\"https:\/\/schema.org\",\"@graph\":[{\"@type\":\"WebPage\",\"@id\":\"https:\/\/librairie7l.com\/en\/produit\/figurations-un-autre-art-daujourdhui\/\",\"url\":\"https:\/\/librairie7l.com\/en\/produit\/figurations-un-autre-art-daujourdhui\/\",\"name\":\"FIGURATIONS : UN AUTRE ART D'AUJOURD'HUI - Librairie 7L\",\"isPartOf\":{\"@id\":\"https:\/\/librairie7l.com\/en\/#website\"},\"datePublished\":\"2023-06-09T10:19:08+00:00\",\"dateModified\":\"2026-04-28T18:06:58+00:00\",\"breadcrumb\":{\"@id\":\"https:\/\/librairie7l.com\/en\/produit\/figurations-un-autre-art-daujourdhui\/#breadcrumb\"},\"inLanguage\":\"en-US\",\"potentialAction\":[{\"@type\":\"ReadAction\",\"target\":[\"https:\/\/librairie7l.com\/en\/produit\/figurations-un-autre-art-daujourdhui\/\"]}]},{\"@type\":\"BreadcrumbList\",\"@id\":\"https:\/\/librairie7l.com\/en\/produit\/figurations-un-autre-art-daujourdhui\/#breadcrumb\",\"itemListElement\":[{\"@type\":\"ListItem\",\"position\":1,\"name\":\"Accueil\",\"item\":\"https:\/\/librairie7l.com\/en\/\"},{\"@type\":\"ListItem\",\"position\":2,\"name\":\"Shop\",\"item\":\"https:\/\/librairie7l.com\/en\/shop\/\"},{\"@type\":\"ListItem\",\"position\":3,\"name\":\"FIGURATIONS : UN AUTRE ART D&#8217;AUJOURD&#8217;HUI\"}]},{\"@type\":\"WebSite\",\"@id\":\"https:\/\/librairie7l.com\/en\/#website\",\"url\":\"https:\/\/librairie7l.com\/en\/\",\"name\":\"Librairie 7L\",\"description\":\"Librairie fond\u00e9e en 1999 par Karl Lagerfeld \u00e0 Paris\",\"publisher\":{\"@id\":\"https:\/\/librairie7l.com\/en\/#organization\"},\"potentialAction\":[{\"@type\":\"SearchAction\",\"target\":{\"@type\":\"EntryPoint\",\"urlTemplate\":\"https:\/\/librairie7l.com\/en\/?s={search_term_string}\"},\"query-input\":\"required name=search_term_string\"}],\"inLanguage\":\"en-US\"},{\"@type\":\"Organization\",\"@id\":\"https:\/\/librairie7l.com\/en\/#organization\",\"name\":\"Librairie 7L\",\"url\":\"https:\/\/librairie7l.com\/en\/\",\"logo\":{\"@type\":\"ImageObject\",\"inLanguage\":\"en-US\",\"@id\":\"https:\/\/librairie7l.com\/en\/#\/schema\/logo\/image\/\",\"url\":\"https:\/\/librairie7l.com\/wp-content\/uploads\/2022\/08\/logo-1.png\",\"contentUrl\":\"https:\/\/librairie7l.com\/wp-content\/uploads\/2022\/08\/logo-1.png\",\"width\":227,\"height\":301,\"caption\":\"Librairie 7L\"},\"image\":{\"@id\":\"https:\/\/librairie7l.com\/en\/#\/schema\/logo\/image\/\"}}]}<\/script>\n<!-- \/ Yoast SEO plugin. -->","yoast_head_json":{"title":"FIGURATIONS : UN AUTRE ART D'AUJOURD'HUI - Librairie 7L","robots":{"index":"index","follow":"follow","max-snippet":"max-snippet:-1","max-image-preview":"max-image-preview:large","max-video-preview":"max-video-preview:-1"},"canonical":"https:\/\/librairie7l.com\/en\/produit\/figurations-un-autre-art-daujourdhui\/","og_locale":"en_US","og_type":"article","og_title":"FIGURATIONS : UN AUTRE ART D'AUJOURD'HUI - Librairie 7L","og_description":"Depuis les ann\u00e9es 1950, un pan figuratif de l&#8217;art contemporain s&#8217;est d\u00e9velopp\u00e9 \u00e0 l&#8217;ombre des avant-gardes. N\u00e9glig\u00e9 par les institutions mus\u00e9ales, il a n\u00e9anmoins \u00e9t\u00e9 d\u00e9fendu par des galeristes exigeants et a s\u00e9duit un public de collectionneurs avertis et internationaux. Ce travail du trait, de l&#8217;expression, de l&#8217;humain demande \u00e0 \u00eatre regard\u00e9 d\u00e9sormais \u00e0 l&#8217;aune [&hellip;]","og_url":"https:\/\/librairie7l.com\/en\/produit\/figurations-un-autre-art-daujourdhui\/","og_site_name":"Librairie 7L","article_modified_time":"2026-04-28T18:06:58+00:00","og_image":[{"width":600,"height":819,"url":"https:\/\/librairie7l.com\/wp-content\/uploads\/2023\/02\/9782382031209_1_75.jpg","type":"image\/jpeg"}],"twitter_card":"summary_large_image","twitter_misc":{"Est. reading time":"1 minute"},"schema":{"@context":"https:\/\/schema.org","@graph":[{"@type":"WebPage","@id":"https:\/\/librairie7l.com\/en\/produit\/figurations-un-autre-art-daujourdhui\/","url":"https:\/\/librairie7l.com\/en\/produit\/figurations-un-autre-art-daujourdhui\/","name":"FIGURATIONS : UN AUTRE ART D'AUJOURD'HUI - Librairie 7L","isPartOf":{"@id":"https:\/\/librairie7l.com\/en\/#website"},"datePublished":"2023-06-09T10:19:08+00:00","dateModified":"2026-04-28T18:06:58+00:00","breadcrumb":{"@id":"https:\/\/librairie7l.com\/en\/produit\/figurations-un-autre-art-daujourdhui\/#breadcrumb"},"inLanguage":"en-US","potentialAction":[{"@type":"ReadAction","target":["https:\/\/librairie7l.com\/en\/produit\/figurations-un-autre-art-daujourdhui\/"]}]},{"@type":"BreadcrumbList","@id":"https:\/\/librairie7l.com\/en\/produit\/figurations-un-autre-art-daujourdhui\/#breadcrumb","itemListElement":[{"@type":"ListItem","position":1,"name":"Accueil","item":"https:\/\/librairie7l.com\/en\/"},{"@type":"ListItem","position":2,"name":"Shop","item":"https:\/\/librairie7l.com\/en\/shop\/"},{"@type":"ListItem","position":3,"name":"FIGURATIONS : UN AUTRE ART D&#8217;AUJOURD&#8217;HUI"}]},{"@type":"WebSite","@id":"https:\/\/librairie7l.com\/en\/#website","url":"https:\/\/librairie7l.com\/en\/","name":"Librairie 7L","description":"Librairie fond\u00e9e en 1999 par Karl Lagerfeld \u00e0 Paris","publisher":{"@id":"https:\/\/librairie7l.com\/en\/#organization"},"potentialAction":[{"@type":"SearchAction","target":{"@type":"EntryPoint","urlTemplate":"https:\/\/librairie7l.com\/en\/?s={search_term_string}"},"query-input":"required name=search_term_string"}],"inLanguage":"en-US"},{"@type":"Organization","@id":"https:\/\/librairie7l.com\/en\/#organization","name":"Librairie 7L","url":"https:\/\/librairie7l.com\/en\/","logo":{"@type":"ImageObject","inLanguage":"en-US","@id":"https:\/\/librairie7l.com\/en\/#\/schema\/logo\/image\/","url":"https:\/\/librairie7l.com\/wp-content\/uploads\/2022\/08\/logo-1.png","contentUrl":"https:\/\/librairie7l.com\/wp-content\/uploads\/2022\/08\/logo-1.png","width":227,"height":301,"caption":"Librairie 7L"},"image":{"@id":"https:\/\/librairie7l.com\/en\/#\/schema\/logo\/image\/"}}]}},"_links":{"self":[{"href":"https:\/\/librairie7l.com\/en\/wp-json\/wp\/v2\/product\/32377"}],"collection":[{"href":"https:\/\/librairie7l.com\/en\/wp-json\/wp\/v2\/product"}],"about":[{"href":"https:\/\/librairie7l.com\/en\/wp-json\/wp\/v2\/types\/product"}],"wp:featuredmedia":[{"embeddable":true,"href":"https:\/\/librairie7l.com\/en\/wp-json\/wp\/v2\/media\/32375"}],"wp:attachment":[{"href":"https:\/\/librairie7l.com\/en\/wp-json\/wp\/v2\/media?parent=32377"}],"wp:term":[{"taxonomy":"product_cat","embeddable":true,"href":"https:\/\/librairie7l.com\/en\/wp-json\/wp\/v2\/product_cat?post=32377"},{"taxonomy":"product_tag","embeddable":true,"href":"https:\/\/librairie7l.com\/en\/wp-json\/wp\/v2\/product_tag?post=32377"}],"curies":[{"name":"wp","href":"https:\/\/api.w.org\/{rel}","templated":true}]}}