{"id":32381,"date":"2023-06-09T12:19:26","date_gmt":"2023-06-09T10:19:26","guid":{"rendered":"https:\/\/librairie7l.com\/?post_type=product&#038;p=32381"},"modified":"2026-04-18T16:24:48","modified_gmt":"2026-04-18T14:24:48","slug":"le-jardin-japonais","status":"publish","type":"product","link":"https:\/\/librairie7l.com\/en\/produit\/le-jardin-japonais\/","title":{"rendered":"LE JARDIN JAPONAIS"},"content":{"rendered":"<p>Cette \u00e9tude tr\u00e8s compl\u00e8te de l&#8217;art du jardin japonais prend en compte plus de 800 ans d&#8217;histoire de ce genre. \u00c9crivaine et paysagiste, Sophie Walker apporte un \u00e9clairage nouveau, gr\u00e2ce \u00e0 un ensemble de textes et \u00e0 la pr\u00e9sentation de plus de 100\u00a0jardins, allant de ceux des anciens sanctuaires shinto aux jardins zen contemporains, en passant par les jardins imp\u00e9riaux. Des artistes, des architectes et d&#8217;autres sp\u00e9cialistes de premier plan livrent \u00e9galement leurs points de vue.<\/p>\n<p>Une \u00e9tude exhaustive du jardin japonais, de ses principes et de la philosophie qui en a inspir\u00e9 la conception.<br \/>\n&#8211; Explore l&#8217;infl uence qu&#8217;a toujours exerc\u00e9e le jardin japonais, ainsi que les \u00e9l\u00e9ments cl\u00e9s de sa conception, tels le chemin, les notions esth\u00e9tiques de wabi sabi et de mitate, le bouddhisme zen et la po\u00e9sie des plantes.<br \/>\n&#8211; Un ouvrage illustr\u00e9 de photographies r\u00e9centes et d&#8217;images in\u00e9dites de cr\u00e9ateurs renomm\u00e9s, tels Yves Klein, Isamu Nobuchi et Dan Pearson.<br \/>\n&#8211; Des textes d&#8217;artistes, d&#8217;architectes et d&#8217;essayistes importants donnant une vision nouvelle du jardin japonais et de son infl uence.<br \/>\n&#8211; La pr\u00e9sence d&#8217;un appendice de plantes japonaises illustr\u00e9.<\/p>\n","protected":false},"excerpt":{"rendered":"<p>Cette \u00e9tude tr\u00e8s compl\u00e8te de l&#8217;art du jardin japonais prend en compte plus de 800 ans d&#8217;histoire de ce genre. \u00c9crivaine et paysagiste, Sophie Walker apporte un \u00e9clairage nouveau, gr\u00e2ce \u00e0 un ensemble de textes et \u00e0 la pr\u00e9sentation de plus de 100\u00a0jardins, allant de ceux des anciens sanctuaires shinto aux jardins zen contemporains, en [&hellip;]<\/p>\n","protected":false},"featured_media":32379,"template":"","meta":[],"product_cat":[2948,2956],"product_tag":[],"acf":[],"yoast_head":"<!-- This site is optimized with the Yoast SEO plugin v20.11 - https:\/\/yoast.com\/wordpress\/plugins\/seo\/ -->\n<title>LE JARDIN JAPONAIS - Librairie 7L<\/title>\n<meta name=\"robots\" content=\"index, follow, max-snippet:-1, max-image-preview:large, max-video-preview:-1\" \/>\n<link rel=\"canonical\" href=\"https:\/\/librairie7l.com\/en\/produit\/le-jardin-japonais\/\" \/>\n<meta property=\"og:locale\" content=\"en_US\" \/>\n<meta property=\"og:type\" content=\"article\" \/>\n<meta property=\"og:title\" content=\"LE JARDIN JAPONAIS - Librairie 7L\" \/>\n<meta property=\"og:description\" content=\"Cette \u00e9tude tr\u00e8s compl\u00e8te de l&#8217;art du jardin japonais prend en compte plus de 800 ans d&#8217;histoire de ce genre. \u00c9crivaine et paysagiste, Sophie Walker apporte un \u00e9clairage nouveau, gr\u00e2ce \u00e0 un ensemble de textes et \u00e0 la pr\u00e9sentation de plus de 100\u00a0jardins, allant de ceux des anciens sanctuaires shinto aux jardins zen contemporains, en [&hellip;]\" \/>\n<meta property=\"og:url\" content=\"https:\/\/librairie7l.com\/en\/produit\/le-jardin-japonais\/\" \/>\n<meta property=\"og:site_name\" content=\"Librairie 7L\" \/>\n<meta property=\"article:modified_time\" content=\"2026-04-18T14:24:48+00:00\" \/>\n<meta property=\"og:image\" content=\"https:\/\/librairie7l.com\/wp-content\/uploads\/2017\/04\/9780714874999_1_75.jpg\" \/>\n\t<meta property=\"og:image:width\" content=\"1000\" \/>\n\t<meta property=\"og:image:height\" content=\"1278\" \/>\n\t<meta property=\"og:image:type\" content=\"image\/jpeg\" \/>\n<meta name=\"twitter:card\" content=\"summary_large_image\" \/>\n<meta name=\"twitter:label1\" content=\"Est. reading time\" \/>\n\t<meta name=\"twitter:data1\" content=\"1 minute\" \/>\n<script type=\"application\/ld+json\" class=\"yoast-schema-graph\">{\"@context\":\"https:\/\/schema.org\",\"@graph\":[{\"@type\":\"WebPage\",\"@id\":\"https:\/\/librairie7l.com\/en\/produit\/le-jardin-japonais\/\",\"url\":\"https:\/\/librairie7l.com\/en\/produit\/le-jardin-japonais\/\",\"name\":\"LE JARDIN JAPONAIS - Librairie 7L\",\"isPartOf\":{\"@id\":\"https:\/\/librairie7l.com\/en\/#website\"},\"datePublished\":\"2023-06-09T10:19:26+00:00\",\"dateModified\":\"2026-04-18T14:24:48+00:00\",\"breadcrumb\":{\"@id\":\"https:\/\/librairie7l.com\/en\/produit\/le-jardin-japonais\/#breadcrumb\"},\"inLanguage\":\"en-US\",\"potentialAction\":[{\"@type\":\"ReadAction\",\"target\":[\"https:\/\/librairie7l.com\/en\/produit\/le-jardin-japonais\/\"]}]},{\"@type\":\"BreadcrumbList\",\"@id\":\"https:\/\/librairie7l.com\/en\/produit\/le-jardin-japonais\/#breadcrumb\",\"itemListElement\":[{\"@type\":\"ListItem\",\"position\":1,\"name\":\"Accueil\",\"item\":\"https:\/\/librairie7l.com\/en\/\"},{\"@type\":\"ListItem\",\"position\":2,\"name\":\"Shop\",\"item\":\"https:\/\/librairie7l.com\/en\/shop\/\"},{\"@type\":\"ListItem\",\"position\":3,\"name\":\"LE JARDIN JAPONAIS\"}]},{\"@type\":\"WebSite\",\"@id\":\"https:\/\/librairie7l.com\/en\/#website\",\"url\":\"https:\/\/librairie7l.com\/en\/\",\"name\":\"Librairie 7L\",\"description\":\"Librairie fond\u00e9e en 1999 par Karl Lagerfeld \u00e0 Paris\",\"publisher\":{\"@id\":\"https:\/\/librairie7l.com\/en\/#organization\"},\"potentialAction\":[{\"@type\":\"SearchAction\",\"target\":{\"@type\":\"EntryPoint\",\"urlTemplate\":\"https:\/\/librairie7l.com\/en\/?s={search_term_string}\"},\"query-input\":\"required name=search_term_string\"}],\"inLanguage\":\"en-US\"},{\"@type\":\"Organization\",\"@id\":\"https:\/\/librairie7l.com\/en\/#organization\",\"name\":\"Librairie 7L\",\"url\":\"https:\/\/librairie7l.com\/en\/\",\"logo\":{\"@type\":\"ImageObject\",\"inLanguage\":\"en-US\",\"@id\":\"https:\/\/librairie7l.com\/en\/#\/schema\/logo\/image\/\",\"url\":\"https:\/\/librairie7l.com\/wp-content\/uploads\/2022\/08\/logo-1.png\",\"contentUrl\":\"https:\/\/librairie7l.com\/wp-content\/uploads\/2022\/08\/logo-1.png\",\"width\":227,\"height\":301,\"caption\":\"Librairie 7L\"},\"image\":{\"@id\":\"https:\/\/librairie7l.com\/en\/#\/schema\/logo\/image\/\"}}]}<\/script>\n<!-- \/ Yoast SEO plugin. -->","yoast_head_json":{"title":"LE JARDIN JAPONAIS - Librairie 7L","robots":{"index":"index","follow":"follow","max-snippet":"max-snippet:-1","max-image-preview":"max-image-preview:large","max-video-preview":"max-video-preview:-1"},"canonical":"https:\/\/librairie7l.com\/en\/produit\/le-jardin-japonais\/","og_locale":"en_US","og_type":"article","og_title":"LE JARDIN JAPONAIS - Librairie 7L","og_description":"Cette \u00e9tude tr\u00e8s compl\u00e8te de l&#8217;art du jardin japonais prend en compte plus de 800 ans d&#8217;histoire de ce genre. \u00c9crivaine et paysagiste, Sophie Walker apporte un \u00e9clairage nouveau, gr\u00e2ce \u00e0 un ensemble de textes et \u00e0 la pr\u00e9sentation de plus de 100\u00a0jardins, allant de ceux des anciens sanctuaires shinto aux jardins zen contemporains, en [&hellip;]","og_url":"https:\/\/librairie7l.com\/en\/produit\/le-jardin-japonais\/","og_site_name":"Librairie 7L","article_modified_time":"2026-04-18T14:24:48+00:00","og_image":[{"width":1000,"height":1278,"url":"https:\/\/librairie7l.com\/wp-content\/uploads\/2017\/04\/9780714874999_1_75.jpg","type":"image\/jpeg"}],"twitter_card":"summary_large_image","twitter_misc":{"Est. reading time":"1 minute"},"schema":{"@context":"https:\/\/schema.org","@graph":[{"@type":"WebPage","@id":"https:\/\/librairie7l.com\/en\/produit\/le-jardin-japonais\/","url":"https:\/\/librairie7l.com\/en\/produit\/le-jardin-japonais\/","name":"LE JARDIN JAPONAIS - Librairie 7L","isPartOf":{"@id":"https:\/\/librairie7l.com\/en\/#website"},"datePublished":"2023-06-09T10:19:26+00:00","dateModified":"2026-04-18T14:24:48+00:00","breadcrumb":{"@id":"https:\/\/librairie7l.com\/en\/produit\/le-jardin-japonais\/#breadcrumb"},"inLanguage":"en-US","potentialAction":[{"@type":"ReadAction","target":["https:\/\/librairie7l.com\/en\/produit\/le-jardin-japonais\/"]}]},{"@type":"BreadcrumbList","@id":"https:\/\/librairie7l.com\/en\/produit\/le-jardin-japonais\/#breadcrumb","itemListElement":[{"@type":"ListItem","position":1,"name":"Accueil","item":"https:\/\/librairie7l.com\/en\/"},{"@type":"ListItem","position":2,"name":"Shop","item":"https:\/\/librairie7l.com\/en\/shop\/"},{"@type":"ListItem","position":3,"name":"LE JARDIN JAPONAIS"}]},{"@type":"WebSite","@id":"https:\/\/librairie7l.com\/en\/#website","url":"https:\/\/librairie7l.com\/en\/","name":"Librairie 7L","description":"Librairie fond\u00e9e en 1999 par Karl Lagerfeld \u00e0 Paris","publisher":{"@id":"https:\/\/librairie7l.com\/en\/#organization"},"potentialAction":[{"@type":"SearchAction","target":{"@type":"EntryPoint","urlTemplate":"https:\/\/librairie7l.com\/en\/?s={search_term_string}"},"query-input":"required name=search_term_string"}],"inLanguage":"en-US"},{"@type":"Organization","@id":"https:\/\/librairie7l.com\/en\/#organization","name":"Librairie 7L","url":"https:\/\/librairie7l.com\/en\/","logo":{"@type":"ImageObject","inLanguage":"en-US","@id":"https:\/\/librairie7l.com\/en\/#\/schema\/logo\/image\/","url":"https:\/\/librairie7l.com\/wp-content\/uploads\/2022\/08\/logo-1.png","contentUrl":"https:\/\/librairie7l.com\/wp-content\/uploads\/2022\/08\/logo-1.png","width":227,"height":301,"caption":"Librairie 7L"},"image":{"@id":"https:\/\/librairie7l.com\/en\/#\/schema\/logo\/image\/"}}]}},"_links":{"self":[{"href":"https:\/\/librairie7l.com\/en\/wp-json\/wp\/v2\/product\/32381"}],"collection":[{"href":"https:\/\/librairie7l.com\/en\/wp-json\/wp\/v2\/product"}],"about":[{"href":"https:\/\/librairie7l.com\/en\/wp-json\/wp\/v2\/types\/product"}],"wp:featuredmedia":[{"embeddable":true,"href":"https:\/\/librairie7l.com\/en\/wp-json\/wp\/v2\/media\/32379"}],"wp:attachment":[{"href":"https:\/\/librairie7l.com\/en\/wp-json\/wp\/v2\/media?parent=32381"}],"wp:term":[{"taxonomy":"product_cat","embeddable":true,"href":"https:\/\/librairie7l.com\/en\/wp-json\/wp\/v2\/product_cat?post=32381"},{"taxonomy":"product_tag","embeddable":true,"href":"https:\/\/librairie7l.com\/en\/wp-json\/wp\/v2\/product_tag?post=32381"}],"curies":[{"name":"wp","href":"https:\/\/api.w.org\/{rel}","templated":true}]}}