{"id":32393,"date":"2023-06-09T12:46:14","date_gmt":"2023-06-09T10:46:14","guid":{"rendered":"https:\/\/librairie7l.com\/?post_type=product&#038;p=32393"},"modified":"2026-04-17T14:11:27","modified_gmt":"2026-04-17T12:11:27","slug":"une-vie-de-gala","status":"publish","type":"product","link":"https:\/\/librairie7l.com\/en\/produit\/une-vie-de-gala\/","title":{"rendered":"UNE VIE DE GALA"},"content":{"rendered":"<p>Qui \u00e9tait Elena Diakonova, plus connue sous le nom de Gala, la myst\u00e9rieuse et ins\u00e9parable \u00e9pouse de Paul Eluard puis de Salvador Dali ?Solitaire, ferm\u00e9e sur un monde int\u00e9rieur dont elle garde farouchement le secret, Gala fascine et joue de ses multiples sortil\u00e8ges. En elle, ces deux grands artistes du XXe si\u00e8cle ont puis\u00e9 une \u00e9nergie vitale, puissante. Elle fut une part de leur g\u00e9nie.Cette biographie, enfin illustr\u00e9e et riche d&#8217;archives in\u00e9dites, nous pr\u00e9sente l&#8217;aventure surr\u00e9aliste sous un jour nouveau.<\/p>\n","protected":false},"excerpt":{"rendered":"<p>Qui \u00e9tait Elena Diakonova, plus connue sous le nom de Gala, la myst\u00e9rieuse et ins\u00e9parable \u00e9pouse de Paul Eluard puis de Salvador Dali ?Solitaire, ferm\u00e9e sur un monde int\u00e9rieur dont elle garde farouchement le secret, Gala fascine et joue de ses multiples sortil\u00e8ges. En elle, ces deux grands artistes du XXe si\u00e8cle ont puis\u00e9 une [&hellip;]<\/p>\n","protected":false},"featured_media":32391,"template":"","meta":[],"product_cat":[2948,2953],"product_tag":[],"acf":[],"yoast_head":"<!-- This site is optimized with the Yoast SEO plugin v20.11 - https:\/\/yoast.com\/wordpress\/plugins\/seo\/ -->\n<title>UNE VIE DE GALA - Librairie 7L<\/title>\n<meta name=\"robots\" content=\"index, follow, max-snippet:-1, max-image-preview:large, max-video-preview:-1\" \/>\n<link rel=\"canonical\" href=\"https:\/\/librairie7l.com\/en\/produit\/une-vie-de-gala\/\" \/>\n<meta property=\"og:locale\" content=\"en_US\" \/>\n<meta property=\"og:type\" content=\"article\" \/>\n<meta property=\"og:title\" content=\"UNE VIE DE GALA - Librairie 7L\" \/>\n<meta property=\"og:description\" content=\"Qui \u00e9tait Elena Diakonova, plus connue sous le nom de Gala, la myst\u00e9rieuse et ins\u00e9parable \u00e9pouse de Paul Eluard puis de Salvador Dali ?Solitaire, ferm\u00e9e sur un monde int\u00e9rieur dont elle garde farouchement le secret, Gala fascine et joue de ses multiples sortil\u00e8ges. En elle, ces deux grands artistes du XXe si\u00e8cle ont puis\u00e9 une [&hellip;]\" \/>\n<meta property=\"og:url\" content=\"https:\/\/librairie7l.com\/en\/produit\/une-vie-de-gala\/\" \/>\n<meta property=\"og:site_name\" content=\"Librairie 7L\" \/>\n<meta property=\"article:modified_time\" content=\"2026-04-17T12:11:27+00:00\" \/>\n<meta property=\"og:image\" content=\"https:\/\/librairie7l.com\/wp-content\/uploads\/2017\/05\/9782081416376_1_75.jpg\" \/>\n\t<meta property=\"og:image:width\" content=\"600\" \/>\n\t<meta property=\"og:image:height\" content=\"758\" \/>\n\t<meta property=\"og:image:type\" content=\"image\/jpeg\" \/>\n<meta name=\"twitter:card\" content=\"summary_large_image\" \/>\n<script type=\"application\/ld+json\" class=\"yoast-schema-graph\">{\"@context\":\"https:\/\/schema.org\",\"@graph\":[{\"@type\":\"WebPage\",\"@id\":\"https:\/\/librairie7l.com\/en\/produit\/une-vie-de-gala\/\",\"url\":\"https:\/\/librairie7l.com\/en\/produit\/une-vie-de-gala\/\",\"name\":\"UNE VIE DE GALA - Librairie 7L\",\"isPartOf\":{\"@id\":\"https:\/\/librairie7l.com\/en\/#website\"},\"datePublished\":\"2023-06-09T10:46:14+00:00\",\"dateModified\":\"2026-04-17T12:11:27+00:00\",\"breadcrumb\":{\"@id\":\"https:\/\/librairie7l.com\/en\/produit\/une-vie-de-gala\/#breadcrumb\"},\"inLanguage\":\"en-US\",\"potentialAction\":[{\"@type\":\"ReadAction\",\"target\":[\"https:\/\/librairie7l.com\/en\/produit\/une-vie-de-gala\/\"]}]},{\"@type\":\"BreadcrumbList\",\"@id\":\"https:\/\/librairie7l.com\/en\/produit\/une-vie-de-gala\/#breadcrumb\",\"itemListElement\":[{\"@type\":\"ListItem\",\"position\":1,\"name\":\"Accueil\",\"item\":\"https:\/\/librairie7l.com\/en\/\"},{\"@type\":\"ListItem\",\"position\":2,\"name\":\"Shop\",\"item\":\"https:\/\/librairie7l.com\/en\/shop\/\"},{\"@type\":\"ListItem\",\"position\":3,\"name\":\"UNE VIE DE GALA\"}]},{\"@type\":\"WebSite\",\"@id\":\"https:\/\/librairie7l.com\/en\/#website\",\"url\":\"https:\/\/librairie7l.com\/en\/\",\"name\":\"Librairie 7L\",\"description\":\"Librairie fond\u00e9e en 1999 par Karl Lagerfeld \u00e0 Paris\",\"publisher\":{\"@id\":\"https:\/\/librairie7l.com\/en\/#organization\"},\"potentialAction\":[{\"@type\":\"SearchAction\",\"target\":{\"@type\":\"EntryPoint\",\"urlTemplate\":\"https:\/\/librairie7l.com\/en\/?s={search_term_string}\"},\"query-input\":\"required name=search_term_string\"}],\"inLanguage\":\"en-US\"},{\"@type\":\"Organization\",\"@id\":\"https:\/\/librairie7l.com\/en\/#organization\",\"name\":\"Librairie 7L\",\"url\":\"https:\/\/librairie7l.com\/en\/\",\"logo\":{\"@type\":\"ImageObject\",\"inLanguage\":\"en-US\",\"@id\":\"https:\/\/librairie7l.com\/en\/#\/schema\/logo\/image\/\",\"url\":\"https:\/\/librairie7l.com\/wp-content\/uploads\/2022\/08\/logo-1.png\",\"contentUrl\":\"https:\/\/librairie7l.com\/wp-content\/uploads\/2022\/08\/logo-1.png\",\"width\":227,\"height\":301,\"caption\":\"Librairie 7L\"},\"image\":{\"@id\":\"https:\/\/librairie7l.com\/en\/#\/schema\/logo\/image\/\"}}]}<\/script>\n<!-- \/ Yoast SEO plugin. -->","yoast_head_json":{"title":"UNE VIE DE GALA - Librairie 7L","robots":{"index":"index","follow":"follow","max-snippet":"max-snippet:-1","max-image-preview":"max-image-preview:large","max-video-preview":"max-video-preview:-1"},"canonical":"https:\/\/librairie7l.com\/en\/produit\/une-vie-de-gala\/","og_locale":"en_US","og_type":"article","og_title":"UNE VIE DE GALA - Librairie 7L","og_description":"Qui \u00e9tait Elena Diakonova, plus connue sous le nom de Gala, la myst\u00e9rieuse et ins\u00e9parable \u00e9pouse de Paul Eluard puis de Salvador Dali ?Solitaire, ferm\u00e9e sur un monde int\u00e9rieur dont elle garde farouchement le secret, Gala fascine et joue de ses multiples sortil\u00e8ges. En elle, ces deux grands artistes du XXe si\u00e8cle ont puis\u00e9 une [&hellip;]","og_url":"https:\/\/librairie7l.com\/en\/produit\/une-vie-de-gala\/","og_site_name":"Librairie 7L","article_modified_time":"2026-04-17T12:11:27+00:00","og_image":[{"width":600,"height":758,"url":"https:\/\/librairie7l.com\/wp-content\/uploads\/2017\/05\/9782081416376_1_75.jpg","type":"image\/jpeg"}],"twitter_card":"summary_large_image","schema":{"@context":"https:\/\/schema.org","@graph":[{"@type":"WebPage","@id":"https:\/\/librairie7l.com\/en\/produit\/une-vie-de-gala\/","url":"https:\/\/librairie7l.com\/en\/produit\/une-vie-de-gala\/","name":"UNE VIE DE GALA - Librairie 7L","isPartOf":{"@id":"https:\/\/librairie7l.com\/en\/#website"},"datePublished":"2023-06-09T10:46:14+00:00","dateModified":"2026-04-17T12:11:27+00:00","breadcrumb":{"@id":"https:\/\/librairie7l.com\/en\/produit\/une-vie-de-gala\/#breadcrumb"},"inLanguage":"en-US","potentialAction":[{"@type":"ReadAction","target":["https:\/\/librairie7l.com\/en\/produit\/une-vie-de-gala\/"]}]},{"@type":"BreadcrumbList","@id":"https:\/\/librairie7l.com\/en\/produit\/une-vie-de-gala\/#breadcrumb","itemListElement":[{"@type":"ListItem","position":1,"name":"Accueil","item":"https:\/\/librairie7l.com\/en\/"},{"@type":"ListItem","position":2,"name":"Shop","item":"https:\/\/librairie7l.com\/en\/shop\/"},{"@type":"ListItem","position":3,"name":"UNE VIE DE GALA"}]},{"@type":"WebSite","@id":"https:\/\/librairie7l.com\/en\/#website","url":"https:\/\/librairie7l.com\/en\/","name":"Librairie 7L","description":"Librairie fond\u00e9e en 1999 par Karl Lagerfeld \u00e0 Paris","publisher":{"@id":"https:\/\/librairie7l.com\/en\/#organization"},"potentialAction":[{"@type":"SearchAction","target":{"@type":"EntryPoint","urlTemplate":"https:\/\/librairie7l.com\/en\/?s={search_term_string}"},"query-input":"required name=search_term_string"}],"inLanguage":"en-US"},{"@type":"Organization","@id":"https:\/\/librairie7l.com\/en\/#organization","name":"Librairie 7L","url":"https:\/\/librairie7l.com\/en\/","logo":{"@type":"ImageObject","inLanguage":"en-US","@id":"https:\/\/librairie7l.com\/en\/#\/schema\/logo\/image\/","url":"https:\/\/librairie7l.com\/wp-content\/uploads\/2022\/08\/logo-1.png","contentUrl":"https:\/\/librairie7l.com\/wp-content\/uploads\/2022\/08\/logo-1.png","width":227,"height":301,"caption":"Librairie 7L"},"image":{"@id":"https:\/\/librairie7l.com\/en\/#\/schema\/logo\/image\/"}}]}},"_links":{"self":[{"href":"https:\/\/librairie7l.com\/en\/wp-json\/wp\/v2\/product\/32393"}],"collection":[{"href":"https:\/\/librairie7l.com\/en\/wp-json\/wp\/v2\/product"}],"about":[{"href":"https:\/\/librairie7l.com\/en\/wp-json\/wp\/v2\/types\/product"}],"wp:featuredmedia":[{"embeddable":true,"href":"https:\/\/librairie7l.com\/en\/wp-json\/wp\/v2\/media\/32391"}],"wp:attachment":[{"href":"https:\/\/librairie7l.com\/en\/wp-json\/wp\/v2\/media?parent=32393"}],"wp:term":[{"taxonomy":"product_cat","embeddable":true,"href":"https:\/\/librairie7l.com\/en\/wp-json\/wp\/v2\/product_cat?post=32393"},{"taxonomy":"product_tag","embeddable":true,"href":"https:\/\/librairie7l.com\/en\/wp-json\/wp\/v2\/product_tag?post=32393"}],"curies":[{"name":"wp","href":"https:\/\/api.w.org\/{rel}","templated":true}]}}