{"id":32405,"date":"2023-06-09T12:48:00","date_gmt":"2023-06-09T10:48:00","guid":{"rendered":"https:\/\/librairie7l.com\/?post_type=product&#038;p=32405"},"modified":"2026-04-08T23:55:05","modified_gmt":"2026-04-08T21:55:05","slug":"masculins-singuliers-interieurs-parisiens-2","status":"publish","type":"product","link":"https:\/\/librairie7l.com\/en\/produit\/masculins-singuliers-interieurs-parisiens-2\/","title":{"rendered":"MASCULINS SINGULIERS ; INT\u00c9RIEURS PARISIENS"},"content":{"rendered":"<p>Des appartements les plus chatoyants aux plus minimalistes, des maisons de campagne aux ateliers d&#8217;artistes, Masculins singuliers propose une plong\u00e9e dans la d\u00e9coration int\u00e9rieure aupr\u00e8s des hommes qui incarnent la cr\u00e9ativit\u00e9 et le go\u00fbt fran\u00e7ais aujourd&#8217;hui. Virtuoses du design ou de la mode, reconnus pour leurs talents, ils offrent au lecteur une visite intime de leurs maisons pour d\u00e9couvrir leurs univers personnels.Artiste, cr\u00e9ateur, collectionneur, \u00e9crivain, galeriste, d\u00e9corateur, chef d&#8217;orchestre ou encore architecte, tous se d\u00e9voilent sous la plume de Catherine Synave et dans les photographies in\u00e9dites de Guillaume de Laubier.<\/p>\n","protected":false},"excerpt":{"rendered":"<p>Des appartements les plus chatoyants aux plus minimalistes, des maisons de campagne aux ateliers d&#8217;artistes, Masculins singuliers propose une plong\u00e9e dans la d\u00e9coration int\u00e9rieure aupr\u00e8s des hommes qui incarnent la cr\u00e9ativit\u00e9 et le go\u00fbt fran\u00e7ais aujourd&#8217;hui. Virtuoses du design ou de la mode, reconnus pour leurs talents, ils offrent au lecteur une visite intime de [&hellip;]<\/p>\n","protected":false},"featured_media":32403,"template":"","meta":[],"product_cat":[2948,2952],"product_tag":[],"acf":[],"yoast_head":"<!-- This site is optimized with the Yoast SEO plugin v20.11 - https:\/\/yoast.com\/wordpress\/plugins\/seo\/ -->\n<title>MASCULINS SINGULIERS ; INT\u00c9RIEURS PARISIENS - Librairie 7L<\/title>\n<meta name=\"robots\" content=\"index, follow, max-snippet:-1, max-image-preview:large, max-video-preview:-1\" \/>\n<link rel=\"canonical\" href=\"https:\/\/librairie7l.com\/en\/produit\/masculins-singuliers-interieurs-parisiens-2\/\" \/>\n<meta property=\"og:locale\" content=\"en_US\" \/>\n<meta property=\"og:type\" content=\"article\" \/>\n<meta property=\"og:title\" content=\"MASCULINS SINGULIERS ; INT\u00c9RIEURS PARISIENS - Librairie 7L\" \/>\n<meta property=\"og:description\" content=\"Des appartements les plus chatoyants aux plus minimalistes, des maisons de campagne aux ateliers d&#8217;artistes, Masculins singuliers propose une plong\u00e9e dans la d\u00e9coration int\u00e9rieure aupr\u00e8s des hommes qui incarnent la cr\u00e9ativit\u00e9 et le go\u00fbt fran\u00e7ais aujourd&#8217;hui. Virtuoses du design ou de la mode, reconnus pour leurs talents, ils offrent au lecteur une visite intime de [&hellip;]\" \/>\n<meta property=\"og:url\" content=\"https:\/\/librairie7l.com\/en\/produit\/masculins-singuliers-interieurs-parisiens-2\/\" \/>\n<meta property=\"og:site_name\" content=\"Librairie 7L\" \/>\n<meta property=\"article:modified_time\" content=\"2026-04-08T21:55:05+00:00\" \/>\n<meta property=\"og:image\" content=\"https:\/\/librairie7l.com\/wp-content\/uploads\/2019\/06\/9782081459724_1_75.jpg\" \/>\n\t<meta property=\"og:image:width\" content=\"600\" \/>\n\t<meta property=\"og:image:height\" content=\"728\" \/>\n\t<meta property=\"og:image:type\" content=\"image\/jpeg\" \/>\n<meta name=\"twitter:card\" content=\"summary_large_image\" \/>\n<meta name=\"twitter:label1\" content=\"Est. reading time\" \/>\n\t<meta name=\"twitter:data1\" content=\"1 minute\" \/>\n<script type=\"application\/ld+json\" class=\"yoast-schema-graph\">{\"@context\":\"https:\/\/schema.org\",\"@graph\":[{\"@type\":\"WebPage\",\"@id\":\"https:\/\/librairie7l.com\/en\/produit\/masculins-singuliers-interieurs-parisiens-2\/\",\"url\":\"https:\/\/librairie7l.com\/en\/produit\/masculins-singuliers-interieurs-parisiens-2\/\",\"name\":\"MASCULINS SINGULIERS ; INT\u00c9RIEURS PARISIENS - Librairie 7L\",\"isPartOf\":{\"@id\":\"https:\/\/librairie7l.com\/en\/#website\"},\"datePublished\":\"2023-06-09T10:48:00+00:00\",\"dateModified\":\"2026-04-08T21:55:05+00:00\",\"breadcrumb\":{\"@id\":\"https:\/\/librairie7l.com\/en\/produit\/masculins-singuliers-interieurs-parisiens-2\/#breadcrumb\"},\"inLanguage\":\"en-US\",\"potentialAction\":[{\"@type\":\"ReadAction\",\"target\":[\"https:\/\/librairie7l.com\/en\/produit\/masculins-singuliers-interieurs-parisiens-2\/\"]}]},{\"@type\":\"BreadcrumbList\",\"@id\":\"https:\/\/librairie7l.com\/en\/produit\/masculins-singuliers-interieurs-parisiens-2\/#breadcrumb\",\"itemListElement\":[{\"@type\":\"ListItem\",\"position\":1,\"name\":\"Accueil\",\"item\":\"https:\/\/librairie7l.com\/en\/\"},{\"@type\":\"ListItem\",\"position\":2,\"name\":\"Shop\",\"item\":\"https:\/\/librairie7l.com\/en\/shop\/\"},{\"@type\":\"ListItem\",\"position\":3,\"name\":\"MASCULINS SINGULIERS ; INT\u00c9RIEURS PARISIENS\"}]},{\"@type\":\"WebSite\",\"@id\":\"https:\/\/librairie7l.com\/en\/#website\",\"url\":\"https:\/\/librairie7l.com\/en\/\",\"name\":\"Librairie 7L\",\"description\":\"Librairie fond\u00e9e en 1999 par Karl Lagerfeld \u00e0 Paris\",\"publisher\":{\"@id\":\"https:\/\/librairie7l.com\/en\/#organization\"},\"potentialAction\":[{\"@type\":\"SearchAction\",\"target\":{\"@type\":\"EntryPoint\",\"urlTemplate\":\"https:\/\/librairie7l.com\/en\/?s={search_term_string}\"},\"query-input\":\"required name=search_term_string\"}],\"inLanguage\":\"en-US\"},{\"@type\":\"Organization\",\"@id\":\"https:\/\/librairie7l.com\/en\/#organization\",\"name\":\"Librairie 7L\",\"url\":\"https:\/\/librairie7l.com\/en\/\",\"logo\":{\"@type\":\"ImageObject\",\"inLanguage\":\"en-US\",\"@id\":\"https:\/\/librairie7l.com\/en\/#\/schema\/logo\/image\/\",\"url\":\"https:\/\/librairie7l.com\/wp-content\/uploads\/2022\/08\/logo-1.png\",\"contentUrl\":\"https:\/\/librairie7l.com\/wp-content\/uploads\/2022\/08\/logo-1.png\",\"width\":227,\"height\":301,\"caption\":\"Librairie 7L\"},\"image\":{\"@id\":\"https:\/\/librairie7l.com\/en\/#\/schema\/logo\/image\/\"}}]}<\/script>\n<!-- \/ Yoast SEO plugin. -->","yoast_head_json":{"title":"MASCULINS SINGULIERS ; INT\u00c9RIEURS PARISIENS - Librairie 7L","robots":{"index":"index","follow":"follow","max-snippet":"max-snippet:-1","max-image-preview":"max-image-preview:large","max-video-preview":"max-video-preview:-1"},"canonical":"https:\/\/librairie7l.com\/en\/produit\/masculins-singuliers-interieurs-parisiens-2\/","og_locale":"en_US","og_type":"article","og_title":"MASCULINS SINGULIERS ; INT\u00c9RIEURS PARISIENS - Librairie 7L","og_description":"Des appartements les plus chatoyants aux plus minimalistes, des maisons de campagne aux ateliers d&#8217;artistes, Masculins singuliers propose une plong\u00e9e dans la d\u00e9coration int\u00e9rieure aupr\u00e8s des hommes qui incarnent la cr\u00e9ativit\u00e9 et le go\u00fbt fran\u00e7ais aujourd&#8217;hui. Virtuoses du design ou de la mode, reconnus pour leurs talents, ils offrent au lecteur une visite intime de [&hellip;]","og_url":"https:\/\/librairie7l.com\/en\/produit\/masculins-singuliers-interieurs-parisiens-2\/","og_site_name":"Librairie 7L","article_modified_time":"2026-04-08T21:55:05+00:00","og_image":[{"width":600,"height":728,"url":"https:\/\/librairie7l.com\/wp-content\/uploads\/2019\/06\/9782081459724_1_75.jpg","type":"image\/jpeg"}],"twitter_card":"summary_large_image","twitter_misc":{"Est. reading time":"1 minute"},"schema":{"@context":"https:\/\/schema.org","@graph":[{"@type":"WebPage","@id":"https:\/\/librairie7l.com\/en\/produit\/masculins-singuliers-interieurs-parisiens-2\/","url":"https:\/\/librairie7l.com\/en\/produit\/masculins-singuliers-interieurs-parisiens-2\/","name":"MASCULINS SINGULIERS ; INT\u00c9RIEURS PARISIENS - Librairie 7L","isPartOf":{"@id":"https:\/\/librairie7l.com\/en\/#website"},"datePublished":"2023-06-09T10:48:00+00:00","dateModified":"2026-04-08T21:55:05+00:00","breadcrumb":{"@id":"https:\/\/librairie7l.com\/en\/produit\/masculins-singuliers-interieurs-parisiens-2\/#breadcrumb"},"inLanguage":"en-US","potentialAction":[{"@type":"ReadAction","target":["https:\/\/librairie7l.com\/en\/produit\/masculins-singuliers-interieurs-parisiens-2\/"]}]},{"@type":"BreadcrumbList","@id":"https:\/\/librairie7l.com\/en\/produit\/masculins-singuliers-interieurs-parisiens-2\/#breadcrumb","itemListElement":[{"@type":"ListItem","position":1,"name":"Accueil","item":"https:\/\/librairie7l.com\/en\/"},{"@type":"ListItem","position":2,"name":"Shop","item":"https:\/\/librairie7l.com\/en\/shop\/"},{"@type":"ListItem","position":3,"name":"MASCULINS SINGULIERS ; INT\u00c9RIEURS PARISIENS"}]},{"@type":"WebSite","@id":"https:\/\/librairie7l.com\/en\/#website","url":"https:\/\/librairie7l.com\/en\/","name":"Librairie 7L","description":"Librairie fond\u00e9e en 1999 par Karl Lagerfeld \u00e0 Paris","publisher":{"@id":"https:\/\/librairie7l.com\/en\/#organization"},"potentialAction":[{"@type":"SearchAction","target":{"@type":"EntryPoint","urlTemplate":"https:\/\/librairie7l.com\/en\/?s={search_term_string}"},"query-input":"required name=search_term_string"}],"inLanguage":"en-US"},{"@type":"Organization","@id":"https:\/\/librairie7l.com\/en\/#organization","name":"Librairie 7L","url":"https:\/\/librairie7l.com\/en\/","logo":{"@type":"ImageObject","inLanguage":"en-US","@id":"https:\/\/librairie7l.com\/en\/#\/schema\/logo\/image\/","url":"https:\/\/librairie7l.com\/wp-content\/uploads\/2022\/08\/logo-1.png","contentUrl":"https:\/\/librairie7l.com\/wp-content\/uploads\/2022\/08\/logo-1.png","width":227,"height":301,"caption":"Librairie 7L"},"image":{"@id":"https:\/\/librairie7l.com\/en\/#\/schema\/logo\/image\/"}}]}},"_links":{"self":[{"href":"https:\/\/librairie7l.com\/en\/wp-json\/wp\/v2\/product\/32405"}],"collection":[{"href":"https:\/\/librairie7l.com\/en\/wp-json\/wp\/v2\/product"}],"about":[{"href":"https:\/\/librairie7l.com\/en\/wp-json\/wp\/v2\/types\/product"}],"wp:featuredmedia":[{"embeddable":true,"href":"https:\/\/librairie7l.com\/en\/wp-json\/wp\/v2\/media\/32403"}],"wp:attachment":[{"href":"https:\/\/librairie7l.com\/en\/wp-json\/wp\/v2\/media?parent=32405"}],"wp:term":[{"taxonomy":"product_cat","embeddable":true,"href":"https:\/\/librairie7l.com\/en\/wp-json\/wp\/v2\/product_cat?post=32405"},{"taxonomy":"product_tag","embeddable":true,"href":"https:\/\/librairie7l.com\/en\/wp-json\/wp\/v2\/product_tag?post=32405"}],"curies":[{"name":"wp","href":"https:\/\/api.w.org\/{rel}","templated":true}]}}