{"id":32423,"date":"2023-06-09T12:55:08","date_gmt":"2023-06-09T10:55:08","guid":{"rendered":"https:\/\/librairie7l.com\/?post_type=product&#038;p=32423"},"modified":"2026-04-05T23:54:29","modified_gmt":"2026-04-05T21:54:29","slug":"domela","status":"publish","type":"product","link":"https:\/\/librairie7l.com\/en\/produit\/domela\/","title":{"rendered":"DOMELA"},"content":{"rendered":"<p>C\u00e9sar Domela (1900-1992), artiste n\u00e9erlandais qui commence sa carri\u00e8re dans la premi\u00e8re moiti\u00e9 des ann\u00e9es 1920 comme membre du groupe De Stijl.<br \/>\nPar la suite, il s&#8217;\u00e9loigne des principes du n\u00e9oplasticisme et abandonne progressivement la peinture \u00e0 l&#8217;huile pour r\u00e9aliser des reliefs conciliant g\u00e9om\u00e9trie et organicisme, devenant un des ma\u00eetres incontestables du genre.<br \/>\nApr\u00e8s plusieurs s\u00e9jours \u00e0 Berlin, o\u00f9 il a l&#8217;occasion de c\u00f4toyer de nombreux artistes influents &#8211; Laszlo Moholy-Nagy, Alexander Rodtchenko, Raoul Hausmann, Naum Gabo, Kurt Schwitters, Carl Buchheister&#8230; &#8211; et de s&#8217;essayer \u00e0 plusieurs pratiques telles que le graphisme, le photomontage, la typographie ou encore l&#8217;architecture d&#8217;int\u00e9rieur, Domela s&#8217;installe d\u00e9finitivement \u00e0 Paris en 1933. Il devient membre de Cercle et Carr\u00e9, puis d&#8217;Abstraction Cr\u00e9ation, groupes pour lesquels il contribue activement aux revues.<br \/>\nPendant la guerre, alors que l&#8217;activit\u00e9 artistique est consid\u00e9rablement r\u00e9duite \u00e0 Paris, il est r\u00e9guli\u00e8rement pr\u00e9sent \u00e0 la galerie Jeanne Bucher qui cr\u00e9e \u00e0 l&#8217;\u00e9poque un espace accueillant pour la Deuxi\u00e8me \u00c9cole de Paris en train de na\u00eetre. Il y expose notamment en f\u00e9vrier 1944 \u00e0 c\u00f4t\u00e9 de Nicolas de Sta\u00ebl et de Wassily Kandinsky.<br \/>\nApr\u00e8s la guerre, la richesse et l&#8217;originalit\u00e9 de son travail ne cesseront d&#8217;\u00eatre salu\u00e9es, autant en France o\u00f9 il r\u00e9side jusqu&#8217;\u00e0 sa mort en 1992, qu&#8217;\u00e0 l&#8217;\u00e9tranger.<br \/>\nCompos\u00e9 de plus de 50 pi\u00e8ces, le catalogue embrasse ces diff\u00e9rentes p\u00e9riodes de l&#8217;oeuvre de Domela ainsi que la diversit\u00e9 de supports et de techniques qu&#8217;il explorait dans son travail.<\/p>\n","protected":false},"excerpt":{"rendered":"<p>C\u00e9sar Domela (1900-1992), artiste n\u00e9erlandais qui commence sa carri\u00e8re dans la premi\u00e8re moiti\u00e9 des ann\u00e9es 1920 comme membre du groupe De Stijl. Par la suite, il s&#8217;\u00e9loigne des principes du n\u00e9oplasticisme et abandonne progressivement la peinture \u00e0 l&#8217;huile pour r\u00e9aliser des reliefs conciliant g\u00e9om\u00e9trie et organicisme, devenant un des ma\u00eetres incontestables du genre. Apr\u00e8s plusieurs [&hellip;]<\/p>\n","protected":false},"featured_media":32421,"template":"","meta":[],"product_cat":[2948,2953],"product_tag":[],"acf":[],"yoast_head":"<!-- This site is optimized with the Yoast SEO plugin v20.11 - https:\/\/yoast.com\/wordpress\/plugins\/seo\/ -->\n<title>DOMELA - Librairie 7L<\/title>\n<meta name=\"robots\" content=\"index, follow, max-snippet:-1, max-image-preview:large, max-video-preview:-1\" \/>\n<link rel=\"canonical\" href=\"https:\/\/librairie7l.com\/en\/produit\/domela\/\" \/>\n<meta property=\"og:locale\" content=\"en_US\" \/>\n<meta property=\"og:type\" content=\"article\" \/>\n<meta property=\"og:title\" content=\"DOMELA - Librairie 7L\" \/>\n<meta property=\"og:description\" content=\"C\u00e9sar Domela (1900-1992), artiste n\u00e9erlandais qui commence sa carri\u00e8re dans la premi\u00e8re moiti\u00e9 des ann\u00e9es 1920 comme membre du groupe De Stijl. Par la suite, il s&#8217;\u00e9loigne des principes du n\u00e9oplasticisme et abandonne progressivement la peinture \u00e0 l&#8217;huile pour r\u00e9aliser des reliefs conciliant g\u00e9om\u00e9trie et organicisme, devenant un des ma\u00eetres incontestables du genre. Apr\u00e8s plusieurs [&hellip;]\" \/>\n<meta property=\"og:url\" content=\"https:\/\/librairie7l.com\/en\/produit\/domela\/\" \/>\n<meta property=\"og:site_name\" content=\"Librairie 7L\" \/>\n<meta property=\"article:modified_time\" content=\"2026-04-05T21:54:29+00:00\" \/>\n<meta property=\"og:image\" content=\"https:\/\/librairie7l.com\/wp-content\/uploads\/2023\/02\/9782382031254_1_75.jpg\" \/>\n\t<meta property=\"og:image:width\" content=\"600\" \/>\n\t<meta property=\"og:image:height\" content=\"643\" \/>\n\t<meta property=\"og:image:type\" content=\"image\/jpeg\" \/>\n<meta name=\"twitter:card\" content=\"summary_large_image\" \/>\n<meta name=\"twitter:label1\" content=\"Est. reading time\" \/>\n\t<meta name=\"twitter:data1\" content=\"1 minute\" \/>\n<script type=\"application\/ld+json\" class=\"yoast-schema-graph\">{\"@context\":\"https:\/\/schema.org\",\"@graph\":[{\"@type\":\"WebPage\",\"@id\":\"https:\/\/librairie7l.com\/en\/produit\/domela\/\",\"url\":\"https:\/\/librairie7l.com\/en\/produit\/domela\/\",\"name\":\"DOMELA - Librairie 7L\",\"isPartOf\":{\"@id\":\"https:\/\/librairie7l.com\/en\/#website\"},\"datePublished\":\"2023-06-09T10:55:08+00:00\",\"dateModified\":\"2026-04-05T21:54:29+00:00\",\"breadcrumb\":{\"@id\":\"https:\/\/librairie7l.com\/en\/produit\/domela\/#breadcrumb\"},\"inLanguage\":\"en-US\",\"potentialAction\":[{\"@type\":\"ReadAction\",\"target\":[\"https:\/\/librairie7l.com\/en\/produit\/domela\/\"]}]},{\"@type\":\"BreadcrumbList\",\"@id\":\"https:\/\/librairie7l.com\/en\/produit\/domela\/#breadcrumb\",\"itemListElement\":[{\"@type\":\"ListItem\",\"position\":1,\"name\":\"Accueil\",\"item\":\"https:\/\/librairie7l.com\/en\/\"},{\"@type\":\"ListItem\",\"position\":2,\"name\":\"Shop\",\"item\":\"https:\/\/librairie7l.com\/en\/shop\/\"},{\"@type\":\"ListItem\",\"position\":3,\"name\":\"DOMELA\"}]},{\"@type\":\"WebSite\",\"@id\":\"https:\/\/librairie7l.com\/en\/#website\",\"url\":\"https:\/\/librairie7l.com\/en\/\",\"name\":\"Librairie 7L\",\"description\":\"Librairie fond\u00e9e en 1999 par Karl Lagerfeld \u00e0 Paris\",\"publisher\":{\"@id\":\"https:\/\/librairie7l.com\/en\/#organization\"},\"potentialAction\":[{\"@type\":\"SearchAction\",\"target\":{\"@type\":\"EntryPoint\",\"urlTemplate\":\"https:\/\/librairie7l.com\/en\/?s={search_term_string}\"},\"query-input\":\"required name=search_term_string\"}],\"inLanguage\":\"en-US\"},{\"@type\":\"Organization\",\"@id\":\"https:\/\/librairie7l.com\/en\/#organization\",\"name\":\"Librairie 7L\",\"url\":\"https:\/\/librairie7l.com\/en\/\",\"logo\":{\"@type\":\"ImageObject\",\"inLanguage\":\"en-US\",\"@id\":\"https:\/\/librairie7l.com\/en\/#\/schema\/logo\/image\/\",\"url\":\"https:\/\/librairie7l.com\/wp-content\/uploads\/2022\/08\/logo-1.png\",\"contentUrl\":\"https:\/\/librairie7l.com\/wp-content\/uploads\/2022\/08\/logo-1.png\",\"width\":227,\"height\":301,\"caption\":\"Librairie 7L\"},\"image\":{\"@id\":\"https:\/\/librairie7l.com\/en\/#\/schema\/logo\/image\/\"}}]}<\/script>\n<!-- \/ Yoast SEO plugin. -->","yoast_head_json":{"title":"DOMELA - Librairie 7L","robots":{"index":"index","follow":"follow","max-snippet":"max-snippet:-1","max-image-preview":"max-image-preview:large","max-video-preview":"max-video-preview:-1"},"canonical":"https:\/\/librairie7l.com\/en\/produit\/domela\/","og_locale":"en_US","og_type":"article","og_title":"DOMELA - Librairie 7L","og_description":"C\u00e9sar Domela (1900-1992), artiste n\u00e9erlandais qui commence sa carri\u00e8re dans la premi\u00e8re moiti\u00e9 des ann\u00e9es 1920 comme membre du groupe De Stijl. Par la suite, il s&#8217;\u00e9loigne des principes du n\u00e9oplasticisme et abandonne progressivement la peinture \u00e0 l&#8217;huile pour r\u00e9aliser des reliefs conciliant g\u00e9om\u00e9trie et organicisme, devenant un des ma\u00eetres incontestables du genre. Apr\u00e8s plusieurs [&hellip;]","og_url":"https:\/\/librairie7l.com\/en\/produit\/domela\/","og_site_name":"Librairie 7L","article_modified_time":"2026-04-05T21:54:29+00:00","og_image":[{"width":600,"height":643,"url":"https:\/\/librairie7l.com\/wp-content\/uploads\/2023\/02\/9782382031254_1_75.jpg","type":"image\/jpeg"}],"twitter_card":"summary_large_image","twitter_misc":{"Est. reading time":"1 minute"},"schema":{"@context":"https:\/\/schema.org","@graph":[{"@type":"WebPage","@id":"https:\/\/librairie7l.com\/en\/produit\/domela\/","url":"https:\/\/librairie7l.com\/en\/produit\/domela\/","name":"DOMELA - Librairie 7L","isPartOf":{"@id":"https:\/\/librairie7l.com\/en\/#website"},"datePublished":"2023-06-09T10:55:08+00:00","dateModified":"2026-04-05T21:54:29+00:00","breadcrumb":{"@id":"https:\/\/librairie7l.com\/en\/produit\/domela\/#breadcrumb"},"inLanguage":"en-US","potentialAction":[{"@type":"ReadAction","target":["https:\/\/librairie7l.com\/en\/produit\/domela\/"]}]},{"@type":"BreadcrumbList","@id":"https:\/\/librairie7l.com\/en\/produit\/domela\/#breadcrumb","itemListElement":[{"@type":"ListItem","position":1,"name":"Accueil","item":"https:\/\/librairie7l.com\/en\/"},{"@type":"ListItem","position":2,"name":"Shop","item":"https:\/\/librairie7l.com\/en\/shop\/"},{"@type":"ListItem","position":3,"name":"DOMELA"}]},{"@type":"WebSite","@id":"https:\/\/librairie7l.com\/en\/#website","url":"https:\/\/librairie7l.com\/en\/","name":"Librairie 7L","description":"Librairie fond\u00e9e en 1999 par Karl Lagerfeld \u00e0 Paris","publisher":{"@id":"https:\/\/librairie7l.com\/en\/#organization"},"potentialAction":[{"@type":"SearchAction","target":{"@type":"EntryPoint","urlTemplate":"https:\/\/librairie7l.com\/en\/?s={search_term_string}"},"query-input":"required name=search_term_string"}],"inLanguage":"en-US"},{"@type":"Organization","@id":"https:\/\/librairie7l.com\/en\/#organization","name":"Librairie 7L","url":"https:\/\/librairie7l.com\/en\/","logo":{"@type":"ImageObject","inLanguage":"en-US","@id":"https:\/\/librairie7l.com\/en\/#\/schema\/logo\/image\/","url":"https:\/\/librairie7l.com\/wp-content\/uploads\/2022\/08\/logo-1.png","contentUrl":"https:\/\/librairie7l.com\/wp-content\/uploads\/2022\/08\/logo-1.png","width":227,"height":301,"caption":"Librairie 7L"},"image":{"@id":"https:\/\/librairie7l.com\/en\/#\/schema\/logo\/image\/"}}]}},"_links":{"self":[{"href":"https:\/\/librairie7l.com\/en\/wp-json\/wp\/v2\/product\/32423"}],"collection":[{"href":"https:\/\/librairie7l.com\/en\/wp-json\/wp\/v2\/product"}],"about":[{"href":"https:\/\/librairie7l.com\/en\/wp-json\/wp\/v2\/types\/product"}],"wp:featuredmedia":[{"embeddable":true,"href":"https:\/\/librairie7l.com\/en\/wp-json\/wp\/v2\/media\/32421"}],"wp:attachment":[{"href":"https:\/\/librairie7l.com\/en\/wp-json\/wp\/v2\/media?parent=32423"}],"wp:term":[{"taxonomy":"product_cat","embeddable":true,"href":"https:\/\/librairie7l.com\/en\/wp-json\/wp\/v2\/product_cat?post=32423"},{"taxonomy":"product_tag","embeddable":true,"href":"https:\/\/librairie7l.com\/en\/wp-json\/wp\/v2\/product_tag?post=32423"}],"curies":[{"name":"wp","href":"https:\/\/api.w.org\/{rel}","templated":true}]}}