{"id":32439,"date":"2023-06-09T13:01:01","date_gmt":"2023-06-09T11:01:01","guid":{"rendered":"https:\/\/librairie7l.com\/?post_type=product&#038;p=32439"},"modified":"2026-04-26T16:19:37","modified_gmt":"2026-04-26T14:19:37","slug":"les-indiennes-la-creation-des-toiles-imprimees-des-indes-aux-manufactures-alsaciennes-xviiie-xixe-siecle","status":"publish","type":"product","link":"https:\/\/librairie7l.com\/en\/produit\/les-indiennes-la-creation-des-toiles-imprimees-des-indes-aux-manufactures-alsaciennes-xviiie-xixe-siecle\/","title":{"rendered":"LES INDIENNES : LA CR\u00c9ATION DES TOILES IMPRIM\u00c9ES DES INDES AUX MANUFACTURES ALSACIENNES (XVIIIE-XIXE SI\u00c8CLE)"},"content":{"rendered":"<p>L&#8217;histoire des indiennes de coton en Europe est passionnante, car l&#8217;ouverture \u00e0 ces produits nouveaux, import\u00e9s d&#8217;Orient au XVIe si\u00e8cle via Marseille, puis copi\u00e9s dans la Suisse et l&#8217;Alsace protestantes au si\u00e8cle suivant &#8211; d&#8217;abord \u00e0 la main et ensuite gr\u00e2ce aux premiers proc\u00e9d\u00e9s d&#8217;impression sur textile &#8211; est le d\u00e9but d&#8217;une v\u00e9ritable aventure industrielle. En suivant le fil du d\u00e9veloppement des techniques, ce beau volume illustre comment cet art empirique est devenu une industrie, o\u00f9 l&#8217;innovation a favoris\u00e9 la cr\u00e9ativit\u00e9 artistique. Le passage d&#8217;une connaissance th\u00e9orique \u00e0 sa mise en pratique, au d\u00e9but de l&#8217;indiennage \u00e0 Marseille jusqu&#8217;aux manufactures alsaciennes, t\u00e9moigne d&#8217;une p\u00e9riode de grande cr\u00e9ativit\u00e9, aussi bien sur le plan technique qu&#8217;artistique.<\/p>\n","protected":false},"excerpt":{"rendered":"<p>L&#8217;histoire des indiennes de coton en Europe est passionnante, car l&#8217;ouverture \u00e0 ces produits nouveaux, import\u00e9s d&#8217;Orient au XVIe si\u00e8cle via Marseille, puis copi\u00e9s dans la Suisse et l&#8217;Alsace protestantes au si\u00e8cle suivant &#8211; d&#8217;abord \u00e0 la main et ensuite gr\u00e2ce aux premiers proc\u00e9d\u00e9s d&#8217;impression sur textile &#8211; est le d\u00e9but d&#8217;une v\u00e9ritable aventure industrielle. [&hellip;]<\/p>\n","protected":false},"featured_media":32437,"template":"","meta":[],"product_cat":[2948,2957],"product_tag":[],"acf":[],"yoast_head":"<!-- This site is optimized with the Yoast SEO plugin v20.11 - https:\/\/yoast.com\/wordpress\/plugins\/seo\/ -->\n<title>LES INDIENNES : LA CR\u00c9ATION DES TOILES IMPRIM\u00c9ES DES INDES AUX MANUFACTURES ALSACIENNES (XVIIIE-XIXE SI\u00c8CLE) - Librairie 7L<\/title>\n<meta name=\"robots\" content=\"index, follow, max-snippet:-1, max-image-preview:large, max-video-preview:-1\" \/>\n<link rel=\"canonical\" href=\"https:\/\/librairie7l.com\/en\/produit\/les-indiennes-la-creation-des-toiles-imprimees-des-indes-aux-manufactures-alsaciennes-xviiie-xixe-siecle\/\" \/>\n<meta property=\"og:locale\" content=\"en_US\" \/>\n<meta property=\"og:type\" content=\"article\" \/>\n<meta property=\"og:title\" content=\"LES INDIENNES : LA CR\u00c9ATION DES TOILES IMPRIM\u00c9ES DES INDES AUX MANUFACTURES ALSACIENNES (XVIIIE-XIXE SI\u00c8CLE) - Librairie 7L\" \/>\n<meta property=\"og:description\" content=\"L&#8217;histoire des indiennes de coton en Europe est passionnante, car l&#8217;ouverture \u00e0 ces produits nouveaux, import\u00e9s d&#8217;Orient au XVIe si\u00e8cle via Marseille, puis copi\u00e9s dans la Suisse et l&#8217;Alsace protestantes au si\u00e8cle suivant &#8211; d&#8217;abord \u00e0 la main et ensuite gr\u00e2ce aux premiers proc\u00e9d\u00e9s d&#8217;impression sur textile &#8211; est le d\u00e9but d&#8217;une v\u00e9ritable aventure industrielle. [&hellip;]\" \/>\n<meta property=\"og:url\" content=\"https:\/\/librairie7l.com\/en\/produit\/les-indiennes-la-creation-des-toiles-imprimees-des-indes-aux-manufactures-alsaciennes-xviiie-xixe-siecle\/\" \/>\n<meta property=\"og:site_name\" content=\"Librairie 7L\" \/>\n<meta property=\"article:modified_time\" content=\"2026-04-26T14:19:37+00:00\" \/>\n<meta property=\"og:image\" content=\"https:\/\/librairie7l.com\/wp-content\/uploads\/2022\/06\/9788836652624_1_75.jpg\" \/>\n\t<meta property=\"og:image:width\" content=\"400\" \/>\n\t<meta property=\"og:image:height\" content=\"504\" \/>\n\t<meta property=\"og:image:type\" content=\"image\/jpeg\" \/>\n<meta name=\"twitter:card\" content=\"summary_large_image\" \/>\n<meta name=\"twitter:label1\" content=\"Est. reading time\" \/>\n\t<meta name=\"twitter:data1\" content=\"1 minute\" \/>\n<script type=\"application\/ld+json\" class=\"yoast-schema-graph\">{\"@context\":\"https:\/\/schema.org\",\"@graph\":[{\"@type\":\"WebPage\",\"@id\":\"https:\/\/librairie7l.com\/en\/produit\/les-indiennes-la-creation-des-toiles-imprimees-des-indes-aux-manufactures-alsaciennes-xviiie-xixe-siecle\/\",\"url\":\"https:\/\/librairie7l.com\/en\/produit\/les-indiennes-la-creation-des-toiles-imprimees-des-indes-aux-manufactures-alsaciennes-xviiie-xixe-siecle\/\",\"name\":\"LES INDIENNES : LA CR\u00c9ATION DES TOILES IMPRIM\u00c9ES DES INDES AUX MANUFACTURES ALSACIENNES (XVIIIE-XIXE SI\u00c8CLE) - Librairie 7L\",\"isPartOf\":{\"@id\":\"https:\/\/librairie7l.com\/en\/#website\"},\"datePublished\":\"2023-06-09T11:01:01+00:00\",\"dateModified\":\"2026-04-26T14:19:37+00:00\",\"breadcrumb\":{\"@id\":\"https:\/\/librairie7l.com\/en\/produit\/les-indiennes-la-creation-des-toiles-imprimees-des-indes-aux-manufactures-alsaciennes-xviiie-xixe-siecle\/#breadcrumb\"},\"inLanguage\":\"en-US\",\"potentialAction\":[{\"@type\":\"ReadAction\",\"target\":[\"https:\/\/librairie7l.com\/en\/produit\/les-indiennes-la-creation-des-toiles-imprimees-des-indes-aux-manufactures-alsaciennes-xviiie-xixe-siecle\/\"]}]},{\"@type\":\"BreadcrumbList\",\"@id\":\"https:\/\/librairie7l.com\/en\/produit\/les-indiennes-la-creation-des-toiles-imprimees-des-indes-aux-manufactures-alsaciennes-xviiie-xixe-siecle\/#breadcrumb\",\"itemListElement\":[{\"@type\":\"ListItem\",\"position\":1,\"name\":\"Accueil\",\"item\":\"https:\/\/librairie7l.com\/en\/\"},{\"@type\":\"ListItem\",\"position\":2,\"name\":\"Shop\",\"item\":\"https:\/\/librairie7l.com\/en\/shop\/\"},{\"@type\":\"ListItem\",\"position\":3,\"name\":\"LES INDIENNES : LA CR\u00c9ATION DES TOILES IMPRIM\u00c9ES DES INDES AUX MANUFACTURES ALSACIENNES (XVIIIE-XIXE SI\u00c8CLE)\"}]},{\"@type\":\"WebSite\",\"@id\":\"https:\/\/librairie7l.com\/en\/#website\",\"url\":\"https:\/\/librairie7l.com\/en\/\",\"name\":\"Librairie 7L\",\"description\":\"Librairie fond\u00e9e en 1999 par Karl Lagerfeld \u00e0 Paris\",\"publisher\":{\"@id\":\"https:\/\/librairie7l.com\/en\/#organization\"},\"potentialAction\":[{\"@type\":\"SearchAction\",\"target\":{\"@type\":\"EntryPoint\",\"urlTemplate\":\"https:\/\/librairie7l.com\/en\/?s={search_term_string}\"},\"query-input\":\"required name=search_term_string\"}],\"inLanguage\":\"en-US\"},{\"@type\":\"Organization\",\"@id\":\"https:\/\/librairie7l.com\/en\/#organization\",\"name\":\"Librairie 7L\",\"url\":\"https:\/\/librairie7l.com\/en\/\",\"logo\":{\"@type\":\"ImageObject\",\"inLanguage\":\"en-US\",\"@id\":\"https:\/\/librairie7l.com\/en\/#\/schema\/logo\/image\/\",\"url\":\"https:\/\/librairie7l.com\/wp-content\/uploads\/2022\/08\/logo-1.png\",\"contentUrl\":\"https:\/\/librairie7l.com\/wp-content\/uploads\/2022\/08\/logo-1.png\",\"width\":227,\"height\":301,\"caption\":\"Librairie 7L\"},\"image\":{\"@id\":\"https:\/\/librairie7l.com\/en\/#\/schema\/logo\/image\/\"}}]}<\/script>\n<!-- \/ Yoast SEO plugin. -->","yoast_head_json":{"title":"LES INDIENNES : LA CR\u00c9ATION DES TOILES IMPRIM\u00c9ES DES INDES AUX MANUFACTURES ALSACIENNES (XVIIIE-XIXE SI\u00c8CLE) - Librairie 7L","robots":{"index":"index","follow":"follow","max-snippet":"max-snippet:-1","max-image-preview":"max-image-preview:large","max-video-preview":"max-video-preview:-1"},"canonical":"https:\/\/librairie7l.com\/en\/produit\/les-indiennes-la-creation-des-toiles-imprimees-des-indes-aux-manufactures-alsaciennes-xviiie-xixe-siecle\/","og_locale":"en_US","og_type":"article","og_title":"LES INDIENNES : LA CR\u00c9ATION DES TOILES IMPRIM\u00c9ES DES INDES AUX MANUFACTURES ALSACIENNES (XVIIIE-XIXE SI\u00c8CLE) - Librairie 7L","og_description":"L&#8217;histoire des indiennes de coton en Europe est passionnante, car l&#8217;ouverture \u00e0 ces produits nouveaux, import\u00e9s d&#8217;Orient au XVIe si\u00e8cle via Marseille, puis copi\u00e9s dans la Suisse et l&#8217;Alsace protestantes au si\u00e8cle suivant &#8211; d&#8217;abord \u00e0 la main et ensuite gr\u00e2ce aux premiers proc\u00e9d\u00e9s d&#8217;impression sur textile &#8211; est le d\u00e9but d&#8217;une v\u00e9ritable aventure industrielle. [&hellip;]","og_url":"https:\/\/librairie7l.com\/en\/produit\/les-indiennes-la-creation-des-toiles-imprimees-des-indes-aux-manufactures-alsaciennes-xviiie-xixe-siecle\/","og_site_name":"Librairie 7L","article_modified_time":"2026-04-26T14:19:37+00:00","og_image":[{"width":400,"height":504,"url":"https:\/\/librairie7l.com\/wp-content\/uploads\/2022\/06\/9788836652624_1_75.jpg","type":"image\/jpeg"}],"twitter_card":"summary_large_image","twitter_misc":{"Est. reading time":"1 minute"},"schema":{"@context":"https:\/\/schema.org","@graph":[{"@type":"WebPage","@id":"https:\/\/librairie7l.com\/en\/produit\/les-indiennes-la-creation-des-toiles-imprimees-des-indes-aux-manufactures-alsaciennes-xviiie-xixe-siecle\/","url":"https:\/\/librairie7l.com\/en\/produit\/les-indiennes-la-creation-des-toiles-imprimees-des-indes-aux-manufactures-alsaciennes-xviiie-xixe-siecle\/","name":"LES INDIENNES : LA CR\u00c9ATION DES TOILES IMPRIM\u00c9ES DES INDES AUX MANUFACTURES ALSACIENNES (XVIIIE-XIXE SI\u00c8CLE) - Librairie 7L","isPartOf":{"@id":"https:\/\/librairie7l.com\/en\/#website"},"datePublished":"2023-06-09T11:01:01+00:00","dateModified":"2026-04-26T14:19:37+00:00","breadcrumb":{"@id":"https:\/\/librairie7l.com\/en\/produit\/les-indiennes-la-creation-des-toiles-imprimees-des-indes-aux-manufactures-alsaciennes-xviiie-xixe-siecle\/#breadcrumb"},"inLanguage":"en-US","potentialAction":[{"@type":"ReadAction","target":["https:\/\/librairie7l.com\/en\/produit\/les-indiennes-la-creation-des-toiles-imprimees-des-indes-aux-manufactures-alsaciennes-xviiie-xixe-siecle\/"]}]},{"@type":"BreadcrumbList","@id":"https:\/\/librairie7l.com\/en\/produit\/les-indiennes-la-creation-des-toiles-imprimees-des-indes-aux-manufactures-alsaciennes-xviiie-xixe-siecle\/#breadcrumb","itemListElement":[{"@type":"ListItem","position":1,"name":"Accueil","item":"https:\/\/librairie7l.com\/en\/"},{"@type":"ListItem","position":2,"name":"Shop","item":"https:\/\/librairie7l.com\/en\/shop\/"},{"@type":"ListItem","position":3,"name":"LES INDIENNES : LA CR\u00c9ATION DES TOILES IMPRIM\u00c9ES DES INDES AUX MANUFACTURES ALSACIENNES (XVIIIE-XIXE SI\u00c8CLE)"}]},{"@type":"WebSite","@id":"https:\/\/librairie7l.com\/en\/#website","url":"https:\/\/librairie7l.com\/en\/","name":"Librairie 7L","description":"Librairie fond\u00e9e en 1999 par Karl Lagerfeld \u00e0 Paris","publisher":{"@id":"https:\/\/librairie7l.com\/en\/#organization"},"potentialAction":[{"@type":"SearchAction","target":{"@type":"EntryPoint","urlTemplate":"https:\/\/librairie7l.com\/en\/?s={search_term_string}"},"query-input":"required name=search_term_string"}],"inLanguage":"en-US"},{"@type":"Organization","@id":"https:\/\/librairie7l.com\/en\/#organization","name":"Librairie 7L","url":"https:\/\/librairie7l.com\/en\/","logo":{"@type":"ImageObject","inLanguage":"en-US","@id":"https:\/\/librairie7l.com\/en\/#\/schema\/logo\/image\/","url":"https:\/\/librairie7l.com\/wp-content\/uploads\/2022\/08\/logo-1.png","contentUrl":"https:\/\/librairie7l.com\/wp-content\/uploads\/2022\/08\/logo-1.png","width":227,"height":301,"caption":"Librairie 7L"},"image":{"@id":"https:\/\/librairie7l.com\/en\/#\/schema\/logo\/image\/"}}]}},"_links":{"self":[{"href":"https:\/\/librairie7l.com\/en\/wp-json\/wp\/v2\/product\/32439"}],"collection":[{"href":"https:\/\/librairie7l.com\/en\/wp-json\/wp\/v2\/product"}],"about":[{"href":"https:\/\/librairie7l.com\/en\/wp-json\/wp\/v2\/types\/product"}],"wp:featuredmedia":[{"embeddable":true,"href":"https:\/\/librairie7l.com\/en\/wp-json\/wp\/v2\/media\/32437"}],"wp:attachment":[{"href":"https:\/\/librairie7l.com\/en\/wp-json\/wp\/v2\/media?parent=32439"}],"wp:term":[{"taxonomy":"product_cat","embeddable":true,"href":"https:\/\/librairie7l.com\/en\/wp-json\/wp\/v2\/product_cat?post=32439"},{"taxonomy":"product_tag","embeddable":true,"href":"https:\/\/librairie7l.com\/en\/wp-json\/wp\/v2\/product_tag?post=32439"}],"curies":[{"name":"wp","href":"https:\/\/api.w.org\/{rel}","templated":true}]}}