{"id":32465,"date":"2023-06-09T13:17:22","date_gmt":"2023-06-09T11:17:22","guid":{"rendered":"https:\/\/librairie7l.com\/?post_type=product&#038;p=32465"},"modified":"2026-04-06T01:28:58","modified_gmt":"2026-04-05T23:28:58","slug":"global-tools-1973-1975-eco-design-de-projet-low-tech","status":"publish","type":"product","link":"https:\/\/librairie7l.com\/en\/produit\/global-tools-1973-1975-eco-design-de-projet-low-tech\/","title":{"rendered":"GLOBAL TOOLS (1973-1975) : ECO-DESIGN : D\u00c9-PROJET &AMP; LOW-TECH"},"content":{"rendered":"<p>Au travers d&#8217;archives in\u00e9dites, ce livre analyse en profondeur les toutes premi\u00e8res traductions fran\u00e7aises des deux bulletins de Global Tools, les entretiens exclusifs d&#8217;Andrea Branzi, Gaetano Pesce, Gianni Pettena, Ugo La Pietra, Alessandro Mendini et deux \u00e9crits qui dialogue, l&#8217;un de Paolo Deganello et l&#8217;autre de Franco Raggi.<br \/>\nCe dernier pr\u00e9sent Global Tools ainsi : \u00ab Ceux qui ont fond\u00e9 ou particip\u00e9 \u00e0 la Global Tools s&#8217;int\u00e9ressaient \u00e0 la construction d&#8217;un programme d&#8217;activit\u00e9s de recherche \u00e9ducative et productive qui partait d&#8217;en bas, dans le but th\u00e9orique de lib\u00e9rer la cr\u00e9ativit\u00e9 individuelle des superstructures culturelles qui emp\u00eachaient ou ralentissaient la capacit\u00e9 d&#8217;expression, selon l&#8217;hypoth\u00e8se de travail libre, anarchiste (mais organis\u00e9), d&#8217;exp\u00e9rimentations dans le domaine du design, du vivre et du construire&#8230; La tentative fut aussi de revenir \u00e0 une sorte de condition primaire de fabrication qui impliquait les outils individuels, les premiers ustensiles \u00e0 notre disposition permettant d&#8217;interagir avec le monde ext\u00e9rieur comme les mains, les pieds, les sens, le corps, et leur perception. Parmi les sujets abord\u00e9s, il y avait aussi une s\u00e9rie de sujets qui venaient de l&#8217;exp\u00e9rience des groupes anarchistes am\u00e9ricains, anglais et autrichiens. Nous avons condens\u00e9 une tendance tr\u00e8s g\u00e9n\u00e9ralis\u00e9e et omnipr\u00e9sente, bien que souterraine. Une recherche exp\u00e9rimentale et expressive associ\u00e9e \u00e0 une anti rh\u00e9torique du projet et une quasi-annulation de la pratique de conception canonique pour concevoir sa gu\u00e9rison gr\u00e2ce \u00e0 une auto-th\u00e9rapie. \u00bb<\/p>\n","protected":false},"excerpt":{"rendered":"<p>Au travers d&#8217;archives in\u00e9dites, ce livre analyse en profondeur les toutes premi\u00e8res traductions fran\u00e7aises des deux bulletins de Global Tools, les entretiens exclusifs d&#8217;Andrea Branzi, Gaetano Pesce, Gianni Pettena, Ugo La Pietra, Alessandro Mendini et deux \u00e9crits qui dialogue, l&#8217;un de Paolo Deganello et l&#8217;autre de Franco Raggi. Ce dernier pr\u00e9sent Global Tools ainsi : [&hellip;]<\/p>\n","protected":false},"featured_media":32463,"template":"","meta":[],"product_cat":[2948,2952],"product_tag":[],"acf":[],"yoast_head":"<!-- This site is optimized with the Yoast SEO plugin v20.11 - https:\/\/yoast.com\/wordpress\/plugins\/seo\/ -->\n<title>GLOBAL TOOLS (1973-1975) : ECO-DESIGN : D\u00c9-PROJET &amp; LOW-TECH - Librairie 7L<\/title>\n<meta name=\"robots\" content=\"index, follow, max-snippet:-1, max-image-preview:large, max-video-preview:-1\" \/>\n<link rel=\"canonical\" href=\"https:\/\/librairie7l.com\/en\/produit\/global-tools-1973-1975-eco-design-de-projet-low-tech\/\" \/>\n<meta property=\"og:locale\" content=\"en_US\" \/>\n<meta property=\"og:type\" content=\"article\" \/>\n<meta property=\"og:title\" content=\"GLOBAL TOOLS (1973-1975) : ECO-DESIGN : D\u00c9-PROJET &amp; LOW-TECH - Librairie 7L\" \/>\n<meta property=\"og:description\" content=\"Au travers d&#8217;archives in\u00e9dites, ce livre analyse en profondeur les toutes premi\u00e8res traductions fran\u00e7aises des deux bulletins de Global Tools, les entretiens exclusifs d&#8217;Andrea Branzi, Gaetano Pesce, Gianni Pettena, Ugo La Pietra, Alessandro Mendini et deux \u00e9crits qui dialogue, l&#8217;un de Paolo Deganello et l&#8217;autre de Franco Raggi. Ce dernier pr\u00e9sent Global Tools ainsi : [&hellip;]\" \/>\n<meta property=\"og:url\" content=\"https:\/\/librairie7l.com\/en\/produit\/global-tools-1973-1975-eco-design-de-projet-low-tech\/\" \/>\n<meta property=\"og:site_name\" content=\"Librairie 7L\" \/>\n<meta property=\"article:modified_time\" content=\"2026-04-05T23:28:58+00:00\" \/>\n<meta property=\"og:image\" content=\"https:\/\/librairie7l.com\/wp-content\/uploads\/2023\/03\/9782356990594_1_75.jpg\" \/>\n\t<meta property=\"og:image:width\" content=\"600\" \/>\n\t<meta property=\"og:image:height\" content=\"833\" \/>\n\t<meta property=\"og:image:type\" content=\"image\/jpeg\" \/>\n<meta name=\"twitter:card\" content=\"summary_large_image\" \/>\n<meta name=\"twitter:label1\" content=\"Est. reading time\" \/>\n\t<meta name=\"twitter:data1\" content=\"1 minute\" \/>\n<script type=\"application\/ld+json\" class=\"yoast-schema-graph\">{\"@context\":\"https:\/\/schema.org\",\"@graph\":[{\"@type\":\"WebPage\",\"@id\":\"https:\/\/librairie7l.com\/en\/produit\/global-tools-1973-1975-eco-design-de-projet-low-tech\/\",\"url\":\"https:\/\/librairie7l.com\/en\/produit\/global-tools-1973-1975-eco-design-de-projet-low-tech\/\",\"name\":\"GLOBAL TOOLS (1973-1975) : ECO-DESIGN : D\u00c9-PROJET &amp; LOW-TECH - Librairie 7L\",\"isPartOf\":{\"@id\":\"https:\/\/librairie7l.com\/en\/#website\"},\"datePublished\":\"2023-06-09T11:17:22+00:00\",\"dateModified\":\"2026-04-05T23:28:58+00:00\",\"breadcrumb\":{\"@id\":\"https:\/\/librairie7l.com\/en\/produit\/global-tools-1973-1975-eco-design-de-projet-low-tech\/#breadcrumb\"},\"inLanguage\":\"en-US\",\"potentialAction\":[{\"@type\":\"ReadAction\",\"target\":[\"https:\/\/librairie7l.com\/en\/produit\/global-tools-1973-1975-eco-design-de-projet-low-tech\/\"]}]},{\"@type\":\"BreadcrumbList\",\"@id\":\"https:\/\/librairie7l.com\/en\/produit\/global-tools-1973-1975-eco-design-de-projet-low-tech\/#breadcrumb\",\"itemListElement\":[{\"@type\":\"ListItem\",\"position\":1,\"name\":\"Accueil\",\"item\":\"https:\/\/librairie7l.com\/en\/\"},{\"@type\":\"ListItem\",\"position\":2,\"name\":\"Shop\",\"item\":\"https:\/\/librairie7l.com\/en\/shop\/\"},{\"@type\":\"ListItem\",\"position\":3,\"name\":\"GLOBAL TOOLS (1973-1975) : ECO-DESIGN : D\u00c9-PROJET &AMP; LOW-TECH\"}]},{\"@type\":\"WebSite\",\"@id\":\"https:\/\/librairie7l.com\/en\/#website\",\"url\":\"https:\/\/librairie7l.com\/en\/\",\"name\":\"Librairie 7L\",\"description\":\"Librairie fond\u00e9e en 1999 par Karl Lagerfeld \u00e0 Paris\",\"publisher\":{\"@id\":\"https:\/\/librairie7l.com\/en\/#organization\"},\"potentialAction\":[{\"@type\":\"SearchAction\",\"target\":{\"@type\":\"EntryPoint\",\"urlTemplate\":\"https:\/\/librairie7l.com\/en\/?s={search_term_string}\"},\"query-input\":\"required name=search_term_string\"}],\"inLanguage\":\"en-US\"},{\"@type\":\"Organization\",\"@id\":\"https:\/\/librairie7l.com\/en\/#organization\",\"name\":\"Librairie 7L\",\"url\":\"https:\/\/librairie7l.com\/en\/\",\"logo\":{\"@type\":\"ImageObject\",\"inLanguage\":\"en-US\",\"@id\":\"https:\/\/librairie7l.com\/en\/#\/schema\/logo\/image\/\",\"url\":\"https:\/\/librairie7l.com\/wp-content\/uploads\/2022\/08\/logo-1.png\",\"contentUrl\":\"https:\/\/librairie7l.com\/wp-content\/uploads\/2022\/08\/logo-1.png\",\"width\":227,\"height\":301,\"caption\":\"Librairie 7L\"},\"image\":{\"@id\":\"https:\/\/librairie7l.com\/en\/#\/schema\/logo\/image\/\"}}]}<\/script>\n<!-- \/ Yoast SEO plugin. -->","yoast_head_json":{"title":"GLOBAL TOOLS (1973-1975) : ECO-DESIGN : D\u00c9-PROJET &amp; LOW-TECH - Librairie 7L","robots":{"index":"index","follow":"follow","max-snippet":"max-snippet:-1","max-image-preview":"max-image-preview:large","max-video-preview":"max-video-preview:-1"},"canonical":"https:\/\/librairie7l.com\/en\/produit\/global-tools-1973-1975-eco-design-de-projet-low-tech\/","og_locale":"en_US","og_type":"article","og_title":"GLOBAL TOOLS (1973-1975) : ECO-DESIGN : D\u00c9-PROJET &amp; LOW-TECH - Librairie 7L","og_description":"Au travers d&#8217;archives in\u00e9dites, ce livre analyse en profondeur les toutes premi\u00e8res traductions fran\u00e7aises des deux bulletins de Global Tools, les entretiens exclusifs d&#8217;Andrea Branzi, Gaetano Pesce, Gianni Pettena, Ugo La Pietra, Alessandro Mendini et deux \u00e9crits qui dialogue, l&#8217;un de Paolo Deganello et l&#8217;autre de Franco Raggi. Ce dernier pr\u00e9sent Global Tools ainsi : [&hellip;]","og_url":"https:\/\/librairie7l.com\/en\/produit\/global-tools-1973-1975-eco-design-de-projet-low-tech\/","og_site_name":"Librairie 7L","article_modified_time":"2026-04-05T23:28:58+00:00","og_image":[{"width":600,"height":833,"url":"https:\/\/librairie7l.com\/wp-content\/uploads\/2023\/03\/9782356990594_1_75.jpg","type":"image\/jpeg"}],"twitter_card":"summary_large_image","twitter_misc":{"Est. reading time":"1 minute"},"schema":{"@context":"https:\/\/schema.org","@graph":[{"@type":"WebPage","@id":"https:\/\/librairie7l.com\/en\/produit\/global-tools-1973-1975-eco-design-de-projet-low-tech\/","url":"https:\/\/librairie7l.com\/en\/produit\/global-tools-1973-1975-eco-design-de-projet-low-tech\/","name":"GLOBAL TOOLS (1973-1975) : ECO-DESIGN : D\u00c9-PROJET &amp; LOW-TECH - Librairie 7L","isPartOf":{"@id":"https:\/\/librairie7l.com\/en\/#website"},"datePublished":"2023-06-09T11:17:22+00:00","dateModified":"2026-04-05T23:28:58+00:00","breadcrumb":{"@id":"https:\/\/librairie7l.com\/en\/produit\/global-tools-1973-1975-eco-design-de-projet-low-tech\/#breadcrumb"},"inLanguage":"en-US","potentialAction":[{"@type":"ReadAction","target":["https:\/\/librairie7l.com\/en\/produit\/global-tools-1973-1975-eco-design-de-projet-low-tech\/"]}]},{"@type":"BreadcrumbList","@id":"https:\/\/librairie7l.com\/en\/produit\/global-tools-1973-1975-eco-design-de-projet-low-tech\/#breadcrumb","itemListElement":[{"@type":"ListItem","position":1,"name":"Accueil","item":"https:\/\/librairie7l.com\/en\/"},{"@type":"ListItem","position":2,"name":"Shop","item":"https:\/\/librairie7l.com\/en\/shop\/"},{"@type":"ListItem","position":3,"name":"GLOBAL TOOLS (1973-1975) : ECO-DESIGN : D\u00c9-PROJET &AMP; LOW-TECH"}]},{"@type":"WebSite","@id":"https:\/\/librairie7l.com\/en\/#website","url":"https:\/\/librairie7l.com\/en\/","name":"Librairie 7L","description":"Librairie fond\u00e9e en 1999 par Karl Lagerfeld \u00e0 Paris","publisher":{"@id":"https:\/\/librairie7l.com\/en\/#organization"},"potentialAction":[{"@type":"SearchAction","target":{"@type":"EntryPoint","urlTemplate":"https:\/\/librairie7l.com\/en\/?s={search_term_string}"},"query-input":"required name=search_term_string"}],"inLanguage":"en-US"},{"@type":"Organization","@id":"https:\/\/librairie7l.com\/en\/#organization","name":"Librairie 7L","url":"https:\/\/librairie7l.com\/en\/","logo":{"@type":"ImageObject","inLanguage":"en-US","@id":"https:\/\/librairie7l.com\/en\/#\/schema\/logo\/image\/","url":"https:\/\/librairie7l.com\/wp-content\/uploads\/2022\/08\/logo-1.png","contentUrl":"https:\/\/librairie7l.com\/wp-content\/uploads\/2022\/08\/logo-1.png","width":227,"height":301,"caption":"Librairie 7L"},"image":{"@id":"https:\/\/librairie7l.com\/en\/#\/schema\/logo\/image\/"}}]}},"_links":{"self":[{"href":"https:\/\/librairie7l.com\/en\/wp-json\/wp\/v2\/product\/32465"}],"collection":[{"href":"https:\/\/librairie7l.com\/en\/wp-json\/wp\/v2\/product"}],"about":[{"href":"https:\/\/librairie7l.com\/en\/wp-json\/wp\/v2\/types\/product"}],"wp:featuredmedia":[{"embeddable":true,"href":"https:\/\/librairie7l.com\/en\/wp-json\/wp\/v2\/media\/32463"}],"wp:attachment":[{"href":"https:\/\/librairie7l.com\/en\/wp-json\/wp\/v2\/media?parent=32465"}],"wp:term":[{"taxonomy":"product_cat","embeddable":true,"href":"https:\/\/librairie7l.com\/en\/wp-json\/wp\/v2\/product_cat?post=32465"},{"taxonomy":"product_tag","embeddable":true,"href":"https:\/\/librairie7l.com\/en\/wp-json\/wp\/v2\/product_tag?post=32465"}],"curies":[{"name":"wp","href":"https:\/\/api.w.org\/{rel}","templated":true}]}}