{"id":32473,"date":"2023-06-09T13:18:56","date_gmt":"2023-06-09T11:18:56","guid":{"rendered":"https:\/\/librairie7l.com\/?post_type=product&#038;p=32473"},"modified":"2026-04-08T16:37:08","modified_gmt":"2026-04-08T14:37:08","slug":"le-louvre","status":"publish","type":"product","link":"https:\/\/librairie7l.com\/en\/produit\/le-louvre\/","title":{"rendered":"LE LOUVRE"},"content":{"rendered":"<p>Chaque ann\u00e9e plus de dix millions de visiteurs du monde entier arpentent ses 68 000 m\u00e8tres carr\u00e9s de galerie qui offrent aux regards plus de 35 000 oeuvres. Enrichi par l&#8217;ouverture d&#8217;un huiti\u00e8me d\u00e9partement, celui des Arts de l&#8217;Islam, par la cr\u00e9ation du Louvre-Lens, par le Louvre Abu Dhabi, le mus\u00e9e du Louvre a assis sa place de premier mus\u00e9e du monde.<br \/>\nQuelle est l&#8217;histoire de ce haut lieu du patrimoine ? Comment se sont constitu\u00e9es ses prestigieuses collections ? Forteresse au Moyen \u00c2ge, puis demeure des rois de France, le Louvre a accueilli huit si\u00e8cles d&#8217;histoire. Ses origines remontent au XIIe si\u00e8cle lorsque le roi Philippe Auguste d\u00e9cide de prot\u00e9ger sa nouvelle capitale, Paris, en la dotant d&#8217;une forteresse sur la rive droite de la Seine. Avec Charles V, le Louvre devient une r\u00e9sidence royale et les souverains Valois et Bourbons ne cesseront de l&#8217;agrandir, l&#8217;am\u00e9nager, l&#8217;embellir. Les plus brillants architectes et peintres sont appel\u00e9s \u00e0 y oeuvrer. Si\u00e8ge des acad\u00e9mies de Beaux-Arts et r\u00e9sidence de nombreux artistes au XVIIIe si\u00e8cle, le Louvre confirme sa vocation de temple des arts avec l&#8217;ouverture en 1793 du Museum des Arts, premier mus\u00e9e national ouvert au public. D\u00e8s lors, ses collections issues des collections royales ne cesseront de s&#8217;enrichir au fil des acquisitions, des d\u00e9couvertes arch\u00e9ologiques, des dons ou des legs. Dans les ann\u00e9es 1980, le projet du Grand Louvre, symbolis\u00e9 par la fameuse pyramide de Ioeh Ming Pei, est un point d&#8217;orgue de ces si\u00e8cles de transformations.<\/p>\n","protected":false},"excerpt":{"rendered":"<p>Chaque ann\u00e9e plus de dix millions de visiteurs du monde entier arpentent ses 68 000 m\u00e8tres carr\u00e9s de galerie qui offrent aux regards plus de 35 000 oeuvres. Enrichi par l&#8217;ouverture d&#8217;un huiti\u00e8me d\u00e9partement, celui des Arts de l&#8217;Islam, par la cr\u00e9ation du Louvre-Lens, par le Louvre Abu Dhabi, le mus\u00e9e du Louvre a assis [&hellip;]<\/p>\n","protected":false},"featured_media":32471,"template":"","meta":[],"product_cat":[2948,2953],"product_tag":[],"acf":[],"yoast_head":"<!-- This site is optimized with the Yoast SEO plugin v20.11 - https:\/\/yoast.com\/wordpress\/plugins\/seo\/ -->\n<title>LE LOUVRE - Librairie 7L<\/title>\n<meta name=\"robots\" content=\"index, follow, max-snippet:-1, max-image-preview:large, max-video-preview:-1\" \/>\n<link rel=\"canonical\" href=\"https:\/\/librairie7l.com\/en\/produit\/le-louvre\/\" \/>\n<meta property=\"og:locale\" content=\"en_US\" \/>\n<meta property=\"og:type\" content=\"article\" \/>\n<meta property=\"og:title\" content=\"LE LOUVRE - Librairie 7L\" \/>\n<meta property=\"og:description\" content=\"Chaque ann\u00e9e plus de dix millions de visiteurs du monde entier arpentent ses 68 000 m\u00e8tres carr\u00e9s de galerie qui offrent aux regards plus de 35 000 oeuvres. Enrichi par l&#8217;ouverture d&#8217;un huiti\u00e8me d\u00e9partement, celui des Arts de l&#8217;Islam, par la cr\u00e9ation du Louvre-Lens, par le Louvre Abu Dhabi, le mus\u00e9e du Louvre a assis [&hellip;]\" \/>\n<meta property=\"og:url\" content=\"https:\/\/librairie7l.com\/en\/produit\/le-louvre\/\" \/>\n<meta property=\"og:site_name\" content=\"Librairie 7L\" \/>\n<meta property=\"article:modified_time\" content=\"2026-04-08T14:37:08+00:00\" \/>\n<meta property=\"og:image\" content=\"https:\/\/librairie7l.com\/wp-content\/uploads\/2019\/05\/9782850888168_1_75.jpg\" \/>\n\t<meta property=\"og:image:width\" content=\"600\" \/>\n\t<meta property=\"og:image:height\" content=\"843\" \/>\n\t<meta property=\"og:image:type\" content=\"image\/jpeg\" \/>\n<meta name=\"twitter:card\" content=\"summary_large_image\" \/>\n<meta name=\"twitter:label1\" content=\"Est. reading time\" \/>\n\t<meta name=\"twitter:data1\" content=\"1 minute\" \/>\n<script type=\"application\/ld+json\" class=\"yoast-schema-graph\">{\"@context\":\"https:\/\/schema.org\",\"@graph\":[{\"@type\":\"WebPage\",\"@id\":\"https:\/\/librairie7l.com\/en\/produit\/le-louvre\/\",\"url\":\"https:\/\/librairie7l.com\/en\/produit\/le-louvre\/\",\"name\":\"LE LOUVRE - Librairie 7L\",\"isPartOf\":{\"@id\":\"https:\/\/librairie7l.com\/en\/#website\"},\"datePublished\":\"2023-06-09T11:18:56+00:00\",\"dateModified\":\"2026-04-08T14:37:08+00:00\",\"breadcrumb\":{\"@id\":\"https:\/\/librairie7l.com\/en\/produit\/le-louvre\/#breadcrumb\"},\"inLanguage\":\"en-US\",\"potentialAction\":[{\"@type\":\"ReadAction\",\"target\":[\"https:\/\/librairie7l.com\/en\/produit\/le-louvre\/\"]}]},{\"@type\":\"BreadcrumbList\",\"@id\":\"https:\/\/librairie7l.com\/en\/produit\/le-louvre\/#breadcrumb\",\"itemListElement\":[{\"@type\":\"ListItem\",\"position\":1,\"name\":\"Accueil\",\"item\":\"https:\/\/librairie7l.com\/en\/\"},{\"@type\":\"ListItem\",\"position\":2,\"name\":\"Shop\",\"item\":\"https:\/\/librairie7l.com\/en\/shop\/\"},{\"@type\":\"ListItem\",\"position\":3,\"name\":\"LE LOUVRE\"}]},{\"@type\":\"WebSite\",\"@id\":\"https:\/\/librairie7l.com\/en\/#website\",\"url\":\"https:\/\/librairie7l.com\/en\/\",\"name\":\"Librairie 7L\",\"description\":\"Librairie fond\u00e9e en 1999 par Karl Lagerfeld \u00e0 Paris\",\"publisher\":{\"@id\":\"https:\/\/librairie7l.com\/en\/#organization\"},\"potentialAction\":[{\"@type\":\"SearchAction\",\"target\":{\"@type\":\"EntryPoint\",\"urlTemplate\":\"https:\/\/librairie7l.com\/en\/?s={search_term_string}\"},\"query-input\":\"required name=search_term_string\"}],\"inLanguage\":\"en-US\"},{\"@type\":\"Organization\",\"@id\":\"https:\/\/librairie7l.com\/en\/#organization\",\"name\":\"Librairie 7L\",\"url\":\"https:\/\/librairie7l.com\/en\/\",\"logo\":{\"@type\":\"ImageObject\",\"inLanguage\":\"en-US\",\"@id\":\"https:\/\/librairie7l.com\/en\/#\/schema\/logo\/image\/\",\"url\":\"https:\/\/librairie7l.com\/wp-content\/uploads\/2022\/08\/logo-1.png\",\"contentUrl\":\"https:\/\/librairie7l.com\/wp-content\/uploads\/2022\/08\/logo-1.png\",\"width\":227,\"height\":301,\"caption\":\"Librairie 7L\"},\"image\":{\"@id\":\"https:\/\/librairie7l.com\/en\/#\/schema\/logo\/image\/\"}}]}<\/script>\n<!-- \/ Yoast SEO plugin. -->","yoast_head_json":{"title":"LE LOUVRE - Librairie 7L","robots":{"index":"index","follow":"follow","max-snippet":"max-snippet:-1","max-image-preview":"max-image-preview:large","max-video-preview":"max-video-preview:-1"},"canonical":"https:\/\/librairie7l.com\/en\/produit\/le-louvre\/","og_locale":"en_US","og_type":"article","og_title":"LE LOUVRE - Librairie 7L","og_description":"Chaque ann\u00e9e plus de dix millions de visiteurs du monde entier arpentent ses 68 000 m\u00e8tres carr\u00e9s de galerie qui offrent aux regards plus de 35 000 oeuvres. Enrichi par l&#8217;ouverture d&#8217;un huiti\u00e8me d\u00e9partement, celui des Arts de l&#8217;Islam, par la cr\u00e9ation du Louvre-Lens, par le Louvre Abu Dhabi, le mus\u00e9e du Louvre a assis [&hellip;]","og_url":"https:\/\/librairie7l.com\/en\/produit\/le-louvre\/","og_site_name":"Librairie 7L","article_modified_time":"2026-04-08T14:37:08+00:00","og_image":[{"width":600,"height":843,"url":"https:\/\/librairie7l.com\/wp-content\/uploads\/2019\/05\/9782850888168_1_75.jpg","type":"image\/jpeg"}],"twitter_card":"summary_large_image","twitter_misc":{"Est. reading time":"1 minute"},"schema":{"@context":"https:\/\/schema.org","@graph":[{"@type":"WebPage","@id":"https:\/\/librairie7l.com\/en\/produit\/le-louvre\/","url":"https:\/\/librairie7l.com\/en\/produit\/le-louvre\/","name":"LE LOUVRE - Librairie 7L","isPartOf":{"@id":"https:\/\/librairie7l.com\/en\/#website"},"datePublished":"2023-06-09T11:18:56+00:00","dateModified":"2026-04-08T14:37:08+00:00","breadcrumb":{"@id":"https:\/\/librairie7l.com\/en\/produit\/le-louvre\/#breadcrumb"},"inLanguage":"en-US","potentialAction":[{"@type":"ReadAction","target":["https:\/\/librairie7l.com\/en\/produit\/le-louvre\/"]}]},{"@type":"BreadcrumbList","@id":"https:\/\/librairie7l.com\/en\/produit\/le-louvre\/#breadcrumb","itemListElement":[{"@type":"ListItem","position":1,"name":"Accueil","item":"https:\/\/librairie7l.com\/en\/"},{"@type":"ListItem","position":2,"name":"Shop","item":"https:\/\/librairie7l.com\/en\/shop\/"},{"@type":"ListItem","position":3,"name":"LE LOUVRE"}]},{"@type":"WebSite","@id":"https:\/\/librairie7l.com\/en\/#website","url":"https:\/\/librairie7l.com\/en\/","name":"Librairie 7L","description":"Librairie fond\u00e9e en 1999 par Karl Lagerfeld \u00e0 Paris","publisher":{"@id":"https:\/\/librairie7l.com\/en\/#organization"},"potentialAction":[{"@type":"SearchAction","target":{"@type":"EntryPoint","urlTemplate":"https:\/\/librairie7l.com\/en\/?s={search_term_string}"},"query-input":"required name=search_term_string"}],"inLanguage":"en-US"},{"@type":"Organization","@id":"https:\/\/librairie7l.com\/en\/#organization","name":"Librairie 7L","url":"https:\/\/librairie7l.com\/en\/","logo":{"@type":"ImageObject","inLanguage":"en-US","@id":"https:\/\/librairie7l.com\/en\/#\/schema\/logo\/image\/","url":"https:\/\/librairie7l.com\/wp-content\/uploads\/2022\/08\/logo-1.png","contentUrl":"https:\/\/librairie7l.com\/wp-content\/uploads\/2022\/08\/logo-1.png","width":227,"height":301,"caption":"Librairie 7L"},"image":{"@id":"https:\/\/librairie7l.com\/en\/#\/schema\/logo\/image\/"}}]}},"_links":{"self":[{"href":"https:\/\/librairie7l.com\/en\/wp-json\/wp\/v2\/product\/32473"}],"collection":[{"href":"https:\/\/librairie7l.com\/en\/wp-json\/wp\/v2\/product"}],"about":[{"href":"https:\/\/librairie7l.com\/en\/wp-json\/wp\/v2\/types\/product"}],"wp:featuredmedia":[{"embeddable":true,"href":"https:\/\/librairie7l.com\/en\/wp-json\/wp\/v2\/media\/32471"}],"wp:attachment":[{"href":"https:\/\/librairie7l.com\/en\/wp-json\/wp\/v2\/media?parent=32473"}],"wp:term":[{"taxonomy":"product_cat","embeddable":true,"href":"https:\/\/librairie7l.com\/en\/wp-json\/wp\/v2\/product_cat?post=32473"},{"taxonomy":"product_tag","embeddable":true,"href":"https:\/\/librairie7l.com\/en\/wp-json\/wp\/v2\/product_tag?post=32473"}],"curies":[{"name":"wp","href":"https:\/\/api.w.org\/{rel}","templated":true}]}}