{"id":32489,"date":"2023-06-09T13:27:29","date_gmt":"2023-06-09T11:27:29","guid":{"rendered":"https:\/\/librairie7l.com\/?post_type=product&#038;p=32489"},"modified":"2026-04-08T16:37:06","modified_gmt":"2026-04-08T14:37:06","slug":"marocco-1952-1953","status":"publish","type":"product","link":"https:\/\/librairie7l.com\/en\/produit\/marocco-1952-1953\/","title":{"rendered":"MAROCCO 1952\/1953"},"content":{"rendered":"<p>\u00c0 l&#8217;automne 1952, Cy Twombly re\u00e7oit une bourse de voyage du Virginia Museum of Fine Arts et quitte New York pour son premier voyage en Europe et en Afrique du Nord. Il rencontre Robert Rauschenberg \u00e0 Casablanca et tous deux se rendent \u00e0 Marrakech et dans les montagnes de l&#8217;Atlas, puis \u00e0 Tanger. Ils rendent visite \u00e0 Paul Bowles \u00e0 T\u00e9touan et font avec lui des excursions d&#8217;une journ\u00e9e dans les villages voisins et les ruines romaines. Twombly y effectue ses premi\u00e8res et derni\u00e8res fouilles arch\u00e9ologiques. \u00c0 leur retour \u00e0 Rome en f\u00e9vrier 1953, Twombly \u00e9tudie et dessine les objets ethnographiques et les artefacts tribaux qu&#8217;il voit expos\u00e9s au Museo Nazionale Preistorico Etnografico Luigi Pigorini. Ces croquis ont surv\u00e9cu sous la forme des North African Sketchbooks. Une grande partie des oeuvres conserv\u00e9es de ce voyage sont des photographies prises avec un Rolleiflex partag\u00e9 par les artistes et des croquis r\u00e9alis\u00e9s par eux, conserv\u00e9s dans les archives de la Fondation Cy Twombly et de la Fondazione Nicola Del Roscio ; elles offrent une perspective unique sur l&#8217;affinit\u00e9 peu connue de Twombly pour les rives m\u00e9diterran\u00e9ennes de l&#8217;Afrique.<\/p>\n","protected":false},"excerpt":{"rendered":"<p>\u00c0 l&#8217;automne 1952, Cy Twombly re\u00e7oit une bourse de voyage du Virginia Museum of Fine Arts et quitte New York pour son premier voyage en Europe et en Afrique du Nord. Il rencontre Robert Rauschenberg \u00e0 Casablanca et tous deux se rendent \u00e0 Marrakech et dans les montagnes de l&#8217;Atlas, puis \u00e0 Tanger. Ils rendent [&hellip;]<\/p>\n","protected":false},"featured_media":32487,"template":"","meta":[],"product_cat":[2948,2958],"product_tag":[],"acf":[],"yoast_head":"<!-- This site is optimized with the Yoast SEO plugin v20.11 - https:\/\/yoast.com\/wordpress\/plugins\/seo\/ -->\n<title>MAROCCO 1952\/1953 - Librairie 7L<\/title>\n<meta name=\"robots\" content=\"index, follow, max-snippet:-1, max-image-preview:large, max-video-preview:-1\" \/>\n<link rel=\"canonical\" href=\"https:\/\/librairie7l.com\/en\/produit\/marocco-1952-1953\/\" \/>\n<meta property=\"og:locale\" content=\"en_US\" \/>\n<meta property=\"og:type\" content=\"article\" \/>\n<meta property=\"og:title\" content=\"MAROCCO 1952\/1953 - Librairie 7L\" \/>\n<meta property=\"og:description\" content=\"\u00c0 l&#8217;automne 1952, Cy Twombly re\u00e7oit une bourse de voyage du Virginia Museum of Fine Arts et quitte New York pour son premier voyage en Europe et en Afrique du Nord. Il rencontre Robert Rauschenberg \u00e0 Casablanca et tous deux se rendent \u00e0 Marrakech et dans les montagnes de l&#8217;Atlas, puis \u00e0 Tanger. Ils rendent [&hellip;]\" \/>\n<meta property=\"og:url\" content=\"https:\/\/librairie7l.com\/en\/produit\/marocco-1952-1953\/\" \/>\n<meta property=\"og:site_name\" content=\"Librairie 7L\" \/>\n<meta property=\"article:modified_time\" content=\"2026-04-08T14:37:06+00:00\" \/>\n<meta property=\"og:image\" content=\"https:\/\/librairie7l.com\/wp-content\/uploads\/2023\/03\/9791280336101_1_75.jpg\" \/>\n\t<meta property=\"og:image:width\" content=\"600\" \/>\n\t<meta property=\"og:image:height\" content=\"727\" \/>\n\t<meta property=\"og:image:type\" content=\"image\/jpeg\" \/>\n<meta name=\"twitter:card\" content=\"summary_large_image\" \/>\n<meta name=\"twitter:label1\" content=\"Est. reading time\" \/>\n\t<meta name=\"twitter:data1\" content=\"1 minute\" \/>\n<script type=\"application\/ld+json\" class=\"yoast-schema-graph\">{\"@context\":\"https:\/\/schema.org\",\"@graph\":[{\"@type\":\"WebPage\",\"@id\":\"https:\/\/librairie7l.com\/en\/produit\/marocco-1952-1953\/\",\"url\":\"https:\/\/librairie7l.com\/en\/produit\/marocco-1952-1953\/\",\"name\":\"MAROCCO 1952\/1953 - Librairie 7L\",\"isPartOf\":{\"@id\":\"https:\/\/librairie7l.com\/en\/#website\"},\"datePublished\":\"2023-06-09T11:27:29+00:00\",\"dateModified\":\"2026-04-08T14:37:06+00:00\",\"breadcrumb\":{\"@id\":\"https:\/\/librairie7l.com\/en\/produit\/marocco-1952-1953\/#breadcrumb\"},\"inLanguage\":\"en-US\",\"potentialAction\":[{\"@type\":\"ReadAction\",\"target\":[\"https:\/\/librairie7l.com\/en\/produit\/marocco-1952-1953\/\"]}]},{\"@type\":\"BreadcrumbList\",\"@id\":\"https:\/\/librairie7l.com\/en\/produit\/marocco-1952-1953\/#breadcrumb\",\"itemListElement\":[{\"@type\":\"ListItem\",\"position\":1,\"name\":\"Accueil\",\"item\":\"https:\/\/librairie7l.com\/en\/\"},{\"@type\":\"ListItem\",\"position\":2,\"name\":\"Shop\",\"item\":\"https:\/\/librairie7l.com\/en\/shop\/\"},{\"@type\":\"ListItem\",\"position\":3,\"name\":\"MAROCCO 1952\/1953\"}]},{\"@type\":\"WebSite\",\"@id\":\"https:\/\/librairie7l.com\/en\/#website\",\"url\":\"https:\/\/librairie7l.com\/en\/\",\"name\":\"Librairie 7L\",\"description\":\"Librairie fond\u00e9e en 1999 par Karl Lagerfeld \u00e0 Paris\",\"publisher\":{\"@id\":\"https:\/\/librairie7l.com\/en\/#organization\"},\"potentialAction\":[{\"@type\":\"SearchAction\",\"target\":{\"@type\":\"EntryPoint\",\"urlTemplate\":\"https:\/\/librairie7l.com\/en\/?s={search_term_string}\"},\"query-input\":\"required name=search_term_string\"}],\"inLanguage\":\"en-US\"},{\"@type\":\"Organization\",\"@id\":\"https:\/\/librairie7l.com\/en\/#organization\",\"name\":\"Librairie 7L\",\"url\":\"https:\/\/librairie7l.com\/en\/\",\"logo\":{\"@type\":\"ImageObject\",\"inLanguage\":\"en-US\",\"@id\":\"https:\/\/librairie7l.com\/en\/#\/schema\/logo\/image\/\",\"url\":\"https:\/\/librairie7l.com\/wp-content\/uploads\/2022\/08\/logo-1.png\",\"contentUrl\":\"https:\/\/librairie7l.com\/wp-content\/uploads\/2022\/08\/logo-1.png\",\"width\":227,\"height\":301,\"caption\":\"Librairie 7L\"},\"image\":{\"@id\":\"https:\/\/librairie7l.com\/en\/#\/schema\/logo\/image\/\"}}]}<\/script>\n<!-- \/ Yoast SEO plugin. -->","yoast_head_json":{"title":"MAROCCO 1952\/1953 - Librairie 7L","robots":{"index":"index","follow":"follow","max-snippet":"max-snippet:-1","max-image-preview":"max-image-preview:large","max-video-preview":"max-video-preview:-1"},"canonical":"https:\/\/librairie7l.com\/en\/produit\/marocco-1952-1953\/","og_locale":"en_US","og_type":"article","og_title":"MAROCCO 1952\/1953 - Librairie 7L","og_description":"\u00c0 l&#8217;automne 1952, Cy Twombly re\u00e7oit une bourse de voyage du Virginia Museum of Fine Arts et quitte New York pour son premier voyage en Europe et en Afrique du Nord. Il rencontre Robert Rauschenberg \u00e0 Casablanca et tous deux se rendent \u00e0 Marrakech et dans les montagnes de l&#8217;Atlas, puis \u00e0 Tanger. Ils rendent [&hellip;]","og_url":"https:\/\/librairie7l.com\/en\/produit\/marocco-1952-1953\/","og_site_name":"Librairie 7L","article_modified_time":"2026-04-08T14:37:06+00:00","og_image":[{"width":600,"height":727,"url":"https:\/\/librairie7l.com\/wp-content\/uploads\/2023\/03\/9791280336101_1_75.jpg","type":"image\/jpeg"}],"twitter_card":"summary_large_image","twitter_misc":{"Est. reading time":"1 minute"},"schema":{"@context":"https:\/\/schema.org","@graph":[{"@type":"WebPage","@id":"https:\/\/librairie7l.com\/en\/produit\/marocco-1952-1953\/","url":"https:\/\/librairie7l.com\/en\/produit\/marocco-1952-1953\/","name":"MAROCCO 1952\/1953 - Librairie 7L","isPartOf":{"@id":"https:\/\/librairie7l.com\/en\/#website"},"datePublished":"2023-06-09T11:27:29+00:00","dateModified":"2026-04-08T14:37:06+00:00","breadcrumb":{"@id":"https:\/\/librairie7l.com\/en\/produit\/marocco-1952-1953\/#breadcrumb"},"inLanguage":"en-US","potentialAction":[{"@type":"ReadAction","target":["https:\/\/librairie7l.com\/en\/produit\/marocco-1952-1953\/"]}]},{"@type":"BreadcrumbList","@id":"https:\/\/librairie7l.com\/en\/produit\/marocco-1952-1953\/#breadcrumb","itemListElement":[{"@type":"ListItem","position":1,"name":"Accueil","item":"https:\/\/librairie7l.com\/en\/"},{"@type":"ListItem","position":2,"name":"Shop","item":"https:\/\/librairie7l.com\/en\/shop\/"},{"@type":"ListItem","position":3,"name":"MAROCCO 1952\/1953"}]},{"@type":"WebSite","@id":"https:\/\/librairie7l.com\/en\/#website","url":"https:\/\/librairie7l.com\/en\/","name":"Librairie 7L","description":"Librairie fond\u00e9e en 1999 par Karl Lagerfeld \u00e0 Paris","publisher":{"@id":"https:\/\/librairie7l.com\/en\/#organization"},"potentialAction":[{"@type":"SearchAction","target":{"@type":"EntryPoint","urlTemplate":"https:\/\/librairie7l.com\/en\/?s={search_term_string}"},"query-input":"required name=search_term_string"}],"inLanguage":"en-US"},{"@type":"Organization","@id":"https:\/\/librairie7l.com\/en\/#organization","name":"Librairie 7L","url":"https:\/\/librairie7l.com\/en\/","logo":{"@type":"ImageObject","inLanguage":"en-US","@id":"https:\/\/librairie7l.com\/en\/#\/schema\/logo\/image\/","url":"https:\/\/librairie7l.com\/wp-content\/uploads\/2022\/08\/logo-1.png","contentUrl":"https:\/\/librairie7l.com\/wp-content\/uploads\/2022\/08\/logo-1.png","width":227,"height":301,"caption":"Librairie 7L"},"image":{"@id":"https:\/\/librairie7l.com\/en\/#\/schema\/logo\/image\/"}}]}},"_links":{"self":[{"href":"https:\/\/librairie7l.com\/en\/wp-json\/wp\/v2\/product\/32489"}],"collection":[{"href":"https:\/\/librairie7l.com\/en\/wp-json\/wp\/v2\/product"}],"about":[{"href":"https:\/\/librairie7l.com\/en\/wp-json\/wp\/v2\/types\/product"}],"wp:featuredmedia":[{"embeddable":true,"href":"https:\/\/librairie7l.com\/en\/wp-json\/wp\/v2\/media\/32487"}],"wp:attachment":[{"href":"https:\/\/librairie7l.com\/en\/wp-json\/wp\/v2\/media?parent=32489"}],"wp:term":[{"taxonomy":"product_cat","embeddable":true,"href":"https:\/\/librairie7l.com\/en\/wp-json\/wp\/v2\/product_cat?post=32489"},{"taxonomy":"product_tag","embeddable":true,"href":"https:\/\/librairie7l.com\/en\/wp-json\/wp\/v2\/product_tag?post=32489"}],"curies":[{"name":"wp","href":"https:\/\/api.w.org\/{rel}","templated":true}]}}