{"id":32503,"date":"2023-06-09T13:32:48","date_gmt":"2023-06-09T11:32:48","guid":{"rendered":"https:\/\/librairie7l.com\/?post_type=product&#038;p=32503"},"modified":"2026-04-19T00:01:57","modified_gmt":"2026-04-18T22:01:57","slug":"dapres-nature","status":"publish","type":"product","link":"https:\/\/librairie7l.com\/en\/produit\/dapres-nature\/","title":{"rendered":"D&#8217;APR\u00c8S NATURE"},"content":{"rendered":"<p>\u00c0 travers ces photos, issues de voyages en solitaire dans les montagnes du<br \/>\nPi\u00e9mont occitan, Jean Gaumy nous livre sa vision du paysage avec pour mot<br \/>\nd&#8217;ordre : \u00ab Ne photographier que lorsque cela br\u00fble. Ne pas bouger, se refuser<br \/>\ntant qu&#8217;il n&#8217;y a aucune \u00e9vidence, aucune n\u00e9cessit\u00e9.\u00bb C&#8217;est une quarantaine de<br \/>\nphotographies noir et blanc, \u00e0 la fois extr\u00eamement graphiques, parfois \u00e0 la<br \/>\nlimite de l&#8217;abstraction, mais aussi extr\u00eamement intimes. Avec un texte de<br \/>\nGilles A. Tiberghien, Jean Gaumy \u00c0 ses d\u00e9buts, Jean Gaumy \u00e9crit et photographie<br \/>\npour un journal de Rouen tout en poursuivant des \u00e9tudes de litt\u00e9rature. En<br \/>\n1973, il rejoint l&#8217;agence Gamma, puis, quatre ans plus tard, Magnum photos. En<br \/>\n1975, il obtient la permission d&#8217;enqu\u00eater sur le quotidien des m\u00e9decins et<br \/>\npatients dans un h\u00f4pital. En 1976, il est le premier photojournaliste autoris\u00e9<br \/>\n\u00e0 p\u00e9n\u00e9trer dans une prison fran\u00e7aise. De cette investigation na\u00eet un livre\u00a0;<br \/>\nLes Incarc\u00e9r\u00e9s, paru en 1983. Dans les ann\u00e9es 1980, Jean Gaumy fait de nombreux<br \/>\nreportages en Afrique, en Am\u00e9rique centrale et au Moyen-Orient. De 1986 \u00e0 1994,<br \/>\nil se rend fr\u00e9quemment en Iran. Sa photographie de femmes iraniennes s&#8217;exer\u00e7ant<br \/>\n\u00e0 tirer durant la guerre Iran-Irak lui vaut la c\u00e9l\u00e9brit\u00e9. R\u00e9guli\u00e8rement<br \/>\ncependant Jean Gaumy revient \u00e0 ses origines maritimes. \u00c0 plusieurs reprises il<br \/>\nvoyage \u00e0 bord de bateaux de p\u00eache. Il en tire deux ouvrages : Le livre des<br \/>\ntemp\u00eates \u00e0 bord de l&#8217;abeille Flandres et Pleine Mer, qui re\u00e7oit le prix Nadar<br \/>\nen 2001. \u00c0 partir des ann\u00e9es 1980, Jean Gaumy \u00e9crit et r\u00e9alise des<br \/>\ndocumentaires remarqu\u00e9s et r\u00e9compens\u00e9s. Il est le premier cin\u00e9aste fran\u00e7ais \u00e0<br \/>\n\u00eatre admis dans un sous-marin nucl\u00e9aire fran\u00e7ais pour y suivre quatre mois<br \/>\ndurant une mission class\u00e9e \u00absecret d\u00e9fense\u00bb. Il rend compte de cette exp\u00e9rience<br \/>\ndans le film Sous-Marin, sorti en 2006 et diffus\u00e9 sur les t\u00e9l\u00e9visions<br \/>\neurop\u00e9ennes.<\/p>\n","protected":false},"excerpt":{"rendered":"<p>\u00c0 travers ces photos, issues de voyages en solitaire dans les montagnes du Pi\u00e9mont occitan, Jean Gaumy nous livre sa vision du paysage avec pour mot d&#8217;ordre : \u00ab Ne photographier que lorsque cela br\u00fble. Ne pas bouger, se refuser tant qu&#8217;il n&#8217;y a aucune \u00e9vidence, aucune n\u00e9cessit\u00e9.\u00bb C&#8217;est une quarantaine de photographies noir et [&hellip;]<\/p>\n","protected":false},"featured_media":32501,"template":"","meta":[],"product_cat":[2948,2958],"product_tag":[],"acf":[],"yoast_head":"<!-- This site is optimized with the Yoast SEO plugin v20.11 - https:\/\/yoast.com\/wordpress\/plugins\/seo\/ -->\n<title>D&#039;APR\u00c8S NATURE - Librairie 7L<\/title>\n<meta name=\"robots\" content=\"index, follow, max-snippet:-1, max-image-preview:large, max-video-preview:-1\" \/>\n<link rel=\"canonical\" href=\"https:\/\/librairie7l.com\/en\/produit\/dapres-nature\/\" \/>\n<meta property=\"og:locale\" content=\"en_US\" \/>\n<meta property=\"og:type\" content=\"article\" \/>\n<meta property=\"og:title\" content=\"D&#039;APR\u00c8S NATURE - Librairie 7L\" \/>\n<meta property=\"og:description\" content=\"\u00c0 travers ces photos, issues de voyages en solitaire dans les montagnes du Pi\u00e9mont occitan, Jean Gaumy nous livre sa vision du paysage avec pour mot d&#8217;ordre : \u00ab Ne photographier que lorsque cela br\u00fble. Ne pas bouger, se refuser tant qu&#8217;il n&#8217;y a aucune \u00e9vidence, aucune n\u00e9cessit\u00e9.\u00bb C&#8217;est une quarantaine de photographies noir et [&hellip;]\" \/>\n<meta property=\"og:url\" content=\"https:\/\/librairie7l.com\/en\/produit\/dapres-nature\/\" \/>\n<meta property=\"og:site_name\" content=\"Librairie 7L\" \/>\n<meta property=\"article:modified_time\" content=\"2026-04-18T22:01:57+00:00\" \/>\n<meta property=\"og:image\" content=\"https:\/\/librairie7l.com\/wp-content\/uploads\/2009\/11\/9782915173581_1_75.jpg\" \/>\n\t<meta property=\"og:image:width\" content=\"1092\" \/>\n\t<meta property=\"og:image:height\" content=\"842\" \/>\n\t<meta property=\"og:image:type\" content=\"image\/jpeg\" \/>\n<meta name=\"twitter:card\" content=\"summary_large_image\" \/>\n<meta name=\"twitter:label1\" content=\"Est. reading time\" \/>\n\t<meta name=\"twitter:data1\" content=\"2 minutes\" \/>\n<script type=\"application\/ld+json\" class=\"yoast-schema-graph\">{\"@context\":\"https:\/\/schema.org\",\"@graph\":[{\"@type\":\"WebPage\",\"@id\":\"https:\/\/librairie7l.com\/en\/produit\/dapres-nature\/\",\"url\":\"https:\/\/librairie7l.com\/en\/produit\/dapres-nature\/\",\"name\":\"D'APR\u00c8S NATURE - Librairie 7L\",\"isPartOf\":{\"@id\":\"https:\/\/librairie7l.com\/en\/#website\"},\"datePublished\":\"2023-06-09T11:32:48+00:00\",\"dateModified\":\"2026-04-18T22:01:57+00:00\",\"breadcrumb\":{\"@id\":\"https:\/\/librairie7l.com\/en\/produit\/dapres-nature\/#breadcrumb\"},\"inLanguage\":\"en-US\",\"potentialAction\":[{\"@type\":\"ReadAction\",\"target\":[\"https:\/\/librairie7l.com\/en\/produit\/dapres-nature\/\"]}]},{\"@type\":\"BreadcrumbList\",\"@id\":\"https:\/\/librairie7l.com\/en\/produit\/dapres-nature\/#breadcrumb\",\"itemListElement\":[{\"@type\":\"ListItem\",\"position\":1,\"name\":\"Accueil\",\"item\":\"https:\/\/librairie7l.com\/en\/\"},{\"@type\":\"ListItem\",\"position\":2,\"name\":\"Shop\",\"item\":\"https:\/\/librairie7l.com\/en\/shop\/\"},{\"@type\":\"ListItem\",\"position\":3,\"name\":\"D&#8217;APR\u00c8S NATURE\"}]},{\"@type\":\"WebSite\",\"@id\":\"https:\/\/librairie7l.com\/en\/#website\",\"url\":\"https:\/\/librairie7l.com\/en\/\",\"name\":\"Librairie 7L\",\"description\":\"Librairie fond\u00e9e en 1999 par Karl Lagerfeld \u00e0 Paris\",\"publisher\":{\"@id\":\"https:\/\/librairie7l.com\/en\/#organization\"},\"potentialAction\":[{\"@type\":\"SearchAction\",\"target\":{\"@type\":\"EntryPoint\",\"urlTemplate\":\"https:\/\/librairie7l.com\/en\/?s={search_term_string}\"},\"query-input\":\"required name=search_term_string\"}],\"inLanguage\":\"en-US\"},{\"@type\":\"Organization\",\"@id\":\"https:\/\/librairie7l.com\/en\/#organization\",\"name\":\"Librairie 7L\",\"url\":\"https:\/\/librairie7l.com\/en\/\",\"logo\":{\"@type\":\"ImageObject\",\"inLanguage\":\"en-US\",\"@id\":\"https:\/\/librairie7l.com\/en\/#\/schema\/logo\/image\/\",\"url\":\"https:\/\/librairie7l.com\/wp-content\/uploads\/2022\/08\/logo-1.png\",\"contentUrl\":\"https:\/\/librairie7l.com\/wp-content\/uploads\/2022\/08\/logo-1.png\",\"width\":227,\"height\":301,\"caption\":\"Librairie 7L\"},\"image\":{\"@id\":\"https:\/\/librairie7l.com\/en\/#\/schema\/logo\/image\/\"}}]}<\/script>\n<!-- \/ Yoast SEO plugin. -->","yoast_head_json":{"title":"D'APR\u00c8S NATURE - Librairie 7L","robots":{"index":"index","follow":"follow","max-snippet":"max-snippet:-1","max-image-preview":"max-image-preview:large","max-video-preview":"max-video-preview:-1"},"canonical":"https:\/\/librairie7l.com\/en\/produit\/dapres-nature\/","og_locale":"en_US","og_type":"article","og_title":"D'APR\u00c8S NATURE - Librairie 7L","og_description":"\u00c0 travers ces photos, issues de voyages en solitaire dans les montagnes du Pi\u00e9mont occitan, Jean Gaumy nous livre sa vision du paysage avec pour mot d&#8217;ordre : \u00ab Ne photographier que lorsque cela br\u00fble. Ne pas bouger, se refuser tant qu&#8217;il n&#8217;y a aucune \u00e9vidence, aucune n\u00e9cessit\u00e9.\u00bb C&#8217;est une quarantaine de photographies noir et [&hellip;]","og_url":"https:\/\/librairie7l.com\/en\/produit\/dapres-nature\/","og_site_name":"Librairie 7L","article_modified_time":"2026-04-18T22:01:57+00:00","og_image":[{"width":1092,"height":842,"url":"https:\/\/librairie7l.com\/wp-content\/uploads\/2009\/11\/9782915173581_1_75.jpg","type":"image\/jpeg"}],"twitter_card":"summary_large_image","twitter_misc":{"Est. reading time":"2 minutes"},"schema":{"@context":"https:\/\/schema.org","@graph":[{"@type":"WebPage","@id":"https:\/\/librairie7l.com\/en\/produit\/dapres-nature\/","url":"https:\/\/librairie7l.com\/en\/produit\/dapres-nature\/","name":"D'APR\u00c8S NATURE - Librairie 7L","isPartOf":{"@id":"https:\/\/librairie7l.com\/en\/#website"},"datePublished":"2023-06-09T11:32:48+00:00","dateModified":"2026-04-18T22:01:57+00:00","breadcrumb":{"@id":"https:\/\/librairie7l.com\/en\/produit\/dapres-nature\/#breadcrumb"},"inLanguage":"en-US","potentialAction":[{"@type":"ReadAction","target":["https:\/\/librairie7l.com\/en\/produit\/dapres-nature\/"]}]},{"@type":"BreadcrumbList","@id":"https:\/\/librairie7l.com\/en\/produit\/dapres-nature\/#breadcrumb","itemListElement":[{"@type":"ListItem","position":1,"name":"Accueil","item":"https:\/\/librairie7l.com\/en\/"},{"@type":"ListItem","position":2,"name":"Shop","item":"https:\/\/librairie7l.com\/en\/shop\/"},{"@type":"ListItem","position":3,"name":"D&#8217;APR\u00c8S NATURE"}]},{"@type":"WebSite","@id":"https:\/\/librairie7l.com\/en\/#website","url":"https:\/\/librairie7l.com\/en\/","name":"Librairie 7L","description":"Librairie fond\u00e9e en 1999 par Karl Lagerfeld \u00e0 Paris","publisher":{"@id":"https:\/\/librairie7l.com\/en\/#organization"},"potentialAction":[{"@type":"SearchAction","target":{"@type":"EntryPoint","urlTemplate":"https:\/\/librairie7l.com\/en\/?s={search_term_string}"},"query-input":"required name=search_term_string"}],"inLanguage":"en-US"},{"@type":"Organization","@id":"https:\/\/librairie7l.com\/en\/#organization","name":"Librairie 7L","url":"https:\/\/librairie7l.com\/en\/","logo":{"@type":"ImageObject","inLanguage":"en-US","@id":"https:\/\/librairie7l.com\/en\/#\/schema\/logo\/image\/","url":"https:\/\/librairie7l.com\/wp-content\/uploads\/2022\/08\/logo-1.png","contentUrl":"https:\/\/librairie7l.com\/wp-content\/uploads\/2022\/08\/logo-1.png","width":227,"height":301,"caption":"Librairie 7L"},"image":{"@id":"https:\/\/librairie7l.com\/en\/#\/schema\/logo\/image\/"}}]}},"_links":{"self":[{"href":"https:\/\/librairie7l.com\/en\/wp-json\/wp\/v2\/product\/32503"}],"collection":[{"href":"https:\/\/librairie7l.com\/en\/wp-json\/wp\/v2\/product"}],"about":[{"href":"https:\/\/librairie7l.com\/en\/wp-json\/wp\/v2\/types\/product"}],"wp:featuredmedia":[{"embeddable":true,"href":"https:\/\/librairie7l.com\/en\/wp-json\/wp\/v2\/media\/32501"}],"wp:attachment":[{"href":"https:\/\/librairie7l.com\/en\/wp-json\/wp\/v2\/media?parent=32503"}],"wp:term":[{"taxonomy":"product_cat","embeddable":true,"href":"https:\/\/librairie7l.com\/en\/wp-json\/wp\/v2\/product_cat?post=32503"},{"taxonomy":"product_tag","embeddable":true,"href":"https:\/\/librairie7l.com\/en\/wp-json\/wp\/v2\/product_tag?post=32503"}],"curies":[{"name":"wp","href":"https:\/\/api.w.org\/{rel}","templated":true}]}}