{"id":32511,"date":"2023-06-09T13:38:42","date_gmt":"2023-06-09T11:38:42","guid":{"rendered":"https:\/\/librairie7l.com\/?post_type=product&#038;p=32511"},"modified":"2026-04-11T02:43:19","modified_gmt":"2026-04-11T00:43:19","slug":"hotel-du-cap-eden-roc-la-legende-eternelle-de-la-riviera","status":"publish","type":"product","link":"https:\/\/librairie7l.com\/en\/produit\/hotel-du-cap-eden-roc-la-legende-eternelle-de-la-riviera\/","title":{"rendered":"H\u00d4TEL DU CAP-EDEN-ROC : LA L\u00c9GENDE \u00c9TERNELLE DE LA RIVIERA"},"content":{"rendered":"<p>Au coeur du paysage magnifique du cap d&#8217;Antibes se niche un tr\u00e9sor inestimable, l&#8217;H\u00f4tel du Cap-Eden-Roc. V\u00e9ritable l\u00e9gende de la C\u00f4te d&#8217;Azur, ce palace existe depuis maintenant cent cinquante ann\u00e9es, au cours desquelles il n&#8217;aura cess\u00e9 d&#8217;\u00eatre une source d&#8217;inspiration pour ses visiteurs. Aristocrates de haut rang, peintres, r\u00e9alisateurs, acteurs, po\u00e8tes et photographes, beaucoup de grands noms y ont s\u00e9journ\u00e9 et ont voulu y retourner, r\u00e9guli\u00e8rement. Tout au long de son histoire, l&#8217;h\u00f4tel a accueilli des personnalit\u00e9s qui ont marqu\u00e9 l&#8217;histoire de l&#8217;art et du cin\u00e9ma \u00e0 l&#8217;instar de Francis Scott et Zelda Fitzgerald, Pablo Picasso, Marc Chagall, Marlene Dietrich et Rita Hayworth. Cet h\u00f4tel mythique est \u00e0 la fois un endroit d&#8217;exception, lieu de rencontres hors du commun, et un second foyer id\u00e9al o\u00f9 la douceur de vivre se cultive jusqu&#8217;\u00e0 la perfection.<\/p>\n","protected":false},"excerpt":{"rendered":"<p>Au coeur du paysage magnifique du cap d&#8217;Antibes se niche un tr\u00e9sor inestimable, l&#8217;H\u00f4tel du Cap-Eden-Roc. V\u00e9ritable l\u00e9gende de la C\u00f4te d&#8217;Azur, ce palace existe depuis maintenant cent cinquante ann\u00e9es, au cours desquelles il n&#8217;aura cess\u00e9 d&#8217;\u00eatre une source d&#8217;inspiration pour ses visiteurs. Aristocrates de haut rang, peintres, r\u00e9alisateurs, acteurs, po\u00e8tes et photographes, beaucoup de [&hellip;]<\/p>\n","protected":false},"featured_media":32509,"template":"","meta":[],"product_cat":[2948,2951],"product_tag":[],"acf":[],"yoast_head":"<!-- This site is optimized with the Yoast SEO plugin v20.11 - https:\/\/yoast.com\/wordpress\/plugins\/seo\/ -->\n<title>H\u00d4TEL DU CAP-EDEN-ROC : LA L\u00c9GENDE \u00c9TERNELLE DE LA RIVIERA - Librairie 7L<\/title>\n<meta name=\"robots\" content=\"index, follow, max-snippet:-1, max-image-preview:large, max-video-preview:-1\" \/>\n<link rel=\"canonical\" href=\"https:\/\/librairie7l.com\/en\/produit\/hotel-du-cap-eden-roc-la-legende-eternelle-de-la-riviera\/\" \/>\n<meta property=\"og:locale\" content=\"en_US\" \/>\n<meta property=\"og:type\" content=\"article\" \/>\n<meta property=\"og:title\" content=\"H\u00d4TEL DU CAP-EDEN-ROC : LA L\u00c9GENDE \u00c9TERNELLE DE LA RIVIERA - Librairie 7L\" \/>\n<meta property=\"og:description\" content=\"Au coeur du paysage magnifique du cap d&#8217;Antibes se niche un tr\u00e9sor inestimable, l&#8217;H\u00f4tel du Cap-Eden-Roc. V\u00e9ritable l\u00e9gende de la C\u00f4te d&#8217;Azur, ce palace existe depuis maintenant cent cinquante ann\u00e9es, au cours desquelles il n&#8217;aura cess\u00e9 d&#8217;\u00eatre une source d&#8217;inspiration pour ses visiteurs. Aristocrates de haut rang, peintres, r\u00e9alisateurs, acteurs, po\u00e8tes et photographes, beaucoup de [&hellip;]\" \/>\n<meta property=\"og:url\" content=\"https:\/\/librairie7l.com\/en\/produit\/hotel-du-cap-eden-roc-la-legende-eternelle-de-la-riviera\/\" \/>\n<meta property=\"og:site_name\" content=\"Librairie 7L\" \/>\n<meta property=\"article:modified_time\" content=\"2026-04-11T00:43:19+00:00\" \/>\n<meta property=\"og:image\" content=\"https:\/\/librairie7l.com\/wp-content\/uploads\/2019\/12\/9782081485051_1_75.jpg\" \/>\n\t<meta property=\"og:image:width\" content=\"600\" \/>\n\t<meta property=\"og:image:height\" content=\"769\" \/>\n\t<meta property=\"og:image:type\" content=\"image\/jpeg\" \/>\n<meta name=\"twitter:card\" content=\"summary_large_image\" \/>\n<meta name=\"twitter:label1\" content=\"Est. reading time\" \/>\n\t<meta name=\"twitter:data1\" content=\"1 minute\" \/>\n<script type=\"application\/ld+json\" class=\"yoast-schema-graph\">{\"@context\":\"https:\/\/schema.org\",\"@graph\":[{\"@type\":\"WebPage\",\"@id\":\"https:\/\/librairie7l.com\/en\/produit\/hotel-du-cap-eden-roc-la-legende-eternelle-de-la-riviera\/\",\"url\":\"https:\/\/librairie7l.com\/en\/produit\/hotel-du-cap-eden-roc-la-legende-eternelle-de-la-riviera\/\",\"name\":\"H\u00d4TEL DU CAP-EDEN-ROC : LA L\u00c9GENDE \u00c9TERNELLE DE LA RIVIERA - Librairie 7L\",\"isPartOf\":{\"@id\":\"https:\/\/librairie7l.com\/en\/#website\"},\"datePublished\":\"2023-06-09T11:38:42+00:00\",\"dateModified\":\"2026-04-11T00:43:19+00:00\",\"breadcrumb\":{\"@id\":\"https:\/\/librairie7l.com\/en\/produit\/hotel-du-cap-eden-roc-la-legende-eternelle-de-la-riviera\/#breadcrumb\"},\"inLanguage\":\"en-US\",\"potentialAction\":[{\"@type\":\"ReadAction\",\"target\":[\"https:\/\/librairie7l.com\/en\/produit\/hotel-du-cap-eden-roc-la-legende-eternelle-de-la-riviera\/\"]}]},{\"@type\":\"BreadcrumbList\",\"@id\":\"https:\/\/librairie7l.com\/en\/produit\/hotel-du-cap-eden-roc-la-legende-eternelle-de-la-riviera\/#breadcrumb\",\"itemListElement\":[{\"@type\":\"ListItem\",\"position\":1,\"name\":\"Accueil\",\"item\":\"https:\/\/librairie7l.com\/en\/\"},{\"@type\":\"ListItem\",\"position\":2,\"name\":\"Shop\",\"item\":\"https:\/\/librairie7l.com\/en\/shop\/\"},{\"@type\":\"ListItem\",\"position\":3,\"name\":\"H\u00d4TEL DU CAP-EDEN-ROC : LA L\u00c9GENDE \u00c9TERNELLE DE LA RIVIERA\"}]},{\"@type\":\"WebSite\",\"@id\":\"https:\/\/librairie7l.com\/en\/#website\",\"url\":\"https:\/\/librairie7l.com\/en\/\",\"name\":\"Librairie 7L\",\"description\":\"Librairie fond\u00e9e en 1999 par Karl Lagerfeld \u00e0 Paris\",\"publisher\":{\"@id\":\"https:\/\/librairie7l.com\/en\/#organization\"},\"potentialAction\":[{\"@type\":\"SearchAction\",\"target\":{\"@type\":\"EntryPoint\",\"urlTemplate\":\"https:\/\/librairie7l.com\/en\/?s={search_term_string}\"},\"query-input\":\"required name=search_term_string\"}],\"inLanguage\":\"en-US\"},{\"@type\":\"Organization\",\"@id\":\"https:\/\/librairie7l.com\/en\/#organization\",\"name\":\"Librairie 7L\",\"url\":\"https:\/\/librairie7l.com\/en\/\",\"logo\":{\"@type\":\"ImageObject\",\"inLanguage\":\"en-US\",\"@id\":\"https:\/\/librairie7l.com\/en\/#\/schema\/logo\/image\/\",\"url\":\"https:\/\/librairie7l.com\/wp-content\/uploads\/2022\/08\/logo-1.png\",\"contentUrl\":\"https:\/\/librairie7l.com\/wp-content\/uploads\/2022\/08\/logo-1.png\",\"width\":227,\"height\":301,\"caption\":\"Librairie 7L\"},\"image\":{\"@id\":\"https:\/\/librairie7l.com\/en\/#\/schema\/logo\/image\/\"}}]}<\/script>\n<!-- \/ Yoast SEO plugin. -->","yoast_head_json":{"title":"H\u00d4TEL DU CAP-EDEN-ROC : LA L\u00c9GENDE \u00c9TERNELLE DE LA RIVIERA - Librairie 7L","robots":{"index":"index","follow":"follow","max-snippet":"max-snippet:-1","max-image-preview":"max-image-preview:large","max-video-preview":"max-video-preview:-1"},"canonical":"https:\/\/librairie7l.com\/en\/produit\/hotel-du-cap-eden-roc-la-legende-eternelle-de-la-riviera\/","og_locale":"en_US","og_type":"article","og_title":"H\u00d4TEL DU CAP-EDEN-ROC : LA L\u00c9GENDE \u00c9TERNELLE DE LA RIVIERA - Librairie 7L","og_description":"Au coeur du paysage magnifique du cap d&#8217;Antibes se niche un tr\u00e9sor inestimable, l&#8217;H\u00f4tel du Cap-Eden-Roc. V\u00e9ritable l\u00e9gende de la C\u00f4te d&#8217;Azur, ce palace existe depuis maintenant cent cinquante ann\u00e9es, au cours desquelles il n&#8217;aura cess\u00e9 d&#8217;\u00eatre une source d&#8217;inspiration pour ses visiteurs. Aristocrates de haut rang, peintres, r\u00e9alisateurs, acteurs, po\u00e8tes et photographes, beaucoup de [&hellip;]","og_url":"https:\/\/librairie7l.com\/en\/produit\/hotel-du-cap-eden-roc-la-legende-eternelle-de-la-riviera\/","og_site_name":"Librairie 7L","article_modified_time":"2026-04-11T00:43:19+00:00","og_image":[{"width":600,"height":769,"url":"https:\/\/librairie7l.com\/wp-content\/uploads\/2019\/12\/9782081485051_1_75.jpg","type":"image\/jpeg"}],"twitter_card":"summary_large_image","twitter_misc":{"Est. reading time":"1 minute"},"schema":{"@context":"https:\/\/schema.org","@graph":[{"@type":"WebPage","@id":"https:\/\/librairie7l.com\/en\/produit\/hotel-du-cap-eden-roc-la-legende-eternelle-de-la-riviera\/","url":"https:\/\/librairie7l.com\/en\/produit\/hotel-du-cap-eden-roc-la-legende-eternelle-de-la-riviera\/","name":"H\u00d4TEL DU CAP-EDEN-ROC : LA L\u00c9GENDE \u00c9TERNELLE DE LA RIVIERA - Librairie 7L","isPartOf":{"@id":"https:\/\/librairie7l.com\/en\/#website"},"datePublished":"2023-06-09T11:38:42+00:00","dateModified":"2026-04-11T00:43:19+00:00","breadcrumb":{"@id":"https:\/\/librairie7l.com\/en\/produit\/hotel-du-cap-eden-roc-la-legende-eternelle-de-la-riviera\/#breadcrumb"},"inLanguage":"en-US","potentialAction":[{"@type":"ReadAction","target":["https:\/\/librairie7l.com\/en\/produit\/hotel-du-cap-eden-roc-la-legende-eternelle-de-la-riviera\/"]}]},{"@type":"BreadcrumbList","@id":"https:\/\/librairie7l.com\/en\/produit\/hotel-du-cap-eden-roc-la-legende-eternelle-de-la-riviera\/#breadcrumb","itemListElement":[{"@type":"ListItem","position":1,"name":"Accueil","item":"https:\/\/librairie7l.com\/en\/"},{"@type":"ListItem","position":2,"name":"Shop","item":"https:\/\/librairie7l.com\/en\/shop\/"},{"@type":"ListItem","position":3,"name":"H\u00d4TEL DU CAP-EDEN-ROC : LA L\u00c9GENDE \u00c9TERNELLE DE LA RIVIERA"}]},{"@type":"WebSite","@id":"https:\/\/librairie7l.com\/en\/#website","url":"https:\/\/librairie7l.com\/en\/","name":"Librairie 7L","description":"Librairie fond\u00e9e en 1999 par Karl Lagerfeld \u00e0 Paris","publisher":{"@id":"https:\/\/librairie7l.com\/en\/#organization"},"potentialAction":[{"@type":"SearchAction","target":{"@type":"EntryPoint","urlTemplate":"https:\/\/librairie7l.com\/en\/?s={search_term_string}"},"query-input":"required name=search_term_string"}],"inLanguage":"en-US"},{"@type":"Organization","@id":"https:\/\/librairie7l.com\/en\/#organization","name":"Librairie 7L","url":"https:\/\/librairie7l.com\/en\/","logo":{"@type":"ImageObject","inLanguage":"en-US","@id":"https:\/\/librairie7l.com\/en\/#\/schema\/logo\/image\/","url":"https:\/\/librairie7l.com\/wp-content\/uploads\/2022\/08\/logo-1.png","contentUrl":"https:\/\/librairie7l.com\/wp-content\/uploads\/2022\/08\/logo-1.png","width":227,"height":301,"caption":"Librairie 7L"},"image":{"@id":"https:\/\/librairie7l.com\/en\/#\/schema\/logo\/image\/"}}]}},"_links":{"self":[{"href":"https:\/\/librairie7l.com\/en\/wp-json\/wp\/v2\/product\/32511"}],"collection":[{"href":"https:\/\/librairie7l.com\/en\/wp-json\/wp\/v2\/product"}],"about":[{"href":"https:\/\/librairie7l.com\/en\/wp-json\/wp\/v2\/types\/product"}],"wp:featuredmedia":[{"embeddable":true,"href":"https:\/\/librairie7l.com\/en\/wp-json\/wp\/v2\/media\/32509"}],"wp:attachment":[{"href":"https:\/\/librairie7l.com\/en\/wp-json\/wp\/v2\/media?parent=32511"}],"wp:term":[{"taxonomy":"product_cat","embeddable":true,"href":"https:\/\/librairie7l.com\/en\/wp-json\/wp\/v2\/product_cat?post=32511"},{"taxonomy":"product_tag","embeddable":true,"href":"https:\/\/librairie7l.com\/en\/wp-json\/wp\/v2\/product_tag?post=32511"}],"curies":[{"name":"wp","href":"https:\/\/api.w.org\/{rel}","templated":true}]}}