{"id":32531,"date":"2023-06-09T13:56:07","date_gmt":"2023-06-09T11:56:07","guid":{"rendered":"https:\/\/librairie7l.com\/?post_type=product&#038;p=32531"},"modified":"2026-04-06T00:16:15","modified_gmt":"2026-04-05T22:16:15","slug":"textiles-of-india","status":"publish","type":"product","link":"https:\/\/librairie7l.com\/en\/produit\/textiles-of-india\/","title":{"rendered":"TEXTILES OF INDIA"},"content":{"rendered":"<p>Ce beau volume de grand format explore toute la richesse de textiles indiens \u00e0 travers les si\u00e8cles. Chaque chapitre est consacr\u00e9 \u00e0 une r\u00e9gion pour mieux d\u00e9tailler ses sp\u00e9cificit\u00e9s, l&#8217;\u00e9volution particuli\u00e8re de ses techniques et de ses couleurs en fonction des mati\u00e8res premi\u00e8res locales, ses usages domestiques ou sacr\u00e9s au cours du temps et ses motifs. Complet et scientifique, ce livre pr\u00e9sente aussi bien les soies Patola du Gujarat que les lampas tiss\u00e9s pr\u00e9serv\u00e9s dans les temples tib\u00e9tains, les broderies du Penjab rural ou les cotons teints export\u00e9s en Indon\u00e9sie.<\/p>\n","protected":false},"excerpt":{"rendered":"<p>Ce beau volume de grand format explore toute la richesse de textiles indiens \u00e0 travers les si\u00e8cles. Chaque chapitre est consacr\u00e9 \u00e0 une r\u00e9gion pour mieux d\u00e9tailler ses sp\u00e9cificit\u00e9s, l&#8217;\u00e9volution particuli\u00e8re de ses techniques et de ses couleurs en fonction des mati\u00e8res premi\u00e8res locales, ses usages domestiques ou sacr\u00e9s au cours du temps et ses [&hellip;]<\/p>\n","protected":false},"featured_media":32529,"template":"","meta":[],"product_cat":[2948,2957],"product_tag":[],"acf":[],"yoast_head":"<!-- This site is optimized with the Yoast SEO plugin v20.11 - https:\/\/yoast.com\/wordpress\/plugins\/seo\/ -->\n<title>TEXTILES OF INDIA - Librairie 7L<\/title>\n<meta name=\"robots\" content=\"index, follow, max-snippet:-1, max-image-preview:large, max-video-preview:-1\" \/>\n<link rel=\"canonical\" href=\"https:\/\/librairie7l.com\/en\/produit\/textiles-of-india\/\" \/>\n<meta property=\"og:locale\" content=\"en_US\" \/>\n<meta property=\"og:type\" content=\"article\" \/>\n<meta property=\"og:title\" content=\"TEXTILES OF INDIA - Librairie 7L\" \/>\n<meta property=\"og:description\" content=\"Ce beau volume de grand format explore toute la richesse de textiles indiens \u00e0 travers les si\u00e8cles. Chaque chapitre est consacr\u00e9 \u00e0 une r\u00e9gion pour mieux d\u00e9tailler ses sp\u00e9cificit\u00e9s, l&#8217;\u00e9volution particuli\u00e8re de ses techniques et de ses couleurs en fonction des mati\u00e8res premi\u00e8res locales, ses usages domestiques ou sacr\u00e9s au cours du temps et ses [&hellip;]\" \/>\n<meta property=\"og:url\" content=\"https:\/\/librairie7l.com\/en\/produit\/textiles-of-india\/\" \/>\n<meta property=\"og:site_name\" content=\"Librairie 7L\" \/>\n<meta property=\"article:modified_time\" content=\"2026-04-05T22:16:15+00:00\" \/>\n<meta property=\"og:image\" content=\"https:\/\/librairie7l.com\/wp-content\/uploads\/2020\/06\/9783791386850_1_75.jpg\" \/>\n\t<meta property=\"og:image:width\" content=\"330\" \/>\n\t<meta property=\"og:image:height\" content=\"400\" \/>\n\t<meta property=\"og:image:type\" content=\"image\/jpeg\" \/>\n<meta name=\"twitter:card\" content=\"summary_large_image\" \/>\n<meta name=\"twitter:label1\" content=\"Est. reading time\" \/>\n\t<meta name=\"twitter:data1\" content=\"1 minute\" \/>\n<script type=\"application\/ld+json\" class=\"yoast-schema-graph\">{\"@context\":\"https:\/\/schema.org\",\"@graph\":[{\"@type\":\"WebPage\",\"@id\":\"https:\/\/librairie7l.com\/en\/produit\/textiles-of-india\/\",\"url\":\"https:\/\/librairie7l.com\/en\/produit\/textiles-of-india\/\",\"name\":\"TEXTILES OF INDIA - Librairie 7L\",\"isPartOf\":{\"@id\":\"https:\/\/librairie7l.com\/en\/#website\"},\"datePublished\":\"2023-06-09T11:56:07+00:00\",\"dateModified\":\"2026-04-05T22:16:15+00:00\",\"breadcrumb\":{\"@id\":\"https:\/\/librairie7l.com\/en\/produit\/textiles-of-india\/#breadcrumb\"},\"inLanguage\":\"en-US\",\"potentialAction\":[{\"@type\":\"ReadAction\",\"target\":[\"https:\/\/librairie7l.com\/en\/produit\/textiles-of-india\/\"]}]},{\"@type\":\"BreadcrumbList\",\"@id\":\"https:\/\/librairie7l.com\/en\/produit\/textiles-of-india\/#breadcrumb\",\"itemListElement\":[{\"@type\":\"ListItem\",\"position\":1,\"name\":\"Accueil\",\"item\":\"https:\/\/librairie7l.com\/en\/\"},{\"@type\":\"ListItem\",\"position\":2,\"name\":\"Shop\",\"item\":\"https:\/\/librairie7l.com\/en\/shop\/\"},{\"@type\":\"ListItem\",\"position\":3,\"name\":\"TEXTILES OF INDIA\"}]},{\"@type\":\"WebSite\",\"@id\":\"https:\/\/librairie7l.com\/en\/#website\",\"url\":\"https:\/\/librairie7l.com\/en\/\",\"name\":\"Librairie 7L\",\"description\":\"Librairie fond\u00e9e en 1999 par Karl Lagerfeld \u00e0 Paris\",\"publisher\":{\"@id\":\"https:\/\/librairie7l.com\/en\/#organization\"},\"potentialAction\":[{\"@type\":\"SearchAction\",\"target\":{\"@type\":\"EntryPoint\",\"urlTemplate\":\"https:\/\/librairie7l.com\/en\/?s={search_term_string}\"},\"query-input\":\"required name=search_term_string\"}],\"inLanguage\":\"en-US\"},{\"@type\":\"Organization\",\"@id\":\"https:\/\/librairie7l.com\/en\/#organization\",\"name\":\"Librairie 7L\",\"url\":\"https:\/\/librairie7l.com\/en\/\",\"logo\":{\"@type\":\"ImageObject\",\"inLanguage\":\"en-US\",\"@id\":\"https:\/\/librairie7l.com\/en\/#\/schema\/logo\/image\/\",\"url\":\"https:\/\/librairie7l.com\/wp-content\/uploads\/2022\/08\/logo-1.png\",\"contentUrl\":\"https:\/\/librairie7l.com\/wp-content\/uploads\/2022\/08\/logo-1.png\",\"width\":227,\"height\":301,\"caption\":\"Librairie 7L\"},\"image\":{\"@id\":\"https:\/\/librairie7l.com\/en\/#\/schema\/logo\/image\/\"}}]}<\/script>\n<!-- \/ Yoast SEO plugin. -->","yoast_head_json":{"title":"TEXTILES OF INDIA - Librairie 7L","robots":{"index":"index","follow":"follow","max-snippet":"max-snippet:-1","max-image-preview":"max-image-preview:large","max-video-preview":"max-video-preview:-1"},"canonical":"https:\/\/librairie7l.com\/en\/produit\/textiles-of-india\/","og_locale":"en_US","og_type":"article","og_title":"TEXTILES OF INDIA - Librairie 7L","og_description":"Ce beau volume de grand format explore toute la richesse de textiles indiens \u00e0 travers les si\u00e8cles. Chaque chapitre est consacr\u00e9 \u00e0 une r\u00e9gion pour mieux d\u00e9tailler ses sp\u00e9cificit\u00e9s, l&#8217;\u00e9volution particuli\u00e8re de ses techniques et de ses couleurs en fonction des mati\u00e8res premi\u00e8res locales, ses usages domestiques ou sacr\u00e9s au cours du temps et ses [&hellip;]","og_url":"https:\/\/librairie7l.com\/en\/produit\/textiles-of-india\/","og_site_name":"Librairie 7L","article_modified_time":"2026-04-05T22:16:15+00:00","og_image":[{"width":330,"height":400,"url":"https:\/\/librairie7l.com\/wp-content\/uploads\/2020\/06\/9783791386850_1_75.jpg","type":"image\/jpeg"}],"twitter_card":"summary_large_image","twitter_misc":{"Est. reading time":"1 minute"},"schema":{"@context":"https:\/\/schema.org","@graph":[{"@type":"WebPage","@id":"https:\/\/librairie7l.com\/en\/produit\/textiles-of-india\/","url":"https:\/\/librairie7l.com\/en\/produit\/textiles-of-india\/","name":"TEXTILES OF INDIA - Librairie 7L","isPartOf":{"@id":"https:\/\/librairie7l.com\/en\/#website"},"datePublished":"2023-06-09T11:56:07+00:00","dateModified":"2026-04-05T22:16:15+00:00","breadcrumb":{"@id":"https:\/\/librairie7l.com\/en\/produit\/textiles-of-india\/#breadcrumb"},"inLanguage":"en-US","potentialAction":[{"@type":"ReadAction","target":["https:\/\/librairie7l.com\/en\/produit\/textiles-of-india\/"]}]},{"@type":"BreadcrumbList","@id":"https:\/\/librairie7l.com\/en\/produit\/textiles-of-india\/#breadcrumb","itemListElement":[{"@type":"ListItem","position":1,"name":"Accueil","item":"https:\/\/librairie7l.com\/en\/"},{"@type":"ListItem","position":2,"name":"Shop","item":"https:\/\/librairie7l.com\/en\/shop\/"},{"@type":"ListItem","position":3,"name":"TEXTILES OF INDIA"}]},{"@type":"WebSite","@id":"https:\/\/librairie7l.com\/en\/#website","url":"https:\/\/librairie7l.com\/en\/","name":"Librairie 7L","description":"Librairie fond\u00e9e en 1999 par Karl Lagerfeld \u00e0 Paris","publisher":{"@id":"https:\/\/librairie7l.com\/en\/#organization"},"potentialAction":[{"@type":"SearchAction","target":{"@type":"EntryPoint","urlTemplate":"https:\/\/librairie7l.com\/en\/?s={search_term_string}"},"query-input":"required name=search_term_string"}],"inLanguage":"en-US"},{"@type":"Organization","@id":"https:\/\/librairie7l.com\/en\/#organization","name":"Librairie 7L","url":"https:\/\/librairie7l.com\/en\/","logo":{"@type":"ImageObject","inLanguage":"en-US","@id":"https:\/\/librairie7l.com\/en\/#\/schema\/logo\/image\/","url":"https:\/\/librairie7l.com\/wp-content\/uploads\/2022\/08\/logo-1.png","contentUrl":"https:\/\/librairie7l.com\/wp-content\/uploads\/2022\/08\/logo-1.png","width":227,"height":301,"caption":"Librairie 7L"},"image":{"@id":"https:\/\/librairie7l.com\/en\/#\/schema\/logo\/image\/"}}]}},"_links":{"self":[{"href":"https:\/\/librairie7l.com\/en\/wp-json\/wp\/v2\/product\/32531"}],"collection":[{"href":"https:\/\/librairie7l.com\/en\/wp-json\/wp\/v2\/product"}],"about":[{"href":"https:\/\/librairie7l.com\/en\/wp-json\/wp\/v2\/types\/product"}],"wp:featuredmedia":[{"embeddable":true,"href":"https:\/\/librairie7l.com\/en\/wp-json\/wp\/v2\/media\/32529"}],"wp:attachment":[{"href":"https:\/\/librairie7l.com\/en\/wp-json\/wp\/v2\/media?parent=32531"}],"wp:term":[{"taxonomy":"product_cat","embeddable":true,"href":"https:\/\/librairie7l.com\/en\/wp-json\/wp\/v2\/product_cat?post=32531"},{"taxonomy":"product_tag","embeddable":true,"href":"https:\/\/librairie7l.com\/en\/wp-json\/wp\/v2\/product_tag?post=32531"}],"curies":[{"name":"wp","href":"https:\/\/api.w.org\/{rel}","templated":true}]}}