{"id":32539,"date":"2023-06-09T13:59:24","date_gmt":"2023-06-09T11:59:24","guid":{"rendered":"https:\/\/librairie7l.com\/?post_type=product&#038;p=32539"},"modified":"2026-04-29T20:05:03","modified_gmt":"2026-04-29T18:05:03","slug":"cahiers-dhimalaya","status":"publish","type":"product","link":"https:\/\/librairie7l.com\/en\/produit\/cahiers-dhimalaya\/","title":{"rendered":"CAHIERS D&#8217;HIMALAYA"},"content":{"rendered":"<p>Au cours des \u00e9t\u00e9s 2009 et 2010, contraint par les \u00e9v\u00e8nements d&#8217;abandonner ses voyages r\u00e9guliers en pays Dogon, Miquel Barcel\u00f3 choisit d&#8217;oublier les rites, rythmes et contraintes de la culture occidentale dans un autre paysage extr\u00eame, celui des contreforts de l&#8217;Himalaya, des steppes et des montagnes abruptes du Mustang et du Bhoutan, terme d&#8217;un trajet commenc\u00e9 \u00e0 Delhi et poursuivi \u00e0 travers le Ladakh et le Cachemire.<br \/>\nRegard aux aguets, curieux de tout, Barcel\u00f3 n&#8217;abandonne jamais le crayon, le pinceau, le stylo et l&#8217;objectif, cherchant \u00e0 serrer au plus pr\u00e8s \u00e9motions et rencontres, quotidien et usages de ces terres lointaines. C&#8217;est le r\u00e9sultat de cette \u00e9quip\u00e9e que propose le pr\u00e9sent ouvrage, rassemblant aquarelles et croquis, pages de carnets et de journaux, photographies de lieux et de personnes &#8211; et livrant ainsi la st\u00e9nographie des enthousiasmes et incidents qui font le prix de toute exp\u00e9rience de l&#8217;ailleurs.<br \/>\nMiquel Barcel\u00f3 est n\u00e9 en 1957 \u00e0 Majorque. Ses oeuvres ont \u00e9t\u00e9 expos\u00e9es au Mus\u00e9e d&#8217;Art moderne de New York, au CAPC de Bordeaux, au Mus\u00e9e des Arts D\u00e9coratifs de Paris, \u00e0 la Fondation Maeght de Saint-Paul-de-Vence et dans de nombreuses galeries et mus\u00e9es europ\u00e9ens. En 2006, il a achev\u00e9 les d\u00e9cors int\u00e9rieurs et les vitraux de la cath\u00e9drale de Palma de Majorque. \u00c0 Gen\u00e8ve, il a r\u00e9alis\u00e9 la d\u00e9coration de la coupole de la salle de conf\u00e9rence XX du Palais des Nations.<br \/>\nDe lui, les \u00c9ditions Gallimard ont d\u00e9j\u00e0 publi\u00e9 Carnets d&#8217;Afrique (Le Promeneur, 2003).<\/p>\n","protected":false},"excerpt":{"rendered":"<p>Au cours des \u00e9t\u00e9s 2009 et 2010, contraint par les \u00e9v\u00e8nements d&#8217;abandonner ses voyages r\u00e9guliers en pays Dogon, Miquel Barcel\u00f3 choisit d&#8217;oublier les rites, rythmes et contraintes de la culture occidentale dans un autre paysage extr\u00eame, celui des contreforts de l&#8217;Himalaya, des steppes et des montagnes abruptes du Mustang et du Bhoutan, terme d&#8217;un trajet [&hellip;]<\/p>\n","protected":false},"featured_media":32537,"template":"","meta":[],"product_cat":[2948,2953],"product_tag":[],"acf":[],"yoast_head":"<!-- This site is optimized with the Yoast SEO plugin v20.11 - https:\/\/yoast.com\/wordpress\/plugins\/seo\/ -->\n<title>CAHIERS D&#039;HIMALAYA - Librairie 7L<\/title>\n<meta name=\"robots\" content=\"index, follow, max-snippet:-1, max-image-preview:large, max-video-preview:-1\" \/>\n<link rel=\"canonical\" href=\"https:\/\/librairie7l.com\/en\/produit\/cahiers-dhimalaya\/\" \/>\n<meta property=\"og:locale\" content=\"en_US\" \/>\n<meta property=\"og:type\" content=\"article\" \/>\n<meta property=\"og:title\" content=\"CAHIERS D&#039;HIMALAYA - Librairie 7L\" \/>\n<meta property=\"og:description\" content=\"Au cours des \u00e9t\u00e9s 2009 et 2010, contraint par les \u00e9v\u00e8nements d&#8217;abandonner ses voyages r\u00e9guliers en pays Dogon, Miquel Barcel\u00f3 choisit d&#8217;oublier les rites, rythmes et contraintes de la culture occidentale dans un autre paysage extr\u00eame, celui des contreforts de l&#8217;Himalaya, des steppes et des montagnes abruptes du Mustang et du Bhoutan, terme d&#8217;un trajet [&hellip;]\" \/>\n<meta property=\"og:url\" content=\"https:\/\/librairie7l.com\/en\/produit\/cahiers-dhimalaya\/\" \/>\n<meta property=\"og:site_name\" content=\"Librairie 7L\" \/>\n<meta property=\"article:modified_time\" content=\"2026-04-29T18:05:03+00:00\" \/>\n<meta property=\"og:image\" content=\"https:\/\/librairie7l.com\/wp-content\/uploads\/2011\/05\/9782070135233_1_75.jpg\" \/>\n\t<meta property=\"og:image:width\" content=\"571\" \/>\n\t<meta property=\"og:image:height\" content=\"722\" \/>\n\t<meta property=\"og:image:type\" content=\"image\/jpeg\" \/>\n<meta name=\"twitter:card\" content=\"summary_large_image\" \/>\n<meta name=\"twitter:label1\" content=\"Est. reading time\" \/>\n\t<meta name=\"twitter:data1\" content=\"1 minute\" \/>\n<script type=\"application\/ld+json\" class=\"yoast-schema-graph\">{\"@context\":\"https:\/\/schema.org\",\"@graph\":[{\"@type\":\"WebPage\",\"@id\":\"https:\/\/librairie7l.com\/en\/produit\/cahiers-dhimalaya\/\",\"url\":\"https:\/\/librairie7l.com\/en\/produit\/cahiers-dhimalaya\/\",\"name\":\"CAHIERS D'HIMALAYA - Librairie 7L\",\"isPartOf\":{\"@id\":\"https:\/\/librairie7l.com\/en\/#website\"},\"datePublished\":\"2023-06-09T11:59:24+00:00\",\"dateModified\":\"2026-04-29T18:05:03+00:00\",\"breadcrumb\":{\"@id\":\"https:\/\/librairie7l.com\/en\/produit\/cahiers-dhimalaya\/#breadcrumb\"},\"inLanguage\":\"en-US\",\"potentialAction\":[{\"@type\":\"ReadAction\",\"target\":[\"https:\/\/librairie7l.com\/en\/produit\/cahiers-dhimalaya\/\"]}]},{\"@type\":\"BreadcrumbList\",\"@id\":\"https:\/\/librairie7l.com\/en\/produit\/cahiers-dhimalaya\/#breadcrumb\",\"itemListElement\":[{\"@type\":\"ListItem\",\"position\":1,\"name\":\"Accueil\",\"item\":\"https:\/\/librairie7l.com\/en\/\"},{\"@type\":\"ListItem\",\"position\":2,\"name\":\"Shop\",\"item\":\"https:\/\/librairie7l.com\/en\/shop\/\"},{\"@type\":\"ListItem\",\"position\":3,\"name\":\"CAHIERS D&#8217;HIMALAYA\"}]},{\"@type\":\"WebSite\",\"@id\":\"https:\/\/librairie7l.com\/en\/#website\",\"url\":\"https:\/\/librairie7l.com\/en\/\",\"name\":\"Librairie 7L\",\"description\":\"Librairie fond\u00e9e en 1999 par Karl Lagerfeld \u00e0 Paris\",\"publisher\":{\"@id\":\"https:\/\/librairie7l.com\/en\/#organization\"},\"potentialAction\":[{\"@type\":\"SearchAction\",\"target\":{\"@type\":\"EntryPoint\",\"urlTemplate\":\"https:\/\/librairie7l.com\/en\/?s={search_term_string}\"},\"query-input\":\"required name=search_term_string\"}],\"inLanguage\":\"en-US\"},{\"@type\":\"Organization\",\"@id\":\"https:\/\/librairie7l.com\/en\/#organization\",\"name\":\"Librairie 7L\",\"url\":\"https:\/\/librairie7l.com\/en\/\",\"logo\":{\"@type\":\"ImageObject\",\"inLanguage\":\"en-US\",\"@id\":\"https:\/\/librairie7l.com\/en\/#\/schema\/logo\/image\/\",\"url\":\"https:\/\/librairie7l.com\/wp-content\/uploads\/2022\/08\/logo-1.png\",\"contentUrl\":\"https:\/\/librairie7l.com\/wp-content\/uploads\/2022\/08\/logo-1.png\",\"width\":227,\"height\":301,\"caption\":\"Librairie 7L\"},\"image\":{\"@id\":\"https:\/\/librairie7l.com\/en\/#\/schema\/logo\/image\/\"}}]}<\/script>\n<!-- \/ Yoast SEO plugin. -->","yoast_head_json":{"title":"CAHIERS D'HIMALAYA - Librairie 7L","robots":{"index":"index","follow":"follow","max-snippet":"max-snippet:-1","max-image-preview":"max-image-preview:large","max-video-preview":"max-video-preview:-1"},"canonical":"https:\/\/librairie7l.com\/en\/produit\/cahiers-dhimalaya\/","og_locale":"en_US","og_type":"article","og_title":"CAHIERS D'HIMALAYA - Librairie 7L","og_description":"Au cours des \u00e9t\u00e9s 2009 et 2010, contraint par les \u00e9v\u00e8nements d&#8217;abandonner ses voyages r\u00e9guliers en pays Dogon, Miquel Barcel\u00f3 choisit d&#8217;oublier les rites, rythmes et contraintes de la culture occidentale dans un autre paysage extr\u00eame, celui des contreforts de l&#8217;Himalaya, des steppes et des montagnes abruptes du Mustang et du Bhoutan, terme d&#8217;un trajet [&hellip;]","og_url":"https:\/\/librairie7l.com\/en\/produit\/cahiers-dhimalaya\/","og_site_name":"Librairie 7L","article_modified_time":"2026-04-29T18:05:03+00:00","og_image":[{"width":571,"height":722,"url":"https:\/\/librairie7l.com\/wp-content\/uploads\/2011\/05\/9782070135233_1_75.jpg","type":"image\/jpeg"}],"twitter_card":"summary_large_image","twitter_misc":{"Est. reading time":"1 minute"},"schema":{"@context":"https:\/\/schema.org","@graph":[{"@type":"WebPage","@id":"https:\/\/librairie7l.com\/en\/produit\/cahiers-dhimalaya\/","url":"https:\/\/librairie7l.com\/en\/produit\/cahiers-dhimalaya\/","name":"CAHIERS D'HIMALAYA - Librairie 7L","isPartOf":{"@id":"https:\/\/librairie7l.com\/en\/#website"},"datePublished":"2023-06-09T11:59:24+00:00","dateModified":"2026-04-29T18:05:03+00:00","breadcrumb":{"@id":"https:\/\/librairie7l.com\/en\/produit\/cahiers-dhimalaya\/#breadcrumb"},"inLanguage":"en-US","potentialAction":[{"@type":"ReadAction","target":["https:\/\/librairie7l.com\/en\/produit\/cahiers-dhimalaya\/"]}]},{"@type":"BreadcrumbList","@id":"https:\/\/librairie7l.com\/en\/produit\/cahiers-dhimalaya\/#breadcrumb","itemListElement":[{"@type":"ListItem","position":1,"name":"Accueil","item":"https:\/\/librairie7l.com\/en\/"},{"@type":"ListItem","position":2,"name":"Shop","item":"https:\/\/librairie7l.com\/en\/shop\/"},{"@type":"ListItem","position":3,"name":"CAHIERS D&#8217;HIMALAYA"}]},{"@type":"WebSite","@id":"https:\/\/librairie7l.com\/en\/#website","url":"https:\/\/librairie7l.com\/en\/","name":"Librairie 7L","description":"Librairie fond\u00e9e en 1999 par Karl Lagerfeld \u00e0 Paris","publisher":{"@id":"https:\/\/librairie7l.com\/en\/#organization"},"potentialAction":[{"@type":"SearchAction","target":{"@type":"EntryPoint","urlTemplate":"https:\/\/librairie7l.com\/en\/?s={search_term_string}"},"query-input":"required name=search_term_string"}],"inLanguage":"en-US"},{"@type":"Organization","@id":"https:\/\/librairie7l.com\/en\/#organization","name":"Librairie 7L","url":"https:\/\/librairie7l.com\/en\/","logo":{"@type":"ImageObject","inLanguage":"en-US","@id":"https:\/\/librairie7l.com\/en\/#\/schema\/logo\/image\/","url":"https:\/\/librairie7l.com\/wp-content\/uploads\/2022\/08\/logo-1.png","contentUrl":"https:\/\/librairie7l.com\/wp-content\/uploads\/2022\/08\/logo-1.png","width":227,"height":301,"caption":"Librairie 7L"},"image":{"@id":"https:\/\/librairie7l.com\/en\/#\/schema\/logo\/image\/"}}]}},"_links":{"self":[{"href":"https:\/\/librairie7l.com\/en\/wp-json\/wp\/v2\/product\/32539"}],"collection":[{"href":"https:\/\/librairie7l.com\/en\/wp-json\/wp\/v2\/product"}],"about":[{"href":"https:\/\/librairie7l.com\/en\/wp-json\/wp\/v2\/types\/product"}],"wp:featuredmedia":[{"embeddable":true,"href":"https:\/\/librairie7l.com\/en\/wp-json\/wp\/v2\/media\/32537"}],"wp:attachment":[{"href":"https:\/\/librairie7l.com\/en\/wp-json\/wp\/v2\/media?parent=32539"}],"wp:term":[{"taxonomy":"product_cat","embeddable":true,"href":"https:\/\/librairie7l.com\/en\/wp-json\/wp\/v2\/product_cat?post=32539"},{"taxonomy":"product_tag","embeddable":true,"href":"https:\/\/librairie7l.com\/en\/wp-json\/wp\/v2\/product_tag?post=32539"}],"curies":[{"name":"wp","href":"https:\/\/api.w.org\/{rel}","templated":true}]}}