{"id":32573,"date":"2023-06-09T14:16:19","date_gmt":"2023-06-09T12:16:19","guid":{"rendered":"https:\/\/librairie7l.com\/?post_type=product&#038;p=32573"},"modified":"2026-04-08T17:09:35","modified_gmt":"2026-04-08T15:09:35","slug":"meubles-et-decors-des-annees-80","status":"publish","type":"product","link":"https:\/\/librairie7l.com\/en\/produit\/meubles-et-decors-des-annees-80\/","title":{"rendered":"MEUBLES ET D\u00c9CORS DES ANN\u00c9ES 80"},"content":{"rendered":"<p>Meubles et d\u00e9cors des ann\u00e9es 80  Anne Bony  Les ann\u00e9es 80 sont marqu\u00e9es par la transversalit\u00e9, le design devient un mode de communication il place le designer en porte-drapeau. Il r\u00e9v\u00e8le une envie du consommateur de s&#8217;approprier des signes. <\/p>\n<p>Le Design des ann\u00e9es 80 multiplie ses facettes, il propose des manifestes, il est bavard. Le style 80 impose une pratique du collage et de l&#8217;humour avec Javier Mariscal. Le design anglais invente une culture hybride entre le mouvement punk des ann\u00e9es 70 et le mouvement post-moderne des ann\u00e9es 80, avec de singuliers cr\u00e9ateurs, Ron Arad, Tom Dixon, Dany Lane&#8230; Il est sign\u00e9 et engag\u00e9 avec Philippe Starck. L&#8217;Allemagne remplace la th\u00e9orie fig\u00e9e du fonctionnalisme et de la tradition du Bauhaus, avec des groupes Kunstflug, Pentagon et des lieux de design \u00e0 Berlin, Hambourg, Munich, Cologne. <\/p>\n<p>Une autre tendance du design des ann\u00e9es 80 est li\u00e9e \u00e0 la prise de conscience \u00e9cologique. Il engage une r\u00e9flexion sur la condition de l&#8217;homme, sa nouvelle condition nomade, la recherche de ses racines et sa recherche du priv\u00e9 : Andrea Branzi, Gaetano Pesce, une aire nouvelle n\u00e9o-baroque, barbare avec Garouste et Bonetti et Andr\u00e9 Dubreuil. <\/p>\n<p>Une esth\u00e9tique high tech \u00e0 laquelle se substitue un look \u00e9pur\u00e9, une r\u00e9invention de la syntaxe du meuble avec Martin Szekely Fran\u00e7ois Bauchet&#8230; et la rigueur du design d&#8217;architectes : Ronald Cecil Sportes, Norman Foster et Jean Nouvel. Nouveaux mat\u00e9riaux et transferts de technologies. Nouvelles techniques, CAO et production en s\u00e9rie qui c\u00f4toient le tirage limit\u00e9 issu de processus de fabrication artisanale. <\/p>\n<p>Le designer glisse dans le camp des plasticiens, il devient cr\u00e9ateur. L&#8217;Italie atteste d&#8217;une Renaissance avec la naissance de Memphis : Ettore Sottsass, Michael Graves, Nathalie du Pasquier., le design consid\u00e9r\u00e9 comme une grande activit\u00e9 de projets. Le Japon propose un espace de lecture hors du temps et fonde sa cr\u00e9ation sur des arch\u00e9types japonais, r\u00e9flexion plastique marqu\u00e9e par le rapport de la ligne au plan : Shiro Kuramata, Toshiuyki Kita et Toyo Ito. <\/p>\n<p>Les ann\u00e9es 80 voient r\u00e9appara\u00eetre en France une figure qui jalonne l&#8217;histoire de l&#8217;apr\u00e8s-r\u00e9volution industrielle ; le cr\u00e9ateur de mod\u00e8le. Cette passionnante d\u00e9cennie pratique chevauchements, collages, retours en arri\u00e8re et sauts en avant, et propose un kal\u00e9idoscope de tendances riches en innovations et en cr\u00e9ations \u00e9tonnantes. <\/p>\n<p>_______________________________________________________________________  Livre reli\u00e9 sous jaquette  Format : 24 x 30 cm  224 pages  EAN : 978 2 84105 222 6  Prix : 65 euros  Parution : Mai 2010  Editions du Regard  Editions du Regard S.A.R.L. 104 000 ? &#8211; 1 rue du Delta 75009 Paris &#8211; t\u00e9l 01 53 21 86 80 &#8211; fax 01 53 21 86 90  Code APE 221 A &#8211; RCS Paris B 312 032 261 &#8211; Siret 312 032 261 000 33 &#8211; TVA \/ FR41 312032261 www.editions-du-regard.com e-mail : c.simon@editions-du-regard.com<\/p>\n","protected":false},"excerpt":{"rendered":"<p>Meubles et d\u00e9cors des ann\u00e9es 80 Anne Bony Les ann\u00e9es 80 sont marqu\u00e9es par la transversalit\u00e9, le design devient un mode de communication il place le designer en porte-drapeau. Il r\u00e9v\u00e8le une envie du consommateur de s&#8217;approprier des signes. Le Design des ann\u00e9es 80 multiplie ses facettes, il propose des manifestes, il est bavard. Le [&hellip;]<\/p>\n","protected":false},"featured_media":32571,"template":"","meta":[],"product_cat":[2948,2952],"product_tag":[],"acf":[],"yoast_head":"<!-- This site is optimized with the Yoast SEO plugin v20.11 - https:\/\/yoast.com\/wordpress\/plugins\/seo\/ -->\n<title>MEUBLES ET D\u00c9CORS DES ANN\u00c9ES 80 - Librairie 7L<\/title>\n<meta name=\"robots\" content=\"index, follow, max-snippet:-1, max-image-preview:large, max-video-preview:-1\" \/>\n<link rel=\"canonical\" href=\"https:\/\/librairie7l.com\/en\/produit\/meubles-et-decors-des-annees-80\/\" \/>\n<meta property=\"og:locale\" content=\"en_US\" \/>\n<meta property=\"og:type\" content=\"article\" \/>\n<meta property=\"og:title\" content=\"MEUBLES ET D\u00c9CORS DES ANN\u00c9ES 80 - Librairie 7L\" \/>\n<meta property=\"og:description\" content=\"Meubles et d\u00e9cors des ann\u00e9es 80 Anne Bony Les ann\u00e9es 80 sont marqu\u00e9es par la transversalit\u00e9, le design devient un mode de communication il place le designer en porte-drapeau. Il r\u00e9v\u00e8le une envie du consommateur de s&#8217;approprier des signes. Le Design des ann\u00e9es 80 multiplie ses facettes, il propose des manifestes, il est bavard. Le [&hellip;]\" \/>\n<meta property=\"og:url\" content=\"https:\/\/librairie7l.com\/en\/produit\/meubles-et-decors-des-annees-80\/\" \/>\n<meta property=\"og:site_name\" content=\"Librairie 7L\" \/>\n<meta property=\"article:modified_time\" content=\"2026-04-08T15:09:35+00:00\" \/>\n<meta property=\"og:image\" content=\"https:\/\/librairie7l.com\/wp-content\/uploads\/2008\/05\/9782841052226_1_75.jpg\" \/>\n\t<meta property=\"og:image:width\" content=\"600\" \/>\n\t<meta property=\"og:image:height\" content=\"765\" \/>\n\t<meta property=\"og:image:type\" content=\"image\/jpeg\" \/>\n<meta name=\"twitter:card\" content=\"summary_large_image\" \/>\n<meta name=\"twitter:label1\" content=\"Est. reading time\" \/>\n\t<meta name=\"twitter:data1\" content=\"2 minutes\" \/>\n<script type=\"application\/ld+json\" class=\"yoast-schema-graph\">{\"@context\":\"https:\/\/schema.org\",\"@graph\":[{\"@type\":\"WebPage\",\"@id\":\"https:\/\/librairie7l.com\/en\/produit\/meubles-et-decors-des-annees-80\/\",\"url\":\"https:\/\/librairie7l.com\/en\/produit\/meubles-et-decors-des-annees-80\/\",\"name\":\"MEUBLES ET D\u00c9CORS DES ANN\u00c9ES 80 - Librairie 7L\",\"isPartOf\":{\"@id\":\"https:\/\/librairie7l.com\/en\/#website\"},\"datePublished\":\"2023-06-09T12:16:19+00:00\",\"dateModified\":\"2026-04-08T15:09:35+00:00\",\"breadcrumb\":{\"@id\":\"https:\/\/librairie7l.com\/en\/produit\/meubles-et-decors-des-annees-80\/#breadcrumb\"},\"inLanguage\":\"en-US\",\"potentialAction\":[{\"@type\":\"ReadAction\",\"target\":[\"https:\/\/librairie7l.com\/en\/produit\/meubles-et-decors-des-annees-80\/\"]}]},{\"@type\":\"BreadcrumbList\",\"@id\":\"https:\/\/librairie7l.com\/en\/produit\/meubles-et-decors-des-annees-80\/#breadcrumb\",\"itemListElement\":[{\"@type\":\"ListItem\",\"position\":1,\"name\":\"Accueil\",\"item\":\"https:\/\/librairie7l.com\/en\/\"},{\"@type\":\"ListItem\",\"position\":2,\"name\":\"Shop\",\"item\":\"https:\/\/librairie7l.com\/en\/shop\/\"},{\"@type\":\"ListItem\",\"position\":3,\"name\":\"MEUBLES ET D\u00c9CORS DES ANN\u00c9ES 80\"}]},{\"@type\":\"WebSite\",\"@id\":\"https:\/\/librairie7l.com\/en\/#website\",\"url\":\"https:\/\/librairie7l.com\/en\/\",\"name\":\"Librairie 7L\",\"description\":\"Librairie fond\u00e9e en 1999 par Karl Lagerfeld \u00e0 Paris\",\"publisher\":{\"@id\":\"https:\/\/librairie7l.com\/en\/#organization\"},\"potentialAction\":[{\"@type\":\"SearchAction\",\"target\":{\"@type\":\"EntryPoint\",\"urlTemplate\":\"https:\/\/librairie7l.com\/en\/?s={search_term_string}\"},\"query-input\":\"required name=search_term_string\"}],\"inLanguage\":\"en-US\"},{\"@type\":\"Organization\",\"@id\":\"https:\/\/librairie7l.com\/en\/#organization\",\"name\":\"Librairie 7L\",\"url\":\"https:\/\/librairie7l.com\/en\/\",\"logo\":{\"@type\":\"ImageObject\",\"inLanguage\":\"en-US\",\"@id\":\"https:\/\/librairie7l.com\/en\/#\/schema\/logo\/image\/\",\"url\":\"https:\/\/librairie7l.com\/wp-content\/uploads\/2022\/08\/logo-1.png\",\"contentUrl\":\"https:\/\/librairie7l.com\/wp-content\/uploads\/2022\/08\/logo-1.png\",\"width\":227,\"height\":301,\"caption\":\"Librairie 7L\"},\"image\":{\"@id\":\"https:\/\/librairie7l.com\/en\/#\/schema\/logo\/image\/\"}}]}<\/script>\n<!-- \/ Yoast SEO plugin. -->","yoast_head_json":{"title":"MEUBLES ET D\u00c9CORS DES ANN\u00c9ES 80 - Librairie 7L","robots":{"index":"index","follow":"follow","max-snippet":"max-snippet:-1","max-image-preview":"max-image-preview:large","max-video-preview":"max-video-preview:-1"},"canonical":"https:\/\/librairie7l.com\/en\/produit\/meubles-et-decors-des-annees-80\/","og_locale":"en_US","og_type":"article","og_title":"MEUBLES ET D\u00c9CORS DES ANN\u00c9ES 80 - Librairie 7L","og_description":"Meubles et d\u00e9cors des ann\u00e9es 80 Anne Bony Les ann\u00e9es 80 sont marqu\u00e9es par la transversalit\u00e9, le design devient un mode de communication il place le designer en porte-drapeau. Il r\u00e9v\u00e8le une envie du consommateur de s&#8217;approprier des signes. Le Design des ann\u00e9es 80 multiplie ses facettes, il propose des manifestes, il est bavard. Le [&hellip;]","og_url":"https:\/\/librairie7l.com\/en\/produit\/meubles-et-decors-des-annees-80\/","og_site_name":"Librairie 7L","article_modified_time":"2026-04-08T15:09:35+00:00","og_image":[{"width":600,"height":765,"url":"https:\/\/librairie7l.com\/wp-content\/uploads\/2008\/05\/9782841052226_1_75.jpg","type":"image\/jpeg"}],"twitter_card":"summary_large_image","twitter_misc":{"Est. reading time":"2 minutes"},"schema":{"@context":"https:\/\/schema.org","@graph":[{"@type":"WebPage","@id":"https:\/\/librairie7l.com\/en\/produit\/meubles-et-decors-des-annees-80\/","url":"https:\/\/librairie7l.com\/en\/produit\/meubles-et-decors-des-annees-80\/","name":"MEUBLES ET D\u00c9CORS DES ANN\u00c9ES 80 - Librairie 7L","isPartOf":{"@id":"https:\/\/librairie7l.com\/en\/#website"},"datePublished":"2023-06-09T12:16:19+00:00","dateModified":"2026-04-08T15:09:35+00:00","breadcrumb":{"@id":"https:\/\/librairie7l.com\/en\/produit\/meubles-et-decors-des-annees-80\/#breadcrumb"},"inLanguage":"en-US","potentialAction":[{"@type":"ReadAction","target":["https:\/\/librairie7l.com\/en\/produit\/meubles-et-decors-des-annees-80\/"]}]},{"@type":"BreadcrumbList","@id":"https:\/\/librairie7l.com\/en\/produit\/meubles-et-decors-des-annees-80\/#breadcrumb","itemListElement":[{"@type":"ListItem","position":1,"name":"Accueil","item":"https:\/\/librairie7l.com\/en\/"},{"@type":"ListItem","position":2,"name":"Shop","item":"https:\/\/librairie7l.com\/en\/shop\/"},{"@type":"ListItem","position":3,"name":"MEUBLES ET D\u00c9CORS DES ANN\u00c9ES 80"}]},{"@type":"WebSite","@id":"https:\/\/librairie7l.com\/en\/#website","url":"https:\/\/librairie7l.com\/en\/","name":"Librairie 7L","description":"Librairie fond\u00e9e en 1999 par Karl Lagerfeld \u00e0 Paris","publisher":{"@id":"https:\/\/librairie7l.com\/en\/#organization"},"potentialAction":[{"@type":"SearchAction","target":{"@type":"EntryPoint","urlTemplate":"https:\/\/librairie7l.com\/en\/?s={search_term_string}"},"query-input":"required name=search_term_string"}],"inLanguage":"en-US"},{"@type":"Organization","@id":"https:\/\/librairie7l.com\/en\/#organization","name":"Librairie 7L","url":"https:\/\/librairie7l.com\/en\/","logo":{"@type":"ImageObject","inLanguage":"en-US","@id":"https:\/\/librairie7l.com\/en\/#\/schema\/logo\/image\/","url":"https:\/\/librairie7l.com\/wp-content\/uploads\/2022\/08\/logo-1.png","contentUrl":"https:\/\/librairie7l.com\/wp-content\/uploads\/2022\/08\/logo-1.png","width":227,"height":301,"caption":"Librairie 7L"},"image":{"@id":"https:\/\/librairie7l.com\/en\/#\/schema\/logo\/image\/"}}]}},"_links":{"self":[{"href":"https:\/\/librairie7l.com\/en\/wp-json\/wp\/v2\/product\/32573"}],"collection":[{"href":"https:\/\/librairie7l.com\/en\/wp-json\/wp\/v2\/product"}],"about":[{"href":"https:\/\/librairie7l.com\/en\/wp-json\/wp\/v2\/types\/product"}],"wp:featuredmedia":[{"embeddable":true,"href":"https:\/\/librairie7l.com\/en\/wp-json\/wp\/v2\/media\/32571"}],"wp:attachment":[{"href":"https:\/\/librairie7l.com\/en\/wp-json\/wp\/v2\/media?parent=32573"}],"wp:term":[{"taxonomy":"product_cat","embeddable":true,"href":"https:\/\/librairie7l.com\/en\/wp-json\/wp\/v2\/product_cat?post=32573"},{"taxonomy":"product_tag","embeddable":true,"href":"https:\/\/librairie7l.com\/en\/wp-json\/wp\/v2\/product_tag?post=32573"}],"curies":[{"name":"wp","href":"https:\/\/api.w.org\/{rel}","templated":true}]}}