{"id":32583,"date":"2023-06-09T14:20:46","date_gmt":"2023-06-09T12:20:46","guid":{"rendered":"https:\/\/librairie7l.com\/?post_type=product&#038;p=32583"},"modified":"2026-04-07T19:03:09","modified_gmt":"2026-04-07T17:03:09","slug":"a-rare-gift-of-the-tropics","status":"publish","type":"product","link":"https:\/\/librairie7l.com\/en\/produit\/a-rare-gift-of-the-tropics\/","title":{"rendered":"A RARE GIFT OF THE TROPICS"},"content":{"rendered":"<p>Vivant et travaillant ensemble dans le contecte de la contre-culture torontoise de la fin des ann\u00e9es 1960, AA Bronson, Felix Partz et Jorge Zontal ont officialis\u00e9 leur collaboration en 1969 sous le nom de General Idea. De leurs premiers projets, comme la mise en sc\u00e8ne du concours de Miss General Idea en 1970, \u00e0 leurs initiatives militantes autour de la crise du sida, General Idea a explor\u00e9 le travail multim\u00e9dia, conceptuel et performatif comme outil pour s&#8217;engager dans la culture commune et ses r\u00e9pressions.<br \/>\nLes dessins du groupe, dont la grande majorit\u00e9 n&#8217;a jamais \u00e9t\u00e9 vue, sont moins connus. Les dessins pr\u00e9sent\u00e9s dans A Rare Gift of the Tropics ont tous \u00e9t\u00e9 produits par Jorge Zontal, lors des r\u00e9unions de brainstorming du groupe ; cependant, \u00e9tant donn\u00e9 le principe de la co-signature r\u00e9gissant les activit\u00e9s de General Idea (et comme le d\u00e9montre la signature \u00ab GI \u00bb appos\u00e9e par Zontal peu avant sa mort), ainsi que les circonstances dans lesquelles ils ont \u00e9t\u00e9 ex\u00e9cut\u00e9s, ils sont consid\u00e9r\u00e9s comme \u00e9tant collaboratifs. Les dessins deviennent plus r\u00e9guliers \u00e0 partir de 1985, ann\u00e9e o\u00f9 le groupe quitte Toronto, qui se sent de plus en plus isol\u00e9 du monde de l&#8217;art, pour New York. Au fil des ann\u00e9es 1980, la joie de vivre initiale est assombrie par l&#8217;omnipr\u00e9sence du sida. Bien que r\u00e9alis\u00e9e \u00e0 la main, la r\u00e9p\u00e9tition de motifs sp\u00e9cifiques suit une logique qui renvoie au penchant de General Idea pour la reproduction de masse et qui fait \u00e9cho \u00e0 la viralit\u00e9 de leurs oeuvres sur le sida. Dans leur mutabilit\u00e9 et leur flux continu, les dessins sont une fen\u00eatre fascinante sur la vision artistique de General Idea et sur leur approche singguli\u00e8re de la notion de paternit\u00e9, exposant l&#8217;inad\u00e9quation de la repr\u00e9sentation tout en reconnaissant son urgence.<\/p>\n","protected":false},"excerpt":{"rendered":"<p>Vivant et travaillant ensemble dans le contecte de la contre-culture torontoise de la fin des ann\u00e9es 1960, AA Bronson, Felix Partz et Jorge Zontal ont officialis\u00e9 leur collaboration en 1969 sous le nom de General Idea. De leurs premiers projets, comme la mise en sc\u00e8ne du concours de Miss General Idea en 1970, \u00e0 leurs [&hellip;]<\/p>\n","protected":false},"featured_media":32581,"template":"","meta":[],"product_cat":[2948,2953],"product_tag":[],"acf":[],"yoast_head":"<!-- This site is optimized with the Yoast SEO plugin v20.11 - https:\/\/yoast.com\/wordpress\/plugins\/seo\/ -->\n<title>A RARE GIFT OF THE TROPICS - Librairie 7L<\/title>\n<meta name=\"robots\" content=\"index, follow, max-snippet:-1, max-image-preview:large, max-video-preview:-1\" \/>\n<link rel=\"canonical\" href=\"https:\/\/librairie7l.com\/en\/produit\/a-rare-gift-of-the-tropics\/\" \/>\n<meta property=\"og:locale\" content=\"en_US\" \/>\n<meta property=\"og:type\" content=\"article\" \/>\n<meta property=\"og:title\" content=\"A RARE GIFT OF THE TROPICS - Librairie 7L\" \/>\n<meta property=\"og:description\" content=\"Vivant et travaillant ensemble dans le contecte de la contre-culture torontoise de la fin des ann\u00e9es 1960, AA Bronson, Felix Partz et Jorge Zontal ont officialis\u00e9 leur collaboration en 1969 sous le nom de General Idea. De leurs premiers projets, comme la mise en sc\u00e8ne du concours de Miss General Idea en 1970, \u00e0 leurs [&hellip;]\" \/>\n<meta property=\"og:url\" content=\"https:\/\/librairie7l.com\/en\/produit\/a-rare-gift-of-the-tropics\/\" \/>\n<meta property=\"og:site_name\" content=\"Librairie 7L\" \/>\n<meta property=\"article:modified_time\" content=\"2026-04-07T17:03:09+00:00\" \/>\n<meta property=\"og:image\" content=\"https:\/\/librairie7l.com\/wp-content\/uploads\/2023\/05\/9783907179611_1_75.jpg\" \/>\n\t<meta property=\"og:image:width\" content=\"600\" \/>\n\t<meta property=\"og:image:height\" content=\"782\" \/>\n\t<meta property=\"og:image:type\" content=\"image\/jpeg\" \/>\n<meta name=\"twitter:card\" content=\"summary_large_image\" \/>\n<meta name=\"twitter:label1\" content=\"Est. reading time\" \/>\n\t<meta name=\"twitter:data1\" content=\"2 minutes\" \/>\n<script type=\"application\/ld+json\" class=\"yoast-schema-graph\">{\"@context\":\"https:\/\/schema.org\",\"@graph\":[{\"@type\":\"WebPage\",\"@id\":\"https:\/\/librairie7l.com\/en\/produit\/a-rare-gift-of-the-tropics\/\",\"url\":\"https:\/\/librairie7l.com\/en\/produit\/a-rare-gift-of-the-tropics\/\",\"name\":\"A RARE GIFT OF THE TROPICS - Librairie 7L\",\"isPartOf\":{\"@id\":\"https:\/\/librairie7l.com\/en\/#website\"},\"datePublished\":\"2023-06-09T12:20:46+00:00\",\"dateModified\":\"2026-04-07T17:03:09+00:00\",\"breadcrumb\":{\"@id\":\"https:\/\/librairie7l.com\/en\/produit\/a-rare-gift-of-the-tropics\/#breadcrumb\"},\"inLanguage\":\"en-US\",\"potentialAction\":[{\"@type\":\"ReadAction\",\"target\":[\"https:\/\/librairie7l.com\/en\/produit\/a-rare-gift-of-the-tropics\/\"]}]},{\"@type\":\"BreadcrumbList\",\"@id\":\"https:\/\/librairie7l.com\/en\/produit\/a-rare-gift-of-the-tropics\/#breadcrumb\",\"itemListElement\":[{\"@type\":\"ListItem\",\"position\":1,\"name\":\"Accueil\",\"item\":\"https:\/\/librairie7l.com\/en\/\"},{\"@type\":\"ListItem\",\"position\":2,\"name\":\"Shop\",\"item\":\"https:\/\/librairie7l.com\/en\/shop\/\"},{\"@type\":\"ListItem\",\"position\":3,\"name\":\"A RARE GIFT OF THE TROPICS\"}]},{\"@type\":\"WebSite\",\"@id\":\"https:\/\/librairie7l.com\/en\/#website\",\"url\":\"https:\/\/librairie7l.com\/en\/\",\"name\":\"Librairie 7L\",\"description\":\"Librairie fond\u00e9e en 1999 par Karl Lagerfeld \u00e0 Paris\",\"publisher\":{\"@id\":\"https:\/\/librairie7l.com\/en\/#organization\"},\"potentialAction\":[{\"@type\":\"SearchAction\",\"target\":{\"@type\":\"EntryPoint\",\"urlTemplate\":\"https:\/\/librairie7l.com\/en\/?s={search_term_string}\"},\"query-input\":\"required name=search_term_string\"}],\"inLanguage\":\"en-US\"},{\"@type\":\"Organization\",\"@id\":\"https:\/\/librairie7l.com\/en\/#organization\",\"name\":\"Librairie 7L\",\"url\":\"https:\/\/librairie7l.com\/en\/\",\"logo\":{\"@type\":\"ImageObject\",\"inLanguage\":\"en-US\",\"@id\":\"https:\/\/librairie7l.com\/en\/#\/schema\/logo\/image\/\",\"url\":\"https:\/\/librairie7l.com\/wp-content\/uploads\/2022\/08\/logo-1.png\",\"contentUrl\":\"https:\/\/librairie7l.com\/wp-content\/uploads\/2022\/08\/logo-1.png\",\"width\":227,\"height\":301,\"caption\":\"Librairie 7L\"},\"image\":{\"@id\":\"https:\/\/librairie7l.com\/en\/#\/schema\/logo\/image\/\"}}]}<\/script>\n<!-- \/ Yoast SEO plugin. -->","yoast_head_json":{"title":"A RARE GIFT OF THE TROPICS - Librairie 7L","robots":{"index":"index","follow":"follow","max-snippet":"max-snippet:-1","max-image-preview":"max-image-preview:large","max-video-preview":"max-video-preview:-1"},"canonical":"https:\/\/librairie7l.com\/en\/produit\/a-rare-gift-of-the-tropics\/","og_locale":"en_US","og_type":"article","og_title":"A RARE GIFT OF THE TROPICS - Librairie 7L","og_description":"Vivant et travaillant ensemble dans le contecte de la contre-culture torontoise de la fin des ann\u00e9es 1960, AA Bronson, Felix Partz et Jorge Zontal ont officialis\u00e9 leur collaboration en 1969 sous le nom de General Idea. De leurs premiers projets, comme la mise en sc\u00e8ne du concours de Miss General Idea en 1970, \u00e0 leurs [&hellip;]","og_url":"https:\/\/librairie7l.com\/en\/produit\/a-rare-gift-of-the-tropics\/","og_site_name":"Librairie 7L","article_modified_time":"2026-04-07T17:03:09+00:00","og_image":[{"width":600,"height":782,"url":"https:\/\/librairie7l.com\/wp-content\/uploads\/2023\/05\/9783907179611_1_75.jpg","type":"image\/jpeg"}],"twitter_card":"summary_large_image","twitter_misc":{"Est. reading time":"2 minutes"},"schema":{"@context":"https:\/\/schema.org","@graph":[{"@type":"WebPage","@id":"https:\/\/librairie7l.com\/en\/produit\/a-rare-gift-of-the-tropics\/","url":"https:\/\/librairie7l.com\/en\/produit\/a-rare-gift-of-the-tropics\/","name":"A RARE GIFT OF THE TROPICS - Librairie 7L","isPartOf":{"@id":"https:\/\/librairie7l.com\/en\/#website"},"datePublished":"2023-06-09T12:20:46+00:00","dateModified":"2026-04-07T17:03:09+00:00","breadcrumb":{"@id":"https:\/\/librairie7l.com\/en\/produit\/a-rare-gift-of-the-tropics\/#breadcrumb"},"inLanguage":"en-US","potentialAction":[{"@type":"ReadAction","target":["https:\/\/librairie7l.com\/en\/produit\/a-rare-gift-of-the-tropics\/"]}]},{"@type":"BreadcrumbList","@id":"https:\/\/librairie7l.com\/en\/produit\/a-rare-gift-of-the-tropics\/#breadcrumb","itemListElement":[{"@type":"ListItem","position":1,"name":"Accueil","item":"https:\/\/librairie7l.com\/en\/"},{"@type":"ListItem","position":2,"name":"Shop","item":"https:\/\/librairie7l.com\/en\/shop\/"},{"@type":"ListItem","position":3,"name":"A RARE GIFT OF THE TROPICS"}]},{"@type":"WebSite","@id":"https:\/\/librairie7l.com\/en\/#website","url":"https:\/\/librairie7l.com\/en\/","name":"Librairie 7L","description":"Librairie fond\u00e9e en 1999 par Karl Lagerfeld \u00e0 Paris","publisher":{"@id":"https:\/\/librairie7l.com\/en\/#organization"},"potentialAction":[{"@type":"SearchAction","target":{"@type":"EntryPoint","urlTemplate":"https:\/\/librairie7l.com\/en\/?s={search_term_string}"},"query-input":"required name=search_term_string"}],"inLanguage":"en-US"},{"@type":"Organization","@id":"https:\/\/librairie7l.com\/en\/#organization","name":"Librairie 7L","url":"https:\/\/librairie7l.com\/en\/","logo":{"@type":"ImageObject","inLanguage":"en-US","@id":"https:\/\/librairie7l.com\/en\/#\/schema\/logo\/image\/","url":"https:\/\/librairie7l.com\/wp-content\/uploads\/2022\/08\/logo-1.png","contentUrl":"https:\/\/librairie7l.com\/wp-content\/uploads\/2022\/08\/logo-1.png","width":227,"height":301,"caption":"Librairie 7L"},"image":{"@id":"https:\/\/librairie7l.com\/en\/#\/schema\/logo\/image\/"}}]}},"_links":{"self":[{"href":"https:\/\/librairie7l.com\/en\/wp-json\/wp\/v2\/product\/32583"}],"collection":[{"href":"https:\/\/librairie7l.com\/en\/wp-json\/wp\/v2\/product"}],"about":[{"href":"https:\/\/librairie7l.com\/en\/wp-json\/wp\/v2\/types\/product"}],"wp:featuredmedia":[{"embeddable":true,"href":"https:\/\/librairie7l.com\/en\/wp-json\/wp\/v2\/media\/32581"}],"wp:attachment":[{"href":"https:\/\/librairie7l.com\/en\/wp-json\/wp\/v2\/media?parent=32583"}],"wp:term":[{"taxonomy":"product_cat","embeddable":true,"href":"https:\/\/librairie7l.com\/en\/wp-json\/wp\/v2\/product_cat?post=32583"},{"taxonomy":"product_tag","embeddable":true,"href":"https:\/\/librairie7l.com\/en\/wp-json\/wp\/v2\/product_tag?post=32583"}],"curies":[{"name":"wp","href":"https:\/\/api.w.org\/{rel}","templated":true}]}}