{"id":32591,"date":"2023-06-09T14:21:41","date_gmt":"2023-06-09T12:21:41","guid":{"rendered":"https:\/\/librairie7l.com\/?post_type=product&#038;p=32591"},"modified":"2026-04-06T03:46:01","modified_gmt":"2026-04-06T01:46:01","slug":"la-tour-eiffel","status":"publish","type":"product","link":"https:\/\/librairie7l.com\/en\/produit\/la-tour-eiffel\/","title":{"rendered":"LA TOUR EIFFEL"},"content":{"rendered":"<p>\u00ff\u00feLa Tour Eiffel est un livre double qui r\u00e9unit le texte passionnant de Roland Barthes et les tr\u00e8s belles photographies d&#8217;Andr\u00e9 Martin. Symbole de Paris pour le monde entier, ce monument que l&#8217;on voit de partout, nous propose lui-m\u00eame en retour un regard panoramique pour contempler la ville et en faire la conqu\u00eate. \u00c9difice longtemps d\u00e9cri\u00e9, pleinement et ouvertement inutile, il est d&#8217;abord un objet d&#8217;une grande prouesse technique, un signe d&#8217;audace et de modernit\u00e9 qui est devenu au fil du temps une oeuvre artistique, une dentelle de fer, signe de l\u00e9g\u00e8ret\u00e9 et, par sa verticalit\u00e9, de l&#8217;impossible tentative de l&#8217;homme pour atteindre le ciel.Le texte \u00e9clairant de Roland Barthes contient aussi des r\u00e9f\u00e9rences aux r\u00e9actions de l&#8217;\u00e9poque de la construction de la Tour Eiffel, comme celle de Maupassant qui avait sign\u00e9 une p\u00e9tition contre son \u00e9dification et allait y manger ensuite parce qu&#8217;elle \u00e9tait le seul endroit de Paris d&#8217;o\u00f9 on ne la voit pas. Il est par ailleurs suivi d&#8217;une chronologie relatant les diff\u00e9rentes \u00e9tapes de sa construction, d&#8217;une fiche technique tr\u00e8s d\u00e9taill\u00e9e, le tout \u00e9tant illustr\u00e9 de photographies d&#8217;\u00e9poque.<\/p>\n","protected":false},"excerpt":{"rendered":"<p>\u00ff\u00feLa Tour Eiffel est un livre double qui r\u00e9unit le texte passionnant de Roland Barthes et les tr\u00e8s belles photographies d&#8217;Andr\u00e9 Martin. Symbole de Paris pour le monde entier, ce monument que l&#8217;on voit de partout, nous propose lui-m\u00eame en retour un regard panoramique pour contempler la ville et en faire la conqu\u00eate. \u00c9difice longtemps [&hellip;]<\/p>\n","protected":false},"featured_media":32589,"template":"","meta":[],"product_cat":[2948,2953],"product_tag":[],"acf":[],"yoast_head":"<!-- This site is optimized with the Yoast SEO plugin v20.11 - https:\/\/yoast.com\/wordpress\/plugins\/seo\/ -->\n<title>LA TOUR EIFFEL - Librairie 7L<\/title>\n<meta name=\"robots\" content=\"index, follow, max-snippet:-1, max-image-preview:large, max-video-preview:-1\" \/>\n<link rel=\"canonical\" href=\"https:\/\/librairie7l.com\/en\/produit\/la-tour-eiffel\/\" \/>\n<meta property=\"og:locale\" content=\"en_US\" \/>\n<meta property=\"og:type\" content=\"article\" \/>\n<meta property=\"og:title\" content=\"LA TOUR EIFFEL - Librairie 7L\" \/>\n<meta property=\"og:description\" content=\"\u00ff\u00feLa Tour Eiffel est un livre double qui r\u00e9unit le texte passionnant de Roland Barthes et les tr\u00e8s belles photographies d&#8217;Andr\u00e9 Martin. Symbole de Paris pour le monde entier, ce monument que l&#8217;on voit de partout, nous propose lui-m\u00eame en retour un regard panoramique pour contempler la ville et en faire la conqu\u00eate. \u00c9difice longtemps [&hellip;]\" \/>\n<meta property=\"og:url\" content=\"https:\/\/librairie7l.com\/en\/produit\/la-tour-eiffel\/\" \/>\n<meta property=\"og:site_name\" content=\"Librairie 7L\" \/>\n<meta property=\"article:modified_time\" content=\"2026-04-06T01:46:01+00:00\" \/>\n<meta property=\"og:image\" content=\"https:\/\/librairie7l.com\/wp-content\/uploads\/2011\/05\/9782021046250_1_75.jpg\" \/>\n\t<meta property=\"og:image:width\" content=\"790\" \/>\n\t<meta property=\"og:image:height\" content=\"715\" \/>\n\t<meta property=\"og:image:type\" content=\"image\/jpeg\" \/>\n<meta name=\"twitter:card\" content=\"summary_large_image\" \/>\n<meta name=\"twitter:label1\" content=\"Est. reading time\" \/>\n\t<meta name=\"twitter:data1\" content=\"1 minute\" \/>\n<script type=\"application\/ld+json\" class=\"yoast-schema-graph\">{\"@context\":\"https:\/\/schema.org\",\"@graph\":[{\"@type\":\"WebPage\",\"@id\":\"https:\/\/librairie7l.com\/en\/produit\/la-tour-eiffel\/\",\"url\":\"https:\/\/librairie7l.com\/en\/produit\/la-tour-eiffel\/\",\"name\":\"LA TOUR EIFFEL - Librairie 7L\",\"isPartOf\":{\"@id\":\"https:\/\/librairie7l.com\/en\/#website\"},\"datePublished\":\"2023-06-09T12:21:41+00:00\",\"dateModified\":\"2026-04-06T01:46:01+00:00\",\"breadcrumb\":{\"@id\":\"https:\/\/librairie7l.com\/en\/produit\/la-tour-eiffel\/#breadcrumb\"},\"inLanguage\":\"en-US\",\"potentialAction\":[{\"@type\":\"ReadAction\",\"target\":[\"https:\/\/librairie7l.com\/en\/produit\/la-tour-eiffel\/\"]}]},{\"@type\":\"BreadcrumbList\",\"@id\":\"https:\/\/librairie7l.com\/en\/produit\/la-tour-eiffel\/#breadcrumb\",\"itemListElement\":[{\"@type\":\"ListItem\",\"position\":1,\"name\":\"Accueil\",\"item\":\"https:\/\/librairie7l.com\/en\/\"},{\"@type\":\"ListItem\",\"position\":2,\"name\":\"Shop\",\"item\":\"https:\/\/librairie7l.com\/en\/shop\/\"},{\"@type\":\"ListItem\",\"position\":3,\"name\":\"LA TOUR EIFFEL\"}]},{\"@type\":\"WebSite\",\"@id\":\"https:\/\/librairie7l.com\/en\/#website\",\"url\":\"https:\/\/librairie7l.com\/en\/\",\"name\":\"Librairie 7L\",\"description\":\"Librairie fond\u00e9e en 1999 par Karl Lagerfeld \u00e0 Paris\",\"publisher\":{\"@id\":\"https:\/\/librairie7l.com\/en\/#organization\"},\"potentialAction\":[{\"@type\":\"SearchAction\",\"target\":{\"@type\":\"EntryPoint\",\"urlTemplate\":\"https:\/\/librairie7l.com\/en\/?s={search_term_string}\"},\"query-input\":\"required name=search_term_string\"}],\"inLanguage\":\"en-US\"},{\"@type\":\"Organization\",\"@id\":\"https:\/\/librairie7l.com\/en\/#organization\",\"name\":\"Librairie 7L\",\"url\":\"https:\/\/librairie7l.com\/en\/\",\"logo\":{\"@type\":\"ImageObject\",\"inLanguage\":\"en-US\",\"@id\":\"https:\/\/librairie7l.com\/en\/#\/schema\/logo\/image\/\",\"url\":\"https:\/\/librairie7l.com\/wp-content\/uploads\/2022\/08\/logo-1.png\",\"contentUrl\":\"https:\/\/librairie7l.com\/wp-content\/uploads\/2022\/08\/logo-1.png\",\"width\":227,\"height\":301,\"caption\":\"Librairie 7L\"},\"image\":{\"@id\":\"https:\/\/librairie7l.com\/en\/#\/schema\/logo\/image\/\"}}]}<\/script>\n<!-- \/ Yoast SEO plugin. -->","yoast_head_json":{"title":"LA TOUR EIFFEL - Librairie 7L","robots":{"index":"index","follow":"follow","max-snippet":"max-snippet:-1","max-image-preview":"max-image-preview:large","max-video-preview":"max-video-preview:-1"},"canonical":"https:\/\/librairie7l.com\/en\/produit\/la-tour-eiffel\/","og_locale":"en_US","og_type":"article","og_title":"LA TOUR EIFFEL - Librairie 7L","og_description":"\u00ff\u00feLa Tour Eiffel est un livre double qui r\u00e9unit le texte passionnant de Roland Barthes et les tr\u00e8s belles photographies d&#8217;Andr\u00e9 Martin. Symbole de Paris pour le monde entier, ce monument que l&#8217;on voit de partout, nous propose lui-m\u00eame en retour un regard panoramique pour contempler la ville et en faire la conqu\u00eate. \u00c9difice longtemps [&hellip;]","og_url":"https:\/\/librairie7l.com\/en\/produit\/la-tour-eiffel\/","og_site_name":"Librairie 7L","article_modified_time":"2026-04-06T01:46:01+00:00","og_image":[{"width":790,"height":715,"url":"https:\/\/librairie7l.com\/wp-content\/uploads\/2011\/05\/9782021046250_1_75.jpg","type":"image\/jpeg"}],"twitter_card":"summary_large_image","twitter_misc":{"Est. reading time":"1 minute"},"schema":{"@context":"https:\/\/schema.org","@graph":[{"@type":"WebPage","@id":"https:\/\/librairie7l.com\/en\/produit\/la-tour-eiffel\/","url":"https:\/\/librairie7l.com\/en\/produit\/la-tour-eiffel\/","name":"LA TOUR EIFFEL - Librairie 7L","isPartOf":{"@id":"https:\/\/librairie7l.com\/en\/#website"},"datePublished":"2023-06-09T12:21:41+00:00","dateModified":"2026-04-06T01:46:01+00:00","breadcrumb":{"@id":"https:\/\/librairie7l.com\/en\/produit\/la-tour-eiffel\/#breadcrumb"},"inLanguage":"en-US","potentialAction":[{"@type":"ReadAction","target":["https:\/\/librairie7l.com\/en\/produit\/la-tour-eiffel\/"]}]},{"@type":"BreadcrumbList","@id":"https:\/\/librairie7l.com\/en\/produit\/la-tour-eiffel\/#breadcrumb","itemListElement":[{"@type":"ListItem","position":1,"name":"Accueil","item":"https:\/\/librairie7l.com\/en\/"},{"@type":"ListItem","position":2,"name":"Shop","item":"https:\/\/librairie7l.com\/en\/shop\/"},{"@type":"ListItem","position":3,"name":"LA TOUR EIFFEL"}]},{"@type":"WebSite","@id":"https:\/\/librairie7l.com\/en\/#website","url":"https:\/\/librairie7l.com\/en\/","name":"Librairie 7L","description":"Librairie fond\u00e9e en 1999 par Karl Lagerfeld \u00e0 Paris","publisher":{"@id":"https:\/\/librairie7l.com\/en\/#organization"},"potentialAction":[{"@type":"SearchAction","target":{"@type":"EntryPoint","urlTemplate":"https:\/\/librairie7l.com\/en\/?s={search_term_string}"},"query-input":"required name=search_term_string"}],"inLanguage":"en-US"},{"@type":"Organization","@id":"https:\/\/librairie7l.com\/en\/#organization","name":"Librairie 7L","url":"https:\/\/librairie7l.com\/en\/","logo":{"@type":"ImageObject","inLanguage":"en-US","@id":"https:\/\/librairie7l.com\/en\/#\/schema\/logo\/image\/","url":"https:\/\/librairie7l.com\/wp-content\/uploads\/2022\/08\/logo-1.png","contentUrl":"https:\/\/librairie7l.com\/wp-content\/uploads\/2022\/08\/logo-1.png","width":227,"height":301,"caption":"Librairie 7L"},"image":{"@id":"https:\/\/librairie7l.com\/en\/#\/schema\/logo\/image\/"}}]}},"_links":{"self":[{"href":"https:\/\/librairie7l.com\/en\/wp-json\/wp\/v2\/product\/32591"}],"collection":[{"href":"https:\/\/librairie7l.com\/en\/wp-json\/wp\/v2\/product"}],"about":[{"href":"https:\/\/librairie7l.com\/en\/wp-json\/wp\/v2\/types\/product"}],"wp:featuredmedia":[{"embeddable":true,"href":"https:\/\/librairie7l.com\/en\/wp-json\/wp\/v2\/media\/32589"}],"wp:attachment":[{"href":"https:\/\/librairie7l.com\/en\/wp-json\/wp\/v2\/media?parent=32591"}],"wp:term":[{"taxonomy":"product_cat","embeddable":true,"href":"https:\/\/librairie7l.com\/en\/wp-json\/wp\/v2\/product_cat?post=32591"},{"taxonomy":"product_tag","embeddable":true,"href":"https:\/\/librairie7l.com\/en\/wp-json\/wp\/v2\/product_tag?post=32591"}],"curies":[{"name":"wp","href":"https:\/\/api.w.org\/{rel}","templated":true}]}}