{"id":32599,"date":"2023-06-09T14:22:38","date_gmt":"2023-06-09T12:22:38","guid":{"rendered":"https:\/\/librairie7l.com\/?post_type=product&#038;p=32599"},"modified":"2026-04-26T17:03:19","modified_gmt":"2026-04-26T15:03:19","slug":"textiles-of-japan","status":"publish","type":"product","link":"https:\/\/librairie7l.com\/en\/produit\/textiles-of-japan\/","title":{"rendered":"TEXTILES OF JAPAN"},"content":{"rendered":"<p>Le textile est un des \u00e9l\u00e9ments qui composent la culture du Japon, aussi bien par sa pr\u00e9sence dans la vie quotidienne de ses habitants et que sa haute importance dans les rituels et c\u00e9r\u00e9monies. Tir\u00e9s des collections de Thomas Murray, les habits et tissus traditionnels qui composent cet ouvrage ont \u00e9t\u00e9 fabriqu\u00e9s et utilis\u00e9s sur l&#8217;archipel nippon entre la fin du XVIIIe si\u00e8cle et le milieu du XXe si\u00e8cle. On y trouve ainsi des robes de tous les jours, des v\u00eatements de travail, des parures de c\u00e9r\u00e9monies et la philosophie du mouvement Mingei, proche avant l&#8217;heure de celle des Arts &amp; Crafts, pr\u00f4nant la cr\u00e9ation main qui prot\u00e8ge les traditions artistiques de dispara\u00eetre dans le grand tourbillon qu&#8217;est la modernit\u00e9. Les motifs d&#8217;\u00e9cailles de poisson typiques des aborig\u00e8nes Ainu d&#8217;Hokkaido ou le bleu indigo propre \u00e0 Honshu et Kyushu ou encore le coton color\u00e9 d&#8217;Okinawa sont des exemples de pi\u00e8ces d\u00e9crypt\u00e9es dans ce livre qui prennent en compte l&#8217;histoire multiple de la tradition textile japonaise &#8211; et de ses grands ma\u00eetres.<\/p>\n","protected":false},"excerpt":{"rendered":"<p>Le textile est un des \u00e9l\u00e9ments qui composent la culture du Japon, aussi bien par sa pr\u00e9sence dans la vie quotidienne de ses habitants et que sa haute importance dans les rituels et c\u00e9r\u00e9monies. Tir\u00e9s des collections de Thomas Murray, les habits et tissus traditionnels qui composent cet ouvrage ont \u00e9t\u00e9 fabriqu\u00e9s et utilis\u00e9s sur [&hellip;]<\/p>\n","protected":false},"featured_media":32597,"template":"","meta":[],"product_cat":[2948,2957],"product_tag":[],"acf":[],"yoast_head":"<!-- This site is optimized with the Yoast SEO plugin v20.11 - https:\/\/yoast.com\/wordpress\/plugins\/seo\/ -->\n<title>TEXTILES OF JAPAN - Librairie 7L<\/title>\n<meta name=\"robots\" content=\"index, follow, max-snippet:-1, max-image-preview:large, max-video-preview:-1\" \/>\n<link rel=\"canonical\" href=\"https:\/\/librairie7l.com\/en\/produit\/textiles-of-japan\/\" \/>\n<meta property=\"og:locale\" content=\"en_US\" \/>\n<meta property=\"og:type\" content=\"article\" \/>\n<meta property=\"og:title\" content=\"TEXTILES OF JAPAN - Librairie 7L\" \/>\n<meta property=\"og:description\" content=\"Le textile est un des \u00e9l\u00e9ments qui composent la culture du Japon, aussi bien par sa pr\u00e9sence dans la vie quotidienne de ses habitants et que sa haute importance dans les rituels et c\u00e9r\u00e9monies. Tir\u00e9s des collections de Thomas Murray, les habits et tissus traditionnels qui composent cet ouvrage ont \u00e9t\u00e9 fabriqu\u00e9s et utilis\u00e9s sur [&hellip;]\" \/>\n<meta property=\"og:url\" content=\"https:\/\/librairie7l.com\/en\/produit\/textiles-of-japan\/\" \/>\n<meta property=\"og:site_name\" content=\"Librairie 7L\" \/>\n<meta property=\"article:modified_time\" content=\"2026-04-26T15:03:19+00:00\" \/>\n<meta property=\"og:image\" content=\"https:\/\/librairie7l.com\/wp-content\/uploads\/2018\/08\/9783791385204_1_75.jpg\" \/>\n\t<meta property=\"og:image:width\" content=\"377\" \/>\n\t<meta property=\"og:image:height\" content=\"499\" \/>\n\t<meta property=\"og:image:type\" content=\"image\/jpeg\" \/>\n<meta name=\"twitter:card\" content=\"summary_large_image\" \/>\n<meta name=\"twitter:label1\" content=\"Est. reading time\" \/>\n\t<meta name=\"twitter:data1\" content=\"1 minute\" \/>\n<script type=\"application\/ld+json\" class=\"yoast-schema-graph\">{\"@context\":\"https:\/\/schema.org\",\"@graph\":[{\"@type\":\"WebPage\",\"@id\":\"https:\/\/librairie7l.com\/en\/produit\/textiles-of-japan\/\",\"url\":\"https:\/\/librairie7l.com\/en\/produit\/textiles-of-japan\/\",\"name\":\"TEXTILES OF JAPAN - Librairie 7L\",\"isPartOf\":{\"@id\":\"https:\/\/librairie7l.com\/en\/#website\"},\"datePublished\":\"2023-06-09T12:22:38+00:00\",\"dateModified\":\"2026-04-26T15:03:19+00:00\",\"breadcrumb\":{\"@id\":\"https:\/\/librairie7l.com\/en\/produit\/textiles-of-japan\/#breadcrumb\"},\"inLanguage\":\"en-US\",\"potentialAction\":[{\"@type\":\"ReadAction\",\"target\":[\"https:\/\/librairie7l.com\/en\/produit\/textiles-of-japan\/\"]}]},{\"@type\":\"BreadcrumbList\",\"@id\":\"https:\/\/librairie7l.com\/en\/produit\/textiles-of-japan\/#breadcrumb\",\"itemListElement\":[{\"@type\":\"ListItem\",\"position\":1,\"name\":\"Accueil\",\"item\":\"https:\/\/librairie7l.com\/en\/\"},{\"@type\":\"ListItem\",\"position\":2,\"name\":\"Shop\",\"item\":\"https:\/\/librairie7l.com\/en\/shop\/\"},{\"@type\":\"ListItem\",\"position\":3,\"name\":\"TEXTILES OF JAPAN\"}]},{\"@type\":\"WebSite\",\"@id\":\"https:\/\/librairie7l.com\/en\/#website\",\"url\":\"https:\/\/librairie7l.com\/en\/\",\"name\":\"Librairie 7L\",\"description\":\"Librairie fond\u00e9e en 1999 par Karl Lagerfeld \u00e0 Paris\",\"publisher\":{\"@id\":\"https:\/\/librairie7l.com\/en\/#organization\"},\"potentialAction\":[{\"@type\":\"SearchAction\",\"target\":{\"@type\":\"EntryPoint\",\"urlTemplate\":\"https:\/\/librairie7l.com\/en\/?s={search_term_string}\"},\"query-input\":\"required name=search_term_string\"}],\"inLanguage\":\"en-US\"},{\"@type\":\"Organization\",\"@id\":\"https:\/\/librairie7l.com\/en\/#organization\",\"name\":\"Librairie 7L\",\"url\":\"https:\/\/librairie7l.com\/en\/\",\"logo\":{\"@type\":\"ImageObject\",\"inLanguage\":\"en-US\",\"@id\":\"https:\/\/librairie7l.com\/en\/#\/schema\/logo\/image\/\",\"url\":\"https:\/\/librairie7l.com\/wp-content\/uploads\/2022\/08\/logo-1.png\",\"contentUrl\":\"https:\/\/librairie7l.com\/wp-content\/uploads\/2022\/08\/logo-1.png\",\"width\":227,\"height\":301,\"caption\":\"Librairie 7L\"},\"image\":{\"@id\":\"https:\/\/librairie7l.com\/en\/#\/schema\/logo\/image\/\"}}]}<\/script>\n<!-- \/ Yoast SEO plugin. -->","yoast_head_json":{"title":"TEXTILES OF JAPAN - Librairie 7L","robots":{"index":"index","follow":"follow","max-snippet":"max-snippet:-1","max-image-preview":"max-image-preview:large","max-video-preview":"max-video-preview:-1"},"canonical":"https:\/\/librairie7l.com\/en\/produit\/textiles-of-japan\/","og_locale":"en_US","og_type":"article","og_title":"TEXTILES OF JAPAN - Librairie 7L","og_description":"Le textile est un des \u00e9l\u00e9ments qui composent la culture du Japon, aussi bien par sa pr\u00e9sence dans la vie quotidienne de ses habitants et que sa haute importance dans les rituels et c\u00e9r\u00e9monies. Tir\u00e9s des collections de Thomas Murray, les habits et tissus traditionnels qui composent cet ouvrage ont \u00e9t\u00e9 fabriqu\u00e9s et utilis\u00e9s sur [&hellip;]","og_url":"https:\/\/librairie7l.com\/en\/produit\/textiles-of-japan\/","og_site_name":"Librairie 7L","article_modified_time":"2026-04-26T15:03:19+00:00","og_image":[{"width":377,"height":499,"url":"https:\/\/librairie7l.com\/wp-content\/uploads\/2018\/08\/9783791385204_1_75.jpg","type":"image\/jpeg"}],"twitter_card":"summary_large_image","twitter_misc":{"Est. reading time":"1 minute"},"schema":{"@context":"https:\/\/schema.org","@graph":[{"@type":"WebPage","@id":"https:\/\/librairie7l.com\/en\/produit\/textiles-of-japan\/","url":"https:\/\/librairie7l.com\/en\/produit\/textiles-of-japan\/","name":"TEXTILES OF JAPAN - Librairie 7L","isPartOf":{"@id":"https:\/\/librairie7l.com\/en\/#website"},"datePublished":"2023-06-09T12:22:38+00:00","dateModified":"2026-04-26T15:03:19+00:00","breadcrumb":{"@id":"https:\/\/librairie7l.com\/en\/produit\/textiles-of-japan\/#breadcrumb"},"inLanguage":"en-US","potentialAction":[{"@type":"ReadAction","target":["https:\/\/librairie7l.com\/en\/produit\/textiles-of-japan\/"]}]},{"@type":"BreadcrumbList","@id":"https:\/\/librairie7l.com\/en\/produit\/textiles-of-japan\/#breadcrumb","itemListElement":[{"@type":"ListItem","position":1,"name":"Accueil","item":"https:\/\/librairie7l.com\/en\/"},{"@type":"ListItem","position":2,"name":"Shop","item":"https:\/\/librairie7l.com\/en\/shop\/"},{"@type":"ListItem","position":3,"name":"TEXTILES OF JAPAN"}]},{"@type":"WebSite","@id":"https:\/\/librairie7l.com\/en\/#website","url":"https:\/\/librairie7l.com\/en\/","name":"Librairie 7L","description":"Librairie fond\u00e9e en 1999 par Karl Lagerfeld \u00e0 Paris","publisher":{"@id":"https:\/\/librairie7l.com\/en\/#organization"},"potentialAction":[{"@type":"SearchAction","target":{"@type":"EntryPoint","urlTemplate":"https:\/\/librairie7l.com\/en\/?s={search_term_string}"},"query-input":"required name=search_term_string"}],"inLanguage":"en-US"},{"@type":"Organization","@id":"https:\/\/librairie7l.com\/en\/#organization","name":"Librairie 7L","url":"https:\/\/librairie7l.com\/en\/","logo":{"@type":"ImageObject","inLanguage":"en-US","@id":"https:\/\/librairie7l.com\/en\/#\/schema\/logo\/image\/","url":"https:\/\/librairie7l.com\/wp-content\/uploads\/2022\/08\/logo-1.png","contentUrl":"https:\/\/librairie7l.com\/wp-content\/uploads\/2022\/08\/logo-1.png","width":227,"height":301,"caption":"Librairie 7L"},"image":{"@id":"https:\/\/librairie7l.com\/en\/#\/schema\/logo\/image\/"}}]}},"_links":{"self":[{"href":"https:\/\/librairie7l.com\/en\/wp-json\/wp\/v2\/product\/32599"}],"collection":[{"href":"https:\/\/librairie7l.com\/en\/wp-json\/wp\/v2\/product"}],"about":[{"href":"https:\/\/librairie7l.com\/en\/wp-json\/wp\/v2\/types\/product"}],"wp:featuredmedia":[{"embeddable":true,"href":"https:\/\/librairie7l.com\/en\/wp-json\/wp\/v2\/media\/32597"}],"wp:attachment":[{"href":"https:\/\/librairie7l.com\/en\/wp-json\/wp\/v2\/media?parent=32599"}],"wp:term":[{"taxonomy":"product_cat","embeddable":true,"href":"https:\/\/librairie7l.com\/en\/wp-json\/wp\/v2\/product_cat?post=32599"},{"taxonomy":"product_tag","embeddable":true,"href":"https:\/\/librairie7l.com\/en\/wp-json\/wp\/v2\/product_tag?post=32599"}],"curies":[{"name":"wp","href":"https:\/\/api.w.org\/{rel}","templated":true}]}}