{"id":32607,"date":"2023-06-09T14:24:30","date_gmt":"2023-06-09T12:24:30","guid":{"rendered":"https:\/\/librairie7l.com\/?post_type=product&#038;p=32607"},"modified":"2026-04-06T02:03:43","modified_gmt":"2026-04-06T00:03:43","slug":"academie-francaise","status":"publish","type":"product","link":"https:\/\/librairie7l.com\/en\/produit\/academie-francaise\/","title":{"rendered":"ACADEMIE FRAN\u00c7AISE"},"content":{"rendered":"<p>Qu&#8217;on la v\u00e9n\u00e8re ou qu&#8217;on la critique, l&#8217;Acad\u00e9mie fran\u00e7aise demeure une institution bien vivante. Depuis sa cr\u00e9ation en 1637 par Richelieu pour fixer les r\u00e8gles de la langue fran\u00e7aise, sa riche histoire est ponctu\u00e9e par les \u00e9lections de ses membres toujours abondamment comment\u00e9es. Car si la \u00ab Vieille Dame \u00bb sut accueillir Corneille, Voltaire ou Hugo, elle rejeta tout de m\u00eame Balzac et Zola.<\/p>\n<p>C&#8217;est cette histoire que raconte Dominique Fernandez, acad\u00e9micien lui-m\u00eame, dans un texte passionnant qui n&#8217;omet rien, r\u00e9ussites comme \u00e9checs, et invite \u00e0 conna\u00eetre de l&#8217;int\u00e9rieur l&#8217;activit\u00e9 des \u00ab Immortels \u00bb, notamment la r\u00e9daction de leur fameux Dictionnaire.<\/p>\n<p>L&#8217;Acad\u00e9mie fran\u00e7aise est aussi l&#8217;un des plus beaux lieux de Paris, situ\u00e9 quai Conti, dans l&#8217;ancien coll\u00e8ge des Quatre-Nations construit par Mazarin. Les photographies de Ferrante Ferranti en font d\u00e9couvrir les multiples facettes &#8211; salle des s\u00e9ances, biblioth\u00e8que, salons, tableaux, marbres, collections &#8211; et d\u00e9cryptent les d\u00e9tails de sa somptueuse architecture, permettant ainsi au lecteur, \u00e0 son tour, d&#8217;\u00eatre \u00ab re\u00e7u sous la Coupole \u00bb.<\/p>\n","protected":false},"excerpt":{"rendered":"<p>Qu&#8217;on la v\u00e9n\u00e8re ou qu&#8217;on la critique, l&#8217;Acad\u00e9mie fran\u00e7aise demeure une institution bien vivante. Depuis sa cr\u00e9ation en 1637 par Richelieu pour fixer les r\u00e8gles de la langue fran\u00e7aise, sa riche histoire est ponctu\u00e9e par les \u00e9lections de ses membres toujours abondamment comment\u00e9es. Car si la \u00ab Vieille Dame \u00bb sut accueillir Corneille, Voltaire ou [&hellip;]<\/p>\n","protected":false},"featured_media":32605,"template":"","meta":[],"product_cat":[2948,2953],"product_tag":[],"acf":[],"yoast_head":"<!-- This site is optimized with the Yoast SEO plugin v20.11 - https:\/\/yoast.com\/wordpress\/plugins\/seo\/ -->\n<title>ACADEMIE FRAN\u00c7AISE - Librairie 7L<\/title>\n<meta name=\"robots\" content=\"index, follow, max-snippet:-1, max-image-preview:large, max-video-preview:-1\" \/>\n<link rel=\"canonical\" href=\"https:\/\/librairie7l.com\/en\/produit\/academie-francaise\/\" \/>\n<meta property=\"og:locale\" content=\"en_US\" \/>\n<meta property=\"og:type\" content=\"article\" \/>\n<meta property=\"og:title\" content=\"ACADEMIE FRAN\u00c7AISE - Librairie 7L\" \/>\n<meta property=\"og:description\" content=\"Qu&#8217;on la v\u00e9n\u00e8re ou qu&#8217;on la critique, l&#8217;Acad\u00e9mie fran\u00e7aise demeure une institution bien vivante. Depuis sa cr\u00e9ation en 1637 par Richelieu pour fixer les r\u00e8gles de la langue fran\u00e7aise, sa riche histoire est ponctu\u00e9e par les \u00e9lections de ses membres toujours abondamment comment\u00e9es. Car si la \u00ab Vieille Dame \u00bb sut accueillir Corneille, Voltaire ou [&hellip;]\" \/>\n<meta property=\"og:url\" content=\"https:\/\/librairie7l.com\/en\/produit\/academie-francaise\/\" \/>\n<meta property=\"og:site_name\" content=\"Librairie 7L\" \/>\n<meta property=\"article:modified_time\" content=\"2026-04-06T00:03:43+00:00\" \/>\n<meta property=\"og:image\" content=\"https:\/\/librairie7l.com\/wp-content\/uploads\/2013\/05\/9782848763552_1_75.jpg\" \/>\n\t<meta property=\"og:image:width\" content=\"400\" \/>\n\t<meta property=\"og:image:height\" content=\"445\" \/>\n\t<meta property=\"og:image:type\" content=\"image\/jpeg\" \/>\n<meta name=\"twitter:card\" content=\"summary_large_image\" \/>\n<meta name=\"twitter:label1\" content=\"Est. reading time\" \/>\n\t<meta name=\"twitter:data1\" content=\"1 minute\" \/>\n<script type=\"application\/ld+json\" class=\"yoast-schema-graph\">{\"@context\":\"https:\/\/schema.org\",\"@graph\":[{\"@type\":\"WebPage\",\"@id\":\"https:\/\/librairie7l.com\/en\/produit\/academie-francaise\/\",\"url\":\"https:\/\/librairie7l.com\/en\/produit\/academie-francaise\/\",\"name\":\"ACADEMIE FRAN\u00c7AISE - Librairie 7L\",\"isPartOf\":{\"@id\":\"https:\/\/librairie7l.com\/en\/#website\"},\"datePublished\":\"2023-06-09T12:24:30+00:00\",\"dateModified\":\"2026-04-06T00:03:43+00:00\",\"breadcrumb\":{\"@id\":\"https:\/\/librairie7l.com\/en\/produit\/academie-francaise\/#breadcrumb\"},\"inLanguage\":\"en-US\",\"potentialAction\":[{\"@type\":\"ReadAction\",\"target\":[\"https:\/\/librairie7l.com\/en\/produit\/academie-francaise\/\"]}]},{\"@type\":\"BreadcrumbList\",\"@id\":\"https:\/\/librairie7l.com\/en\/produit\/academie-francaise\/#breadcrumb\",\"itemListElement\":[{\"@type\":\"ListItem\",\"position\":1,\"name\":\"Accueil\",\"item\":\"https:\/\/librairie7l.com\/en\/\"},{\"@type\":\"ListItem\",\"position\":2,\"name\":\"Shop\",\"item\":\"https:\/\/librairie7l.com\/en\/shop\/\"},{\"@type\":\"ListItem\",\"position\":3,\"name\":\"ACADEMIE FRAN\u00c7AISE\"}]},{\"@type\":\"WebSite\",\"@id\":\"https:\/\/librairie7l.com\/en\/#website\",\"url\":\"https:\/\/librairie7l.com\/en\/\",\"name\":\"Librairie 7L\",\"description\":\"Librairie fond\u00e9e en 1999 par Karl Lagerfeld \u00e0 Paris\",\"publisher\":{\"@id\":\"https:\/\/librairie7l.com\/en\/#organization\"},\"potentialAction\":[{\"@type\":\"SearchAction\",\"target\":{\"@type\":\"EntryPoint\",\"urlTemplate\":\"https:\/\/librairie7l.com\/en\/?s={search_term_string}\"},\"query-input\":\"required name=search_term_string\"}],\"inLanguage\":\"en-US\"},{\"@type\":\"Organization\",\"@id\":\"https:\/\/librairie7l.com\/en\/#organization\",\"name\":\"Librairie 7L\",\"url\":\"https:\/\/librairie7l.com\/en\/\",\"logo\":{\"@type\":\"ImageObject\",\"inLanguage\":\"en-US\",\"@id\":\"https:\/\/librairie7l.com\/en\/#\/schema\/logo\/image\/\",\"url\":\"https:\/\/librairie7l.com\/wp-content\/uploads\/2022\/08\/logo-1.png\",\"contentUrl\":\"https:\/\/librairie7l.com\/wp-content\/uploads\/2022\/08\/logo-1.png\",\"width\":227,\"height\":301,\"caption\":\"Librairie 7L\"},\"image\":{\"@id\":\"https:\/\/librairie7l.com\/en\/#\/schema\/logo\/image\/\"}}]}<\/script>\n<!-- \/ Yoast SEO plugin. -->","yoast_head_json":{"title":"ACADEMIE FRAN\u00c7AISE - Librairie 7L","robots":{"index":"index","follow":"follow","max-snippet":"max-snippet:-1","max-image-preview":"max-image-preview:large","max-video-preview":"max-video-preview:-1"},"canonical":"https:\/\/librairie7l.com\/en\/produit\/academie-francaise\/","og_locale":"en_US","og_type":"article","og_title":"ACADEMIE FRAN\u00c7AISE - Librairie 7L","og_description":"Qu&#8217;on la v\u00e9n\u00e8re ou qu&#8217;on la critique, l&#8217;Acad\u00e9mie fran\u00e7aise demeure une institution bien vivante. Depuis sa cr\u00e9ation en 1637 par Richelieu pour fixer les r\u00e8gles de la langue fran\u00e7aise, sa riche histoire est ponctu\u00e9e par les \u00e9lections de ses membres toujours abondamment comment\u00e9es. Car si la \u00ab Vieille Dame \u00bb sut accueillir Corneille, Voltaire ou [&hellip;]","og_url":"https:\/\/librairie7l.com\/en\/produit\/academie-francaise\/","og_site_name":"Librairie 7L","article_modified_time":"2026-04-06T00:03:43+00:00","og_image":[{"width":400,"height":445,"url":"https:\/\/librairie7l.com\/wp-content\/uploads\/2013\/05\/9782848763552_1_75.jpg","type":"image\/jpeg"}],"twitter_card":"summary_large_image","twitter_misc":{"Est. reading time":"1 minute"},"schema":{"@context":"https:\/\/schema.org","@graph":[{"@type":"WebPage","@id":"https:\/\/librairie7l.com\/en\/produit\/academie-francaise\/","url":"https:\/\/librairie7l.com\/en\/produit\/academie-francaise\/","name":"ACADEMIE FRAN\u00c7AISE - Librairie 7L","isPartOf":{"@id":"https:\/\/librairie7l.com\/en\/#website"},"datePublished":"2023-06-09T12:24:30+00:00","dateModified":"2026-04-06T00:03:43+00:00","breadcrumb":{"@id":"https:\/\/librairie7l.com\/en\/produit\/academie-francaise\/#breadcrumb"},"inLanguage":"en-US","potentialAction":[{"@type":"ReadAction","target":["https:\/\/librairie7l.com\/en\/produit\/academie-francaise\/"]}]},{"@type":"BreadcrumbList","@id":"https:\/\/librairie7l.com\/en\/produit\/academie-francaise\/#breadcrumb","itemListElement":[{"@type":"ListItem","position":1,"name":"Accueil","item":"https:\/\/librairie7l.com\/en\/"},{"@type":"ListItem","position":2,"name":"Shop","item":"https:\/\/librairie7l.com\/en\/shop\/"},{"@type":"ListItem","position":3,"name":"ACADEMIE FRAN\u00c7AISE"}]},{"@type":"WebSite","@id":"https:\/\/librairie7l.com\/en\/#website","url":"https:\/\/librairie7l.com\/en\/","name":"Librairie 7L","description":"Librairie fond\u00e9e en 1999 par Karl Lagerfeld \u00e0 Paris","publisher":{"@id":"https:\/\/librairie7l.com\/en\/#organization"},"potentialAction":[{"@type":"SearchAction","target":{"@type":"EntryPoint","urlTemplate":"https:\/\/librairie7l.com\/en\/?s={search_term_string}"},"query-input":"required name=search_term_string"}],"inLanguage":"en-US"},{"@type":"Organization","@id":"https:\/\/librairie7l.com\/en\/#organization","name":"Librairie 7L","url":"https:\/\/librairie7l.com\/en\/","logo":{"@type":"ImageObject","inLanguage":"en-US","@id":"https:\/\/librairie7l.com\/en\/#\/schema\/logo\/image\/","url":"https:\/\/librairie7l.com\/wp-content\/uploads\/2022\/08\/logo-1.png","contentUrl":"https:\/\/librairie7l.com\/wp-content\/uploads\/2022\/08\/logo-1.png","width":227,"height":301,"caption":"Librairie 7L"},"image":{"@id":"https:\/\/librairie7l.com\/en\/#\/schema\/logo\/image\/"}}]}},"_links":{"self":[{"href":"https:\/\/librairie7l.com\/en\/wp-json\/wp\/v2\/product\/32607"}],"collection":[{"href":"https:\/\/librairie7l.com\/en\/wp-json\/wp\/v2\/product"}],"about":[{"href":"https:\/\/librairie7l.com\/en\/wp-json\/wp\/v2\/types\/product"}],"wp:featuredmedia":[{"embeddable":true,"href":"https:\/\/librairie7l.com\/en\/wp-json\/wp\/v2\/media\/32605"}],"wp:attachment":[{"href":"https:\/\/librairie7l.com\/en\/wp-json\/wp\/v2\/media?parent=32607"}],"wp:term":[{"taxonomy":"product_cat","embeddable":true,"href":"https:\/\/librairie7l.com\/en\/wp-json\/wp\/v2\/product_cat?post=32607"},{"taxonomy":"product_tag","embeddable":true,"href":"https:\/\/librairie7l.com\/en\/wp-json\/wp\/v2\/product_tag?post=32607"}],"curies":[{"name":"wp","href":"https:\/\/api.w.org\/{rel}","templated":true}]}}