{"id":32623,"date":"2023-06-09T14:31:27","date_gmt":"2023-06-09T12:31:27","guid":{"rendered":"https:\/\/librairie7l.com\/?post_type=product&#038;p=32623"},"modified":"2026-04-05T00:47:57","modified_gmt":"2026-04-04T22:47:57","slug":"xavier-veilhan","status":"publish","type":"product","link":"https:\/\/librairie7l.com\/en\/produit\/xavier-veilhan\/","title":{"rendered":"XAVIER VEILHAN"},"content":{"rendered":"<p>Cette grande monographie de Xavier Veilhan pr\u00e9sente une large s\u00e9lection de ses oeuvres r\u00e9alis\u00e9es depuis huit ans (sculptures, dessins, performances), permettant d&#8217;appr\u00e9hender l&#8217;intention de l&#8217;artiste et les th\u00e8mes qu&#8217;il aborde sous diff\u00e9rentes formes. Elle pr\u00e9sente des oeuvres de ses nombreuses expositions ainsi que ses sculptures install\u00e9es dans des espaces publics. Un jeu de couleurs et de papier rythme la lecture. L&#8217;ouvrage est enrichi d&#8217;un texte \u00e9crit par Jill Gasparina (critique d&#8217;art, curatrice, enseignante \u00e0 la HEAD-Gen\u00e8ve) et d&#8217;un entretien entre Xavier Veilhan et Jill Gasparina.<\/p>\n","protected":false},"excerpt":{"rendered":"<p>Cette grande monographie de Xavier Veilhan pr\u00e9sente une large s\u00e9lection de ses oeuvres r\u00e9alis\u00e9es depuis huit ans (sculptures, dessins, performances), permettant d&#8217;appr\u00e9hender l&#8217;intention de l&#8217;artiste et les th\u00e8mes qu&#8217;il aborde sous diff\u00e9rentes formes. Elle pr\u00e9sente des oeuvres de ses nombreuses expositions ainsi que ses sculptures install\u00e9es dans des espaces publics. Un jeu de couleurs et [&hellip;]<\/p>\n","protected":false},"featured_media":32621,"template":"","meta":[],"product_cat":[2948,2953],"product_tag":[],"acf":[],"yoast_head":"<!-- This site is optimized with the Yoast SEO plugin v20.11 - https:\/\/yoast.com\/wordpress\/plugins\/seo\/ -->\n<title>XAVIER VEILHAN - Librairie 7L<\/title>\n<meta name=\"robots\" content=\"index, follow, max-snippet:-1, max-image-preview:large, max-video-preview:-1\" \/>\n<link rel=\"canonical\" href=\"https:\/\/librairie7l.com\/en\/produit\/xavier-veilhan\/\" \/>\n<meta property=\"og:locale\" content=\"en_US\" \/>\n<meta property=\"og:type\" content=\"article\" \/>\n<meta property=\"og:title\" content=\"XAVIER VEILHAN - Librairie 7L\" \/>\n<meta property=\"og:description\" content=\"Cette grande monographie de Xavier Veilhan pr\u00e9sente une large s\u00e9lection de ses oeuvres r\u00e9alis\u00e9es depuis huit ans (sculptures, dessins, performances), permettant d&#8217;appr\u00e9hender l&#8217;intention de l&#8217;artiste et les th\u00e8mes qu&#8217;il aborde sous diff\u00e9rentes formes. Elle pr\u00e9sente des oeuvres de ses nombreuses expositions ainsi que ses sculptures install\u00e9es dans des espaces publics. Un jeu de couleurs et [&hellip;]\" \/>\n<meta property=\"og:url\" content=\"https:\/\/librairie7l.com\/en\/produit\/xavier-veilhan\/\" \/>\n<meta property=\"og:site_name\" content=\"Librairie 7L\" \/>\n<meta property=\"article:modified_time\" content=\"2026-04-04T22:47:57+00:00\" \/>\n<meta property=\"og:image\" content=\"https:\/\/librairie7l.com\/wp-content\/uploads\/2023\/05\/9791091539371_1_75.jpg\" \/>\n\t<meta property=\"og:image:width\" content=\"600\" \/>\n\t<meta property=\"og:image:height\" content=\"827\" \/>\n\t<meta property=\"og:image:type\" content=\"image\/jpeg\" \/>\n<meta name=\"twitter:card\" content=\"summary_large_image\" \/>\n<script type=\"application\/ld+json\" class=\"yoast-schema-graph\">{\"@context\":\"https:\/\/schema.org\",\"@graph\":[{\"@type\":\"WebPage\",\"@id\":\"https:\/\/librairie7l.com\/en\/produit\/xavier-veilhan\/\",\"url\":\"https:\/\/librairie7l.com\/en\/produit\/xavier-veilhan\/\",\"name\":\"XAVIER VEILHAN - Librairie 7L\",\"isPartOf\":{\"@id\":\"https:\/\/librairie7l.com\/en\/#website\"},\"datePublished\":\"2023-06-09T12:31:27+00:00\",\"dateModified\":\"2026-04-04T22:47:57+00:00\",\"breadcrumb\":{\"@id\":\"https:\/\/librairie7l.com\/en\/produit\/xavier-veilhan\/#breadcrumb\"},\"inLanguage\":\"en-US\",\"potentialAction\":[{\"@type\":\"ReadAction\",\"target\":[\"https:\/\/librairie7l.com\/en\/produit\/xavier-veilhan\/\"]}]},{\"@type\":\"BreadcrumbList\",\"@id\":\"https:\/\/librairie7l.com\/en\/produit\/xavier-veilhan\/#breadcrumb\",\"itemListElement\":[{\"@type\":\"ListItem\",\"position\":1,\"name\":\"Accueil\",\"item\":\"https:\/\/librairie7l.com\/en\/\"},{\"@type\":\"ListItem\",\"position\":2,\"name\":\"Shop\",\"item\":\"https:\/\/librairie7l.com\/en\/shop\/\"},{\"@type\":\"ListItem\",\"position\":3,\"name\":\"XAVIER VEILHAN\"}]},{\"@type\":\"WebSite\",\"@id\":\"https:\/\/librairie7l.com\/en\/#website\",\"url\":\"https:\/\/librairie7l.com\/en\/\",\"name\":\"Librairie 7L\",\"description\":\"Librairie fond\u00e9e en 1999 par Karl Lagerfeld \u00e0 Paris\",\"publisher\":{\"@id\":\"https:\/\/librairie7l.com\/en\/#organization\"},\"potentialAction\":[{\"@type\":\"SearchAction\",\"target\":{\"@type\":\"EntryPoint\",\"urlTemplate\":\"https:\/\/librairie7l.com\/en\/?s={search_term_string}\"},\"query-input\":\"required name=search_term_string\"}],\"inLanguage\":\"en-US\"},{\"@type\":\"Organization\",\"@id\":\"https:\/\/librairie7l.com\/en\/#organization\",\"name\":\"Librairie 7L\",\"url\":\"https:\/\/librairie7l.com\/en\/\",\"logo\":{\"@type\":\"ImageObject\",\"inLanguage\":\"en-US\",\"@id\":\"https:\/\/librairie7l.com\/en\/#\/schema\/logo\/image\/\",\"url\":\"https:\/\/librairie7l.com\/wp-content\/uploads\/2022\/08\/logo-1.png\",\"contentUrl\":\"https:\/\/librairie7l.com\/wp-content\/uploads\/2022\/08\/logo-1.png\",\"width\":227,\"height\":301,\"caption\":\"Librairie 7L\"},\"image\":{\"@id\":\"https:\/\/librairie7l.com\/en\/#\/schema\/logo\/image\/\"}}]}<\/script>\n<!-- \/ Yoast SEO plugin. -->","yoast_head_json":{"title":"XAVIER VEILHAN - Librairie 7L","robots":{"index":"index","follow":"follow","max-snippet":"max-snippet:-1","max-image-preview":"max-image-preview:large","max-video-preview":"max-video-preview:-1"},"canonical":"https:\/\/librairie7l.com\/en\/produit\/xavier-veilhan\/","og_locale":"en_US","og_type":"article","og_title":"XAVIER VEILHAN - Librairie 7L","og_description":"Cette grande monographie de Xavier Veilhan pr\u00e9sente une large s\u00e9lection de ses oeuvres r\u00e9alis\u00e9es depuis huit ans (sculptures, dessins, performances), permettant d&#8217;appr\u00e9hender l&#8217;intention de l&#8217;artiste et les th\u00e8mes qu&#8217;il aborde sous diff\u00e9rentes formes. Elle pr\u00e9sente des oeuvres de ses nombreuses expositions ainsi que ses sculptures install\u00e9es dans des espaces publics. Un jeu de couleurs et [&hellip;]","og_url":"https:\/\/librairie7l.com\/en\/produit\/xavier-veilhan\/","og_site_name":"Librairie 7L","article_modified_time":"2026-04-04T22:47:57+00:00","og_image":[{"width":600,"height":827,"url":"https:\/\/librairie7l.com\/wp-content\/uploads\/2023\/05\/9791091539371_1_75.jpg","type":"image\/jpeg"}],"twitter_card":"summary_large_image","schema":{"@context":"https:\/\/schema.org","@graph":[{"@type":"WebPage","@id":"https:\/\/librairie7l.com\/en\/produit\/xavier-veilhan\/","url":"https:\/\/librairie7l.com\/en\/produit\/xavier-veilhan\/","name":"XAVIER VEILHAN - Librairie 7L","isPartOf":{"@id":"https:\/\/librairie7l.com\/en\/#website"},"datePublished":"2023-06-09T12:31:27+00:00","dateModified":"2026-04-04T22:47:57+00:00","breadcrumb":{"@id":"https:\/\/librairie7l.com\/en\/produit\/xavier-veilhan\/#breadcrumb"},"inLanguage":"en-US","potentialAction":[{"@type":"ReadAction","target":["https:\/\/librairie7l.com\/en\/produit\/xavier-veilhan\/"]}]},{"@type":"BreadcrumbList","@id":"https:\/\/librairie7l.com\/en\/produit\/xavier-veilhan\/#breadcrumb","itemListElement":[{"@type":"ListItem","position":1,"name":"Accueil","item":"https:\/\/librairie7l.com\/en\/"},{"@type":"ListItem","position":2,"name":"Shop","item":"https:\/\/librairie7l.com\/en\/shop\/"},{"@type":"ListItem","position":3,"name":"XAVIER VEILHAN"}]},{"@type":"WebSite","@id":"https:\/\/librairie7l.com\/en\/#website","url":"https:\/\/librairie7l.com\/en\/","name":"Librairie 7L","description":"Librairie fond\u00e9e en 1999 par Karl Lagerfeld \u00e0 Paris","publisher":{"@id":"https:\/\/librairie7l.com\/en\/#organization"},"potentialAction":[{"@type":"SearchAction","target":{"@type":"EntryPoint","urlTemplate":"https:\/\/librairie7l.com\/en\/?s={search_term_string}"},"query-input":"required name=search_term_string"}],"inLanguage":"en-US"},{"@type":"Organization","@id":"https:\/\/librairie7l.com\/en\/#organization","name":"Librairie 7L","url":"https:\/\/librairie7l.com\/en\/","logo":{"@type":"ImageObject","inLanguage":"en-US","@id":"https:\/\/librairie7l.com\/en\/#\/schema\/logo\/image\/","url":"https:\/\/librairie7l.com\/wp-content\/uploads\/2022\/08\/logo-1.png","contentUrl":"https:\/\/librairie7l.com\/wp-content\/uploads\/2022\/08\/logo-1.png","width":227,"height":301,"caption":"Librairie 7L"},"image":{"@id":"https:\/\/librairie7l.com\/en\/#\/schema\/logo\/image\/"}}]}},"_links":{"self":[{"href":"https:\/\/librairie7l.com\/en\/wp-json\/wp\/v2\/product\/32623"}],"collection":[{"href":"https:\/\/librairie7l.com\/en\/wp-json\/wp\/v2\/product"}],"about":[{"href":"https:\/\/librairie7l.com\/en\/wp-json\/wp\/v2\/types\/product"}],"wp:featuredmedia":[{"embeddable":true,"href":"https:\/\/librairie7l.com\/en\/wp-json\/wp\/v2\/media\/32621"}],"wp:attachment":[{"href":"https:\/\/librairie7l.com\/en\/wp-json\/wp\/v2\/media?parent=32623"}],"wp:term":[{"taxonomy":"product_cat","embeddable":true,"href":"https:\/\/librairie7l.com\/en\/wp-json\/wp\/v2\/product_cat?post=32623"},{"taxonomy":"product_tag","embeddable":true,"href":"https:\/\/librairie7l.com\/en\/wp-json\/wp\/v2\/product_tag?post=32623"}],"curies":[{"name":"wp","href":"https:\/\/api.w.org\/{rel}","templated":true}]}}