{"id":32629,"date":"2023-06-09T14:33:05","date_gmt":"2023-06-09T12:33:05","guid":{"rendered":"https:\/\/librairie7l.com\/?post_type=product&#038;p=32629"},"modified":"2026-04-24T01:10:15","modified_gmt":"2026-04-23T23:10:15","slug":"quasar-khanh-designer-visionnaire","status":"publish","type":"product","link":"https:\/\/librairie7l.com\/en\/produit\/quasar-khanh-designer-visionnaire\/","title":{"rendered":"QUASAR KHANH, DESIGNER VISIONNAIRE"},"content":{"rendered":"<p>Quasar Khanh fait partie du cercle tr\u00e8s restreint des designers qui ont marqu\u00e9 de leur empreinte cr\u00e9ative le XX \u00e8me si\u00e8cle. Sa r\u00e9alisation la plus embl\u00e9matique est la ligne iconique de meubles gonflable Aerospace. Celle- ci incarne \u00e0 elle seule l&#8217;esprit de renouveau du design des ann\u00e9es 1960 \u00e0 1970 : un souffle d&#8217;air frais qui se lib\u00e8re de toute r\u00e9f\u00e9rence historique et culturelle pour proposer un monde alternatif, impr\u00e9gn\u00e9 d&#8217;une grande utopie. Au-del\u00e0 de son design innovant et toujours actuel, elle symbolise aussi parfaitement le parcours atypique de cet ing\u00e9nieur des Ponts et Chauss\u00e9es qui n&#8217;a eu de cesse de mat\u00e9rialiser ses inventions les plus folles : dans la mode, le mobilier, les voitures, les bateaux, les villes ou encore&#8230; les soucoupes volantes.<br \/>\nCet ouvrage r\u00e9v\u00e8le pour la premi\u00e8re fois &#8211; \u00e0 partir de ses archives personnelles  in\u00e9dites  et  de  collections  priv\u00e9es  sp\u00e9cialement photographi\u00e9es pour l&#8217;occasion &#8211; l&#8217;itin\u00e9raire cr\u00e9atif d&#8217;un visionnaire insatiable qui continue d&#8217;inspirer les plus grands noms du design contemporain.<\/p>\n","protected":false},"excerpt":{"rendered":"<p>Quasar Khanh fait partie du cercle tr\u00e8s restreint des designers qui ont marqu\u00e9 de leur empreinte cr\u00e9ative le XX \u00e8me si\u00e8cle. Sa r\u00e9alisation la plus embl\u00e9matique est la ligne iconique de meubles gonflable Aerospace. Celle- ci incarne \u00e0 elle seule l&#8217;esprit de renouveau du design des ann\u00e9es 1960 \u00e0 1970 : un souffle d&#8217;air frais [&hellip;]<\/p>\n","protected":false},"featured_media":32627,"template":"","meta":[],"product_cat":[2948,2952],"product_tag":[],"acf":[],"yoast_head":"<!-- This site is optimized with the Yoast SEO plugin v20.11 - https:\/\/yoast.com\/wordpress\/plugins\/seo\/ -->\n<title>QUASAR KHANH, DESIGNER VISIONNAIRE - Librairie 7L<\/title>\n<meta name=\"robots\" content=\"index, follow, max-snippet:-1, max-image-preview:large, max-video-preview:-1\" \/>\n<link rel=\"canonical\" href=\"https:\/\/librairie7l.com\/en\/produit\/quasar-khanh-designer-visionnaire\/\" \/>\n<meta property=\"og:locale\" content=\"en_US\" \/>\n<meta property=\"og:type\" content=\"article\" \/>\n<meta property=\"og:title\" content=\"QUASAR KHANH, DESIGNER VISIONNAIRE - Librairie 7L\" \/>\n<meta property=\"og:description\" content=\"Quasar Khanh fait partie du cercle tr\u00e8s restreint des designers qui ont marqu\u00e9 de leur empreinte cr\u00e9ative le XX \u00e8me si\u00e8cle. Sa r\u00e9alisation la plus embl\u00e9matique est la ligne iconique de meubles gonflable Aerospace. Celle- ci incarne \u00e0 elle seule l&#8217;esprit de renouveau du design des ann\u00e9es 1960 \u00e0 1970 : un souffle d&#8217;air frais [&hellip;]\" \/>\n<meta property=\"og:url\" content=\"https:\/\/librairie7l.com\/en\/produit\/quasar-khanh-designer-visionnaire\/\" \/>\n<meta property=\"og:site_name\" content=\"Librairie 7L\" \/>\n<meta property=\"article:modified_time\" content=\"2026-04-23T23:10:15+00:00\" \/>\n<meta property=\"og:image\" content=\"https:\/\/librairie7l.com\/wp-content\/uploads\/2016\/11\/9782226321565_1_75.jpg\" \/>\n\t<meta property=\"og:image:width\" content=\"600\" \/>\n\t<meta property=\"og:image:height\" content=\"627\" \/>\n\t<meta property=\"og:image:type\" content=\"image\/jpeg\" \/>\n<meta name=\"twitter:card\" content=\"summary_large_image\" \/>\n<meta name=\"twitter:label1\" content=\"Est. reading time\" \/>\n\t<meta name=\"twitter:data1\" content=\"1 minute\" \/>\n<script type=\"application\/ld+json\" class=\"yoast-schema-graph\">{\"@context\":\"https:\/\/schema.org\",\"@graph\":[{\"@type\":\"WebPage\",\"@id\":\"https:\/\/librairie7l.com\/en\/produit\/quasar-khanh-designer-visionnaire\/\",\"url\":\"https:\/\/librairie7l.com\/en\/produit\/quasar-khanh-designer-visionnaire\/\",\"name\":\"QUASAR KHANH, DESIGNER VISIONNAIRE - Librairie 7L\",\"isPartOf\":{\"@id\":\"https:\/\/librairie7l.com\/en\/#website\"},\"datePublished\":\"2023-06-09T12:33:05+00:00\",\"dateModified\":\"2026-04-23T23:10:15+00:00\",\"breadcrumb\":{\"@id\":\"https:\/\/librairie7l.com\/en\/produit\/quasar-khanh-designer-visionnaire\/#breadcrumb\"},\"inLanguage\":\"en-US\",\"potentialAction\":[{\"@type\":\"ReadAction\",\"target\":[\"https:\/\/librairie7l.com\/en\/produit\/quasar-khanh-designer-visionnaire\/\"]}]},{\"@type\":\"BreadcrumbList\",\"@id\":\"https:\/\/librairie7l.com\/en\/produit\/quasar-khanh-designer-visionnaire\/#breadcrumb\",\"itemListElement\":[{\"@type\":\"ListItem\",\"position\":1,\"name\":\"Accueil\",\"item\":\"https:\/\/librairie7l.com\/en\/\"},{\"@type\":\"ListItem\",\"position\":2,\"name\":\"Shop\",\"item\":\"https:\/\/librairie7l.com\/en\/shop\/\"},{\"@type\":\"ListItem\",\"position\":3,\"name\":\"QUASAR KHANH, DESIGNER VISIONNAIRE\"}]},{\"@type\":\"WebSite\",\"@id\":\"https:\/\/librairie7l.com\/en\/#website\",\"url\":\"https:\/\/librairie7l.com\/en\/\",\"name\":\"Librairie 7L\",\"description\":\"Librairie fond\u00e9e en 1999 par Karl Lagerfeld \u00e0 Paris\",\"publisher\":{\"@id\":\"https:\/\/librairie7l.com\/en\/#organization\"},\"potentialAction\":[{\"@type\":\"SearchAction\",\"target\":{\"@type\":\"EntryPoint\",\"urlTemplate\":\"https:\/\/librairie7l.com\/en\/?s={search_term_string}\"},\"query-input\":\"required name=search_term_string\"}],\"inLanguage\":\"en-US\"},{\"@type\":\"Organization\",\"@id\":\"https:\/\/librairie7l.com\/en\/#organization\",\"name\":\"Librairie 7L\",\"url\":\"https:\/\/librairie7l.com\/en\/\",\"logo\":{\"@type\":\"ImageObject\",\"inLanguage\":\"en-US\",\"@id\":\"https:\/\/librairie7l.com\/en\/#\/schema\/logo\/image\/\",\"url\":\"https:\/\/librairie7l.com\/wp-content\/uploads\/2022\/08\/logo-1.png\",\"contentUrl\":\"https:\/\/librairie7l.com\/wp-content\/uploads\/2022\/08\/logo-1.png\",\"width\":227,\"height\":301,\"caption\":\"Librairie 7L\"},\"image\":{\"@id\":\"https:\/\/librairie7l.com\/en\/#\/schema\/logo\/image\/\"}}]}<\/script>\n<!-- \/ Yoast SEO plugin. -->","yoast_head_json":{"title":"QUASAR KHANH, DESIGNER VISIONNAIRE - Librairie 7L","robots":{"index":"index","follow":"follow","max-snippet":"max-snippet:-1","max-image-preview":"max-image-preview:large","max-video-preview":"max-video-preview:-1"},"canonical":"https:\/\/librairie7l.com\/en\/produit\/quasar-khanh-designer-visionnaire\/","og_locale":"en_US","og_type":"article","og_title":"QUASAR KHANH, DESIGNER VISIONNAIRE - Librairie 7L","og_description":"Quasar Khanh fait partie du cercle tr\u00e8s restreint des designers qui ont marqu\u00e9 de leur empreinte cr\u00e9ative le XX \u00e8me si\u00e8cle. Sa r\u00e9alisation la plus embl\u00e9matique est la ligne iconique de meubles gonflable Aerospace. Celle- ci incarne \u00e0 elle seule l&#8217;esprit de renouveau du design des ann\u00e9es 1960 \u00e0 1970 : un souffle d&#8217;air frais [&hellip;]","og_url":"https:\/\/librairie7l.com\/en\/produit\/quasar-khanh-designer-visionnaire\/","og_site_name":"Librairie 7L","article_modified_time":"2026-04-23T23:10:15+00:00","og_image":[{"width":600,"height":627,"url":"https:\/\/librairie7l.com\/wp-content\/uploads\/2016\/11\/9782226321565_1_75.jpg","type":"image\/jpeg"}],"twitter_card":"summary_large_image","twitter_misc":{"Est. reading time":"1 minute"},"schema":{"@context":"https:\/\/schema.org","@graph":[{"@type":"WebPage","@id":"https:\/\/librairie7l.com\/en\/produit\/quasar-khanh-designer-visionnaire\/","url":"https:\/\/librairie7l.com\/en\/produit\/quasar-khanh-designer-visionnaire\/","name":"QUASAR KHANH, DESIGNER VISIONNAIRE - Librairie 7L","isPartOf":{"@id":"https:\/\/librairie7l.com\/en\/#website"},"datePublished":"2023-06-09T12:33:05+00:00","dateModified":"2026-04-23T23:10:15+00:00","breadcrumb":{"@id":"https:\/\/librairie7l.com\/en\/produit\/quasar-khanh-designer-visionnaire\/#breadcrumb"},"inLanguage":"en-US","potentialAction":[{"@type":"ReadAction","target":["https:\/\/librairie7l.com\/en\/produit\/quasar-khanh-designer-visionnaire\/"]}]},{"@type":"BreadcrumbList","@id":"https:\/\/librairie7l.com\/en\/produit\/quasar-khanh-designer-visionnaire\/#breadcrumb","itemListElement":[{"@type":"ListItem","position":1,"name":"Accueil","item":"https:\/\/librairie7l.com\/en\/"},{"@type":"ListItem","position":2,"name":"Shop","item":"https:\/\/librairie7l.com\/en\/shop\/"},{"@type":"ListItem","position":3,"name":"QUASAR KHANH, DESIGNER VISIONNAIRE"}]},{"@type":"WebSite","@id":"https:\/\/librairie7l.com\/en\/#website","url":"https:\/\/librairie7l.com\/en\/","name":"Librairie 7L","description":"Librairie fond\u00e9e en 1999 par Karl Lagerfeld \u00e0 Paris","publisher":{"@id":"https:\/\/librairie7l.com\/en\/#organization"},"potentialAction":[{"@type":"SearchAction","target":{"@type":"EntryPoint","urlTemplate":"https:\/\/librairie7l.com\/en\/?s={search_term_string}"},"query-input":"required name=search_term_string"}],"inLanguage":"en-US"},{"@type":"Organization","@id":"https:\/\/librairie7l.com\/en\/#organization","name":"Librairie 7L","url":"https:\/\/librairie7l.com\/en\/","logo":{"@type":"ImageObject","inLanguage":"en-US","@id":"https:\/\/librairie7l.com\/en\/#\/schema\/logo\/image\/","url":"https:\/\/librairie7l.com\/wp-content\/uploads\/2022\/08\/logo-1.png","contentUrl":"https:\/\/librairie7l.com\/wp-content\/uploads\/2022\/08\/logo-1.png","width":227,"height":301,"caption":"Librairie 7L"},"image":{"@id":"https:\/\/librairie7l.com\/en\/#\/schema\/logo\/image\/"}}]}},"_links":{"self":[{"href":"https:\/\/librairie7l.com\/en\/wp-json\/wp\/v2\/product\/32629"}],"collection":[{"href":"https:\/\/librairie7l.com\/en\/wp-json\/wp\/v2\/product"}],"about":[{"href":"https:\/\/librairie7l.com\/en\/wp-json\/wp\/v2\/types\/product"}],"wp:featuredmedia":[{"embeddable":true,"href":"https:\/\/librairie7l.com\/en\/wp-json\/wp\/v2\/media\/32627"}],"wp:attachment":[{"href":"https:\/\/librairie7l.com\/en\/wp-json\/wp\/v2\/media?parent=32629"}],"wp:term":[{"taxonomy":"product_cat","embeddable":true,"href":"https:\/\/librairie7l.com\/en\/wp-json\/wp\/v2\/product_cat?post=32629"},{"taxonomy":"product_tag","embeddable":true,"href":"https:\/\/librairie7l.com\/en\/wp-json\/wp\/v2\/product_tag?post=32629"}],"curies":[{"name":"wp","href":"https:\/\/api.w.org\/{rel}","templated":true}]}}