{"id":32653,"date":"2023-06-09T14:37:42","date_gmt":"2023-06-09T12:37:42","guid":{"rendered":"https:\/\/librairie7l.com\/?post_type=product&#038;p=32653"},"modified":"2026-04-08T16:06:20","modified_gmt":"2026-04-08T14:06:20","slug":"pieces-importantes-et-effets-personnels-de-la-collection-lenore-doolan-et-harold","status":"publish","type":"product","link":"https:\/\/librairie7l.com\/en\/produit\/pieces-importantes-et-effets-personnels-de-la-collection-lenore-doolan-et-harold\/","title":{"rendered":"PI\u00c8CES IMPORTANTES ET EFFETS PERSONNELS DE LA COLLECTION LENORE DOOLAN ET HAROLD MORRIS, COMPRENANT LIVRES, PR\u00caT-\u00c0-PORTER ET BIJOUX"},"content":{"rendered":"<p>Un vrai \u00ab faux livre \u00bb aussi futile et indispensable que Les Miscellan\u00e9es de Mr. Schott  Lenore Doolan et Harold Morris se rencontrent dans une soir\u00e9e, tombent amoureux, vivent ensemble et se s\u00e9parent. Fin de leur histoire et d\u00e9but de ce livre. Les objets, v\u00eatements, etc., qui ont accompagn\u00e9 leur liaison et vont \u00eatre mis aux ench\u00e8res, sont photographi\u00e9s et rassembl\u00e9s dans ce catalogue.<\/p>\n<p>Lenore et Harold se sont pr\u00eat\u00e9s avec talent, sensibilit\u00e9 et humour, \u00e0 la mise en sc\u00e8ne imagin\u00e9e par Leanne Shapton qui invente ainsi un genre unique : le catalogue-roman entre litt\u00e9rature et art contemporain.<\/p>\n","protected":false},"excerpt":{"rendered":"<p>Un vrai \u00ab faux livre \u00bb aussi futile et indispensable que Les Miscellan\u00e9es de Mr. Schott Lenore Doolan et Harold Morris se rencontrent dans une soir\u00e9e, tombent amoureux, vivent ensemble et se s\u00e9parent. Fin de leur histoire et d\u00e9but de ce livre. Les objets, v\u00eatements, etc., qui ont accompagn\u00e9 leur liaison et vont \u00eatre mis [&hellip;]<\/p>\n","protected":false},"featured_media":32651,"template":"","meta":[],"product_cat":[2948,2953],"product_tag":[],"acf":[],"yoast_head":"<!-- This site is optimized with the Yoast SEO plugin v20.11 - https:\/\/yoast.com\/wordpress\/plugins\/seo\/ -->\n<title>PI\u00c8CES IMPORTANTES ET EFFETS PERSONNELS DE LA COLLECTION LENORE DOOLAN ET HAROLD MORRIS, COMPRENANT LIVRES, PR\u00caT-\u00c0-PORTER ET BIJOUX - Librairie 7L<\/title>\n<meta name=\"robots\" content=\"index, follow, max-snippet:-1, max-image-preview:large, max-video-preview:-1\" \/>\n<link rel=\"canonical\" href=\"https:\/\/librairie7l.com\/en\/produit\/pieces-importantes-et-effets-personnels-de-la-collection-lenore-doolan-et-harold\/\" \/>\n<meta property=\"og:locale\" content=\"en_US\" \/>\n<meta property=\"og:type\" content=\"article\" \/>\n<meta property=\"og:title\" content=\"PI\u00c8CES IMPORTANTES ET EFFETS PERSONNELS DE LA COLLECTION LENORE DOOLAN ET HAROLD MORRIS, COMPRENANT LIVRES, PR\u00caT-\u00c0-PORTER ET BIJOUX - Librairie 7L\" \/>\n<meta property=\"og:description\" content=\"Un vrai \u00ab faux livre \u00bb aussi futile et indispensable que Les Miscellan\u00e9es de Mr. Schott Lenore Doolan et Harold Morris se rencontrent dans une soir\u00e9e, tombent amoureux, vivent ensemble et se s\u00e9parent. Fin de leur histoire et d\u00e9but de ce livre. Les objets, v\u00eatements, etc., qui ont accompagn\u00e9 leur liaison et vont \u00eatre mis [&hellip;]\" \/>\n<meta property=\"og:url\" content=\"https:\/\/librairie7l.com\/en\/produit\/pieces-importantes-et-effets-personnels-de-la-collection-lenore-doolan-et-harold\/\" \/>\n<meta property=\"og:site_name\" content=\"Librairie 7L\" \/>\n<meta property=\"article:modified_time\" content=\"2026-04-08T14:06:20+00:00\" \/>\n<meta property=\"og:image\" content=\"https:\/\/librairie7l.com\/wp-content\/uploads\/2009\/05\/9782879296999_1_75.jpg\" \/>\n\t<meta property=\"og:image:width\" content=\"392\" \/>\n\t<meta property=\"og:image:height\" content=\"500\" \/>\n\t<meta property=\"og:image:type\" content=\"image\/jpeg\" \/>\n<meta name=\"twitter:card\" content=\"summary_large_image\" \/>\n<meta name=\"twitter:label1\" content=\"Est. reading time\" \/>\n\t<meta name=\"twitter:data1\" content=\"1 minute\" \/>\n<script type=\"application\/ld+json\" class=\"yoast-schema-graph\">{\"@context\":\"https:\/\/schema.org\",\"@graph\":[{\"@type\":\"WebPage\",\"@id\":\"https:\/\/librairie7l.com\/en\/produit\/pieces-importantes-et-effets-personnels-de-la-collection-lenore-doolan-et-harold\/\",\"url\":\"https:\/\/librairie7l.com\/en\/produit\/pieces-importantes-et-effets-personnels-de-la-collection-lenore-doolan-et-harold\/\",\"name\":\"PI\u00c8CES IMPORTANTES ET EFFETS PERSONNELS DE LA COLLECTION LENORE DOOLAN ET HAROLD MORRIS, COMPRENANT LIVRES, PR\u00caT-\u00c0-PORTER ET BIJOUX - Librairie 7L\",\"isPartOf\":{\"@id\":\"https:\/\/librairie7l.com\/en\/#website\"},\"datePublished\":\"2023-06-09T12:37:42+00:00\",\"dateModified\":\"2026-04-08T14:06:20+00:00\",\"breadcrumb\":{\"@id\":\"https:\/\/librairie7l.com\/en\/produit\/pieces-importantes-et-effets-personnels-de-la-collection-lenore-doolan-et-harold\/#breadcrumb\"},\"inLanguage\":\"en-US\",\"potentialAction\":[{\"@type\":\"ReadAction\",\"target\":[\"https:\/\/librairie7l.com\/en\/produit\/pieces-importantes-et-effets-personnels-de-la-collection-lenore-doolan-et-harold\/\"]}]},{\"@type\":\"BreadcrumbList\",\"@id\":\"https:\/\/librairie7l.com\/en\/produit\/pieces-importantes-et-effets-personnels-de-la-collection-lenore-doolan-et-harold\/#breadcrumb\",\"itemListElement\":[{\"@type\":\"ListItem\",\"position\":1,\"name\":\"Accueil\",\"item\":\"https:\/\/librairie7l.com\/en\/\"},{\"@type\":\"ListItem\",\"position\":2,\"name\":\"Shop\",\"item\":\"https:\/\/librairie7l.com\/en\/shop\/\"},{\"@type\":\"ListItem\",\"position\":3,\"name\":\"PI\u00c8CES IMPORTANTES ET EFFETS PERSONNELS DE LA COLLECTION LENORE DOOLAN ET HAROLD MORRIS, COMPRENANT LIVRES, PR\u00caT-\u00c0-PORTER ET BIJOUX\"}]},{\"@type\":\"WebSite\",\"@id\":\"https:\/\/librairie7l.com\/en\/#website\",\"url\":\"https:\/\/librairie7l.com\/en\/\",\"name\":\"Librairie 7L\",\"description\":\"Librairie fond\u00e9e en 1999 par Karl Lagerfeld \u00e0 Paris\",\"publisher\":{\"@id\":\"https:\/\/librairie7l.com\/en\/#organization\"},\"potentialAction\":[{\"@type\":\"SearchAction\",\"target\":{\"@type\":\"EntryPoint\",\"urlTemplate\":\"https:\/\/librairie7l.com\/en\/?s={search_term_string}\"},\"query-input\":\"required name=search_term_string\"}],\"inLanguage\":\"en-US\"},{\"@type\":\"Organization\",\"@id\":\"https:\/\/librairie7l.com\/en\/#organization\",\"name\":\"Librairie 7L\",\"url\":\"https:\/\/librairie7l.com\/en\/\",\"logo\":{\"@type\":\"ImageObject\",\"inLanguage\":\"en-US\",\"@id\":\"https:\/\/librairie7l.com\/en\/#\/schema\/logo\/image\/\",\"url\":\"https:\/\/librairie7l.com\/wp-content\/uploads\/2022\/08\/logo-1.png\",\"contentUrl\":\"https:\/\/librairie7l.com\/wp-content\/uploads\/2022\/08\/logo-1.png\",\"width\":227,\"height\":301,\"caption\":\"Librairie 7L\"},\"image\":{\"@id\":\"https:\/\/librairie7l.com\/en\/#\/schema\/logo\/image\/\"}}]}<\/script>\n<!-- \/ Yoast SEO plugin. -->","yoast_head_json":{"title":"PI\u00c8CES IMPORTANTES ET EFFETS PERSONNELS DE LA COLLECTION LENORE DOOLAN ET HAROLD MORRIS, COMPRENANT LIVRES, PR\u00caT-\u00c0-PORTER ET BIJOUX - Librairie 7L","robots":{"index":"index","follow":"follow","max-snippet":"max-snippet:-1","max-image-preview":"max-image-preview:large","max-video-preview":"max-video-preview:-1"},"canonical":"https:\/\/librairie7l.com\/en\/produit\/pieces-importantes-et-effets-personnels-de-la-collection-lenore-doolan-et-harold\/","og_locale":"en_US","og_type":"article","og_title":"PI\u00c8CES IMPORTANTES ET EFFETS PERSONNELS DE LA COLLECTION LENORE DOOLAN ET HAROLD MORRIS, COMPRENANT LIVRES, PR\u00caT-\u00c0-PORTER ET BIJOUX - Librairie 7L","og_description":"Un vrai \u00ab faux livre \u00bb aussi futile et indispensable que Les Miscellan\u00e9es de Mr. Schott Lenore Doolan et Harold Morris se rencontrent dans une soir\u00e9e, tombent amoureux, vivent ensemble et se s\u00e9parent. Fin de leur histoire et d\u00e9but de ce livre. Les objets, v\u00eatements, etc., qui ont accompagn\u00e9 leur liaison et vont \u00eatre mis [&hellip;]","og_url":"https:\/\/librairie7l.com\/en\/produit\/pieces-importantes-et-effets-personnels-de-la-collection-lenore-doolan-et-harold\/","og_site_name":"Librairie 7L","article_modified_time":"2026-04-08T14:06:20+00:00","og_image":[{"width":392,"height":500,"url":"https:\/\/librairie7l.com\/wp-content\/uploads\/2009\/05\/9782879296999_1_75.jpg","type":"image\/jpeg"}],"twitter_card":"summary_large_image","twitter_misc":{"Est. reading time":"1 minute"},"schema":{"@context":"https:\/\/schema.org","@graph":[{"@type":"WebPage","@id":"https:\/\/librairie7l.com\/en\/produit\/pieces-importantes-et-effets-personnels-de-la-collection-lenore-doolan-et-harold\/","url":"https:\/\/librairie7l.com\/en\/produit\/pieces-importantes-et-effets-personnels-de-la-collection-lenore-doolan-et-harold\/","name":"PI\u00c8CES IMPORTANTES ET EFFETS PERSONNELS DE LA COLLECTION LENORE DOOLAN ET HAROLD MORRIS, COMPRENANT LIVRES, PR\u00caT-\u00c0-PORTER ET BIJOUX - Librairie 7L","isPartOf":{"@id":"https:\/\/librairie7l.com\/en\/#website"},"datePublished":"2023-06-09T12:37:42+00:00","dateModified":"2026-04-08T14:06:20+00:00","breadcrumb":{"@id":"https:\/\/librairie7l.com\/en\/produit\/pieces-importantes-et-effets-personnels-de-la-collection-lenore-doolan-et-harold\/#breadcrumb"},"inLanguage":"en-US","potentialAction":[{"@type":"ReadAction","target":["https:\/\/librairie7l.com\/en\/produit\/pieces-importantes-et-effets-personnels-de-la-collection-lenore-doolan-et-harold\/"]}]},{"@type":"BreadcrumbList","@id":"https:\/\/librairie7l.com\/en\/produit\/pieces-importantes-et-effets-personnels-de-la-collection-lenore-doolan-et-harold\/#breadcrumb","itemListElement":[{"@type":"ListItem","position":1,"name":"Accueil","item":"https:\/\/librairie7l.com\/en\/"},{"@type":"ListItem","position":2,"name":"Shop","item":"https:\/\/librairie7l.com\/en\/shop\/"},{"@type":"ListItem","position":3,"name":"PI\u00c8CES IMPORTANTES ET EFFETS PERSONNELS DE LA COLLECTION LENORE DOOLAN ET HAROLD MORRIS, COMPRENANT LIVRES, PR\u00caT-\u00c0-PORTER ET BIJOUX"}]},{"@type":"WebSite","@id":"https:\/\/librairie7l.com\/en\/#website","url":"https:\/\/librairie7l.com\/en\/","name":"Librairie 7L","description":"Librairie fond\u00e9e en 1999 par Karl Lagerfeld \u00e0 Paris","publisher":{"@id":"https:\/\/librairie7l.com\/en\/#organization"},"potentialAction":[{"@type":"SearchAction","target":{"@type":"EntryPoint","urlTemplate":"https:\/\/librairie7l.com\/en\/?s={search_term_string}"},"query-input":"required name=search_term_string"}],"inLanguage":"en-US"},{"@type":"Organization","@id":"https:\/\/librairie7l.com\/en\/#organization","name":"Librairie 7L","url":"https:\/\/librairie7l.com\/en\/","logo":{"@type":"ImageObject","inLanguage":"en-US","@id":"https:\/\/librairie7l.com\/en\/#\/schema\/logo\/image\/","url":"https:\/\/librairie7l.com\/wp-content\/uploads\/2022\/08\/logo-1.png","contentUrl":"https:\/\/librairie7l.com\/wp-content\/uploads\/2022\/08\/logo-1.png","width":227,"height":301,"caption":"Librairie 7L"},"image":{"@id":"https:\/\/librairie7l.com\/en\/#\/schema\/logo\/image\/"}}]}},"_links":{"self":[{"href":"https:\/\/librairie7l.com\/en\/wp-json\/wp\/v2\/product\/32653"}],"collection":[{"href":"https:\/\/librairie7l.com\/en\/wp-json\/wp\/v2\/product"}],"about":[{"href":"https:\/\/librairie7l.com\/en\/wp-json\/wp\/v2\/types\/product"}],"wp:featuredmedia":[{"embeddable":true,"href":"https:\/\/librairie7l.com\/en\/wp-json\/wp\/v2\/media\/32651"}],"wp:attachment":[{"href":"https:\/\/librairie7l.com\/en\/wp-json\/wp\/v2\/media?parent=32653"}],"wp:term":[{"taxonomy":"product_cat","embeddable":true,"href":"https:\/\/librairie7l.com\/en\/wp-json\/wp\/v2\/product_cat?post=32653"},{"taxonomy":"product_tag","embeddable":true,"href":"https:\/\/librairie7l.com\/en\/wp-json\/wp\/v2\/product_tag?post=32653"}],"curies":[{"name":"wp","href":"https:\/\/api.w.org\/{rel}","templated":true}]}}