{"id":32683,"date":"2023-06-09T14:55:44","date_gmt":"2023-06-09T12:55:44","guid":{"rendered":"https:\/\/librairie7l.com\/?post_type=product&#038;p=32683"},"modified":"2026-04-15T05:04:54","modified_gmt":"2026-04-15T03:04:54","slug":"un-gout-parisien-2","status":"publish","type":"product","link":"https:\/\/librairie7l.com\/en\/produit\/un-gout-parisien-2\/","title":{"rendered":"UN GO\u00dbT PARISIEN"},"content":{"rendered":"<p>Kamel Mennour et Jacques Grange se connaissent depuis vingt ans et partagent tous deux une inclination naturelle \u00e0 d\u00e9passer les fronti\u00e8res et les conventions. Pour la foire de TEFAF New York (12-16 mai 2023), ces derniers recr\u00e9ent l&#8217;atmosph\u00e8re d&#8217;un salon parisien fantasm\u00e9 mettant en dialogue une s\u00e9lection d&#8217;oeuvres qui parlent toutes, \u00e0 leur mani\u00e8re, de modernit\u00e9. <\/p>\n<p>Kamel Mennour : \u00ab Pour moi, Jacques Grange est l&#8217;un des plus grands ambassadeurs du style fran\u00e7ais dans le monde, en particulier aux \u00c9tats-Unis. Il a une fa\u00e7on tr\u00e8s personnelle de marier l&#8217;intemporel et le contemporain, et c&#8217;est ainsi que je d\u00e9finis le go\u00fbt parisien. \u00bb Jacques Grange : \u00ab Ce gou?t parisien ou ce gou?t franc?ais sont essentiels pour moi. C&#8217;est une tradition que j&#8217;admire et \u00e0 laquelle j&#8217;ai \u00e9t\u00e9 form\u00e9 \u00e0 travers les exemples de Jean-Michel Frank &#8211; une r\u00e9f\u00e9rence absolue pour moi -, Henri Samuel ou le gou?t de Marie-Laure de Noailles ou d&#8217;Yves Saint Laurent, par exemple. Ce style \u00e0 la franc?aise n&#8217;est pas facile \u00e0 d\u00e9finir. Il n&#8217;est pas fig\u00e9 et il se r\u00e9invente constamment. On pourrait parler d&#8217;un classicisme \u00e0 la fois \u00e9pur\u00e9 et ouvert \u00e0 la contemporan\u00e9it\u00e9 et, bien su?r, \u00e0 la fantaisie. \u00bb<\/p>\n","protected":false},"excerpt":{"rendered":"<p>Kamel Mennour et Jacques Grange se connaissent depuis vingt ans et partagent tous deux une inclination naturelle \u00e0 d\u00e9passer les fronti\u00e8res et les conventions. Pour la foire de TEFAF New York (12-16 mai 2023), ces derniers recr\u00e9ent l&#8217;atmosph\u00e8re d&#8217;un salon parisien fantasm\u00e9 mettant en dialogue une s\u00e9lection d&#8217;oeuvres qui parlent toutes, \u00e0 leur mani\u00e8re, de [&hellip;]<\/p>\n","protected":false},"featured_media":32681,"template":"","meta":[],"product_cat":[2948,2951],"product_tag":[],"acf":[],"yoast_head":"<!-- This site is optimized with the Yoast SEO plugin v20.11 - https:\/\/yoast.com\/wordpress\/plugins\/seo\/ -->\n<title>UN GO\u00dbT PARISIEN - Librairie 7L<\/title>\n<meta name=\"robots\" content=\"index, follow, max-snippet:-1, max-image-preview:large, max-video-preview:-1\" \/>\n<link rel=\"canonical\" href=\"https:\/\/librairie7l.com\/en\/produit\/un-gout-parisien-2\/\" \/>\n<meta property=\"og:locale\" content=\"en_US\" \/>\n<meta property=\"og:type\" content=\"article\" \/>\n<meta property=\"og:title\" content=\"UN GO\u00dbT PARISIEN - Librairie 7L\" \/>\n<meta property=\"og:description\" content=\"Kamel Mennour et Jacques Grange se connaissent depuis vingt ans et partagent tous deux une inclination naturelle \u00e0 d\u00e9passer les fronti\u00e8res et les conventions. Pour la foire de TEFAF New York (12-16 mai 2023), ces derniers recr\u00e9ent l&#8217;atmosph\u00e8re d&#8217;un salon parisien fantasm\u00e9 mettant en dialogue une s\u00e9lection d&#8217;oeuvres qui parlent toutes, \u00e0 leur mani\u00e8re, de [&hellip;]\" \/>\n<meta property=\"og:url\" content=\"https:\/\/librairie7l.com\/en\/produit\/un-gout-parisien-2\/\" \/>\n<meta property=\"og:site_name\" content=\"Librairie 7L\" \/>\n<meta property=\"article:modified_time\" content=\"2026-04-15T03:04:54+00:00\" \/>\n<meta property=\"og:image\" content=\"https:\/\/librairie7l.com\/wp-content\/uploads\/2023\/05\/9782914171793_1_75.jpg\" \/>\n\t<meta property=\"og:image:width\" content=\"600\" \/>\n\t<meta property=\"og:image:height\" content=\"756\" \/>\n\t<meta property=\"og:image:type\" content=\"image\/jpeg\" \/>\n<meta name=\"twitter:card\" content=\"summary_large_image\" \/>\n<meta name=\"twitter:label1\" content=\"Est. reading time\" \/>\n\t<meta name=\"twitter:data1\" content=\"1 minute\" \/>\n<script type=\"application\/ld+json\" class=\"yoast-schema-graph\">{\"@context\":\"https:\/\/schema.org\",\"@graph\":[{\"@type\":\"WebPage\",\"@id\":\"https:\/\/librairie7l.com\/en\/produit\/un-gout-parisien-2\/\",\"url\":\"https:\/\/librairie7l.com\/en\/produit\/un-gout-parisien-2\/\",\"name\":\"UN GO\u00dbT PARISIEN - Librairie 7L\",\"isPartOf\":{\"@id\":\"https:\/\/librairie7l.com\/en\/#website\"},\"datePublished\":\"2023-06-09T12:55:44+00:00\",\"dateModified\":\"2026-04-15T03:04:54+00:00\",\"breadcrumb\":{\"@id\":\"https:\/\/librairie7l.com\/en\/produit\/un-gout-parisien-2\/#breadcrumb\"},\"inLanguage\":\"en-US\",\"potentialAction\":[{\"@type\":\"ReadAction\",\"target\":[\"https:\/\/librairie7l.com\/en\/produit\/un-gout-parisien-2\/\"]}]},{\"@type\":\"BreadcrumbList\",\"@id\":\"https:\/\/librairie7l.com\/en\/produit\/un-gout-parisien-2\/#breadcrumb\",\"itemListElement\":[{\"@type\":\"ListItem\",\"position\":1,\"name\":\"Accueil\",\"item\":\"https:\/\/librairie7l.com\/en\/\"},{\"@type\":\"ListItem\",\"position\":2,\"name\":\"Shop\",\"item\":\"https:\/\/librairie7l.com\/en\/shop\/\"},{\"@type\":\"ListItem\",\"position\":3,\"name\":\"UN GO\u00dbT PARISIEN\"}]},{\"@type\":\"WebSite\",\"@id\":\"https:\/\/librairie7l.com\/en\/#website\",\"url\":\"https:\/\/librairie7l.com\/en\/\",\"name\":\"Librairie 7L\",\"description\":\"Librairie fond\u00e9e en 1999 par Karl Lagerfeld \u00e0 Paris\",\"publisher\":{\"@id\":\"https:\/\/librairie7l.com\/en\/#organization\"},\"potentialAction\":[{\"@type\":\"SearchAction\",\"target\":{\"@type\":\"EntryPoint\",\"urlTemplate\":\"https:\/\/librairie7l.com\/en\/?s={search_term_string}\"},\"query-input\":\"required name=search_term_string\"}],\"inLanguage\":\"en-US\"},{\"@type\":\"Organization\",\"@id\":\"https:\/\/librairie7l.com\/en\/#organization\",\"name\":\"Librairie 7L\",\"url\":\"https:\/\/librairie7l.com\/en\/\",\"logo\":{\"@type\":\"ImageObject\",\"inLanguage\":\"en-US\",\"@id\":\"https:\/\/librairie7l.com\/en\/#\/schema\/logo\/image\/\",\"url\":\"https:\/\/librairie7l.com\/wp-content\/uploads\/2022\/08\/logo-1.png\",\"contentUrl\":\"https:\/\/librairie7l.com\/wp-content\/uploads\/2022\/08\/logo-1.png\",\"width\":227,\"height\":301,\"caption\":\"Librairie 7L\"},\"image\":{\"@id\":\"https:\/\/librairie7l.com\/en\/#\/schema\/logo\/image\/\"}}]}<\/script>\n<!-- \/ Yoast SEO plugin. -->","yoast_head_json":{"title":"UN GO\u00dbT PARISIEN - Librairie 7L","robots":{"index":"index","follow":"follow","max-snippet":"max-snippet:-1","max-image-preview":"max-image-preview:large","max-video-preview":"max-video-preview:-1"},"canonical":"https:\/\/librairie7l.com\/en\/produit\/un-gout-parisien-2\/","og_locale":"en_US","og_type":"article","og_title":"UN GO\u00dbT PARISIEN - Librairie 7L","og_description":"Kamel Mennour et Jacques Grange se connaissent depuis vingt ans et partagent tous deux une inclination naturelle \u00e0 d\u00e9passer les fronti\u00e8res et les conventions. Pour la foire de TEFAF New York (12-16 mai 2023), ces derniers recr\u00e9ent l&#8217;atmosph\u00e8re d&#8217;un salon parisien fantasm\u00e9 mettant en dialogue une s\u00e9lection d&#8217;oeuvres qui parlent toutes, \u00e0 leur mani\u00e8re, de [&hellip;]","og_url":"https:\/\/librairie7l.com\/en\/produit\/un-gout-parisien-2\/","og_site_name":"Librairie 7L","article_modified_time":"2026-04-15T03:04:54+00:00","og_image":[{"width":600,"height":756,"url":"https:\/\/librairie7l.com\/wp-content\/uploads\/2023\/05\/9782914171793_1_75.jpg","type":"image\/jpeg"}],"twitter_card":"summary_large_image","twitter_misc":{"Est. reading time":"1 minute"},"schema":{"@context":"https:\/\/schema.org","@graph":[{"@type":"WebPage","@id":"https:\/\/librairie7l.com\/en\/produit\/un-gout-parisien-2\/","url":"https:\/\/librairie7l.com\/en\/produit\/un-gout-parisien-2\/","name":"UN GO\u00dbT PARISIEN - Librairie 7L","isPartOf":{"@id":"https:\/\/librairie7l.com\/en\/#website"},"datePublished":"2023-06-09T12:55:44+00:00","dateModified":"2026-04-15T03:04:54+00:00","breadcrumb":{"@id":"https:\/\/librairie7l.com\/en\/produit\/un-gout-parisien-2\/#breadcrumb"},"inLanguage":"en-US","potentialAction":[{"@type":"ReadAction","target":["https:\/\/librairie7l.com\/en\/produit\/un-gout-parisien-2\/"]}]},{"@type":"BreadcrumbList","@id":"https:\/\/librairie7l.com\/en\/produit\/un-gout-parisien-2\/#breadcrumb","itemListElement":[{"@type":"ListItem","position":1,"name":"Accueil","item":"https:\/\/librairie7l.com\/en\/"},{"@type":"ListItem","position":2,"name":"Shop","item":"https:\/\/librairie7l.com\/en\/shop\/"},{"@type":"ListItem","position":3,"name":"UN GO\u00dbT PARISIEN"}]},{"@type":"WebSite","@id":"https:\/\/librairie7l.com\/en\/#website","url":"https:\/\/librairie7l.com\/en\/","name":"Librairie 7L","description":"Librairie fond\u00e9e en 1999 par Karl Lagerfeld \u00e0 Paris","publisher":{"@id":"https:\/\/librairie7l.com\/en\/#organization"},"potentialAction":[{"@type":"SearchAction","target":{"@type":"EntryPoint","urlTemplate":"https:\/\/librairie7l.com\/en\/?s={search_term_string}"},"query-input":"required name=search_term_string"}],"inLanguage":"en-US"},{"@type":"Organization","@id":"https:\/\/librairie7l.com\/en\/#organization","name":"Librairie 7L","url":"https:\/\/librairie7l.com\/en\/","logo":{"@type":"ImageObject","inLanguage":"en-US","@id":"https:\/\/librairie7l.com\/en\/#\/schema\/logo\/image\/","url":"https:\/\/librairie7l.com\/wp-content\/uploads\/2022\/08\/logo-1.png","contentUrl":"https:\/\/librairie7l.com\/wp-content\/uploads\/2022\/08\/logo-1.png","width":227,"height":301,"caption":"Librairie 7L"},"image":{"@id":"https:\/\/librairie7l.com\/en\/#\/schema\/logo\/image\/"}}]}},"_links":{"self":[{"href":"https:\/\/librairie7l.com\/en\/wp-json\/wp\/v2\/product\/32683"}],"collection":[{"href":"https:\/\/librairie7l.com\/en\/wp-json\/wp\/v2\/product"}],"about":[{"href":"https:\/\/librairie7l.com\/en\/wp-json\/wp\/v2\/types\/product"}],"wp:featuredmedia":[{"embeddable":true,"href":"https:\/\/librairie7l.com\/en\/wp-json\/wp\/v2\/media\/32681"}],"wp:attachment":[{"href":"https:\/\/librairie7l.com\/en\/wp-json\/wp\/v2\/media?parent=32683"}],"wp:term":[{"taxonomy":"product_cat","embeddable":true,"href":"https:\/\/librairie7l.com\/en\/wp-json\/wp\/v2\/product_cat?post=32683"},{"taxonomy":"product_tag","embeddable":true,"href":"https:\/\/librairie7l.com\/en\/wp-json\/wp\/v2\/product_tag?post=32683"}],"curies":[{"name":"wp","href":"https:\/\/api.w.org\/{rel}","templated":true}]}}