{"id":32734,"date":"2023-06-17T01:16:16","date_gmt":"2023-06-16T23:16:16","guid":{"rendered":"https:\/\/librairie7l.com\/?post_type=product&#038;p=32734"},"modified":"2026-04-05T06:42:36","modified_gmt":"2026-04-05T04:42:36","slug":"faites-vos-jeux","status":"publish","type":"product","link":"https:\/\/librairie7l.com\/en\/produit\/faites-vos-jeux\/","title":{"rendered":"FAITES VOS JEUX !"},"content":{"rendered":"<p>Ce catalogue d&#8217;exposition accompagnera la prochaine exposition estivale des Franciscaines (du 24 juin au 17 septembre  2023), tout enti\u00e8re consacr\u00e9e aux liens entre l&#8217;art et les jeux de hasard. L&#8217;approche \u00e0 la fois historique &#8211;  des premi\u00e8res  salles de jeux du xviie si\u00e8cle \u00e0 Venise aux casinos que nous connaissons, voire que nous fr\u00e9quentons &#8211; et pluridisciplinaire  (art contemporain, peinture, jeux anciens&#8230;) permettra de p\u00e9n\u00e9trer au coeur de l&#8217;histoire de cet univers de passion et d&#8217;en  saisir les enjeux. L&#8217;ouvrage fera dialoguer une centaine d&#8217;oeuvres pr\u00e9sentes dans l&#8217;exposition \u00e0 travers un parcours organis\u00e9  en trois th\u00e9matiques : la sociabilit\u00e9 particuli\u00e8re de ces lieux souvent de vill\u00e9giature, de thermalisme sera remise en contexte  (mondanit\u00e9s, duels, s\u00e9duction) ; l&#8217;univers du jeu sera pr\u00e9sent \u00e0 travers affiches, objets historiques au design particulier ;<br \/>\nEnfin, la personnalit\u00e9 du joueur sera abord\u00e9e \u00e0 travers sa passion (addiction, excitation, fortune et ruine) et ses travers  (triche, superstition, martingale). Enfin, une part belle sera donn\u00e9e au cin\u00e9ma, car, d\u00e8s ses d\u00e9buts, le septi\u00e8me art s&#8217;est  empar\u00e9 de ce sujet o\u00f9 le suspens, l&#8217;humain et le spectacle tiennent le premier r\u00f4le.<br \/>\nM\u00ealant diff\u00e9rents niveaux de lecture (cartels simples, notices, glossaire), l&#8217;ouvrage sera \u00e9galement riche de textes critiques :<br \/>\nPr\u00e9face de Philippe Augier, maire de Deauville Texte g\u00e9n\u00e9ral de S\u00e9bastien G\u00f6kalp, commissaire de l&#8217;exposition Sur le cin\u00e9ma, Thierry Grillet, ancien directeur des expositions et \u00e9ditions de la Bnf Sur l&#8217;histoire des casinos, \u00e0 Deauville pour Philippe Normand, directeur des affaires culturelles de Deauville  et depuis Venise pour Thierry Depaulis, historien des jeux Sur l&#8217;art, approche philosophique par Sarah Troche, historienne de l&#8217;art, docteure, sp\u00e9cialiste du hasard dans l&#8217;art  et sur Duchamp et le gain pour Didier Semin, historien de l&#8217;art  Sur les jeux dans l&#8217;art contemporain par Michel Gautier, conservateur au Centre Pompidou<\/p>\n","protected":false},"excerpt":{"rendered":"<p>Ce catalogue d&#8217;exposition accompagnera la prochaine exposition estivale des Franciscaines (du 24 juin au 17 septembre 2023), tout enti\u00e8re consacr\u00e9e aux liens entre l&#8217;art et les jeux de hasard. L&#8217;approche \u00e0 la fois historique &#8211; des premi\u00e8res salles de jeux du xviie si\u00e8cle \u00e0 Venise aux casinos que nous connaissons, voire que nous fr\u00e9quentons &#8211; [&hellip;]<\/p>\n","protected":false},"featured_media":32732,"template":"","meta":[],"product_cat":[2948,2953],"product_tag":[],"acf":[],"yoast_head":"<!-- This site is optimized with the Yoast SEO plugin v20.11 - https:\/\/yoast.com\/wordpress\/plugins\/seo\/ -->\n<title>FAITES VOS JEUX ! - Librairie 7L<\/title>\n<meta name=\"robots\" content=\"index, follow, max-snippet:-1, max-image-preview:large, max-video-preview:-1\" \/>\n<link rel=\"canonical\" href=\"https:\/\/librairie7l.com\/en\/produit\/faites-vos-jeux\/\" \/>\n<meta property=\"og:locale\" content=\"en_US\" \/>\n<meta property=\"og:type\" content=\"article\" \/>\n<meta property=\"og:title\" content=\"FAITES VOS JEUX ! - Librairie 7L\" \/>\n<meta property=\"og:description\" content=\"Ce catalogue d&#8217;exposition accompagnera la prochaine exposition estivale des Franciscaines (du 24 juin au 17 septembre 2023), tout enti\u00e8re consacr\u00e9e aux liens entre l&#8217;art et les jeux de hasard. L&#8217;approche \u00e0 la fois historique &#8211; des premi\u00e8res salles de jeux du xviie si\u00e8cle \u00e0 Venise aux casinos que nous connaissons, voire que nous fr\u00e9quentons &#8211; [&hellip;]\" \/>\n<meta property=\"og:url\" content=\"https:\/\/librairie7l.com\/en\/produit\/faites-vos-jeux\/\" \/>\n<meta property=\"og:site_name\" content=\"Librairie 7L\" \/>\n<meta property=\"article:modified_time\" content=\"2026-04-05T04:42:36+00:00\" \/>\n<meta property=\"og:image\" content=\"https:\/\/librairie7l.com\/wp-content\/uploads\/2022\/12\/9782900840160_1_75.jpg\" \/>\n\t<meta property=\"og:image:width\" content=\"400\" \/>\n\t<meta property=\"og:image:height\" content=\"468\" \/>\n\t<meta property=\"og:image:type\" content=\"image\/jpeg\" \/>\n<meta name=\"twitter:card\" content=\"summary_large_image\" \/>\n<meta name=\"twitter:label1\" content=\"Est. reading time\" \/>\n\t<meta name=\"twitter:data1\" content=\"2 minutes\" \/>\n<script type=\"application\/ld+json\" class=\"yoast-schema-graph\">{\"@context\":\"https:\/\/schema.org\",\"@graph\":[{\"@type\":\"WebPage\",\"@id\":\"https:\/\/librairie7l.com\/en\/produit\/faites-vos-jeux\/\",\"url\":\"https:\/\/librairie7l.com\/en\/produit\/faites-vos-jeux\/\",\"name\":\"FAITES VOS JEUX ! - Librairie 7L\",\"isPartOf\":{\"@id\":\"https:\/\/librairie7l.com\/en\/#website\"},\"datePublished\":\"2023-06-16T23:16:16+00:00\",\"dateModified\":\"2026-04-05T04:42:36+00:00\",\"breadcrumb\":{\"@id\":\"https:\/\/librairie7l.com\/en\/produit\/faites-vos-jeux\/#breadcrumb\"},\"inLanguage\":\"en-US\",\"potentialAction\":[{\"@type\":\"ReadAction\",\"target\":[\"https:\/\/librairie7l.com\/en\/produit\/faites-vos-jeux\/\"]}]},{\"@type\":\"BreadcrumbList\",\"@id\":\"https:\/\/librairie7l.com\/en\/produit\/faites-vos-jeux\/#breadcrumb\",\"itemListElement\":[{\"@type\":\"ListItem\",\"position\":1,\"name\":\"Accueil\",\"item\":\"https:\/\/librairie7l.com\/en\/\"},{\"@type\":\"ListItem\",\"position\":2,\"name\":\"Shop\",\"item\":\"https:\/\/librairie7l.com\/en\/shop\/\"},{\"@type\":\"ListItem\",\"position\":3,\"name\":\"FAITES VOS JEUX !\"}]},{\"@type\":\"WebSite\",\"@id\":\"https:\/\/librairie7l.com\/en\/#website\",\"url\":\"https:\/\/librairie7l.com\/en\/\",\"name\":\"Librairie 7L\",\"description\":\"Librairie fond\u00e9e en 1999 par Karl Lagerfeld \u00e0 Paris\",\"publisher\":{\"@id\":\"https:\/\/librairie7l.com\/en\/#organization\"},\"potentialAction\":[{\"@type\":\"SearchAction\",\"target\":{\"@type\":\"EntryPoint\",\"urlTemplate\":\"https:\/\/librairie7l.com\/en\/?s={search_term_string}\"},\"query-input\":\"required name=search_term_string\"}],\"inLanguage\":\"en-US\"},{\"@type\":\"Organization\",\"@id\":\"https:\/\/librairie7l.com\/en\/#organization\",\"name\":\"Librairie 7L\",\"url\":\"https:\/\/librairie7l.com\/en\/\",\"logo\":{\"@type\":\"ImageObject\",\"inLanguage\":\"en-US\",\"@id\":\"https:\/\/librairie7l.com\/en\/#\/schema\/logo\/image\/\",\"url\":\"https:\/\/librairie7l.com\/wp-content\/uploads\/2022\/08\/logo-1.png\",\"contentUrl\":\"https:\/\/librairie7l.com\/wp-content\/uploads\/2022\/08\/logo-1.png\",\"width\":227,\"height\":301,\"caption\":\"Librairie 7L\"},\"image\":{\"@id\":\"https:\/\/librairie7l.com\/en\/#\/schema\/logo\/image\/\"}}]}<\/script>\n<!-- \/ Yoast SEO plugin. -->","yoast_head_json":{"title":"FAITES VOS JEUX ! - Librairie 7L","robots":{"index":"index","follow":"follow","max-snippet":"max-snippet:-1","max-image-preview":"max-image-preview:large","max-video-preview":"max-video-preview:-1"},"canonical":"https:\/\/librairie7l.com\/en\/produit\/faites-vos-jeux\/","og_locale":"en_US","og_type":"article","og_title":"FAITES VOS JEUX ! - Librairie 7L","og_description":"Ce catalogue d&#8217;exposition accompagnera la prochaine exposition estivale des Franciscaines (du 24 juin au 17 septembre 2023), tout enti\u00e8re consacr\u00e9e aux liens entre l&#8217;art et les jeux de hasard. L&#8217;approche \u00e0 la fois historique &#8211; des premi\u00e8res salles de jeux du xviie si\u00e8cle \u00e0 Venise aux casinos que nous connaissons, voire que nous fr\u00e9quentons &#8211; [&hellip;]","og_url":"https:\/\/librairie7l.com\/en\/produit\/faites-vos-jeux\/","og_site_name":"Librairie 7L","article_modified_time":"2026-04-05T04:42:36+00:00","og_image":[{"width":400,"height":468,"url":"https:\/\/librairie7l.com\/wp-content\/uploads\/2022\/12\/9782900840160_1_75.jpg","type":"image\/jpeg"}],"twitter_card":"summary_large_image","twitter_misc":{"Est. reading time":"2 minutes"},"schema":{"@context":"https:\/\/schema.org","@graph":[{"@type":"WebPage","@id":"https:\/\/librairie7l.com\/en\/produit\/faites-vos-jeux\/","url":"https:\/\/librairie7l.com\/en\/produit\/faites-vos-jeux\/","name":"FAITES VOS JEUX ! - Librairie 7L","isPartOf":{"@id":"https:\/\/librairie7l.com\/en\/#website"},"datePublished":"2023-06-16T23:16:16+00:00","dateModified":"2026-04-05T04:42:36+00:00","breadcrumb":{"@id":"https:\/\/librairie7l.com\/en\/produit\/faites-vos-jeux\/#breadcrumb"},"inLanguage":"en-US","potentialAction":[{"@type":"ReadAction","target":["https:\/\/librairie7l.com\/en\/produit\/faites-vos-jeux\/"]}]},{"@type":"BreadcrumbList","@id":"https:\/\/librairie7l.com\/en\/produit\/faites-vos-jeux\/#breadcrumb","itemListElement":[{"@type":"ListItem","position":1,"name":"Accueil","item":"https:\/\/librairie7l.com\/en\/"},{"@type":"ListItem","position":2,"name":"Shop","item":"https:\/\/librairie7l.com\/en\/shop\/"},{"@type":"ListItem","position":3,"name":"FAITES VOS JEUX !"}]},{"@type":"WebSite","@id":"https:\/\/librairie7l.com\/en\/#website","url":"https:\/\/librairie7l.com\/en\/","name":"Librairie 7L","description":"Librairie fond\u00e9e en 1999 par Karl Lagerfeld \u00e0 Paris","publisher":{"@id":"https:\/\/librairie7l.com\/en\/#organization"},"potentialAction":[{"@type":"SearchAction","target":{"@type":"EntryPoint","urlTemplate":"https:\/\/librairie7l.com\/en\/?s={search_term_string}"},"query-input":"required name=search_term_string"}],"inLanguage":"en-US"},{"@type":"Organization","@id":"https:\/\/librairie7l.com\/en\/#organization","name":"Librairie 7L","url":"https:\/\/librairie7l.com\/en\/","logo":{"@type":"ImageObject","inLanguage":"en-US","@id":"https:\/\/librairie7l.com\/en\/#\/schema\/logo\/image\/","url":"https:\/\/librairie7l.com\/wp-content\/uploads\/2022\/08\/logo-1.png","contentUrl":"https:\/\/librairie7l.com\/wp-content\/uploads\/2022\/08\/logo-1.png","width":227,"height":301,"caption":"Librairie 7L"},"image":{"@id":"https:\/\/librairie7l.com\/en\/#\/schema\/logo\/image\/"}}]}},"_links":{"self":[{"href":"https:\/\/librairie7l.com\/en\/wp-json\/wp\/v2\/product\/32734"}],"collection":[{"href":"https:\/\/librairie7l.com\/en\/wp-json\/wp\/v2\/product"}],"about":[{"href":"https:\/\/librairie7l.com\/en\/wp-json\/wp\/v2\/types\/product"}],"wp:featuredmedia":[{"embeddable":true,"href":"https:\/\/librairie7l.com\/en\/wp-json\/wp\/v2\/media\/32732"}],"wp:attachment":[{"href":"https:\/\/librairie7l.com\/en\/wp-json\/wp\/v2\/media?parent=32734"}],"wp:term":[{"taxonomy":"product_cat","embeddable":true,"href":"https:\/\/librairie7l.com\/en\/wp-json\/wp\/v2\/product_cat?post=32734"},{"taxonomy":"product_tag","embeddable":true,"href":"https:\/\/librairie7l.com\/en\/wp-json\/wp\/v2\/product_tag?post=32734"}],"curies":[{"name":"wp","href":"https:\/\/api.w.org\/{rel}","templated":true}]}}