{"id":32738,"date":"2023-06-17T01:16:14","date_gmt":"2023-06-16T23:16:14","guid":{"rendered":"https:\/\/librairie7l.com\/?post_type=product&#038;p=32738"},"modified":"2026-04-26T04:05:42","modified_gmt":"2026-04-26T02:05:42","slug":"les-metamorphoses-du-bijou-1880-1914","status":"publish","type":"product","link":"https:\/\/librairie7l.com\/en\/produit\/les-metamorphoses-du-bijou-1880-1914\/","title":{"rendered":"LES M\u00c9TAMORPHOSES DU BIJOU, 1880-1914"},"content":{"rendered":"<p>D\u00e8s la fin du xixe , la joaillerie devient un vecteur important de l&#8217;exp\u00e9rimentation formelle et de l&#8217;innovation plastique de son \u00e9poque, gr\u00e2ce au d\u00e9veloppement des connaissances en mati\u00e8re de pierre, des techniques de taille et de sertissage. Livres et expositions permettent de mettre en valeur cet art d\u00e9coratif de premier plan qui accompagne le romantisme dans ses derniers feux avant d&#8217;adopter le r\u00e9pertoire Art nouveau naissant.<br \/>\nLes paysages de l&#8217;\u00e2me, les songes et cauchemars du symbolisme imagin\u00e9s par Lalique, Fouquet ou Carabin, de m\u00eame que les formes et motifs emprunt\u00e9s \u00e0 la Renaissance d&#8217;Eug\u00e8ne Grasset ou Lucien Gaillard c\u00e8dent la place \u00e0 une faune et une flore issues d&#8217;un nouvel imaginaire biologique, aquatique et sous-marin, nourries par la vulgarisation des grandes d\u00e9couvertes scientifiques et de la pens\u00e9e \u00e9volutionniste. Pour mieux repr\u00e9senter la nature, Vever, Lalique, Boucheron, Fouquet ou Nocq introduisent des mat\u00e9riaux nouveaux :<br \/>\nCorne, plume, \u00e9ventail plus diversifi\u00e9 de pierres semi-pr\u00e9cieuses.<br \/>\nL&#8217;\u00e9tude des plantes comme des min\u00e9raux et cristaux, notamment gr\u00e2ce aux magnifiques planches \u00e9labor\u00e9es par le biologiste Ernst Haeckel, ouvre \u00e9galement la voie, d\u00e8s les ann\u00e9es 1900, \u00e0 un nouvel ordre  d\u00e9coratif r\u00e9v\u00e9lant la structure cristalline des micro-organismes. Cette g\u00e9om\u00e9trisation tout en retenue ouvre  le champ de l&#8217;abstraction et du mouvement Art d\u00e9co qui s&#8217;affirmera d\u00e8s les ann\u00e9es 1910 avant de  triompher dans les ann\u00e9es 1920.<br \/>\nAccompagn\u00e9 d&#8217;un glossaire des mat\u00e9riaux et techniques et de notices biographiques des principaux acteurs de l&#8217;\u00e9poque, cet ouvrage permet de comprendre la richesse et l&#8217;\u00e9volution stylistique du bijou et de le replacer dans l&#8217;art de son temps.<\/p>\n","protected":false},"excerpt":{"rendered":"<p>D\u00e8s la fin du xixe , la joaillerie devient un vecteur important de l&#8217;exp\u00e9rimentation formelle et de l&#8217;innovation plastique de son \u00e9poque, gr\u00e2ce au d\u00e9veloppement des connaissances en mati\u00e8re de pierre, des techniques de taille et de sertissage. Livres et expositions permettent de mettre en valeur cet art d\u00e9coratif de premier plan qui accompagne le [&hellip;]<\/p>\n","protected":false},"featured_media":32736,"template":"","meta":[],"product_cat":[2948,2957],"product_tag":[],"acf":[],"yoast_head":"<!-- This site is optimized with the Yoast SEO plugin v20.11 - https:\/\/yoast.com\/wordpress\/plugins\/seo\/ -->\n<title>LES M\u00c9TAMORPHOSES DU BIJOU, 1880-1914 - Librairie 7L<\/title>\n<meta name=\"robots\" content=\"index, follow, max-snippet:-1, max-image-preview:large, max-video-preview:-1\" \/>\n<link rel=\"canonical\" href=\"https:\/\/librairie7l.com\/en\/produit\/les-metamorphoses-du-bijou-1880-1914\/\" \/>\n<meta property=\"og:locale\" content=\"en_US\" \/>\n<meta property=\"og:type\" content=\"article\" \/>\n<meta property=\"og:title\" content=\"LES M\u00c9TAMORPHOSES DU BIJOU, 1880-1914 - Librairie 7L\" \/>\n<meta property=\"og:description\" content=\"D\u00e8s la fin du xixe , la joaillerie devient un vecteur important de l&#8217;exp\u00e9rimentation formelle et de l&#8217;innovation plastique de son \u00e9poque, gr\u00e2ce au d\u00e9veloppement des connaissances en mati\u00e8re de pierre, des techniques de taille et de sertissage. Livres et expositions permettent de mettre en valeur cet art d\u00e9coratif de premier plan qui accompagne le [&hellip;]\" \/>\n<meta property=\"og:url\" content=\"https:\/\/librairie7l.com\/en\/produit\/les-metamorphoses-du-bijou-1880-1914\/\" \/>\n<meta property=\"og:site_name\" content=\"Librairie 7L\" \/>\n<meta property=\"article:modified_time\" content=\"2026-04-26T02:05:42+00:00\" \/>\n<meta property=\"og:image\" content=\"https:\/\/librairie7l.com\/wp-content\/uploads\/2022\/11\/9782376660750_1_75.jpg\" \/>\n\t<meta property=\"og:image:width\" content=\"400\" \/>\n\t<meta property=\"og:image:height\" content=\"509\" \/>\n\t<meta property=\"og:image:type\" content=\"image\/jpeg\" \/>\n<meta name=\"twitter:card\" content=\"summary_large_image\" \/>\n<meta name=\"twitter:label1\" content=\"Est. reading time\" \/>\n\t<meta name=\"twitter:data1\" content=\"1 minute\" \/>\n<script type=\"application\/ld+json\" class=\"yoast-schema-graph\">{\"@context\":\"https:\/\/schema.org\",\"@graph\":[{\"@type\":\"WebPage\",\"@id\":\"https:\/\/librairie7l.com\/en\/produit\/les-metamorphoses-du-bijou-1880-1914\/\",\"url\":\"https:\/\/librairie7l.com\/en\/produit\/les-metamorphoses-du-bijou-1880-1914\/\",\"name\":\"LES M\u00c9TAMORPHOSES DU BIJOU, 1880-1914 - Librairie 7L\",\"isPartOf\":{\"@id\":\"https:\/\/librairie7l.com\/en\/#website\"},\"datePublished\":\"2023-06-16T23:16:14+00:00\",\"dateModified\":\"2026-04-26T02:05:42+00:00\",\"breadcrumb\":{\"@id\":\"https:\/\/librairie7l.com\/en\/produit\/les-metamorphoses-du-bijou-1880-1914\/#breadcrumb\"},\"inLanguage\":\"en-US\",\"potentialAction\":[{\"@type\":\"ReadAction\",\"target\":[\"https:\/\/librairie7l.com\/en\/produit\/les-metamorphoses-du-bijou-1880-1914\/\"]}]},{\"@type\":\"BreadcrumbList\",\"@id\":\"https:\/\/librairie7l.com\/en\/produit\/les-metamorphoses-du-bijou-1880-1914\/#breadcrumb\",\"itemListElement\":[{\"@type\":\"ListItem\",\"position\":1,\"name\":\"Accueil\",\"item\":\"https:\/\/librairie7l.com\/en\/\"},{\"@type\":\"ListItem\",\"position\":2,\"name\":\"Shop\",\"item\":\"https:\/\/librairie7l.com\/en\/shop\/\"},{\"@type\":\"ListItem\",\"position\":3,\"name\":\"LES M\u00c9TAMORPHOSES DU BIJOU, 1880-1914\"}]},{\"@type\":\"WebSite\",\"@id\":\"https:\/\/librairie7l.com\/en\/#website\",\"url\":\"https:\/\/librairie7l.com\/en\/\",\"name\":\"Librairie 7L\",\"description\":\"Librairie fond\u00e9e en 1999 par Karl Lagerfeld \u00e0 Paris\",\"publisher\":{\"@id\":\"https:\/\/librairie7l.com\/en\/#organization\"},\"potentialAction\":[{\"@type\":\"SearchAction\",\"target\":{\"@type\":\"EntryPoint\",\"urlTemplate\":\"https:\/\/librairie7l.com\/en\/?s={search_term_string}\"},\"query-input\":\"required name=search_term_string\"}],\"inLanguage\":\"en-US\"},{\"@type\":\"Organization\",\"@id\":\"https:\/\/librairie7l.com\/en\/#organization\",\"name\":\"Librairie 7L\",\"url\":\"https:\/\/librairie7l.com\/en\/\",\"logo\":{\"@type\":\"ImageObject\",\"inLanguage\":\"en-US\",\"@id\":\"https:\/\/librairie7l.com\/en\/#\/schema\/logo\/image\/\",\"url\":\"https:\/\/librairie7l.com\/wp-content\/uploads\/2022\/08\/logo-1.png\",\"contentUrl\":\"https:\/\/librairie7l.com\/wp-content\/uploads\/2022\/08\/logo-1.png\",\"width\":227,\"height\":301,\"caption\":\"Librairie 7L\"},\"image\":{\"@id\":\"https:\/\/librairie7l.com\/en\/#\/schema\/logo\/image\/\"}}]}<\/script>\n<!-- \/ Yoast SEO plugin. -->","yoast_head_json":{"title":"LES M\u00c9TAMORPHOSES DU BIJOU, 1880-1914 - Librairie 7L","robots":{"index":"index","follow":"follow","max-snippet":"max-snippet:-1","max-image-preview":"max-image-preview:large","max-video-preview":"max-video-preview:-1"},"canonical":"https:\/\/librairie7l.com\/en\/produit\/les-metamorphoses-du-bijou-1880-1914\/","og_locale":"en_US","og_type":"article","og_title":"LES M\u00c9TAMORPHOSES DU BIJOU, 1880-1914 - Librairie 7L","og_description":"D\u00e8s la fin du xixe , la joaillerie devient un vecteur important de l&#8217;exp\u00e9rimentation formelle et de l&#8217;innovation plastique de son \u00e9poque, gr\u00e2ce au d\u00e9veloppement des connaissances en mati\u00e8re de pierre, des techniques de taille et de sertissage. Livres et expositions permettent de mettre en valeur cet art d\u00e9coratif de premier plan qui accompagne le [&hellip;]","og_url":"https:\/\/librairie7l.com\/en\/produit\/les-metamorphoses-du-bijou-1880-1914\/","og_site_name":"Librairie 7L","article_modified_time":"2026-04-26T02:05:42+00:00","og_image":[{"width":400,"height":509,"url":"https:\/\/librairie7l.com\/wp-content\/uploads\/2022\/11\/9782376660750_1_75.jpg","type":"image\/jpeg"}],"twitter_card":"summary_large_image","twitter_misc":{"Est. reading time":"1 minute"},"schema":{"@context":"https:\/\/schema.org","@graph":[{"@type":"WebPage","@id":"https:\/\/librairie7l.com\/en\/produit\/les-metamorphoses-du-bijou-1880-1914\/","url":"https:\/\/librairie7l.com\/en\/produit\/les-metamorphoses-du-bijou-1880-1914\/","name":"LES M\u00c9TAMORPHOSES DU BIJOU, 1880-1914 - Librairie 7L","isPartOf":{"@id":"https:\/\/librairie7l.com\/en\/#website"},"datePublished":"2023-06-16T23:16:14+00:00","dateModified":"2026-04-26T02:05:42+00:00","breadcrumb":{"@id":"https:\/\/librairie7l.com\/en\/produit\/les-metamorphoses-du-bijou-1880-1914\/#breadcrumb"},"inLanguage":"en-US","potentialAction":[{"@type":"ReadAction","target":["https:\/\/librairie7l.com\/en\/produit\/les-metamorphoses-du-bijou-1880-1914\/"]}]},{"@type":"BreadcrumbList","@id":"https:\/\/librairie7l.com\/en\/produit\/les-metamorphoses-du-bijou-1880-1914\/#breadcrumb","itemListElement":[{"@type":"ListItem","position":1,"name":"Accueil","item":"https:\/\/librairie7l.com\/en\/"},{"@type":"ListItem","position":2,"name":"Shop","item":"https:\/\/librairie7l.com\/en\/shop\/"},{"@type":"ListItem","position":3,"name":"LES M\u00c9TAMORPHOSES DU BIJOU, 1880-1914"}]},{"@type":"WebSite","@id":"https:\/\/librairie7l.com\/en\/#website","url":"https:\/\/librairie7l.com\/en\/","name":"Librairie 7L","description":"Librairie fond\u00e9e en 1999 par Karl Lagerfeld \u00e0 Paris","publisher":{"@id":"https:\/\/librairie7l.com\/en\/#organization"},"potentialAction":[{"@type":"SearchAction","target":{"@type":"EntryPoint","urlTemplate":"https:\/\/librairie7l.com\/en\/?s={search_term_string}"},"query-input":"required name=search_term_string"}],"inLanguage":"en-US"},{"@type":"Organization","@id":"https:\/\/librairie7l.com\/en\/#organization","name":"Librairie 7L","url":"https:\/\/librairie7l.com\/en\/","logo":{"@type":"ImageObject","inLanguage":"en-US","@id":"https:\/\/librairie7l.com\/en\/#\/schema\/logo\/image\/","url":"https:\/\/librairie7l.com\/wp-content\/uploads\/2022\/08\/logo-1.png","contentUrl":"https:\/\/librairie7l.com\/wp-content\/uploads\/2022\/08\/logo-1.png","width":227,"height":301,"caption":"Librairie 7L"},"image":{"@id":"https:\/\/librairie7l.com\/en\/#\/schema\/logo\/image\/"}}]}},"_links":{"self":[{"href":"https:\/\/librairie7l.com\/en\/wp-json\/wp\/v2\/product\/32738"}],"collection":[{"href":"https:\/\/librairie7l.com\/en\/wp-json\/wp\/v2\/product"}],"about":[{"href":"https:\/\/librairie7l.com\/en\/wp-json\/wp\/v2\/types\/product"}],"wp:featuredmedia":[{"embeddable":true,"href":"https:\/\/librairie7l.com\/en\/wp-json\/wp\/v2\/media\/32736"}],"wp:attachment":[{"href":"https:\/\/librairie7l.com\/en\/wp-json\/wp\/v2\/media?parent=32738"}],"wp:term":[{"taxonomy":"product_cat","embeddable":true,"href":"https:\/\/librairie7l.com\/en\/wp-json\/wp\/v2\/product_cat?post=32738"},{"taxonomy":"product_tag","embeddable":true,"href":"https:\/\/librairie7l.com\/en\/wp-json\/wp\/v2\/product_tag?post=32738"}],"curies":[{"name":"wp","href":"https:\/\/api.w.org\/{rel}","templated":true}]}}