{"id":32742,"date":"2023-06-16T01:16:18","date_gmt":"2023-06-15T23:16:18","guid":{"rendered":"https:\/\/librairie7l.com\/?post_type=product&#038;p=32742"},"modified":"2026-04-06T07:11:32","modified_gmt":"2026-04-06T05:11:32","slug":"erased","status":"publish","type":"product","link":"https:\/\/librairie7l.com\/en\/produit\/erased\/","title":{"rendered":"ERASED"},"content":{"rendered":"<p>La Chine est un th\u00e8me central dans l&#8217;oeuvre de Bertrand Meunier, membre du collectif fran\u00e7ais Tendance Floue.<br \/>\nCette premi\u00e8re monographie du photographe constitue l&#8217;aboutissement d&#8217;un travail au long cours men\u00e9 dans ce pays, tout d&#8217;abord sur les mutations du monde paysan et industriel chinois \u00e0 partir de 1998 avec la s\u00e9rie Erased puis REC sur la soci\u00e9t\u00e9 de surveillance \u00e0 outrance et les \u00e9v\u00e9nements r\u00e9cents de protestation \u00e0 Hong Kong. \u00c0 travers ces \u00e9tudes de terrain men\u00e9es sur plus de vingt ans, Bertrand Meunier scrute, examine l&#8217;\u00e9volution de l&#8217;empire du Milieu et dresse un \u00e9tat des lieux sans concession de ce pays o\u00f9 les transformations sociales exacerbent les in\u00e9galit\u00e9s. Il s&#8217;int\u00e9resse ainsi aux villes p\u00e9riph\u00e9riques, aux laiss\u00e9s-pour-compte et \u00e0 la duret\u00e9 du quotidien.<\/p>\n<p>Privil\u00e9giant le temps long, il s&#8217;inscrit dans une d\u00e9marche documentaire \u00e9loign\u00e9e de l&#8217;actualit\u00e9, portant sur une analyse sociologique o\u00f9 l&#8217;information se trouve souvent hors du cadre. \u00c0 travers des images fortes, m\u00e9ticuleusement compos\u00e9es, il construit des s\u00e9quences narratives dans une d\u00e9marche proche du cin\u00e9matographique, empreintes d&#8217;onirisme. Le choix du noir et blanc, de tonalit\u00e9s contrast\u00e9es, de l&#8217;argentique qui fait ressortir le grain, la mati\u00e8re de ces zones industrielles oscillant entre gris fantomatique et noir charbonneux, t\u00e9moignent d&#8217;un univers \u00e0 la fois dur, po\u00e9tique et tourment\u00e9 qui correspond \u00e0 sa vision subjective de la soci\u00e9t\u00e9 chinoise.<\/p>\n<p>Texte de Pierre Haski, Journaliste fran\u00e7ais sp\u00e9cialiste de la Chine<\/p>\n","protected":false},"excerpt":{"rendered":"<p>La Chine est un th\u00e8me central dans l&#8217;oeuvre de Bertrand Meunier, membre du collectif fran\u00e7ais Tendance Floue. Cette premi\u00e8re monographie du photographe constitue l&#8217;aboutissement d&#8217;un travail au long cours men\u00e9 dans ce pays, tout d&#8217;abord sur les mutations du monde paysan et industriel chinois \u00e0 partir de 1998 avec la s\u00e9rie Erased puis REC sur [&hellip;]<\/p>\n","protected":false},"featured_media":33605,"template":"","meta":[],"product_cat":[2948,2958],"product_tag":[],"acf":[],"yoast_head":"<!-- This site is optimized with the Yoast SEO plugin v20.11 - https:\/\/yoast.com\/wordpress\/plugins\/seo\/ -->\n<title>ERASED - Librairie 7L<\/title>\n<meta name=\"robots\" content=\"index, follow, max-snippet:-1, max-image-preview:large, max-video-preview:-1\" \/>\n<link rel=\"canonical\" href=\"https:\/\/librairie7l.com\/en\/produit\/erased\/\" \/>\n<meta property=\"og:locale\" content=\"en_US\" \/>\n<meta property=\"og:type\" content=\"article\" \/>\n<meta property=\"og:title\" content=\"ERASED - Librairie 7L\" \/>\n<meta property=\"og:description\" content=\"La Chine est un th\u00e8me central dans l&#8217;oeuvre de Bertrand Meunier, membre du collectif fran\u00e7ais Tendance Floue. Cette premi\u00e8re monographie du photographe constitue l&#8217;aboutissement d&#8217;un travail au long cours men\u00e9 dans ce pays, tout d&#8217;abord sur les mutations du monde paysan et industriel chinois \u00e0 partir de 1998 avec la s\u00e9rie Erased puis REC sur [&hellip;]\" \/>\n<meta property=\"og:url\" content=\"https:\/\/librairie7l.com\/en\/produit\/erased\/\" \/>\n<meta property=\"og:site_name\" content=\"Librairie 7L\" \/>\n<meta property=\"article:modified_time\" content=\"2026-04-06T05:11:32+00:00\" \/>\n<meta property=\"og:image\" content=\"https:\/\/librairie7l.com\/wp-content\/uploads\/2023\/02\/9782365113687_1_75.jpg\" \/>\n\t<meta property=\"og:image:width\" content=\"600\" \/>\n\t<meta property=\"og:image:height\" content=\"819\" \/>\n\t<meta property=\"og:image:type\" content=\"image\/jpeg\" \/>\n<meta name=\"twitter:card\" content=\"summary_large_image\" \/>\n<meta name=\"twitter:label1\" content=\"Est. reading time\" \/>\n\t<meta name=\"twitter:data1\" content=\"1 minute\" \/>\n<script type=\"application\/ld+json\" class=\"yoast-schema-graph\">{\"@context\":\"https:\/\/schema.org\",\"@graph\":[{\"@type\":\"WebPage\",\"@id\":\"https:\/\/librairie7l.com\/en\/produit\/erased\/\",\"url\":\"https:\/\/librairie7l.com\/en\/produit\/erased\/\",\"name\":\"ERASED - Librairie 7L\",\"isPartOf\":{\"@id\":\"https:\/\/librairie7l.com\/en\/#website\"},\"datePublished\":\"2023-06-15T23:16:18+00:00\",\"dateModified\":\"2026-04-06T05:11:32+00:00\",\"breadcrumb\":{\"@id\":\"https:\/\/librairie7l.com\/en\/produit\/erased\/#breadcrumb\"},\"inLanguage\":\"en-US\",\"potentialAction\":[{\"@type\":\"ReadAction\",\"target\":[\"https:\/\/librairie7l.com\/en\/produit\/erased\/\"]}]},{\"@type\":\"BreadcrumbList\",\"@id\":\"https:\/\/librairie7l.com\/en\/produit\/erased\/#breadcrumb\",\"itemListElement\":[{\"@type\":\"ListItem\",\"position\":1,\"name\":\"Accueil\",\"item\":\"https:\/\/librairie7l.com\/en\/\"},{\"@type\":\"ListItem\",\"position\":2,\"name\":\"Shop\",\"item\":\"https:\/\/librairie7l.com\/en\/shop\/\"},{\"@type\":\"ListItem\",\"position\":3,\"name\":\"ERASED\"}]},{\"@type\":\"WebSite\",\"@id\":\"https:\/\/librairie7l.com\/en\/#website\",\"url\":\"https:\/\/librairie7l.com\/en\/\",\"name\":\"Librairie 7L\",\"description\":\"Librairie fond\u00e9e en 1999 par Karl Lagerfeld \u00e0 Paris\",\"publisher\":{\"@id\":\"https:\/\/librairie7l.com\/en\/#organization\"},\"potentialAction\":[{\"@type\":\"SearchAction\",\"target\":{\"@type\":\"EntryPoint\",\"urlTemplate\":\"https:\/\/librairie7l.com\/en\/?s={search_term_string}\"},\"query-input\":\"required name=search_term_string\"}],\"inLanguage\":\"en-US\"},{\"@type\":\"Organization\",\"@id\":\"https:\/\/librairie7l.com\/en\/#organization\",\"name\":\"Librairie 7L\",\"url\":\"https:\/\/librairie7l.com\/en\/\",\"logo\":{\"@type\":\"ImageObject\",\"inLanguage\":\"en-US\",\"@id\":\"https:\/\/librairie7l.com\/en\/#\/schema\/logo\/image\/\",\"url\":\"https:\/\/librairie7l.com\/wp-content\/uploads\/2022\/08\/logo-1.png\",\"contentUrl\":\"https:\/\/librairie7l.com\/wp-content\/uploads\/2022\/08\/logo-1.png\",\"width\":227,\"height\":301,\"caption\":\"Librairie 7L\"},\"image\":{\"@id\":\"https:\/\/librairie7l.com\/en\/#\/schema\/logo\/image\/\"}}]}<\/script>\n<!-- \/ Yoast SEO plugin. -->","yoast_head_json":{"title":"ERASED - Librairie 7L","robots":{"index":"index","follow":"follow","max-snippet":"max-snippet:-1","max-image-preview":"max-image-preview:large","max-video-preview":"max-video-preview:-1"},"canonical":"https:\/\/librairie7l.com\/en\/produit\/erased\/","og_locale":"en_US","og_type":"article","og_title":"ERASED - Librairie 7L","og_description":"La Chine est un th\u00e8me central dans l&#8217;oeuvre de Bertrand Meunier, membre du collectif fran\u00e7ais Tendance Floue. Cette premi\u00e8re monographie du photographe constitue l&#8217;aboutissement d&#8217;un travail au long cours men\u00e9 dans ce pays, tout d&#8217;abord sur les mutations du monde paysan et industriel chinois \u00e0 partir de 1998 avec la s\u00e9rie Erased puis REC sur [&hellip;]","og_url":"https:\/\/librairie7l.com\/en\/produit\/erased\/","og_site_name":"Librairie 7L","article_modified_time":"2026-04-06T05:11:32+00:00","og_image":[{"width":600,"height":819,"url":"https:\/\/librairie7l.com\/wp-content\/uploads\/2023\/02\/9782365113687_1_75.jpg","type":"image\/jpeg"}],"twitter_card":"summary_large_image","twitter_misc":{"Est. reading time":"1 minute"},"schema":{"@context":"https:\/\/schema.org","@graph":[{"@type":"WebPage","@id":"https:\/\/librairie7l.com\/en\/produit\/erased\/","url":"https:\/\/librairie7l.com\/en\/produit\/erased\/","name":"ERASED - Librairie 7L","isPartOf":{"@id":"https:\/\/librairie7l.com\/en\/#website"},"datePublished":"2023-06-15T23:16:18+00:00","dateModified":"2026-04-06T05:11:32+00:00","breadcrumb":{"@id":"https:\/\/librairie7l.com\/en\/produit\/erased\/#breadcrumb"},"inLanguage":"en-US","potentialAction":[{"@type":"ReadAction","target":["https:\/\/librairie7l.com\/en\/produit\/erased\/"]}]},{"@type":"BreadcrumbList","@id":"https:\/\/librairie7l.com\/en\/produit\/erased\/#breadcrumb","itemListElement":[{"@type":"ListItem","position":1,"name":"Accueil","item":"https:\/\/librairie7l.com\/en\/"},{"@type":"ListItem","position":2,"name":"Shop","item":"https:\/\/librairie7l.com\/en\/shop\/"},{"@type":"ListItem","position":3,"name":"ERASED"}]},{"@type":"WebSite","@id":"https:\/\/librairie7l.com\/en\/#website","url":"https:\/\/librairie7l.com\/en\/","name":"Librairie 7L","description":"Librairie fond\u00e9e en 1999 par Karl Lagerfeld \u00e0 Paris","publisher":{"@id":"https:\/\/librairie7l.com\/en\/#organization"},"potentialAction":[{"@type":"SearchAction","target":{"@type":"EntryPoint","urlTemplate":"https:\/\/librairie7l.com\/en\/?s={search_term_string}"},"query-input":"required name=search_term_string"}],"inLanguage":"en-US"},{"@type":"Organization","@id":"https:\/\/librairie7l.com\/en\/#organization","name":"Librairie 7L","url":"https:\/\/librairie7l.com\/en\/","logo":{"@type":"ImageObject","inLanguage":"en-US","@id":"https:\/\/librairie7l.com\/en\/#\/schema\/logo\/image\/","url":"https:\/\/librairie7l.com\/wp-content\/uploads\/2022\/08\/logo-1.png","contentUrl":"https:\/\/librairie7l.com\/wp-content\/uploads\/2022\/08\/logo-1.png","width":227,"height":301,"caption":"Librairie 7L"},"image":{"@id":"https:\/\/librairie7l.com\/en\/#\/schema\/logo\/image\/"}}]}},"_links":{"self":[{"href":"https:\/\/librairie7l.com\/en\/wp-json\/wp\/v2\/product\/32742"}],"collection":[{"href":"https:\/\/librairie7l.com\/en\/wp-json\/wp\/v2\/product"}],"about":[{"href":"https:\/\/librairie7l.com\/en\/wp-json\/wp\/v2\/types\/product"}],"wp:featuredmedia":[{"embeddable":true,"href":"https:\/\/librairie7l.com\/en\/wp-json\/wp\/v2\/media\/33605"}],"wp:attachment":[{"href":"https:\/\/librairie7l.com\/en\/wp-json\/wp\/v2\/media?parent=32742"}],"wp:term":[{"taxonomy":"product_cat","embeddable":true,"href":"https:\/\/librairie7l.com\/en\/wp-json\/wp\/v2\/product_cat?post=32742"},{"taxonomy":"product_tag","embeddable":true,"href":"https:\/\/librairie7l.com\/en\/wp-json\/wp\/v2\/product_tag?post=32742"}],"curies":[{"name":"wp","href":"https:\/\/api.w.org\/{rel}","templated":true}]}}