{"id":32765,"date":"2023-06-23T01:16:14","date_gmt":"2023-06-22T23:16:14","guid":{"rendered":"https:\/\/librairie7l.com\/?post_type=product&#038;p=32765"},"modified":"2026-04-18T20:49:49","modified_gmt":"2026-04-18T18:49:49","slug":"charles-freger-souvenir-dalsace","status":"publish","type":"product","link":"https:\/\/librairie7l.com\/en\/produit\/charles-freger-souvenir-dalsace\/","title":{"rendered":"CHARLES FREGER : SOUVENIR D&#8217;ALSACE"},"content":{"rendered":"<p>Apr\u00e8s la Bretagne et le Pays basque, le photographe Charles Fr\u00e9ger dirige son objectif vers l&#8217;Alsace. Apr\u00e8s avoir \u00e9tudi\u00e9 l&#8217;histoire de la r\u00e9gion et les collections du Mus\u00e9e alsacien, il propose une oeuvre forte, m\u00ealant photographies, vid\u00e9os, c\u00e9ramiques et films d&#8217;animation, qui invite \u00e0 m\u00e9diter sur la fronti\u00e8re t\u00e9nue entre imagerie traditionnelle et outils de propagande.<br \/>\nC&#8217;est au tournant des ann\u00e9es 2000 que Charles Fr\u00e9ger (n\u00e9 en 1975) engage son travail en tant que photographe. Int\u00e9ress\u00e9 par l&#8217;uniforme, les questions d&#8217;individualit\u00e9 et de groupe, il photographie en s\u00e9rie sportif&middot;ves et militaires. On le conna\u00eet aussi depuis pour ses s\u00e9ries plus  anthropologiques , \u00e0 l&#8217;image de Wilder Mann (2010-en cours), dans laquelle il repr\u00e9sente les figures de  sauvages  dans les traditions populaires europ\u00e9ennes.<\/p>\n<p>Charles Fr\u00e9ger se penche depuis 2011 sur le sujet des identit\u00e9s r\u00e9gionales, avec trois projets. Apr\u00e8s Bretonnes (2011-2014) et La Suite basque (2015-2017), il cl\u00f4t cette r\u00e9flexion avec Souvenir d&#8217;Alsace. R\u00e9alis\u00e9 dans le cadre d&#8217;une r\u00e9sidence au Mus\u00e9e alsacien (2018-en cours), ce projet sera pr\u00e9sent\u00e9 au public au cours d&#8217;une exposition qui se tiendra entre juin 2023 et avril 2024. En partant du costume r\u00e9gional et, par extension, des images cr\u00e9\u00e9es dans des situations historiques sp\u00e9cifiques, parfois sur un ton de propagande, le photographe d\u00e9veloppe un discours complexe et critique sur la question du folklore et la construction de l&#8217; identit\u00e9  alsacienne. Fr\u00e9ger revisite l&#8217;histoire tourment\u00e9e de l&#8217;Alsace \u00e0 travers les collections du Mus\u00e9e alsacien en r\u00e9activant ses modes d&#8217;expression de pr\u00e9dilection et ses int\u00e9r\u00eats pour le costume, la pose, la silhouette. Contrairement aux pr\u00e9c\u00e9dents projets, la photographie n&#8217;est pas ici le seul medium convoqu\u00e9 par l&#8217;artiste. Le photographe part cependant toujours de ses images pour ensuite \u00e9largir sa pratique : vid\u00e9o, c\u00e9ramique, verre, court m\u00e9trage d&#8217;animation, sculpture ou encore broderie sont autant de supports explor\u00e9s par Charles Fr\u00e9ger pour raconter une Alsace prise dans les guerres, fran\u00e7aise, germanique, \u00e9rig\u00e9e en symbole patriotique et nostalgique.<\/p>\n","protected":false},"excerpt":{"rendered":"<p>Apr\u00e8s la Bretagne et le Pays basque, le photographe Charles Fr\u00e9ger dirige son objectif vers l&#8217;Alsace. Apr\u00e8s avoir \u00e9tudi\u00e9 l&#8217;histoire de la r\u00e9gion et les collections du Mus\u00e9e alsacien, il propose une oeuvre forte, m\u00ealant photographies, vid\u00e9os, c\u00e9ramiques et films d&#8217;animation, qui invite \u00e0 m\u00e9diter sur la fronti\u00e8re t\u00e9nue entre imagerie traditionnelle et outils de [&hellip;]<\/p>\n","protected":false},"featured_media":32763,"template":"","meta":[],"product_cat":[2948,2958],"product_tag":[],"acf":[],"yoast_head":"<!-- This site is optimized with the Yoast SEO plugin v20.11 - https:\/\/yoast.com\/wordpress\/plugins\/seo\/ -->\n<title>CHARLES FREGER : SOUVENIR D&#039;ALSACE - Librairie 7L<\/title>\n<meta name=\"robots\" content=\"index, follow, max-snippet:-1, max-image-preview:large, max-video-preview:-1\" \/>\n<link rel=\"canonical\" href=\"https:\/\/librairie7l.com\/en\/produit\/charles-freger-souvenir-dalsace\/\" \/>\n<meta property=\"og:locale\" content=\"en_US\" \/>\n<meta property=\"og:type\" content=\"article\" \/>\n<meta property=\"og:title\" content=\"CHARLES FREGER : SOUVENIR D&#039;ALSACE - Librairie 7L\" \/>\n<meta property=\"og:description\" content=\"Apr\u00e8s la Bretagne et le Pays basque, le photographe Charles Fr\u00e9ger dirige son objectif vers l&#8217;Alsace. Apr\u00e8s avoir \u00e9tudi\u00e9 l&#8217;histoire de la r\u00e9gion et les collections du Mus\u00e9e alsacien, il propose une oeuvre forte, m\u00ealant photographies, vid\u00e9os, c\u00e9ramiques et films d&#8217;animation, qui invite \u00e0 m\u00e9diter sur la fronti\u00e8re t\u00e9nue entre imagerie traditionnelle et outils de [&hellip;]\" \/>\n<meta property=\"og:url\" content=\"https:\/\/librairie7l.com\/en\/produit\/charles-freger-souvenir-dalsace\/\" \/>\n<meta property=\"og:site_name\" content=\"Librairie 7L\" \/>\n<meta property=\"article:modified_time\" content=\"2026-04-18T18:49:49+00:00\" \/>\n<meta property=\"og:image\" content=\"https:\/\/librairie7l.com\/wp-content\/uploads\/2023\/02\/9782351252154_1_75.jpg\" \/>\n\t<meta property=\"og:image:width\" content=\"600\" \/>\n\t<meta property=\"og:image:height\" content=\"766\" \/>\n\t<meta property=\"og:image:type\" content=\"image\/jpeg\" \/>\n<meta name=\"twitter:card\" content=\"summary_large_image\" \/>\n<meta name=\"twitter:label1\" content=\"Est. reading time\" \/>\n\t<meta name=\"twitter:data1\" content=\"2 minutes\" \/>\n<script type=\"application\/ld+json\" class=\"yoast-schema-graph\">{\"@context\":\"https:\/\/schema.org\",\"@graph\":[{\"@type\":\"WebPage\",\"@id\":\"https:\/\/librairie7l.com\/en\/produit\/charles-freger-souvenir-dalsace\/\",\"url\":\"https:\/\/librairie7l.com\/en\/produit\/charles-freger-souvenir-dalsace\/\",\"name\":\"CHARLES FREGER : SOUVENIR D'ALSACE - Librairie 7L\",\"isPartOf\":{\"@id\":\"https:\/\/librairie7l.com\/en\/#website\"},\"datePublished\":\"2023-06-22T23:16:14+00:00\",\"dateModified\":\"2026-04-18T18:49:49+00:00\",\"breadcrumb\":{\"@id\":\"https:\/\/librairie7l.com\/en\/produit\/charles-freger-souvenir-dalsace\/#breadcrumb\"},\"inLanguage\":\"en-US\",\"potentialAction\":[{\"@type\":\"ReadAction\",\"target\":[\"https:\/\/librairie7l.com\/en\/produit\/charles-freger-souvenir-dalsace\/\"]}]},{\"@type\":\"BreadcrumbList\",\"@id\":\"https:\/\/librairie7l.com\/en\/produit\/charles-freger-souvenir-dalsace\/#breadcrumb\",\"itemListElement\":[{\"@type\":\"ListItem\",\"position\":1,\"name\":\"Accueil\",\"item\":\"https:\/\/librairie7l.com\/en\/\"},{\"@type\":\"ListItem\",\"position\":2,\"name\":\"Shop\",\"item\":\"https:\/\/librairie7l.com\/en\/shop\/\"},{\"@type\":\"ListItem\",\"position\":3,\"name\":\"CHARLES FREGER : SOUVENIR D&#8217;ALSACE\"}]},{\"@type\":\"WebSite\",\"@id\":\"https:\/\/librairie7l.com\/en\/#website\",\"url\":\"https:\/\/librairie7l.com\/en\/\",\"name\":\"Librairie 7L\",\"description\":\"Librairie fond\u00e9e en 1999 par Karl Lagerfeld \u00e0 Paris\",\"publisher\":{\"@id\":\"https:\/\/librairie7l.com\/en\/#organization\"},\"potentialAction\":[{\"@type\":\"SearchAction\",\"target\":{\"@type\":\"EntryPoint\",\"urlTemplate\":\"https:\/\/librairie7l.com\/en\/?s={search_term_string}\"},\"query-input\":\"required name=search_term_string\"}],\"inLanguage\":\"en-US\"},{\"@type\":\"Organization\",\"@id\":\"https:\/\/librairie7l.com\/en\/#organization\",\"name\":\"Librairie 7L\",\"url\":\"https:\/\/librairie7l.com\/en\/\",\"logo\":{\"@type\":\"ImageObject\",\"inLanguage\":\"en-US\",\"@id\":\"https:\/\/librairie7l.com\/en\/#\/schema\/logo\/image\/\",\"url\":\"https:\/\/librairie7l.com\/wp-content\/uploads\/2022\/08\/logo-1.png\",\"contentUrl\":\"https:\/\/librairie7l.com\/wp-content\/uploads\/2022\/08\/logo-1.png\",\"width\":227,\"height\":301,\"caption\":\"Librairie 7L\"},\"image\":{\"@id\":\"https:\/\/librairie7l.com\/en\/#\/schema\/logo\/image\/\"}}]}<\/script>\n<!-- \/ Yoast SEO plugin. -->","yoast_head_json":{"title":"CHARLES FREGER : SOUVENIR D'ALSACE - Librairie 7L","robots":{"index":"index","follow":"follow","max-snippet":"max-snippet:-1","max-image-preview":"max-image-preview:large","max-video-preview":"max-video-preview:-1"},"canonical":"https:\/\/librairie7l.com\/en\/produit\/charles-freger-souvenir-dalsace\/","og_locale":"en_US","og_type":"article","og_title":"CHARLES FREGER : SOUVENIR D'ALSACE - Librairie 7L","og_description":"Apr\u00e8s la Bretagne et le Pays basque, le photographe Charles Fr\u00e9ger dirige son objectif vers l&#8217;Alsace. Apr\u00e8s avoir \u00e9tudi\u00e9 l&#8217;histoire de la r\u00e9gion et les collections du Mus\u00e9e alsacien, il propose une oeuvre forte, m\u00ealant photographies, vid\u00e9os, c\u00e9ramiques et films d&#8217;animation, qui invite \u00e0 m\u00e9diter sur la fronti\u00e8re t\u00e9nue entre imagerie traditionnelle et outils de [&hellip;]","og_url":"https:\/\/librairie7l.com\/en\/produit\/charles-freger-souvenir-dalsace\/","og_site_name":"Librairie 7L","article_modified_time":"2026-04-18T18:49:49+00:00","og_image":[{"width":600,"height":766,"url":"https:\/\/librairie7l.com\/wp-content\/uploads\/2023\/02\/9782351252154_1_75.jpg","type":"image\/jpeg"}],"twitter_card":"summary_large_image","twitter_misc":{"Est. reading time":"2 minutes"},"schema":{"@context":"https:\/\/schema.org","@graph":[{"@type":"WebPage","@id":"https:\/\/librairie7l.com\/en\/produit\/charles-freger-souvenir-dalsace\/","url":"https:\/\/librairie7l.com\/en\/produit\/charles-freger-souvenir-dalsace\/","name":"CHARLES FREGER : SOUVENIR D'ALSACE - Librairie 7L","isPartOf":{"@id":"https:\/\/librairie7l.com\/en\/#website"},"datePublished":"2023-06-22T23:16:14+00:00","dateModified":"2026-04-18T18:49:49+00:00","breadcrumb":{"@id":"https:\/\/librairie7l.com\/en\/produit\/charles-freger-souvenir-dalsace\/#breadcrumb"},"inLanguage":"en-US","potentialAction":[{"@type":"ReadAction","target":["https:\/\/librairie7l.com\/en\/produit\/charles-freger-souvenir-dalsace\/"]}]},{"@type":"BreadcrumbList","@id":"https:\/\/librairie7l.com\/en\/produit\/charles-freger-souvenir-dalsace\/#breadcrumb","itemListElement":[{"@type":"ListItem","position":1,"name":"Accueil","item":"https:\/\/librairie7l.com\/en\/"},{"@type":"ListItem","position":2,"name":"Shop","item":"https:\/\/librairie7l.com\/en\/shop\/"},{"@type":"ListItem","position":3,"name":"CHARLES FREGER : SOUVENIR D&#8217;ALSACE"}]},{"@type":"WebSite","@id":"https:\/\/librairie7l.com\/en\/#website","url":"https:\/\/librairie7l.com\/en\/","name":"Librairie 7L","description":"Librairie fond\u00e9e en 1999 par Karl Lagerfeld \u00e0 Paris","publisher":{"@id":"https:\/\/librairie7l.com\/en\/#organization"},"potentialAction":[{"@type":"SearchAction","target":{"@type":"EntryPoint","urlTemplate":"https:\/\/librairie7l.com\/en\/?s={search_term_string}"},"query-input":"required name=search_term_string"}],"inLanguage":"en-US"},{"@type":"Organization","@id":"https:\/\/librairie7l.com\/en\/#organization","name":"Librairie 7L","url":"https:\/\/librairie7l.com\/en\/","logo":{"@type":"ImageObject","inLanguage":"en-US","@id":"https:\/\/librairie7l.com\/en\/#\/schema\/logo\/image\/","url":"https:\/\/librairie7l.com\/wp-content\/uploads\/2022\/08\/logo-1.png","contentUrl":"https:\/\/librairie7l.com\/wp-content\/uploads\/2022\/08\/logo-1.png","width":227,"height":301,"caption":"Librairie 7L"},"image":{"@id":"https:\/\/librairie7l.com\/en\/#\/schema\/logo\/image\/"}}]}},"_links":{"self":[{"href":"https:\/\/librairie7l.com\/en\/wp-json\/wp\/v2\/product\/32765"}],"collection":[{"href":"https:\/\/librairie7l.com\/en\/wp-json\/wp\/v2\/product"}],"about":[{"href":"https:\/\/librairie7l.com\/en\/wp-json\/wp\/v2\/types\/product"}],"wp:featuredmedia":[{"embeddable":true,"href":"https:\/\/librairie7l.com\/en\/wp-json\/wp\/v2\/media\/32763"}],"wp:attachment":[{"href":"https:\/\/librairie7l.com\/en\/wp-json\/wp\/v2\/media?parent=32765"}],"wp:term":[{"taxonomy":"product_cat","embeddable":true,"href":"https:\/\/librairie7l.com\/en\/wp-json\/wp\/v2\/product_cat?post=32765"},{"taxonomy":"product_tag","embeddable":true,"href":"https:\/\/librairie7l.com\/en\/wp-json\/wp\/v2\/product_tag?post=32765"}],"curies":[{"name":"wp","href":"https:\/\/api.w.org\/{rel}","templated":true}]}}